{"id":16548,"date":"2023-09-18T10:20:05","date_gmt":"2023-09-18T10:20:05","guid":{"rendered":"https:\/\/aflamo.shop\/p\/led-elektrokamin-aflamo-albion-silber-42\/"},"modified":"2023-09-18T10:20:05","modified_gmt":"2023-09-18T10:20:05","slug":"led-elektrokamin-aflamo-albion-silber-42","status":"publish","type":"product","link":"https:\/\/aflamo.shop\/de\/p\/led-elektrokamin-aflamo-albion-silber-42\/","title":{"rendered":"LED Elektrokamin Aflamo Albion silber 42"},"content":{"rendered":"<p><iframe title=\"YouTube-Video-Player\" src=\"https:\/\/www.youtube.com\/embed\/J_32975aSq4\" width=\"560\" height=\"315\" frameborder=\"0\" allowfullscreen=\"allowfullscreen\"><span data-mce-type=\"bookmark\" style=\"display: inline-block; width: 0px; overflow: hidden; line-height: 0;\" class=\"mce_SELRES_start\"><\/span><\/iframe><\/p>\n<h6><\/h6>\n<p>&nbsp;<\/p>\n<h3><\/h3>\n<h3 style=\"text-align: left;\"><strong>Eigenschaften des Kamins <img fetchpriority=\"high\" decoding=\"async\" class=\"alignright wp-image-4426 \" src=\"https:\/\/aflamo.shop\/wp-content\/uploads\/2023\/05\/Albion_Bialy-infografika_kolka-1-300x131.jpg\" alt=\"\" width=\"465\" height=\"203\" srcset=\"https:\/\/aflamo.shop\/wp-content\/uploads\/2023\/05\/Albion_Bialy-infografika_kolka-1-300x131.jpg 300w, https:\/\/aflamo.shop\/wp-content\/uploads\/2023\/05\/Albion_Bialy-infografika_kolka-1-600x261.jpg 600w, https:\/\/aflamo.shop\/wp-content\/uploads\/2023\/05\/Albion_Bialy-infografika_kolka-1-768x334.jpg 768w, https:\/\/aflamo.shop\/wp-content\/uploads\/2023\/05\/Albion_Bialy-infografika_kolka-1.jpg 800w\" sizes=\"(max-width: 465px) 100vw, 465px\" \/><br \/>\n<\/strong><\/h3>\n<p>&nbsp;<\/p>\n<ol class=\"numlist\">\n<li>2 Heizstufen: 750 \/ 1500 W<\/li>\n<li>Offene Flammensensor<\/li>\n<li>digitaler Thermostat<\/li>\n<li>Fernbedienung<\/li>\n<li>Bedienfeld<\/li>\n<li>Kamin inklusive: Holzscheit<\/li>\n<li>4 Stufen der Flammenhelligkeit<\/li>\n<li>Flammenfarbe: orange<\/li>\n<li>Kamin f\u00fcr 4 Jahreszeiten<\/li>\n<\/ol>\n<h3 style=\"text-align: left;\"><\/h3>\n<p>&nbsp;<\/p>\n<h3 style=\"text-align: left;\"><strong>Installation<\/strong><\/h3>\n<p style=\"text-align: left;\"><strong>Kamin zum Aufh\u00e4ngen an der Wand.<\/strong><\/p>\n<p>&nbsp;<\/p>\n<h3 style=\"text-align: left;\"><strong>Kamininstallation <\/strong><\/h3>\n<h3 style=\"text-align: left;\"><strong>  <\/strong><\/h3>\n<div class=\"naprzemienne-opis\" style=\"text-align: left;\">\n<ol>\n<li>Installieren Sie den im Kit enthaltenen Aufh\u00e4nger<\/li>\n<li>Den Kamin aufh\u00e4ngen<\/li>\n<li>Genie\u00dfen Sie Ihren Kamin<\/li>\n<\/ol>\n<\/div>\n<p>&nbsp;<\/p>\n<h3 style=\"text-align: left;\"><strong>Flamme<\/strong><\/h3>\n<p>Die Flamme hat:<\/p>\n<p><span class=\"digit\">1 Farbe<\/span><\/p>\n<p style=\"text-align: left;\"><img decoding=\"async\" class=\"wp-image-4266 size-full alignright\" src=\"https:\/\/aflamo.shop\/wp-content\/uploads\/2023\/05\/plomien-albion-1.jpg\" alt=\"\" width=\"413\" height=\"144\" srcset=\"https:\/\/aflamo.shop\/wp-content\/uploads\/2023\/05\/plomien-albion-1.jpg 413w, https:\/\/aflamo.shop\/wp-content\/uploads\/2023\/05\/plomien-albion-1-300x105.jpg 300w\" sizes=\"(max-width: 413px) 100vw, 413px\" \/><\/p>\n<h3><\/h3>\n<h3><\/h3>\n<p>&nbsp;<\/p>\n<p>&nbsp;<\/p>\n<h3 style=\"text-align: left;\"><strong>Palenisko<img decoding=\"async\" class=\"alignright wp-image-4272 size-full\" src=\"https:\/\/aflamo.shop\/wp-content\/uploads\/2023\/05\/albion_polana-1.jpg\" alt=\"\" width=\"400\" height=\"133\" srcset=\"https:\/\/aflamo.shop\/wp-content\/uploads\/2023\/05\/albion_polana-1.jpg 400w, https:\/\/aflamo.shop\/wp-content\/uploads\/2023\/05\/albion_polana-1-300x100.jpg 300w\" sizes=\"(max-width: 400px) 100vw, 400px\" \/><\/strong><\/h3>\n<p>1 Kamin: Holzscheit<\/p>\n<p style=\"text-align: left;\"><span class=\"digit\"> <\/span><\/p>\n<h3><\/h3>\n<h3><strong>Heizung<\/strong><\/h3>\n<ul>\n<li>Die Erw\u00e4rmung erfolgt unabh\u00e4ngig von der Flamme. Sie k\u00f6nnen es jederzeit ein- und ausschalten. <\/li>\n<li>2 Heizstufen: 750\/1500 W<\/li>\n<li>Der Sensor f\u00fcr offene Fenster schaltet die Heizung aus, wenn er einen pl\u00f6tzlichen Temperaturabfall feststellt.<\/li>\n<\/ul>\n<h3><\/h3>\n<h3 style=\"text-align: left;\"><strong>Komfort und Bequemlichkeit<\/strong><\/h3>\n<p style=\"text-align: left;\">Ein elektrischer Kamin dient vor allem der Entspannung.<\/p>\n<div class=\"feature\">\n<ul style=\"text-align: left;\">\n<li>Kamin mit Fernbedienung steuerbar.<\/li>\n<li>Ben\u00f6tigt keine zus\u00e4tzliche Bel\u00fcftung. Es ist nicht erforderlich, den Raum zu l\u00fcften und gleichzeitig kalte oder feuchte Luft hereinzulassen. Sie m\u00fcssen das Fenster nicht \u00f6ffnen und Au\u00dfenger\u00e4usche hereinlassen. <\/li>\n<li>Timer \/ Der Timer schaltet den Kamin automatisch aus. Sie stellen es ein und vergessen es. <\/li>\n<\/ul>\n<p>&nbsp;<\/p>\n<h3>Technische Daten<\/h3>\n<\/div>\n<p>&nbsp;<\/p>\n<table width=\"548\" cellspacing=\"0\" cellpadding=\"2\">\n<colgroup>\n<col width=\"216\">\n<col width=\"324\"><\/colgroup>\n<tbody>\n<tr>\n<td width=\"216\">\n<table width=\"548\" cellspacing=\"0\" cellpadding=\"2\">\n<colgroup>\n<col width=\"216\">\n<col width=\"324\"><\/colgroup>\n<tbody>\n<tr>\n<td width=\"216\">Installationsmethoden<\/td>\n<td width=\"324\">an der Wand h\u00e4ngen<\/td>\n<\/tr>\n<tr>\n<td width=\"216\">Einzigartiges Merkmal<\/td>\n<td width=\"324\">Die Frontplatte besteht komplett aus Glas.<\/td>\n<\/tr>\n<tr>\n<td width=\"216\">Flammeneffekt<\/td>\n<td width=\"324\">LED<\/td>\n<\/tr>\n<tr>\n<td width=\"216\">Mobile Anwendung<\/td>\n<td width=\"324\">nicht<\/td>\n<\/tr>\n<tr>\n<td width=\"216\">Fernsteuerung<\/td>\n<td width=\"324\">ja<\/td>\n<\/tr>\n<tr>\n<td width=\"216\">Farbe\/Finish<\/td>\n<td width=\"324\">Metall, Glas, Silber<\/td>\n<\/tr>\n<tr>\n<td width=\"216\">Zeitschaltuhr (Timer)<\/td>\n<td width=\"324\">ja<\/td>\n<\/tr>\n<tr>\n<td width=\"216\">W\u00f6chentlicher Programmierer<\/td>\n<td width=\"324\">nein<\/td>\n<\/tr>\n<tr>\n<td width=\"216\">Heizfunktion<\/td>\n<td width=\"324\">ja<\/td>\n<\/tr>\n<tr>\n<td width=\"216\">Flamme unabh\u00e4ngig von der Heizfunktion<\/td>\n<td width=\"324\">ja<\/td>\n<\/tr>\n<tr>\n<td width=\"216\">Heizleistung<\/td>\n<td width=\"324\">750\/1500 W<\/td>\n<\/tr>\n<tr>\n<td width=\"216\">Temperaturkontrolle<\/td>\n<td width=\"324\">von 18 bis 30\u00b0 C<\/td>\n<\/tr>\n<tr>\n<td width=\"216\">Schutz vor \u00dcberhitzung<\/td>\n<td width=\"324\">ja<\/td>\n<\/tr>\n<tr>\n<td width=\"216\">Thermostat<\/td>\n<td width=\"324\">ja<\/td>\n<\/tr>\n<tr>\n<td width=\"216\">Flammenfarben::<\/p>\n<p>&nbsp;<\/p>\n<\/td>\n<p>Feuerstelle<\/p>\n<td width=\"324\"><span class=\"digit\">1<\/span> Farbe<br \/>\nFeuerstellen inklusive: Holzscheit.<\/td>\n<\/tr>\n<tr>\n<td width=\"216\">Garantie<\/td>\n<td width=\"324\">2 Jahre<\/td>\n<\/tr>\n<tr>\n<td width=\"216\">L\u00e4nge des Netzkabels<\/td>\n<td width=\"324\">1,8 m<\/td>\n<\/tr>\n<tr>\n<td width=\"216\">Spannung<\/td>\n<td width=\"324\">220 V<\/td>\n<\/tr>\n<\/tbody>\n<\/table>\n<\/td>\n<\/tr>\n<\/tbody>\n<\/table>\n<p>&nbsp;<\/p>\n<p>Der wandmontierte LED-Elektrokamin namens Albion Silver ist ein modernes Schmuckst\u00fcck, das perfekt in den minimalistischen Einrichtungsstil passt. Sein einzigartiges Design und seine fortschrittlichen Funktionen machen Albion zu einem attraktiven Dekorationselement und einer W\u00e4rmequelle in jedem Raum. <\/p>\n<p>Albion Silver ist ein Kamin, der an die Wand geh\u00e4ngt werden kann und daher \u00e4u\u00dferst platzsparend ist. Dies ist eine innovative L\u00f6sung, die mehr Platz im Raum l\u00e4sst und gleichzeitig Eleganz und Modernit\u00e4t betont. <\/p>\n<p>Der Kamineinsatz Albion bietet zwei Heizstufen: 750 W und 1500 W, wodurch Sie die W\u00e4rme an die Bed\u00fcrfnisse und Anforderungen der Bedingungen in einem bestimmten Raum anpassen k\u00f6nnen. Albion schafft nicht nur eine gem\u00fctliche Atmosph\u00e4re, sondern wird auch an k\u00e4lteren Tagen zu einer W\u00e4rmequelle. <\/p>\n<p>Innovation und Sicherheit sind die wichtigsten Aspekte dieses Kamins. Der offene Flammensensor ist eine Sicherheitsfunktion, die den Kamin automatisch ausschaltet, wenn ein Fenster ge\u00f6ffnet wird. Der digitale Thermostat erm\u00f6glicht eine pr\u00e4zise Regelung der Raumtemperatur und sorgt so f\u00fcr hohen Nutzungskomfort.  <\/p>\n<p>Mit der Fernbedienung und dem Bedienfeld haben Sie bequem von zu Hause aus die volle Kontrolle \u00fcber Albion. Sie k\u00f6nnen die W\u00e4rmeleistung und Flammenhelligkeit einstellen und verschiedene Optionen nutzen, ohne Ihren Stuhl zu verlassen. <\/p>\n<p>Der silberne Kamin Albion bietet zahlreiche Personalisierungsoptionen. Das Set beinhaltet eine Feuerstelle mit Holzscheit und erm\u00f6glicht Ihnen durch 4 Stufen der Flammenhelligkeit, das Aussehen an Ihre aktuellen Vorlieben und Stimmungen anzupassen. Die realistische orange Farbe der Flamme zieht die Blicke auf sich und schafft eine angenehme Atmosph\u00e4re.  <\/p>\n<p>Albion Silver ist ein Kamin f\u00fcr 4 Jahreszeiten. Durch die Unabh\u00e4ngigkeit der Flamme von der Heizfunktion k\u00f6nnen Sie ihre Sch\u00f6nheit unabh\u00e4ngig von der Au\u00dfentemperatur genie\u00dfen. Dies ist eine L\u00f6sung, die jedem Moment eine Aura der Gem\u00fctlichkeit und die Magie des Feuers verleiht.  <\/p>\n<p>Zusammenfassend ist der silberne LED-Wandkamin Albion eine Komposition aus \u00c4sthetik, Funktionalit\u00e4t und Innovation. Sein minimalistisches Design, die einstellbare Flammenhelligkeit, die Heizfunktion, die Fernbedienung und der digitale Thermostat schaffen eine einzigartige Atmosph\u00e4re und Komfort. Albion ist nicht nur ein Kamin, sondern eine Vision von Sch\u00f6nheit und W\u00e4rme, die die Aufmerksamkeit auf sich zieht und dem Innenraum das ganze Jahr \u00fcber einen einzigartigen Charakter verleiht.  <\/p>\n<p>&nbsp;<\/p>\n<div class=\"feature\">\n<p style=\"text-align: left;\">Technische Zeichnungen<\/p>\n<p>&nbsp;<\/p>\n<p>&nbsp;<\/p>\n<p>Albion 42<\/p>\n<p><img loading=\"lazy\" decoding=\"async\" class=\"alignnone wp-image-4278 size-full\" src=\"https:\/\/aflamo.shop\/wp-content\/uploads\/2023\/05\/Albion_42.png\" alt=\"\" width=\"1431\" height=\"865\" srcset=\"https:\/\/aflamo.shop\/wp-content\/uploads\/2023\/05\/Albion_42.png 1431w, https:\/\/aflamo.shop\/wp-content\/uploads\/2023\/05\/Albion_42-600x363.png 600w, https:\/\/aflamo.shop\/wp-content\/uploads\/2023\/05\/Albion_42-300x181.png 300w, https:\/\/aflamo.shop\/wp-content\/uploads\/2023\/05\/Albion_42-1024x619.png 1024w, https:\/\/aflamo.shop\/wp-content\/uploads\/2023\/05\/Albion_42-768x464.png 768w\" sizes=\"(max-width: 1431px) 100vw, 1431px\" \/><\/p>\n<p>&nbsp;<\/p>\n<\/div>\n<p>&nbsp;<\/p>\n<p>&nbsp;<\/p>\n<p>&nbsp;<\/p>\n<p>&nbsp;<\/p>\n<p>&nbsp;<\/p>\n<p>&nbsp;<\/p>\n<p>&nbsp;<\/p>\n","protected":false},"excerpt":{"rendered":"<p>Hersteller: Aflamo<\/p>\n<p>GETIN:5908283561827<\/p>\n<p>Wandmontierter Elektrokamin mit Heizfunktion<\/p>\n<p><a href=\"https:\/\/aflamo.shop\/wp-content\/uploads\/2023\/09\/Aflamo-ALBION-EN-PL-DE-IT-ES-FR-CS-SK-NL-4.pdf\">Benutzerhandbuch und Sicherheitshinweise<\/a><\/p>\n<p><b>Abmessungen: 110 x 49 x 14 cm<\/b><\/p>\n","protected":false},"featured_media":16549,"comment_status":"closed","ping_status":"closed","template":"","meta":[],"product_brand":[],"product_cat":[799,800,804,802],"product_tag":[],"class_list":{"0":"post-16548","1":"product","2":"type-product","3":"status-publish","4":"has-post-thumbnail","6":"product_cat-aflamo-de","7":"product_cat-elektrische-kamine","8":"product_cat-elektrische-kamine-zum-aufhangen-an-der-wand","9":"product_cat-led-elektrokamine-mit-heizfunktion","11":"first","12":"outofstock","13":"shipping-taxable","14":"purchasable","15":"product-type-simple"},"yoast_head":"<!-- This site is optimized with the Yoast SEO plugin v27.1.1 - https:\/\/yoast.com\/product\/yoast-seo-wordpress\/ -->\n<title>LED Elektrokamin Aflamo Albion silber 42 - aflamo.shop-zertifizierter aflamo-H\u00e4ndler<\/title>\n<meta name=\"description\" content=\"Albion Silber LED-Wandkamin \u2013 Eleganz und Funktionalit\u00e4t. Einstellbare Helligkeit, Heizfunktion, Fernbedienung und Thermostat \u2013 W\u00e4rme und Stil das ganze Jahr \u00fcber.\" \/>\n<meta name=\"robots\" content=\"index, follow, max-snippet:-1, max-image-preview:large, max-video-preview:-1\" \/>\n<link rel=\"canonical\" href=\"https:\/\/aflamo.shop\/de\/p\/led-elektrokamin-aflamo-albion-silber-42\/\" \/>\n<meta property=\"og:locale\" content=\"de_DE\" \/>\n<meta property=\"og:type\" content=\"article\" \/>\n<meta property=\"og:title\" content=\"LED Elektrokamin Aflamo Albion silber 42 - aflamo.shop-zertifizierter aflamo-H\u00e4ndler\" \/>\n<meta property=\"og:description\" content=\"Albion Silber LED-Wandkamin \u2013 Eleganz und Funktionalit\u00e4t. Einstellbare Helligkeit, Heizfunktion, Fernbedienung und Thermostat \u2013 W\u00e4rme und Stil das ganze Jahr \u00fcber.\" \/>\n<meta property=\"og:url\" content=\"https:\/\/aflamo.shop\/de\/p\/led-elektrokamin-aflamo-albion-silber-42\/\" \/>\n<meta property=\"og:site_name\" content=\"aflamo.shop-zertifizierter aflamo-H\u00e4ndler\" \/>\n<meta property=\"og:image\" content=\"https:\/\/aflamo.shop\/wp-content\/uploads\/2023\/05\/albion-33-srebrny_sq.jpg\" \/>\n\t<meta property=\"og:image:width\" content=\"2248\" \/>\n\t<meta property=\"og:image:height\" content=\"2248\" \/>\n\t<meta property=\"og:image:type\" content=\"image\/jpeg\" \/>\n<meta name=\"twitter:card\" content=\"summary_large_image\" \/>\n<meta name=\"twitter:label1\" content=\"Gesch\u00e4tzte Lesezeit\" \/>\n\t<meta name=\"twitter:data1\" content=\"3\u00a0Minuten\" \/>\n<script type=\"application\/ld+json\" class=\"yoast-schema-graph\">{\"@context\":\"https:\/\/schema.org\",\"@graph\":[{\"@type\":\"WebPage\",\"@id\":\"https:\/\/aflamo.shop\/de\/p\/led-elektrokamin-aflamo-albion-silber-42\/\",\"url\":\"https:\/\/aflamo.shop\/de\/p\/led-elektrokamin-aflamo-albion-silber-42\/\",\"name\":\"LED Elektrokamin Aflamo Albion silber 42 - aflamo.shop-zertifizierter aflamo-H\u00e4ndler\",\"isPartOf\":{\"@id\":\"https:\/\/aflamo.shop\/de\/#website\"},\"primaryImageOfPage\":{\"@id\":\"https:\/\/aflamo.shop\/de\/p\/led-elektrokamin-aflamo-albion-silber-42\/#primaryimage\"},\"image\":{\"@id\":\"https:\/\/aflamo.shop\/de\/p\/led-elektrokamin-aflamo-albion-silber-42\/#primaryimage\"},\"thumbnailUrl\":\"https:\/\/aflamo.shop\/wp-content\/uploads\/2023\/05\/albion-33-srebrny_sq.jpg\",\"datePublished\":\"2023-09-18T10:20:05+00:00\",\"description\":\"Albion Silber LED-Wandkamin \u2013 Eleganz und Funktionalit\u00e4t. Einstellbare Helligkeit, Heizfunktion, Fernbedienung und Thermostat \u2013 W\u00e4rme und Stil das ganze Jahr \u00fcber.\",\"breadcrumb\":{\"@id\":\"https:\/\/aflamo.shop\/de\/p\/led-elektrokamin-aflamo-albion-silber-42\/#breadcrumb\"},\"inLanguage\":\"de\",\"potentialAction\":[{\"@type\":\"ReadAction\",\"target\":[\"https:\/\/aflamo.shop\/de\/p\/led-elektrokamin-aflamo-albion-silber-42\/\"]}]},{\"@type\":\"ImageObject\",\"inLanguage\":\"de\",\"@id\":\"https:\/\/aflamo.shop\/de\/p\/led-elektrokamin-aflamo-albion-silber-42\/#primaryimage\",\"url\":\"https:\/\/aflamo.shop\/wp-content\/uploads\/2023\/05\/albion-33-srebrny_sq.jpg\",\"contentUrl\":\"https:\/\/aflamo.shop\/wp-content\/uploads\/2023\/05\/albion-33-srebrny_sq.jpg\",\"width\":2248,\"height\":2248},{\"@type\":\"BreadcrumbList\",\"@id\":\"https:\/\/aflamo.shop\/de\/p\/led-elektrokamin-aflamo-albion-silber-42\/#breadcrumb\",\"itemListElement\":[{\"@type\":\"ListItem\",\"position\":1,\"name\":\"Strona g\u0142\u00f3wna\",\"item\":\"https:\/\/aflamo.shop\/de\/startseite\/\"},{\"@type\":\"ListItem\",\"position\":2,\"name\":\"Shop\",\"item\":\"https:\/\/aflamo.shop\/shop\/\"},{\"@type\":\"ListItem\",\"position\":3,\"name\":\"Elektrische Kamine\",\"item\":\"https:\/\/aflamo.shop\/de\/s\/elektrische-kamine\/\"},{\"@type\":\"ListItem\",\"position\":4,\"name\":\"Elektrische Kamine zum Aufh\u00e4ngen an der Wand\",\"item\":\"https:\/\/aflamo.shop\/de\/s\/elektrische-kamine\/elektrische-kamine-zum-aufhangen-an-der-wand\/\"},{\"@type\":\"ListItem\",\"position\":5,\"name\":\"LED Elektrokamin Aflamo Albion silber 42\"}]},{\"@type\":\"WebSite\",\"@id\":\"https:\/\/aflamo.shop\/de\/#website\",\"url\":\"https:\/\/aflamo.shop\/de\/\",\"name\":\"aflamo.shop-zertifizierter aflamo-H\u00e4ndler\",\"description\":\"Kominki elektryczne Aflamo i Emotion Flame z funkcj\u0105 grzania\",\"potentialAction\":[{\"@type\":\"SearchAction\",\"target\":{\"@type\":\"EntryPoint\",\"urlTemplate\":\"https:\/\/aflamo.shop\/de\/?s={search_term_string}\"},\"query-input\":{\"@type\":\"PropertyValueSpecification\",\"valueRequired\":true,\"valueName\":\"search_term_string\"}}],\"inLanguage\":\"de\"}]}<\/script>\n<!-- \/ Yoast SEO plugin. -->","yoast_head_json":{"title":"LED Elektrokamin Aflamo Albion silber 42 - aflamo.shop-zertifizierter aflamo-H\u00e4ndler","description":"Albion Silber LED-Wandkamin \u2013 Eleganz und Funktionalit\u00e4t. Einstellbare Helligkeit, Heizfunktion, Fernbedienung und Thermostat \u2013 W\u00e4rme und Stil das ganze Jahr \u00fcber.","robots":{"index":"index","follow":"follow","max-snippet":"max-snippet:-1","max-image-preview":"max-image-preview:large","max-video-preview":"max-video-preview:-1"},"canonical":"https:\/\/aflamo.shop\/de\/p\/led-elektrokamin-aflamo-albion-silber-42\/","og_locale":"de_DE","og_type":"article","og_title":"LED Elektrokamin Aflamo Albion silber 42 - aflamo.shop-zertifizierter aflamo-H\u00e4ndler","og_description":"Albion Silber LED-Wandkamin \u2013 Eleganz und Funktionalit\u00e4t. Einstellbare Helligkeit, Heizfunktion, Fernbedienung und Thermostat \u2013 W\u00e4rme und Stil das ganze Jahr \u00fcber.","og_url":"https:\/\/aflamo.shop\/de\/p\/led-elektrokamin-aflamo-albion-silber-42\/","og_site_name":"aflamo.shop-zertifizierter aflamo-H\u00e4ndler","og_image":[{"width":2248,"height":2248,"url":"https:\/\/aflamo.shop\/wp-content\/uploads\/2023\/05\/albion-33-srebrny_sq.jpg","type":"image\/jpeg"}],"twitter_card":"summary_large_image","twitter_misc":{"Gesch\u00e4tzte Lesezeit":"3\u00a0Minuten"},"schema":{"@context":"https:\/\/schema.org","@graph":[{"@type":"WebPage","@id":"https:\/\/aflamo.shop\/de\/p\/led-elektrokamin-aflamo-albion-silber-42\/","url":"https:\/\/aflamo.shop\/de\/p\/led-elektrokamin-aflamo-albion-silber-42\/","name":"LED Elektrokamin Aflamo Albion silber 42 - aflamo.shop-zertifizierter aflamo-H\u00e4ndler","isPartOf":{"@id":"https:\/\/aflamo.shop\/de\/#website"},"primaryImageOfPage":{"@id":"https:\/\/aflamo.shop\/de\/p\/led-elektrokamin-aflamo-albion-silber-42\/#primaryimage"},"image":{"@id":"https:\/\/aflamo.shop\/de\/p\/led-elektrokamin-aflamo-albion-silber-42\/#primaryimage"},"thumbnailUrl":"https:\/\/aflamo.shop\/wp-content\/uploads\/2023\/05\/albion-33-srebrny_sq.jpg","datePublished":"2023-09-18T10:20:05+00:00","description":"Albion Silber LED-Wandkamin \u2013 Eleganz und Funktionalit\u00e4t. Einstellbare Helligkeit, Heizfunktion, Fernbedienung und Thermostat \u2013 W\u00e4rme und Stil das ganze Jahr \u00fcber.","breadcrumb":{"@id":"https:\/\/aflamo.shop\/de\/p\/led-elektrokamin-aflamo-albion-silber-42\/#breadcrumb"},"inLanguage":"de","potentialAction":[{"@type":"ReadAction","target":["https:\/\/aflamo.shop\/de\/p\/led-elektrokamin-aflamo-albion-silber-42\/"]}]},{"@type":"ImageObject","inLanguage":"de","@id":"https:\/\/aflamo.shop\/de\/p\/led-elektrokamin-aflamo-albion-silber-42\/#primaryimage","url":"https:\/\/aflamo.shop\/wp-content\/uploads\/2023\/05\/albion-33-srebrny_sq.jpg","contentUrl":"https:\/\/aflamo.shop\/wp-content\/uploads\/2023\/05\/albion-33-srebrny_sq.jpg","width":2248,"height":2248},{"@type":"BreadcrumbList","@id":"https:\/\/aflamo.shop\/de\/p\/led-elektrokamin-aflamo-albion-silber-42\/#breadcrumb","itemListElement":[{"@type":"ListItem","position":1,"name":"Strona g\u0142\u00f3wna","item":"https:\/\/aflamo.shop\/de\/startseite\/"},{"@type":"ListItem","position":2,"name":"Shop","item":"https:\/\/aflamo.shop\/shop\/"},{"@type":"ListItem","position":3,"name":"Elektrische Kamine","item":"https:\/\/aflamo.shop\/de\/s\/elektrische-kamine\/"},{"@type":"ListItem","position":4,"name":"Elektrische Kamine zum Aufh\u00e4ngen an der Wand","item":"https:\/\/aflamo.shop\/de\/s\/elektrische-kamine\/elektrische-kamine-zum-aufhangen-an-der-wand\/"},{"@type":"ListItem","position":5,"name":"LED Elektrokamin Aflamo Albion silber 42"}]},{"@type":"WebSite","@id":"https:\/\/aflamo.shop\/de\/#website","url":"https:\/\/aflamo.shop\/de\/","name":"aflamo.shop-zertifizierter aflamo-H\u00e4ndler","description":"Kominki elektryczne Aflamo i Emotion Flame z funkcj\u0105 grzania","potentialAction":[{"@type":"SearchAction","target":{"@type":"EntryPoint","urlTemplate":"https:\/\/aflamo.shop\/de\/?s={search_term_string}"},"query-input":{"@type":"PropertyValueSpecification","valueRequired":true,"valueName":"search_term_string"}}],"inLanguage":"de"}]}},"_links":{"self":[{"href":"https:\/\/aflamo.shop\/de\/wp-json\/wp\/v2\/product\/16548","targetHints":{"allow":["GET"]}}],"collection":[{"href":"https:\/\/aflamo.shop\/de\/wp-json\/wp\/v2\/product"}],"about":[{"href":"https:\/\/aflamo.shop\/de\/wp-json\/wp\/v2\/types\/product"}],"replies":[{"embeddable":true,"href":"https:\/\/aflamo.shop\/de\/wp-json\/wp\/v2\/comments?post=16548"}],"wp:featuredmedia":[{"embeddable":true,"href":"https:\/\/aflamo.shop\/de\/wp-json\/wp\/v2\/media\/16549"}],"wp:attachment":[{"href":"https:\/\/aflamo.shop\/de\/wp-json\/wp\/v2\/media?parent=16548"}],"wp:term":[{"taxonomy":"product_brand","embeddable":true,"href":"https:\/\/aflamo.shop\/de\/wp-json\/wp\/v2\/product_brand?post=16548"},{"taxonomy":"product_cat","embeddable":true,"href":"https:\/\/aflamo.shop\/de\/wp-json\/wp\/v2\/product_cat?post=16548"},{"taxonomy":"product_tag","embeddable":true,"href":"https:\/\/aflamo.shop\/de\/wp-json\/wp\/v2\/product_tag?post=16548"}],"curies":[{"name":"wp","href":"https:\/\/api.w.org\/{rel}","templated":true}]}}