{"id":16386,"date":"2023-09-18T10:49:27","date_gmt":"2023-09-18T10:49:27","guid":{"rendered":"https:\/\/aflamo.shop\/p\/aflamo-superb-60-eingebauter-elektrischer-led-kamin\/"},"modified":"2025-05-15T12:22:20","modified_gmt":"2025-05-15T12:22:20","slug":"aflamo-superb-60-eingebauter-elektrischer-led-kamin","status":"publish","type":"product","link":"https:\/\/aflamo.shop\/de\/p\/aflamo-superb-60-eingebauter-elektrischer-led-kamin\/","title":{"rendered":"Aflamo Superb 60 &#8211; eingebauter elektrischer LED-Kamin"},"content":{"rendered":"<p><iframe title=\"YouTube-Video-Player\" src=\"https:\/\/www.youtube.com\/embed\/-60M7hiGr3g\" width=\"560\" height=\"315\" frameborder=\"0\" allowfullscreen=\"allowfullscreen\"><span data-mce-type=\"bookmark\" style=\"display: inline-block; width: 0px; overflow: hidden; line-height: 0;\" class=\"mce_SELRES_start\"><\/span><\/iframe><\/p>\n<h1>Hervorragender Kamin \u2013 Eleganz, Funktionalit\u00e4t und Komfort in einem<\/h1>\n<p>Wenn Sie nach einem Kamin suchen, der nicht nur eine gem\u00fctliche Atmosph\u00e4re in Ihrem Zuhause schafft, sondern auch zum Mittelpunkt der Einrichtung wird, wird der Kamin Superb diese Erwartungen mehr als erf\u00fcllen. Sein <strong>dreiseitiger Feuerraum <\/strong>ist mehr als nur ein klassischer Kamin \u2013 er ist ein modernes Kunstwerk, das aus jeder Perspektive die Blicke auf sich zieht. Durch die M\u00f6glichkeit, zwischen einer ein- oder zweiseitigen Bebauung zu w\u00e4hlen, handelt es sich um ein \u00e4u\u00dferst flexibles Gestaltungselement, das sich optimal an unterschiedliche Raumkonzepte anpasst.  <\/p>\n<h2>Merkmale:<\/h2>\n<ul>\n<li><strong>Dreiseitiger Kamin<\/strong>: macht einen eindrucksvollen Eindruck und f\u00fcgt sich perfekt in die moderne Inneneinrichtung ein.<\/li>\n<li><strong>Durch den ein- oder<\/strong> zweiseitigen Einbau ist dank der im Lieferumfang enthaltenen Spezialkappen eine Anpassung des Kamins an Ihre r\u00e4umlichen Gegebenheiten m\u00f6glich.<\/li>\n<li><strong>In vielen Gr\u00f6\u00dfen erh\u00e4ltlich:<\/strong> 84 cm, 104 cm, 127 cm, 153 cm \u2013 w\u00e4hlen Sie das perfekte Modell f\u00fcr Ihre Inneneinrichtung.<\/li>\n<\/ul>\n<p><img fetchpriority=\"high\" decoding=\"async\" class=\"aligncenter\" src=\"https:\/\/aflamo.shop\/wp-content\/uploads\/2023\/09\/Superb_33-40_right_1.jpg\" alt=\"Superb Kamin \u2013 Ansicht von rechts\" width=\"383\" height=\"266\"><\/p>\n<h3><strong>Installationsmethoden<\/strong><\/h3>\n<div class=\"montaz-opis\">\n<ol>\n<li style=\"list-style-type: none;\">\n<ol>\n<li><strong>Wandmontage <\/strong>\u2013 Einbau in Gipskarton, M\u00f6belbauplatten oder Ziegel m\u00f6glich. Die Oberfl\u00e4che k\u00f6nnen Sie individuell w\u00e4hlen: Fliesen, Platten, Architekturbeton\u2026 <\/li>\n<\/ol>\n<\/li>\n<\/ol>\n<p><img decoding=\"async\" class=\"aligncenter wp-image-6478 size-full\" src=\"https:\/\/aflamo.shop\/wp-content\/uploads\/2023\/05\/superb-50-4-600x424-1.jpg\" alt=\"\" width=\"600\" height=\"424\" srcset=\"https:\/\/aflamo.shop\/wp-content\/uploads\/2023\/05\/superb-50-4-600x424-1.jpg 600w, https:\/\/aflamo.shop\/wp-content\/uploads\/2023\/05\/superb-50-4-600x424-1-300x212.jpg 300w\" sizes=\"(max-width: 600px) 100vw, 600px\" \/><\/p>\n<h2>Flamme:<\/h2>\n<ol>\n<li style=\"list-style-type: none;\">\n<ol>\n<li style=\"list-style-type: none;\">\n<ul>\n<li><strong>5 Flammenfarben<\/strong>, die Sie frei \u00e4ndern k\u00f6nnen und so f\u00fcr jeden Anlass eine einzigartige Atmosph\u00e4re schaffen. Egal, ob Sie warme, klassische Feuert\u00f6ne oder modernere, k\u00fchle Farbt\u00f6ne bevorzugen, mit Superb k\u00f6nnen Sie die Flamme an Ihre Stimmung und Umgebung anpassen. <\/li>\n<\/ul>\n<\/li>\n<\/ol>\n<\/li>\n<\/ol>\n<p><img decoding=\"async\" class=\"aligncenter\" src=\"https:\/\/aflamo.shop\/wp-content\/uploads\/2023\/05\/flames_superb.jpg\" alt=\"Kaminflammeneffekt Superb\" width=\"555\" height=\"425\"><\/p>\n<h2>Ofen:<\/h2>\n<ol>\n<li style=\"list-style-type: none;\">\n<ol>\n<li style=\"list-style-type: none;\">\n<ul>\n<li><strong>Neue Qualit\u00e4t des Kamins:<\/strong>\n<ul>\n<li>Der Feuerraum des Kamins ist mit <strong>Keramikscheiten gef\u00fcllt<\/strong>, die wie echte Holzscheite aussehen.<\/li>\n<\/ul>\n<\/li>\n<\/ul>\n<\/li>\n<\/ol>\n<\/li>\n<\/ol>\n<p><img loading=\"lazy\" decoding=\"async\" class=\"aligncenter\" src=\"https:\/\/aflamo.shop\/wp-content\/uploads\/2023\/09\/Superb_logs_closeup.jpg\" alt=\"Nahaufnahme der Kaminstelle Superb\" width=\"492\" height=\"300\"><\/p>\n<ol>\n<li style=\"list-style-type: none;\">\n<ol>\n<li style=\"list-style-type: none;\">\n<ul>\n<li>Das Set umfasst <strong>2 Arten von Feuerstellen<\/strong>: nat\u00fcrlich aussehende Holzscheite oder moderne Kristalle.<\/li>\n<\/ul>\n<\/li>\n<\/ol>\n<\/li>\n<\/ol>\n<p><img loading=\"lazy\" decoding=\"async\" class=\"aligncenter\" src=\"https:\/\/aflamo.shop\/wp-content\/uploads\/2024\/06\/polana_krysztaly-e1603875138523.png\" alt=\"Holzscheite und Kristalle im Superb-Kamin\" width=\"413\" height=\"297\"><\/p>\n<ol>\n<li style=\"list-style-type: none;\">\n<ol>\n<li style=\"list-style-type: none;\">\n<ul>\n<li><strong>5 Farben der Feuerraumbeleuchtung<\/strong> erm\u00f6glichen eine noch individuellere Gestaltung der Optik.<\/li>\n<\/ul>\n<\/li>\n<\/ol>\n<\/li>\n<\/ol>\n<h2>Heizung:<\/h2>\n<ol>\n<li style=\"list-style-type: none;\">\n<ol>\n<li style=\"list-style-type: none;\">\n<ul>\n<li><strong>Unabh\u00e4ngige Heizfunktion<\/strong> \u2013 Der Flammeneffekt funktioniert unabh\u00e4ngig von der Heizung, sodass Sie den Kamin das ganze Jahr \u00fcber nutzen k\u00f6nnen.<\/li>\n<li><strong>Zwei Heizleistungsstufen:<\/strong> 750 W und 1500 W.<\/li>\n<li><strong>Thermostat <\/strong>mit Temperatureinstellung von 18\u00b0C \u200b\u200bbis 30\u00b0C.<\/li>\n<li><strong>\u00dcberhitzungsschutz <\/strong>und <strong>ein Fenster-Offen-Sensor <\/strong>sorgen f\u00fcr absolute Nutzungssicherheit.<\/li>\n<\/ul>\n<\/li>\n<\/ol>\n<\/li>\n<\/ol>\n<h2>Komfort und Bequemlichkeit:<\/h2>\n<ol>\n<li style=\"list-style-type: none;\">\n<ol>\n<li style=\"list-style-type: none;\">\n<ul>\n<li><strong>Die Steuerung des Kamins<\/strong> erfolgt \u00fcber eine Fernbedienung, was die Bedienung denkbar einfach macht.<\/li>\n<li>Die moderne <strong>W\u00e4rmeabzugsfunktion <\/strong>erm\u00f6glicht es Ihnen, den Raum schnell aufzuheizen und eine angenehme Temperatur aufrechtzuerhalten.<\/li>\n<li><strong>Mit der Zeitschaltuhr<\/strong> k\u00f6nnen Sie den Kamin automatisch abschalten \u2013 stellen Sie die gew\u00fcnschte Uhrzeit ein und genie\u00dfen Sie die Ruhe.<\/li>\n<\/ul>\n<\/li>\n<\/ol>\n<\/li>\n<\/ol>\n<p>Der Superb-Kamin ist eine perfekte Kombination aus modernem Design, Komfort und Funktionalit\u00e4t, die jedem Interieur W\u00e4rme und Stil verleiht.<\/p>\n<p>&nbsp;<\/p>\n<h2>Technische Zeichnungen:<\/h2>\n<p><strong>Superb 33<\/strong><\/p>\n<p><img loading=\"lazy\" decoding=\"async\" class=\"aligncenter wp-image-11110 size-full\" src=\"https:\/\/aflamo.shop\/wp-content\/uploads\/2023\/09\/firefox_7MO15kWc9v.png\" alt=\"\" width=\"1721\" height=\"1220\" srcset=\"https:\/\/aflamo.shop\/wp-content\/uploads\/2023\/09\/firefox_7MO15kWc9v.png 1721w, https:\/\/aflamo.shop\/wp-content\/uploads\/2023\/09\/firefox_7MO15kWc9v-600x425.png 600w, https:\/\/aflamo.shop\/wp-content\/uploads\/2023\/09\/firefox_7MO15kWc9v-300x213.png 300w, https:\/\/aflamo.shop\/wp-content\/uploads\/2023\/09\/firefox_7MO15kWc9v-1024x726.png 1024w, https:\/\/aflamo.shop\/wp-content\/uploads\/2023\/09\/firefox_7MO15kWc9v-768x544.png 768w, https:\/\/aflamo.shop\/wp-content\/uploads\/2023\/09\/firefox_7MO15kWc9v-1536x1089.png 1536w\" sizes=\"(max-width: 1721px) 100vw, 1721px\" \/><\/p>\n<p><strong>Superb 40<\/strong><\/p>\n<p><img loading=\"lazy\" decoding=\"async\" class=\"aligncenter wp-image-11113 size-full\" src=\"https:\/\/aflamo.shop\/wp-content\/uploads\/2023\/09\/firefox_yTV5uPUkPu.png\" alt=\"\" width=\"1723\" height=\"1215\" srcset=\"https:\/\/aflamo.shop\/wp-content\/uploads\/2023\/09\/firefox_yTV5uPUkPu.png 1723w, https:\/\/aflamo.shop\/wp-content\/uploads\/2023\/09\/firefox_yTV5uPUkPu-600x423.png 600w, https:\/\/aflamo.shop\/wp-content\/uploads\/2023\/09\/firefox_yTV5uPUkPu-300x212.png 300w, https:\/\/aflamo.shop\/wp-content\/uploads\/2023\/09\/firefox_yTV5uPUkPu-1024x722.png 1024w, https:\/\/aflamo.shop\/wp-content\/uploads\/2023\/09\/firefox_yTV5uPUkPu-768x542.png 768w, https:\/\/aflamo.shop\/wp-content\/uploads\/2023\/09\/firefox_yTV5uPUkPu-1536x1083.png 1536w\" sizes=\"(max-width: 1723px) 100vw, 1723px\" \/><\/p>\n<p>&nbsp;<\/p>\n<p><strong>Superb 50<\/strong><\/p>\n<p><img loading=\"lazy\" decoding=\"async\" class=\"aligncenter wp-image-11116 size-full\" src=\"https:\/\/aflamo.shop\/wp-content\/uploads\/2023\/09\/Superb_50.png\" alt=\"\" width=\"1306\" height=\"820\" srcset=\"https:\/\/aflamo.shop\/wp-content\/uploads\/2023\/09\/Superb_50.png 1306w, https:\/\/aflamo.shop\/wp-content\/uploads\/2023\/09\/Superb_50-600x377.png 600w, https:\/\/aflamo.shop\/wp-content\/uploads\/2023\/09\/Superb_50-300x188.png 300w, https:\/\/aflamo.shop\/wp-content\/uploads\/2023\/09\/Superb_50-1024x643.png 1024w, https:\/\/aflamo.shop\/wp-content\/uploads\/2023\/09\/Superb_50-768x482.png 768w\" sizes=\"(max-width: 1306px) 100vw, 1306px\" \/><\/p>\n<p><strong>Superb 60<\/strong><\/p>\n<p><img loading=\"lazy\" decoding=\"async\" class=\"aligncenter wp-image-11107 size-full\" src=\"https:\/\/aflamo.shop\/wp-content\/uploads\/2023\/09\/Superb_60.png\" alt=\"\" width=\"1306\" height=\"693\" srcset=\"https:\/\/aflamo.shop\/wp-content\/uploads\/2023\/09\/Superb_60.png 1306w, https:\/\/aflamo.shop\/wp-content\/uploads\/2023\/09\/Superb_60-600x318.png 600w, https:\/\/aflamo.shop\/wp-content\/uploads\/2023\/09\/Superb_60-300x159.png 300w, https:\/\/aflamo.shop\/wp-content\/uploads\/2023\/09\/Superb_60-1024x543.png 1024w, https:\/\/aflamo.shop\/wp-content\/uploads\/2023\/09\/Superb_60-768x408.png 768w\" sizes=\"(max-width: 1306px) 100vw, 1306px\" \/><\/p>\n<p>&nbsp;<\/p>\n<\/div>\n","protected":false},"excerpt":{"rendered":"<p>Hersteller: Aflamo<\/p>\n<p>GETIN: 5908283562084<\/p>\n<p>Eingebauter elektrischer LED-Kamin<\/p>\n<p><b>Modell:<\/b><\/p>\n<ul>\n<li><a href=\"https:\/\/aflamo.shop\/de\/p\/aflamo-superb-33-eingebauter-elektrischer-led-kamin\/\">33<\/a><\/li>\n<li><a href=\"https:\/\/aflamo.shop\/de\/p\/aflamo-superb-40-eingebauter-elektrischer-led-kamin\/\">40<\/a><\/li>\n<li><a href=\"https:\/\/aflamo.shop\/de\/p\/aflamo-superb-50-eingebauter-elektrischer-led-kamin\/\">50<\/a><\/li>\n<li><a href=\"https:\/\/aflamo.shop\/de\/p\/aflamo-superb-60-eingebauter-elektrischer-led-kamin\/\">60<\/a><\/li>\n<\/ul>\n<p><a href=\"https:\/\/aflamo.shop\/wp-content\/uploads\/2024\/11\/Aflamo-SUPERB-manual_EN-PL-NL-3.pdf\">Bedienungs- und Sicherheitshinweise<\/a><\/p>\n<p><b>Abmessungen<\/b>: 152 x 54 x 33 cm<\/b><\/p>\n","protected":false},"featured_media":16387,"comment_status":"open","ping_status":"closed","template":"","meta":[],"product_brand":[],"product_cat":[799,879,801,800,803,802],"product_tag":[],"class_list":{"0":"post-16386","1":"product","2":"type-product","3":"status-publish","4":"has-post-thumbnail","6":"product_cat-aflamo-de","7":"product_cat-dreiseitige-led-elektrokamine","8":"product_cat-eingebaute-led-elektrokamine","9":"product_cat-elektrische-kamine","10":"product_cat-elektrische-led-einsatze","11":"product_cat-led-elektrokamine-mit-heizfunktion","13":"first","14":"instock","15":"shipping-taxable","16":"purchasable","17":"product-type-simple"},"yoast_head":"<!-- This site is optimized with the Yoast SEO plugin v27.1.1 - https:\/\/yoast.com\/product\/yoast-seo-wordpress\/ -->\n<title>Aflamo Superb 60 - eingebauter elektrischer LED-Kamin - aflamo.shop-zertifizierter aflamo-H\u00e4ndler<\/title>\n<meta name=\"description\" content=\"Hervorragender Kamin \u2013 Eleganz, Funktionalit\u00e4t und Komfort. Dreiseitiger Kamin, flexible Konstruktion und modernes Design, perfekt f\u00fcr jedes Interieur.\" \/>\n<meta name=\"robots\" content=\"index, follow, max-snippet:-1, max-image-preview:large, max-video-preview:-1\" \/>\n<link rel=\"canonical\" href=\"https:\/\/aflamo.shop\/de\/p\/aflamo-superb-60-eingebauter-elektrischer-led-kamin\/\" \/>\n<meta property=\"og:locale\" content=\"de_DE\" \/>\n<meta property=\"og:type\" content=\"article\" \/>\n<meta property=\"og:title\" content=\"Aflamo Superb 60 - eingebauter elektrischer LED-Kamin - aflamo.shop-zertifizierter aflamo-H\u00e4ndler\" \/>\n<meta property=\"og:description\" content=\"Hervorragender Kamin \u2013 Eleganz, Funktionalit\u00e4t und Komfort. Dreiseitiger Kamin, flexible Konstruktion und modernes Design, perfekt f\u00fcr jedes Interieur.\" \/>\n<meta property=\"og:url\" content=\"https:\/\/aflamo.shop\/de\/p\/aflamo-superb-60-eingebauter-elektrischer-led-kamin\/\" \/>\n<meta property=\"og:site_name\" content=\"aflamo.shop-zertifizierter aflamo-H\u00e4ndler\" \/>\n<meta property=\"article:modified_time\" content=\"2025-05-15T12:22:20+00:00\" \/>\n<meta property=\"og:image\" content=\"https:\/\/aflamo.shop\/wp-content\/uploads\/2023\/09\/resize_9654f5a4ab8add5ddb1aca0b2488feab-5.jpg\" \/>\n\t<meta property=\"og:image:width\" content=\"265\" \/>\n\t<meta property=\"og:image:height\" content=\"200\" \/>\n\t<meta property=\"og:image:type\" content=\"image\/jpeg\" \/>\n<meta name=\"twitter:card\" content=\"summary_large_image\" \/>\n<meta name=\"twitter:label1\" content=\"Gesch\u00e4tzte Lesezeit\" \/>\n\t<meta name=\"twitter:data1\" content=\"5\u00a0Minuten\" \/>\n<script type=\"application\/ld+json\" class=\"yoast-schema-graph\">{\"@context\":\"https:\/\/schema.org\",\"@graph\":[{\"@type\":\"WebPage\",\"@id\":\"https:\/\/aflamo.shop\/de\/p\/aflamo-superb-60-eingebauter-elektrischer-led-kamin\/\",\"url\":\"https:\/\/aflamo.shop\/de\/p\/aflamo-superb-60-eingebauter-elektrischer-led-kamin\/\",\"name\":\"Aflamo Superb 60 - eingebauter elektrischer LED-Kamin - aflamo.shop-zertifizierter aflamo-H\u00e4ndler\",\"isPartOf\":{\"@id\":\"https:\/\/aflamo.shop\/de\/#website\"},\"primaryImageOfPage\":{\"@id\":\"https:\/\/aflamo.shop\/de\/p\/aflamo-superb-60-eingebauter-elektrischer-led-kamin\/#primaryimage\"},\"image\":{\"@id\":\"https:\/\/aflamo.shop\/de\/p\/aflamo-superb-60-eingebauter-elektrischer-led-kamin\/#primaryimage\"},\"thumbnailUrl\":\"https:\/\/aflamo.shop\/wp-content\/uploads\/2023\/09\/resize_9654f5a4ab8add5ddb1aca0b2488feab-5.jpg\",\"datePublished\":\"2023-09-18T10:49:27+00:00\",\"dateModified\":\"2025-05-15T12:22:20+00:00\",\"description\":\"Hervorragender Kamin \u2013 Eleganz, Funktionalit\u00e4t und Komfort. Dreiseitiger Kamin, flexible Konstruktion und modernes Design, perfekt f\u00fcr jedes Interieur.\",\"breadcrumb\":{\"@id\":\"https:\/\/aflamo.shop\/de\/p\/aflamo-superb-60-eingebauter-elektrischer-led-kamin\/#breadcrumb\"},\"inLanguage\":\"de\",\"potentialAction\":[{\"@type\":\"ReadAction\",\"target\":[\"https:\/\/aflamo.shop\/de\/p\/aflamo-superb-60-eingebauter-elektrischer-led-kamin\/\"]}]},{\"@type\":\"ImageObject\",\"inLanguage\":\"de\",\"@id\":\"https:\/\/aflamo.shop\/de\/p\/aflamo-superb-60-eingebauter-elektrischer-led-kamin\/#primaryimage\",\"url\":\"https:\/\/aflamo.shop\/wp-content\/uploads\/2023\/09\/resize_9654f5a4ab8add5ddb1aca0b2488feab-5.jpg\",\"contentUrl\":\"https:\/\/aflamo.shop\/wp-content\/uploads\/2023\/09\/resize_9654f5a4ab8add5ddb1aca0b2488feab-5.jpg\",\"width\":265,\"height\":200},{\"@type\":\"BreadcrumbList\",\"@id\":\"https:\/\/aflamo.shop\/de\/p\/aflamo-superb-60-eingebauter-elektrischer-led-kamin\/#breadcrumb\",\"itemListElement\":[{\"@type\":\"ListItem\",\"position\":1,\"name\":\"Strona g\u0142\u00f3wna\",\"item\":\"https:\/\/aflamo.shop\/de\/startseite\/\"},{\"@type\":\"ListItem\",\"position\":2,\"name\":\"Shop\",\"item\":\"https:\/\/aflamo.shop\/shop\/\"},{\"@type\":\"ListItem\",\"position\":3,\"name\":\"Elektrische Kamine\",\"item\":\"https:\/\/aflamo.shop\/de\/s\/elektrische-kamine\/\"},{\"@type\":\"ListItem\",\"position\":4,\"name\":\"Dreiseitige LED-Elektrokamine\",\"item\":\"https:\/\/aflamo.shop\/de\/s\/elektrische-kamine\/dreiseitige-led-elektrokamine\/\"},{\"@type\":\"ListItem\",\"position\":5,\"name\":\"Aflamo Superb 60 &#8211; eingebauter elektrischer LED-Kamin\"}]},{\"@type\":\"WebSite\",\"@id\":\"https:\/\/aflamo.shop\/de\/#website\",\"url\":\"https:\/\/aflamo.shop\/de\/\",\"name\":\"aflamo.shop-zertifizierter aflamo-H\u00e4ndler\",\"description\":\"Kominki elektryczne Aflamo i Emotion Flame z funkcj\u0105 grzania\",\"potentialAction\":[{\"@type\":\"SearchAction\",\"target\":{\"@type\":\"EntryPoint\",\"urlTemplate\":\"https:\/\/aflamo.shop\/de\/?s={search_term_string}\"},\"query-input\":{\"@type\":\"PropertyValueSpecification\",\"valueRequired\":true,\"valueName\":\"search_term_string\"}}],\"inLanguage\":\"de\"}]}<\/script>\n<!-- \/ Yoast SEO plugin. -->","yoast_head_json":{"title":"Aflamo Superb 60 - eingebauter elektrischer LED-Kamin - aflamo.shop-zertifizierter aflamo-H\u00e4ndler","description":"Hervorragender Kamin \u2013 Eleganz, Funktionalit\u00e4t und Komfort. Dreiseitiger Kamin, flexible Konstruktion und modernes Design, perfekt f\u00fcr jedes Interieur.","robots":{"index":"index","follow":"follow","max-snippet":"max-snippet:-1","max-image-preview":"max-image-preview:large","max-video-preview":"max-video-preview:-1"},"canonical":"https:\/\/aflamo.shop\/de\/p\/aflamo-superb-60-eingebauter-elektrischer-led-kamin\/","og_locale":"de_DE","og_type":"article","og_title":"Aflamo Superb 60 - eingebauter elektrischer LED-Kamin - aflamo.shop-zertifizierter aflamo-H\u00e4ndler","og_description":"Hervorragender Kamin \u2013 Eleganz, Funktionalit\u00e4t und Komfort. Dreiseitiger Kamin, flexible Konstruktion und modernes Design, perfekt f\u00fcr jedes Interieur.","og_url":"https:\/\/aflamo.shop\/de\/p\/aflamo-superb-60-eingebauter-elektrischer-led-kamin\/","og_site_name":"aflamo.shop-zertifizierter aflamo-H\u00e4ndler","article_modified_time":"2025-05-15T12:22:20+00:00","og_image":[{"width":265,"height":200,"url":"https:\/\/aflamo.shop\/wp-content\/uploads\/2023\/09\/resize_9654f5a4ab8add5ddb1aca0b2488feab-5.jpg","type":"image\/jpeg"}],"twitter_card":"summary_large_image","twitter_misc":{"Gesch\u00e4tzte Lesezeit":"5\u00a0Minuten"},"schema":{"@context":"https:\/\/schema.org","@graph":[{"@type":"WebPage","@id":"https:\/\/aflamo.shop\/de\/p\/aflamo-superb-60-eingebauter-elektrischer-led-kamin\/","url":"https:\/\/aflamo.shop\/de\/p\/aflamo-superb-60-eingebauter-elektrischer-led-kamin\/","name":"Aflamo Superb 60 - eingebauter elektrischer LED-Kamin - aflamo.shop-zertifizierter aflamo-H\u00e4ndler","isPartOf":{"@id":"https:\/\/aflamo.shop\/de\/#website"},"primaryImageOfPage":{"@id":"https:\/\/aflamo.shop\/de\/p\/aflamo-superb-60-eingebauter-elektrischer-led-kamin\/#primaryimage"},"image":{"@id":"https:\/\/aflamo.shop\/de\/p\/aflamo-superb-60-eingebauter-elektrischer-led-kamin\/#primaryimage"},"thumbnailUrl":"https:\/\/aflamo.shop\/wp-content\/uploads\/2023\/09\/resize_9654f5a4ab8add5ddb1aca0b2488feab-5.jpg","datePublished":"2023-09-18T10:49:27+00:00","dateModified":"2025-05-15T12:22:20+00:00","description":"Hervorragender Kamin \u2013 Eleganz, Funktionalit\u00e4t und Komfort. Dreiseitiger Kamin, flexible Konstruktion und modernes Design, perfekt f\u00fcr jedes Interieur.","breadcrumb":{"@id":"https:\/\/aflamo.shop\/de\/p\/aflamo-superb-60-eingebauter-elektrischer-led-kamin\/#breadcrumb"},"inLanguage":"de","potentialAction":[{"@type":"ReadAction","target":["https:\/\/aflamo.shop\/de\/p\/aflamo-superb-60-eingebauter-elektrischer-led-kamin\/"]}]},{"@type":"ImageObject","inLanguage":"de","@id":"https:\/\/aflamo.shop\/de\/p\/aflamo-superb-60-eingebauter-elektrischer-led-kamin\/#primaryimage","url":"https:\/\/aflamo.shop\/wp-content\/uploads\/2023\/09\/resize_9654f5a4ab8add5ddb1aca0b2488feab-5.jpg","contentUrl":"https:\/\/aflamo.shop\/wp-content\/uploads\/2023\/09\/resize_9654f5a4ab8add5ddb1aca0b2488feab-5.jpg","width":265,"height":200},{"@type":"BreadcrumbList","@id":"https:\/\/aflamo.shop\/de\/p\/aflamo-superb-60-eingebauter-elektrischer-led-kamin\/#breadcrumb","itemListElement":[{"@type":"ListItem","position":1,"name":"Strona g\u0142\u00f3wna","item":"https:\/\/aflamo.shop\/de\/startseite\/"},{"@type":"ListItem","position":2,"name":"Shop","item":"https:\/\/aflamo.shop\/shop\/"},{"@type":"ListItem","position":3,"name":"Elektrische Kamine","item":"https:\/\/aflamo.shop\/de\/s\/elektrische-kamine\/"},{"@type":"ListItem","position":4,"name":"Dreiseitige LED-Elektrokamine","item":"https:\/\/aflamo.shop\/de\/s\/elektrische-kamine\/dreiseitige-led-elektrokamine\/"},{"@type":"ListItem","position":5,"name":"Aflamo Superb 60 &#8211; eingebauter elektrischer LED-Kamin"}]},{"@type":"WebSite","@id":"https:\/\/aflamo.shop\/de\/#website","url":"https:\/\/aflamo.shop\/de\/","name":"aflamo.shop-zertifizierter aflamo-H\u00e4ndler","description":"Kominki elektryczne Aflamo i Emotion Flame z funkcj\u0105 grzania","potentialAction":[{"@type":"SearchAction","target":{"@type":"EntryPoint","urlTemplate":"https:\/\/aflamo.shop\/de\/?s={search_term_string}"},"query-input":{"@type":"PropertyValueSpecification","valueRequired":true,"valueName":"search_term_string"}}],"inLanguage":"de"}]}},"_links":{"self":[{"href":"https:\/\/aflamo.shop\/de\/wp-json\/wp\/v2\/product\/16386","targetHints":{"allow":["GET"]}}],"collection":[{"href":"https:\/\/aflamo.shop\/de\/wp-json\/wp\/v2\/product"}],"about":[{"href":"https:\/\/aflamo.shop\/de\/wp-json\/wp\/v2\/types\/product"}],"replies":[{"embeddable":true,"href":"https:\/\/aflamo.shop\/de\/wp-json\/wp\/v2\/comments?post=16386"}],"wp:featuredmedia":[{"embeddable":true,"href":"https:\/\/aflamo.shop\/de\/wp-json\/wp\/v2\/media\/16387"}],"wp:attachment":[{"href":"https:\/\/aflamo.shop\/de\/wp-json\/wp\/v2\/media?parent=16386"}],"wp:term":[{"taxonomy":"product_brand","embeddable":true,"href":"https:\/\/aflamo.shop\/de\/wp-json\/wp\/v2\/product_brand?post=16386"},{"taxonomy":"product_cat","embeddable":true,"href":"https:\/\/aflamo.shop\/de\/wp-json\/wp\/v2\/product_cat?post=16386"},{"taxonomy":"product_tag","embeddable":true,"href":"https:\/\/aflamo.shop\/de\/wp-json\/wp\/v2\/product_tag?post=16386"}],"curies":[{"name":"wp","href":"https:\/\/api.w.org\/{rel}","templated":true}]}}