{"id":16368,"date":"2023-09-28T09:42:47","date_gmt":"2023-09-28T09:42:47","guid":{"rendered":"https:\/\/aflamo.shop\/p\/aflamo-dame-weis-wand-einbau-led-elektrokamin-mit-heizfunktion\/"},"modified":"2025-05-15T12:15:25","modified_gmt":"2025-05-15T12:15:25","slug":"aflamo-dame-weis-wand-einbau-led-elektrokamin-mit-heizfunktion","status":"publish","type":"product","link":"https:\/\/aflamo.shop\/de\/p\/aflamo-dame-weis-wand-einbau-led-elektrokamin-mit-heizfunktion\/","title":{"rendered":"Aflamo Dame wei\u00df &#8211; Wand-\/Einbau-LED-Elektrokamin mit Heizfunktion"},"content":{"rendered":"<p><iframe title=\"YouTube-Video-Player\" src=\"https:\/\/www.youtube.com\/embed\/pcFJI3Lg2cw?si=U5TPiJshVTzytwTN\" width=\"560\" height=\"315\" frameborder=\"0\" allowfullscreen=\"allowfullscreen\"><\/iframe><\/p>\n<h3><strong>Dame LED Elektrokamin \u2013 Modernit\u00e4t und Eleganz in Ihrem Zuhause<\/strong><\/h3>\n<p><strong>Der elektrische LED-Kamin von Dame<\/strong> ist eine einzigartige Wahl f\u00fcr alle, die modernes Design mit Funktionalit\u00e4t und Komfort kombinieren m\u00f6chten. Dieser vertikale, dreiseitige Wandkamin wird zum Mittelpunkt jedes Interieurs und bietet W\u00e4rme und eine einzigartige Atmosph\u00e4re. <\/p>\n<h4><strong>Merkmale:<\/strong><\/h4>\n<h4><strong>Flammeneffekt und Kamin:<\/strong><\/h4>\n<ul>\n<li><strong>7 Flammenfarben<\/strong>: Passen Sie die Beleuchtung Ihrer Stimmung an.<\/li>\n<li><strong>13 Kaminbeleuchtungsfarben:<\/strong> Eine Vielzahl von Lichteffekten, die Tiefe und Charme verleihen.<\/li>\n<li><strong>5 Helligkeitsstufen:<\/strong> Von dezentem Gl\u00fchen bis zu intensiven Flammen.<\/li>\n<\/ul>\n<p><img fetchpriority=\"high\" decoding=\"async\" class=\"aligncenter wp-image-11269 size-full\" src=\"https:\/\/aflamo.shop\/wp-content\/uploads\/2023\/09\/flames_2x3-1-1-1.jpg\" alt=\"Flammeneffekt\" width=\"555\" height=\"425\" srcset=\"https:\/\/aflamo.shop\/wp-content\/uploads\/2023\/09\/flames_2x3-1-1-1.jpg 555w, https:\/\/aflamo.shop\/wp-content\/uploads\/2023\/09\/flames_2x3-1-1-1-300x230.jpg 300w\" sizes=\"(max-width: 555px) 100vw, 555px\" \/><\/p>\n<ul>\n<li><strong>2 Kaminarten im Lieferumfang enthalten:<\/strong> Holzscheite und Kristalle \u2013 w\u00e4hlen Sie den Stil, der am besten zu Ihrer Inneneinrichtung passt.<\/li>\n<\/ul>\n<p><img decoding=\"async\" class=\"aligncenter wp-image-10691 size-full\" src=\"https:\/\/aflamo.shop\/wp-content\/uploads\/2024\/06\/polana_krysztaly-e1603875138523.png\" alt=\"Kamin - Lichtung und Kristalle\" width=\"413\" height=\"297\" srcset=\"https:\/\/aflamo.shop\/wp-content\/uploads\/2024\/06\/polana_krysztaly-e1603875138523.png 413w, https:\/\/aflamo.shop\/wp-content\/uploads\/2024\/06\/polana_krysztaly-e1603875138523-300x216.png 300w\" sizes=\"(max-width: 413px) 100vw, 413px\" \/><\/p>\n<ul>\n<li><strong>Dreiseitige Feuerstelle<\/strong>: Erm\u00f6glicht Ihnen, den Blick auf die Flammen aus verschiedenen Perspektiven zu genie\u00dfen und schafft so eine wirkungsvolle und gem\u00fctliche Atmosph\u00e4re.<\/li>\n<li><strong>Keramikscheite<\/strong>: Realistisch, langlebig und \u00e4sthetisch, verleihen Ihrem Kamin ein authentisches Aussehen.<\/li>\n<\/ul>\n<p><img decoding=\"async\" class=\"aligncenter wp-image-8902 size-full\" src=\"https:\/\/aflamo.shop\/wp-content\/uploads\/2023\/08\/Unique_NH_logs_closeup.jpg\" alt=\"Keramikscheite\" width=\"492\" height=\"300\" srcset=\"https:\/\/aflamo.shop\/wp-content\/uploads\/2023\/08\/Unique_NH_logs_closeup.jpg 492w, https:\/\/aflamo.shop\/wp-content\/uploads\/2023\/08\/Unique_NH_logs_closeup-300x183.jpg 300w\" sizes=\"(max-width: 492px) 100vw, 492px\" \/><\/p>\n<ul>\n<li><strong>Verf\u00fcgbare Farben:<\/strong> Klassische Eleganz in Schwarz und moderne Frische in Wei\u00df.<\/li>\n<\/ul>\n<p><img loading=\"lazy\" decoding=\"async\" class=\"aligncenter wp-image-9921 size-full\" src=\"https:\/\/aflamo.shop\/wp-content\/uploads\/2023\/09\/unique_Dame_black-white.jpg\" alt=\"Verf\u00fcgbare Farben\" width=\"700\" height=\"700\" srcset=\"https:\/\/aflamo.shop\/wp-content\/uploads\/2023\/09\/unique_Dame_black-white.jpg 700w, https:\/\/aflamo.shop\/wp-content\/uploads\/2023\/09\/unique_Dame_black-white-300x300.jpg 300w, https:\/\/aflamo.shop\/wp-content\/uploads\/2023\/09\/unique_Dame_black-white-100x100.jpg 100w, https:\/\/aflamo.shop\/wp-content\/uploads\/2023\/09\/unique_Dame_black-white-600x600.jpg 600w, https:\/\/aflamo.shop\/wp-content\/uploads\/2023\/09\/unique_Dame_black-white-150x150.jpg 150w\" sizes=\"(max-width: 700px) 100vw, 700px\" \/><\/p>\n<h4><strong>Einfache Montage:<\/strong><\/h4>\n<ol>\n<li>Befestigen Sie den Aufh\u00e4nger an der Wand.<\/li>\n<li>H\u00e4ngen Sie den Kamin auf.<\/li>\n<li>Genie\u00dfen Sie jederzeit die einzigartige Atmosph\u00e4re.<\/li>\n<\/ol>\n<h4><strong>Heizfunktionen:<\/strong><\/h4>\n<ul>\n<li><strong>Zwei Heizleistungsstufen: <\/strong>750 W und 1500 W f\u00fcr vollen thermischen Komfort.<\/li>\n<li><strong>Digitaler Thermostat: <\/strong>Temperatureinstellung von 18\u00b0C \u200b\u200bbis 27\u00b0C.<\/li>\n<li><strong>Fenster-offen-Sensor:<\/strong> Schaltet sich automatisch aus, wenn er einen Temperaturabfall durch das \u00d6ffnen eines Fensters erkennt.<\/li>\n<li><strong>\u00dcberhitzungsschutz<\/strong>: Sicherheit garantiert.<\/li>\n<\/ul>\n<h4><strong>Komfort und Bequemlichkeit:<\/strong><\/h4>\n<ul>\n<li><strong>Fernbedienung<\/strong>: Steuern Sie Ihren Kamin bequem von \u00fcberall im Raum.<\/li>\n<li><strong>Timerfunktion<\/strong>: Stellen Sie die automatische Abschaltung ein, um Energie zu sparen.<\/li>\n<li><strong>W\u00f6chentlicher Programmierer:<\/strong> Personalisieren Sie den Betrieb Ihres Kamins entsprechend Ihrem Zeitplan.<\/li>\n<\/ul>\n<h3><strong>Zusammenfassung<\/strong><\/h3>\n<p>Der elektrische LED-Kamin von <strong>Dame <\/strong>ist eine harmonische Kombination aus Stil, Komfort und Sicherheit. Dank des <strong>dreiseitigen Kamins<\/strong> und der <strong>Keramikscheite <\/strong>verleiht er dem Innenraum eine einzigartige Atmosph\u00e4re und Eleganz. Perfekt f\u00fcr Menschen, die ihrem Zuhause einen modernen Charakter verleihen m\u00f6chten, ohne auf W\u00e4rme und Gem\u00fctlichkeit zu verzichten. Es ist eine gro\u00dfartige M\u00f6glichkeit, in jedem Zuhause eine zauberhafte Lagerfeueratmosph\u00e4re zu schaffen.   <\/p>\n<h3><strong>Technische Zeichnung:<\/strong><\/h3>\n<p><img loading=\"lazy\" decoding=\"async\" class=\"alignnone wp-image-9852 size-full\" src=\"https:\/\/aflamo.shop\/wp-content\/uploads\/2023\/09\/Dame.png\" alt=\"Technische Zeichnung\" width=\"939\" height=\"827\" srcset=\"https:\/\/aflamo.shop\/wp-content\/uploads\/2023\/09\/Dame.png 939w, https:\/\/aflamo.shop\/wp-content\/uploads\/2023\/09\/Dame-600x528.png 600w, https:\/\/aflamo.shop\/wp-content\/uploads\/2023\/09\/Dame-300x264.png 300w, https:\/\/aflamo.shop\/wp-content\/uploads\/2023\/09\/Dame-768x676.png 768w\" sizes=\"(max-width: 939px) 100vw, 939px\" \/><\/p>\n","protected":false},"excerpt":{"rendered":"<p>Hersteller: Aflamo<\/p>\n<ul>\n<p>GETIN: 5908283562442<\/p>\n<ul>\n<b>Elektrischer Wandkamin<\/b><\/p>\n<ul>\n<b>Verf\u00fcgbare Farben:<\/b><\/p>\n<ul>\n<li class=\"kp-bialy\"><a href=\"https:\/\/aflamo.shop\/de\/p\/aflamo-dame-weis-wand-einbau-led-elektrokamin-mit-heizfunktion\/\">Wei\u00df<\/a><\/li>\n<li class=\"kp-czarny\"><a href=\"https:\/\/aflamo.shop\/de\/p\/aflamo-dame-schwarz-wand-einbau-led-elektrokamin-mit-heizfunktion\/\">Schwarz<\/a><\/li>\n<\/ul>\n<p><a href=\"https:\/\/aflamo.shop\/wp-content\/uploads\/2023\/09\/DAME_EN-PL-DE-IT-ES-FR-CS-SK-NL-5.pdf\">Benutzerhandbuch und wichtige Sicherheitsinformationen<\/a><\/p>\n<p><b>Abmessungen<\/b>: 73 x 83 x 24 cm<\/p>\n","protected":false},"featured_media":22362,"comment_status":"open","ping_status":"closed","template":"","meta":[],"product_brand":[],"product_cat":[799,879,801,800,804,802],"product_tag":[],"class_list":{"0":"post-16368","1":"product","2":"type-product","3":"status-publish","4":"has-post-thumbnail","6":"product_cat-aflamo-de","7":"product_cat-dreiseitige-led-elektrokamine","8":"product_cat-eingebaute-led-elektrokamine","9":"product_cat-elektrische-kamine","10":"product_cat-elektrische-kamine-zum-aufhangen-an-der-wand","11":"product_cat-led-elektrokamine-mit-heizfunktion","13":"first","14":"instock","15":"shipping-taxable","16":"purchasable","17":"product-type-simple"},"yoast_head":"<!-- This site is optimized with the Yoast SEO plugin v27.1.1 - https:\/\/yoast.com\/product\/yoast-seo-wordpress\/ -->\n<title>Aflamo Dame wei\u00df - Wand-\/Einbau-LED-Elektrokamin mit Heizfunktion - aflamo.shop-zertifizierter aflamo-H\u00e4ndler<\/title>\n<meta name=\"description\" content=\"Dame LED-Elektrokamin \u2013 Stil, Komfort und Sicherheit. Die dreiseitige Feuerstelle mit Keramikscheiten schafft eine warme, elegante Atmosph\u00e4re in Ihrem Zuhause.\" \/>\n<meta name=\"robots\" content=\"index, follow, max-snippet:-1, max-image-preview:large, max-video-preview:-1\" \/>\n<link rel=\"canonical\" href=\"https:\/\/aflamo.shop\/de\/p\/aflamo-dame-weis-wand-einbau-led-elektrokamin-mit-heizfunktion\/\" \/>\n<meta property=\"og:locale\" content=\"de_DE\" \/>\n<meta property=\"og:type\" content=\"article\" \/>\n<meta property=\"og:title\" content=\"Aflamo Dame wei\u00df - Wand-\/Einbau-LED-Elektrokamin mit Heizfunktion - aflamo.shop-zertifizierter aflamo-H\u00e4ndler\" \/>\n<meta property=\"og:description\" content=\"Dame LED-Elektrokamin \u2013 Stil, Komfort und Sicherheit. Die dreiseitige Feuerstelle mit Keramikscheiten schafft eine warme, elegante Atmosph\u00e4re in Ihrem Zuhause.\" \/>\n<meta property=\"og:url\" content=\"https:\/\/aflamo.shop\/de\/p\/aflamo-dame-weis-wand-einbau-led-elektrokamin-mit-heizfunktion\/\" \/>\n<meta property=\"og:site_name\" content=\"aflamo.shop-zertifizierter aflamo-H\u00e4ndler\" \/>\n<meta property=\"article:modified_time\" content=\"2025-05-15T12:15:25+00:00\" \/>\n<meta property=\"og:image\" content=\"https:\/\/aflamo.shop\/wp-content\/uploads\/2023\/09\/Dame_White_front_2.jpg\" \/>\n\t<meta property=\"og:image:width\" content=\"1704\" \/>\n\t<meta property=\"og:image:height\" content=\"2192\" \/>\n\t<meta property=\"og:image:type\" content=\"image\/jpeg\" \/>\n<meta name=\"twitter:card\" content=\"summary_large_image\" \/>\n<meta name=\"twitter:label1\" content=\"Gesch\u00e4tzte Lesezeit\" \/>\n\t<meta name=\"twitter:data1\" content=\"3\u00a0Minuten\" \/>\n<script type=\"application\/ld+json\" class=\"yoast-schema-graph\">{\"@context\":\"https:\/\/schema.org\",\"@graph\":[{\"@type\":\"WebPage\",\"@id\":\"https:\/\/aflamo.shop\/de\/p\/aflamo-dame-weis-wand-einbau-led-elektrokamin-mit-heizfunktion\/\",\"url\":\"https:\/\/aflamo.shop\/de\/p\/aflamo-dame-weis-wand-einbau-led-elektrokamin-mit-heizfunktion\/\",\"name\":\"Aflamo Dame wei\u00df - Wand-\/Einbau-LED-Elektrokamin mit Heizfunktion - aflamo.shop-zertifizierter aflamo-H\u00e4ndler\",\"isPartOf\":{\"@id\":\"https:\/\/aflamo.shop\/de\/#website\"},\"primaryImageOfPage\":{\"@id\":\"https:\/\/aflamo.shop\/de\/p\/aflamo-dame-weis-wand-einbau-led-elektrokamin-mit-heizfunktion\/#primaryimage\"},\"image\":{\"@id\":\"https:\/\/aflamo.shop\/de\/p\/aflamo-dame-weis-wand-einbau-led-elektrokamin-mit-heizfunktion\/#primaryimage\"},\"thumbnailUrl\":\"https:\/\/aflamo.shop\/wp-content\/uploads\/2023\/09\/Projekt-bez-nazwy64.png\",\"datePublished\":\"2023-09-28T09:42:47+00:00\",\"dateModified\":\"2025-05-15T12:15:25+00:00\",\"description\":\"Dame LED-Elektrokamin \u2013 Stil, Komfort und Sicherheit. Die dreiseitige Feuerstelle mit Keramikscheiten schafft eine warme, elegante Atmosph\u00e4re in Ihrem Zuhause.\",\"breadcrumb\":{\"@id\":\"https:\/\/aflamo.shop\/de\/p\/aflamo-dame-weis-wand-einbau-led-elektrokamin-mit-heizfunktion\/#breadcrumb\"},\"inLanguage\":\"de\",\"potentialAction\":[{\"@type\":\"ReadAction\",\"target\":[\"https:\/\/aflamo.shop\/de\/p\/aflamo-dame-weis-wand-einbau-led-elektrokamin-mit-heizfunktion\/\"]}]},{\"@type\":\"ImageObject\",\"inLanguage\":\"de\",\"@id\":\"https:\/\/aflamo.shop\/de\/p\/aflamo-dame-weis-wand-einbau-led-elektrokamin-mit-heizfunktion\/#primaryimage\",\"url\":\"https:\/\/aflamo.shop\/wp-content\/uploads\/2023\/09\/Projekt-bez-nazwy64.png\",\"contentUrl\":\"https:\/\/aflamo.shop\/wp-content\/uploads\/2023\/09\/Projekt-bez-nazwy64.png\",\"width\":2048,\"height\":2048},{\"@type\":\"BreadcrumbList\",\"@id\":\"https:\/\/aflamo.shop\/de\/p\/aflamo-dame-weis-wand-einbau-led-elektrokamin-mit-heizfunktion\/#breadcrumb\",\"itemListElement\":[{\"@type\":\"ListItem\",\"position\":1,\"name\":\"Strona g\u0142\u00f3wna\",\"item\":\"https:\/\/aflamo.shop\/de\/startseite\/\"},{\"@type\":\"ListItem\",\"position\":2,\"name\":\"Shop\",\"item\":\"https:\/\/aflamo.shop\/shop\/\"},{\"@type\":\"ListItem\",\"position\":3,\"name\":\"Elektrische Kamine\",\"item\":\"https:\/\/aflamo.shop\/de\/s\/elektrische-kamine\/\"},{\"@type\":\"ListItem\",\"position\":4,\"name\":\"Dreiseitige LED-Elektrokamine\",\"item\":\"https:\/\/aflamo.shop\/de\/s\/elektrische-kamine\/dreiseitige-led-elektrokamine\/\"},{\"@type\":\"ListItem\",\"position\":5,\"name\":\"Aflamo Dame wei\u00df &#8211; Wand-\/Einbau-LED-Elektrokamin mit Heizfunktion\"}]},{\"@type\":\"WebSite\",\"@id\":\"https:\/\/aflamo.shop\/de\/#website\",\"url\":\"https:\/\/aflamo.shop\/de\/\",\"name\":\"aflamo.shop-zertifizierter aflamo-H\u00e4ndler\",\"description\":\"Kominki elektryczne Aflamo i Emotion Flame z funkcj\u0105 grzania\",\"potentialAction\":[{\"@type\":\"SearchAction\",\"target\":{\"@type\":\"EntryPoint\",\"urlTemplate\":\"https:\/\/aflamo.shop\/de\/?s={search_term_string}\"},\"query-input\":{\"@type\":\"PropertyValueSpecification\",\"valueRequired\":true,\"valueName\":\"search_term_string\"}}],\"inLanguage\":\"de\"}]}<\/script>\n<!-- \/ Yoast SEO plugin. -->","yoast_head_json":{"title":"Aflamo Dame wei\u00df - Wand-\/Einbau-LED-Elektrokamin mit Heizfunktion - aflamo.shop-zertifizierter aflamo-H\u00e4ndler","description":"Dame LED-Elektrokamin \u2013 Stil, Komfort und Sicherheit. Die dreiseitige Feuerstelle mit Keramikscheiten schafft eine warme, elegante Atmosph\u00e4re in Ihrem Zuhause.","robots":{"index":"index","follow":"follow","max-snippet":"max-snippet:-1","max-image-preview":"max-image-preview:large","max-video-preview":"max-video-preview:-1"},"canonical":"https:\/\/aflamo.shop\/de\/p\/aflamo-dame-weis-wand-einbau-led-elektrokamin-mit-heizfunktion\/","og_locale":"de_DE","og_type":"article","og_title":"Aflamo Dame wei\u00df - Wand-\/Einbau-LED-Elektrokamin mit Heizfunktion - aflamo.shop-zertifizierter aflamo-H\u00e4ndler","og_description":"Dame LED-Elektrokamin \u2013 Stil, Komfort und Sicherheit. Die dreiseitige Feuerstelle mit Keramikscheiten schafft eine warme, elegante Atmosph\u00e4re in Ihrem Zuhause.","og_url":"https:\/\/aflamo.shop\/de\/p\/aflamo-dame-weis-wand-einbau-led-elektrokamin-mit-heizfunktion\/","og_site_name":"aflamo.shop-zertifizierter aflamo-H\u00e4ndler","article_modified_time":"2025-05-15T12:15:25+00:00","og_image":[{"width":1704,"height":2192,"url":"https:\/\/aflamo.shop\/wp-content\/uploads\/2023\/09\/Dame_White_front_2.jpg","type":"image\/jpeg"}],"twitter_card":"summary_large_image","twitter_misc":{"Gesch\u00e4tzte Lesezeit":"3\u00a0Minuten"},"schema":{"@context":"https:\/\/schema.org","@graph":[{"@type":"WebPage","@id":"https:\/\/aflamo.shop\/de\/p\/aflamo-dame-weis-wand-einbau-led-elektrokamin-mit-heizfunktion\/","url":"https:\/\/aflamo.shop\/de\/p\/aflamo-dame-weis-wand-einbau-led-elektrokamin-mit-heizfunktion\/","name":"Aflamo Dame wei\u00df - Wand-\/Einbau-LED-Elektrokamin mit Heizfunktion - aflamo.shop-zertifizierter aflamo-H\u00e4ndler","isPartOf":{"@id":"https:\/\/aflamo.shop\/de\/#website"},"primaryImageOfPage":{"@id":"https:\/\/aflamo.shop\/de\/p\/aflamo-dame-weis-wand-einbau-led-elektrokamin-mit-heizfunktion\/#primaryimage"},"image":{"@id":"https:\/\/aflamo.shop\/de\/p\/aflamo-dame-weis-wand-einbau-led-elektrokamin-mit-heizfunktion\/#primaryimage"},"thumbnailUrl":"https:\/\/aflamo.shop\/wp-content\/uploads\/2023\/09\/Projekt-bez-nazwy64.png","datePublished":"2023-09-28T09:42:47+00:00","dateModified":"2025-05-15T12:15:25+00:00","description":"Dame LED-Elektrokamin \u2013 Stil, Komfort und Sicherheit. Die dreiseitige Feuerstelle mit Keramikscheiten schafft eine warme, elegante Atmosph\u00e4re in Ihrem Zuhause.","breadcrumb":{"@id":"https:\/\/aflamo.shop\/de\/p\/aflamo-dame-weis-wand-einbau-led-elektrokamin-mit-heizfunktion\/#breadcrumb"},"inLanguage":"de","potentialAction":[{"@type":"ReadAction","target":["https:\/\/aflamo.shop\/de\/p\/aflamo-dame-weis-wand-einbau-led-elektrokamin-mit-heizfunktion\/"]}]},{"@type":"ImageObject","inLanguage":"de","@id":"https:\/\/aflamo.shop\/de\/p\/aflamo-dame-weis-wand-einbau-led-elektrokamin-mit-heizfunktion\/#primaryimage","url":"https:\/\/aflamo.shop\/wp-content\/uploads\/2023\/09\/Projekt-bez-nazwy64.png","contentUrl":"https:\/\/aflamo.shop\/wp-content\/uploads\/2023\/09\/Projekt-bez-nazwy64.png","width":2048,"height":2048},{"@type":"BreadcrumbList","@id":"https:\/\/aflamo.shop\/de\/p\/aflamo-dame-weis-wand-einbau-led-elektrokamin-mit-heizfunktion\/#breadcrumb","itemListElement":[{"@type":"ListItem","position":1,"name":"Strona g\u0142\u00f3wna","item":"https:\/\/aflamo.shop\/de\/startseite\/"},{"@type":"ListItem","position":2,"name":"Shop","item":"https:\/\/aflamo.shop\/shop\/"},{"@type":"ListItem","position":3,"name":"Elektrische Kamine","item":"https:\/\/aflamo.shop\/de\/s\/elektrische-kamine\/"},{"@type":"ListItem","position":4,"name":"Dreiseitige LED-Elektrokamine","item":"https:\/\/aflamo.shop\/de\/s\/elektrische-kamine\/dreiseitige-led-elektrokamine\/"},{"@type":"ListItem","position":5,"name":"Aflamo Dame wei\u00df &#8211; Wand-\/Einbau-LED-Elektrokamin mit Heizfunktion"}]},{"@type":"WebSite","@id":"https:\/\/aflamo.shop\/de\/#website","url":"https:\/\/aflamo.shop\/de\/","name":"aflamo.shop-zertifizierter aflamo-H\u00e4ndler","description":"Kominki elektryczne Aflamo i Emotion Flame z funkcj\u0105 grzania","potentialAction":[{"@type":"SearchAction","target":{"@type":"EntryPoint","urlTemplate":"https:\/\/aflamo.shop\/de\/?s={search_term_string}"},"query-input":{"@type":"PropertyValueSpecification","valueRequired":true,"valueName":"search_term_string"}}],"inLanguage":"de"}]}},"_links":{"self":[{"href":"https:\/\/aflamo.shop\/de\/wp-json\/wp\/v2\/product\/16368","targetHints":{"allow":["GET"]}}],"collection":[{"href":"https:\/\/aflamo.shop\/de\/wp-json\/wp\/v2\/product"}],"about":[{"href":"https:\/\/aflamo.shop\/de\/wp-json\/wp\/v2\/types\/product"}],"replies":[{"embeddable":true,"href":"https:\/\/aflamo.shop\/de\/wp-json\/wp\/v2\/comments?post=16368"}],"wp:featuredmedia":[{"embeddable":true,"href":"https:\/\/aflamo.shop\/de\/wp-json\/wp\/v2\/media\/22362"}],"wp:attachment":[{"href":"https:\/\/aflamo.shop\/de\/wp-json\/wp\/v2\/media?parent=16368"}],"wp:term":[{"taxonomy":"product_brand","embeddable":true,"href":"https:\/\/aflamo.shop\/de\/wp-json\/wp\/v2\/product_brand?post=16368"},{"taxonomy":"product_cat","embeddable":true,"href":"https:\/\/aflamo.shop\/de\/wp-json\/wp\/v2\/product_cat?post=16368"},{"taxonomy":"product_tag","embeddable":true,"href":"https:\/\/aflamo.shop\/de\/wp-json\/wp\/v2\/product_tag?post=16368"}],"curies":[{"name":"wp","href":"https:\/\/api.w.org\/{rel}","templated":true}]}}