{"id":16347,"date":"2024-01-29T14:28:39","date_gmt":"2024-01-29T14:28:39","guid":{"rendered":"https:\/\/aflamo.shop\/p\/aflamo-bio-nachfullpackung-60\/"},"modified":"2025-05-15T11:55:40","modified_gmt":"2025-05-15T11:55:40","slug":"aflamo-bio-nachfullpackung-60","status":"publish","type":"product","link":"https:\/\/aflamo.shop\/de\/p\/aflamo-bio-nachfullpackung-60\/","title":{"rendered":"Aflamo Bio-Nachf\u00fcllpackung 60"},"content":{"rendered":"<h3><strong>Eigenschaften des Kamins<\/strong><\/h3>\n<div class=\"more-info\">\n<div class=\"tab-content\">\n<section id=\"idTab1\" class=\"page-product-box\">\n<div class=\"rte\">\n<div class=\"row\">\n<div id=\"\" class=\"col-xs-12 col-sm-6 \">\n<div id=\"\" class=\"eds-on-scroll eds-scroll-visible animated fadeInUp duration2\">\n<div id=\"\" class=\"eds-on-scroll eds-scroll-visible animated fadeInUp duration2\"><\/div>\n<p>Biokamineinsatz in Mattschwarz.<\/p>\n<\/div>\n<p>Der Biokaminbrenner ist T\u00dcV-zertifiziert, was Ihnen jeden Tag Vertrauen und Sicherheit gibt.<\/p>\n<\/div>\n<div class=\"row\">\n<div id=\"\" class=\"col-xs-12 col-sm-6 \">\n<div id=\"\" class=\"eds-on-scroll eds-scroll-visible animated fadeInUp duration2\">\n<ul>\n<li>Eingebauter Biokamin \/ Kamineinsatz<\/li>\n<li>Hochwertige Verarbeitung<\/li>\n<li>TUV-zertifizierter Sicherheitsbrenner<\/li>\n<\/ul>\n<\/div>\n<h3><strong>Geh\u00e4use<\/strong><\/h3>\n<ul>\n<li>Farbe: Mattschwarz<\/li>\n<li>vollst\u00e4ndig aus Stahl gefertigt<\/li>\n<li>mit hitzebest\u00e4ndiger und besch\u00e4digungsbest\u00e4ndiger Farbe lackiert<\/li>\n<\/ul>\n<\/div>\n<h6><\/h6>\n<h3><strong>Brenner<\/strong><\/h3>\n<ul>\n<li>Tresor mit T\u00dcV-Zertifikat<\/li>\n<li>Das ausgekl\u00fcgelte Design gew\u00e4hrleistet eine gleichm\u00e4\u00dfige Verbrennung \u00fcber die gesamte Breite<\/li>\n<li>Keramikeinsatz reduziert das Risiko des Versch\u00fcttens von Biokraftstoff<\/li>\n<li>aus rostfreiem Stahl<\/li>\n<\/ul>\n<\/div>\n<h3><strong>Brenner 50\/60<\/strong><\/h3>\n<ul>\n<li>Brennerbreite 30,5 cm<\/li>\n<li>Breite der Schusslinie 22 cm<\/li>\n<li>Fassungsverm\u00f6gen 0,9 Liter<\/li>\n<li>Brenndauer 1,5h<\/li>\n<\/ul>\n<\/div>\n<h3><strong>Ausr\u00fcstung<\/strong><\/h3>\n<ul>\n<li style=\"list-style-type: none;\">\n<ul>\n<li>eingebauter Einsatz<\/li>\n<li>T\u00dcV-zertifizierter Brenner<\/li>\n<li>Biokraftstofftrichter<\/li>\n<li>Montagezubeh\u00f6r<\/li>\n<\/ul>\n<\/li>\n<\/ul>\n<\/div>\n<p>Der mattschwarze Biokamin-Einsatz ist ein elegantes und modernes Element, das sich perfekt in verschiedene Innenr\u00e4ume einf\u00fcgt und ihnen einen einzigartigen Charakter verleiht. Seine Optik f\u00fcgt sich harmonisch in moderne Designtrends ein und setzt nicht nur als W\u00e4rmequelle, sondern auch \u00e4sthetische Akzente im Raum. <\/p>\n<p>Das Einsatzgeh\u00e4use besteht vollst\u00e4ndig aus Stahl und seine Oberfl\u00e4che ist mit einer temperatur- und besch\u00e4digungsbest\u00e4ndigen Farbe \u00fcberzogen. Dies bedeutet, dass der Kamin nicht nur attraktiv und modern aussieht, sondern auch selbst unter Bedingungen, die f\u00fcr herk\u00f6mmliche Materialien eine Herausforderung darstellen k\u00f6nnen, sein makelloses Erscheinungsbild beh\u00e4lt. <\/p>\n<p>Die mattschwarze Farbe des Einsatzes verleiht ihm Eleganz und Noblesse und schafft einen kontrastierenden optischen Punkt, der die Aufmerksamkeit auf sich zieht. Diese Farbe spiegelt den minimalistischen Charakter modernen Designs perfekt wider und ist eine hervorragende Basis f\u00fcr eine Vielzahl von Inneneinrichtungen. Der mattschwarze Einsatz wirkt neutral, ist aber gleichzeitig \u00e4u\u00dferst effektvoll und somit ein ideales Dekorationselement.  <\/p>\n<p>Ein Einsatz f\u00fcr einen Biokamin bietet nicht nur einen \u00e4sthetischen Anblick eines brennenden Feuers, sondern sorgt auch f\u00fcr W\u00e4rme und Behaglichkeit und schafft eine einzigartige Atmosph\u00e4re im Raum. Dank der Verwendung von Stahl und hitzebest\u00e4ndiger und besch\u00e4digungsbest\u00e4ndiger Farbe ist dieser Einsatz eine einzigartige Kombination aus Funktionalit\u00e4t und Design, die sowohl das Auge als auch das Wohlbefinden erfreut. <\/p>\n<div id=\"\" class=\"eds-on-scroll eds-scroll-visible animated fadeInUp duration2\">\n<h3><\/h3>\n<h3><strong>Technische Zeichnungen<\/strong><\/h3>\n<\/div>\n<\/section>\n<\/div>\n<p><strong>Bio 50 Einlage<\/strong><\/p>\n<p><img fetchpriority=\"high\" decoding=\"async\" class=\"alignnone wp-image-7127 size-full\" src=\"https:\/\/aflamo.shop\/wp-content\/uploads\/2023\/05\/BIO_50.jpg\" alt=\"\" width=\"664\" height=\"688\" srcset=\"https:\/\/aflamo.shop\/wp-content\/uploads\/2023\/05\/BIO_50.jpg 664w, https:\/\/aflamo.shop\/wp-content\/uploads\/2023\/05\/BIO_50-600x622.jpg 600w, https:\/\/aflamo.shop\/wp-content\/uploads\/2023\/05\/BIO_50-290x300.jpg 290w\" sizes=\"(max-width: 664px) 100vw, 664px\" \/><\/p>\n<\/div>\n<p><strong>Bio 60 Einlage<\/strong><\/p>\n<p><img decoding=\"async\" class=\"alignnone wp-image-7133 size-full\" src=\"https:\/\/aflamo.shop\/wp-content\/uploads\/2023\/05\/BIO_60-900x583-1.jpg\" alt=\"\" width=\"900\" height=\"583\" srcset=\"https:\/\/aflamo.shop\/wp-content\/uploads\/2023\/05\/BIO_60-900x583-1.jpg 900w, https:\/\/aflamo.shop\/wp-content\/uploads\/2023\/05\/BIO_60-900x583-1-600x389.jpg 600w, https:\/\/aflamo.shop\/wp-content\/uploads\/2023\/05\/BIO_60-900x583-1-300x194.jpg 300w, https:\/\/aflamo.shop\/wp-content\/uploads\/2023\/05\/BIO_60-900x583-1-768x497.jpg 768w\" sizes=\"(max-width: 900px) 100vw, 900px\" \/><\/p>\n","protected":false},"excerpt":{"rendered":"<p>Hersteller: Aflamo<\/p>\n<p>GETIN: 5908283561612<\/p>\n<p><b>Modell:<\/b><\/p>\n<ul>\n<li style=\"list-style-type: none;\">\n<ul>\n<li style=\"list-style-type: none;\">\n<ul>\n<li style=\"list-style-type: none;\">\n<ul>\n<li><a href=\"https:\/\/aflamo.shop\/de\/p\/aflamo-bio-nachfullpackung-50\/\">50<\/a><\/li>\n<li><a href=\"https:\/\/aflamo.shop\/de\/p\/aflamo-bio-nachfullpackung-60\/\">60<\/a><\/li>\n<\/ul>\n<\/li>\n<\/ul>\n<\/li>\n<\/ul>\n<\/li>\n<\/ul>\n<p><b>Abmessungen<\/b>: 61 x 52 x 19 cm<\/p>\n","protected":false},"featured_media":16348,"comment_status":"open","ping_status":"closed","template":"","meta":[],"product_brand":[],"product_cat":[799,991],"product_tag":[],"class_list":{"0":"post-16347","1":"product","2":"type-product","3":"status-publish","4":"has-post-thumbnail","6":"product_cat-aflamo-de","7":"product_cat-ethanol-kamin","9":"first","10":"outofstock","11":"shipping-taxable","12":"purchasable","13":"product-type-simple"},"yoast_head":"<!-- This site is optimized with the Yoast SEO plugin v27.1.1 - https:\/\/yoast.com\/product\/yoast-seo-wordpress\/ -->\n<title>Aflamo Bio-Nachf\u00fcllpackung 60 - aflamo.shop-zertifizierter aflamo-H\u00e4ndler<\/title>\n<meta name=\"robots\" content=\"index, follow, max-snippet:-1, max-image-preview:large, max-video-preview:-1\" \/>\n<link rel=\"canonical\" href=\"https:\/\/aflamo.shop\/de\/p\/aflamo-bio-nachfullpackung-60\/\" \/>\n<meta property=\"og:locale\" content=\"de_DE\" \/>\n<meta property=\"og:type\" content=\"article\" \/>\n<meta property=\"og:title\" content=\"Aflamo Bio-Nachf\u00fcllpackung 60 - aflamo.shop-zertifizierter aflamo-H\u00e4ndler\" \/>\n<meta property=\"og:description\" content=\"Hersteller: Aflamo  GETIN: 5908283561612  Modell:            50  60        Abmessungen: 61 x 52 x 19 cm\" \/>\n<meta property=\"og:url\" content=\"https:\/\/aflamo.shop\/de\/p\/aflamo-bio-nachfullpackung-60\/\" \/>\n<meta property=\"og:site_name\" content=\"aflamo.shop-zertifizierter aflamo-H\u00e4ndler\" \/>\n<meta property=\"article:modified_time\" content=\"2025-05-15T11:55:40+00:00\" \/>\n<meta property=\"og:image\" content=\"https:\/\/aflamo.shop\/wp-content\/uploads\/2023\/05\/aflamo-bio-60-2_sq.jpg\" \/>\n\t<meta property=\"og:image:width\" content=\"1388\" \/>\n\t<meta property=\"og:image:height\" content=\"1388\" \/>\n\t<meta property=\"og:image:type\" content=\"image\/jpeg\" \/>\n<meta name=\"twitter:card\" content=\"summary_large_image\" \/>\n<meta name=\"twitter:label1\" content=\"Gesch\u00e4tzte Lesezeit\" \/>\n\t<meta name=\"twitter:data1\" content=\"3\u00a0Minuten\" \/>\n<script type=\"application\/ld+json\" class=\"yoast-schema-graph\">{\"@context\":\"https:\/\/schema.org\",\"@graph\":[{\"@type\":\"WebPage\",\"@id\":\"https:\/\/aflamo.shop\/de\/p\/aflamo-bio-nachfullpackung-60\/\",\"url\":\"https:\/\/aflamo.shop\/de\/p\/aflamo-bio-nachfullpackung-60\/\",\"name\":\"Aflamo Bio-Nachf\u00fcllpackung 60 - aflamo.shop-zertifizierter aflamo-H\u00e4ndler\",\"isPartOf\":{\"@id\":\"https:\/\/aflamo.shop\/de\/#website\"},\"primaryImageOfPage\":{\"@id\":\"https:\/\/aflamo.shop\/de\/p\/aflamo-bio-nachfullpackung-60\/#primaryimage\"},\"image\":{\"@id\":\"https:\/\/aflamo.shop\/de\/p\/aflamo-bio-nachfullpackung-60\/#primaryimage\"},\"thumbnailUrl\":\"https:\/\/aflamo.shop\/wp-content\/uploads\/2023\/05\/aflamo-bio-60-2_sq.jpg\",\"datePublished\":\"2024-01-29T14:28:39+00:00\",\"dateModified\":\"2025-05-15T11:55:40+00:00\",\"breadcrumb\":{\"@id\":\"https:\/\/aflamo.shop\/de\/p\/aflamo-bio-nachfullpackung-60\/#breadcrumb\"},\"inLanguage\":\"de\",\"potentialAction\":[{\"@type\":\"ReadAction\",\"target\":[\"https:\/\/aflamo.shop\/de\/p\/aflamo-bio-nachfullpackung-60\/\"]}]},{\"@type\":\"ImageObject\",\"inLanguage\":\"de\",\"@id\":\"https:\/\/aflamo.shop\/de\/p\/aflamo-bio-nachfullpackung-60\/#primaryimage\",\"url\":\"https:\/\/aflamo.shop\/wp-content\/uploads\/2023\/05\/aflamo-bio-60-2_sq.jpg\",\"contentUrl\":\"https:\/\/aflamo.shop\/wp-content\/uploads\/2023\/05\/aflamo-bio-60-2_sq.jpg\",\"width\":1388,\"height\":1388},{\"@type\":\"BreadcrumbList\",\"@id\":\"https:\/\/aflamo.shop\/de\/p\/aflamo-bio-nachfullpackung-60\/#breadcrumb\",\"itemListElement\":[{\"@type\":\"ListItem\",\"position\":1,\"name\":\"Strona g\u0142\u00f3wna\",\"item\":\"https:\/\/aflamo.shop\/de\/startseite\/\"},{\"@type\":\"ListItem\",\"position\":2,\"name\":\"Shop\",\"item\":\"https:\/\/aflamo.shop\/shop\/\"},{\"@type\":\"ListItem\",\"position\":3,\"name\":\"Aflamo\",\"item\":\"https:\/\/aflamo.shop\/de\/s\/aflamo-de\/\"},{\"@type\":\"ListItem\",\"position\":4,\"name\":\"Aflamo Bio-Nachf\u00fcllpackung 60\"}]},{\"@type\":\"WebSite\",\"@id\":\"https:\/\/aflamo.shop\/de\/#website\",\"url\":\"https:\/\/aflamo.shop\/de\/\",\"name\":\"aflamo.shop-zertifizierter aflamo-H\u00e4ndler\",\"description\":\"Kominki elektryczne Aflamo i Emotion Flame z funkcj\u0105 grzania\",\"potentialAction\":[{\"@type\":\"SearchAction\",\"target\":{\"@type\":\"EntryPoint\",\"urlTemplate\":\"https:\/\/aflamo.shop\/de\/?s={search_term_string}\"},\"query-input\":{\"@type\":\"PropertyValueSpecification\",\"valueRequired\":true,\"valueName\":\"search_term_string\"}}],\"inLanguage\":\"de\"}]}<\/script>\n<!-- \/ Yoast SEO plugin. -->","yoast_head_json":{"title":"Aflamo Bio-Nachf\u00fcllpackung 60 - aflamo.shop-zertifizierter aflamo-H\u00e4ndler","robots":{"index":"index","follow":"follow","max-snippet":"max-snippet:-1","max-image-preview":"max-image-preview:large","max-video-preview":"max-video-preview:-1"},"canonical":"https:\/\/aflamo.shop\/de\/p\/aflamo-bio-nachfullpackung-60\/","og_locale":"de_DE","og_type":"article","og_title":"Aflamo Bio-Nachf\u00fcllpackung 60 - aflamo.shop-zertifizierter aflamo-H\u00e4ndler","og_description":"Hersteller: Aflamo  GETIN: 5908283561612  Modell:            50  60        Abmessungen: 61 x 52 x 19 cm","og_url":"https:\/\/aflamo.shop\/de\/p\/aflamo-bio-nachfullpackung-60\/","og_site_name":"aflamo.shop-zertifizierter aflamo-H\u00e4ndler","article_modified_time":"2025-05-15T11:55:40+00:00","og_image":[{"width":1388,"height":1388,"url":"https:\/\/aflamo.shop\/wp-content\/uploads\/2023\/05\/aflamo-bio-60-2_sq.jpg","type":"image\/jpeg"}],"twitter_card":"summary_large_image","twitter_misc":{"Gesch\u00e4tzte Lesezeit":"3\u00a0Minuten"},"schema":{"@context":"https:\/\/schema.org","@graph":[{"@type":"WebPage","@id":"https:\/\/aflamo.shop\/de\/p\/aflamo-bio-nachfullpackung-60\/","url":"https:\/\/aflamo.shop\/de\/p\/aflamo-bio-nachfullpackung-60\/","name":"Aflamo Bio-Nachf\u00fcllpackung 60 - aflamo.shop-zertifizierter aflamo-H\u00e4ndler","isPartOf":{"@id":"https:\/\/aflamo.shop\/de\/#website"},"primaryImageOfPage":{"@id":"https:\/\/aflamo.shop\/de\/p\/aflamo-bio-nachfullpackung-60\/#primaryimage"},"image":{"@id":"https:\/\/aflamo.shop\/de\/p\/aflamo-bio-nachfullpackung-60\/#primaryimage"},"thumbnailUrl":"https:\/\/aflamo.shop\/wp-content\/uploads\/2023\/05\/aflamo-bio-60-2_sq.jpg","datePublished":"2024-01-29T14:28:39+00:00","dateModified":"2025-05-15T11:55:40+00:00","breadcrumb":{"@id":"https:\/\/aflamo.shop\/de\/p\/aflamo-bio-nachfullpackung-60\/#breadcrumb"},"inLanguage":"de","potentialAction":[{"@type":"ReadAction","target":["https:\/\/aflamo.shop\/de\/p\/aflamo-bio-nachfullpackung-60\/"]}]},{"@type":"ImageObject","inLanguage":"de","@id":"https:\/\/aflamo.shop\/de\/p\/aflamo-bio-nachfullpackung-60\/#primaryimage","url":"https:\/\/aflamo.shop\/wp-content\/uploads\/2023\/05\/aflamo-bio-60-2_sq.jpg","contentUrl":"https:\/\/aflamo.shop\/wp-content\/uploads\/2023\/05\/aflamo-bio-60-2_sq.jpg","width":1388,"height":1388},{"@type":"BreadcrumbList","@id":"https:\/\/aflamo.shop\/de\/p\/aflamo-bio-nachfullpackung-60\/#breadcrumb","itemListElement":[{"@type":"ListItem","position":1,"name":"Strona g\u0142\u00f3wna","item":"https:\/\/aflamo.shop\/de\/startseite\/"},{"@type":"ListItem","position":2,"name":"Shop","item":"https:\/\/aflamo.shop\/shop\/"},{"@type":"ListItem","position":3,"name":"Aflamo","item":"https:\/\/aflamo.shop\/de\/s\/aflamo-de\/"},{"@type":"ListItem","position":4,"name":"Aflamo Bio-Nachf\u00fcllpackung 60"}]},{"@type":"WebSite","@id":"https:\/\/aflamo.shop\/de\/#website","url":"https:\/\/aflamo.shop\/de\/","name":"aflamo.shop-zertifizierter aflamo-H\u00e4ndler","description":"Kominki elektryczne Aflamo i Emotion Flame z funkcj\u0105 grzania","potentialAction":[{"@type":"SearchAction","target":{"@type":"EntryPoint","urlTemplate":"https:\/\/aflamo.shop\/de\/?s={search_term_string}"},"query-input":{"@type":"PropertyValueSpecification","valueRequired":true,"valueName":"search_term_string"}}],"inLanguage":"de"}]}},"_links":{"self":[{"href":"https:\/\/aflamo.shop\/de\/wp-json\/wp\/v2\/product\/16347","targetHints":{"allow":["GET"]}}],"collection":[{"href":"https:\/\/aflamo.shop\/de\/wp-json\/wp\/v2\/product"}],"about":[{"href":"https:\/\/aflamo.shop\/de\/wp-json\/wp\/v2\/types\/product"}],"replies":[{"embeddable":true,"href":"https:\/\/aflamo.shop\/de\/wp-json\/wp\/v2\/comments?post=16347"}],"wp:featuredmedia":[{"embeddable":true,"href":"https:\/\/aflamo.shop\/de\/wp-json\/wp\/v2\/media\/16348"}],"wp:attachment":[{"href":"https:\/\/aflamo.shop\/de\/wp-json\/wp\/v2\/media?parent=16347"}],"wp:term":[{"taxonomy":"product_brand","embeddable":true,"href":"https:\/\/aflamo.shop\/de\/wp-json\/wp\/v2\/product_brand?post=16347"},{"taxonomy":"product_cat","embeddable":true,"href":"https:\/\/aflamo.shop\/de\/wp-json\/wp\/v2\/product_cat?post=16347"},{"taxonomy":"product_tag","embeddable":true,"href":"https:\/\/aflamo.shop\/de\/wp-json\/wp\/v2\/product_tag?post=16347"}],"curies":[{"name":"wp","href":"https:\/\/api.w.org\/{rel}","templated":true}]}}