{"id":16319,"date":"2024-06-12T13:45:08","date_gmt":"2024-06-12T13:45:08","guid":{"rendered":"https:\/\/aflamo.shop\/p\/aflamo-majestic-pro-128-wand-einbau-led-elektrokamin\/"},"modified":"2025-05-15T11:50:29","modified_gmt":"2025-05-15T11:50:29","slug":"aflamo-majestic-pro-128-wand-einbau-led-elektrokamin","status":"publish","type":"product","link":"https:\/\/aflamo.shop\/de\/p\/aflamo-majestic-pro-128-wand-einbau-led-elektrokamin\/","title":{"rendered":"Aflamo Majestic PRO 128 &#8211; Wand-\/Einbau-LED-Elektrokamin"},"content":{"rendered":"<p><iframe title=\"YouTube-Video-Player\" src=\"https:\/\/www.youtube.com\/embed\/6EtM1fpCRZw?si=V4IYIhivLhNxDAMW\" width=\"560\" height=\"315\" frameborder=\"0\" allowfullscreen=\"allowfullscreen\"><span data-mce-type=\"bookmark\" style=\"display: inline-block; width: 0px; overflow: hidden; line-height: 0;\" class=\"mce_SELRES_start\"><\/span><\/iframe><\/p>\n<h2><strong>Majestic PRO LED-Elektrokamin f\u00fcr die Wand \u2013 Luxus und Technologie in Ihrem Zuhause<\/strong><\/h2>\n<p><strong>Majestic PRO<\/strong> ist ein Kamin, der einen v\u00f6llig neuen Standard in die Welt der elektrischen Kamine bringt. Seine fortschrittlichen Funktionen und der unglaublich realistische Flammeneffekt machen jeden Abend, den Sie in seinem Schein verbringen, zu etwas Besonderem. Es ist eine perfekte Kombination aus moderner Technologie, Bedienkomfort und elegantem Design, die dem Innenraum eine einzigartige Atmosph\u00e4re verleiht.  <\/p>\n<h3><strong>Merkmale:<\/strong><\/h3>\n<ul>\n<li><strong>Majestic PRO Technologie<\/strong> \u2013 die moderne Technik dieses Kamins hebt das optische und funktionale Erlebnis auf ein v\u00f6llig neues Niveau. <strong>Die AFLAMO PLUS-Flamme<\/strong> bietet den realistischsten Flammeneffekt auf dem Markt. Sie sieht fast wie echtes Feuer aus und verbreitet warmes Licht im ganzen Raum.<\/li>\n<\/ul>\n<p><img fetchpriority=\"high\" decoding=\"async\" class=\"aligncenter wp-image-10582 size-full\" src=\"https:\/\/aflamo.shop\/wp-content\/uploads\/2024\/06\/unique_flame_majestic-pro.jpg\" alt=\"\" width=\"492\" height=\"300\" srcset=\"https:\/\/aflamo.shop\/wp-content\/uploads\/2024\/06\/unique_flame_majestic-pro.jpg 492w, https:\/\/aflamo.shop\/wp-content\/uploads\/2024\/06\/unique_flame_majestic-pro-300x183.jpg 300w\" sizes=\"(max-width: 492px) 100vw, 492px\" \/><\/p>\n<ul>\n<li><strong>Realistischer Klang von brennendem Holz<\/strong> \u2013 der Kamin ist mit einem eingebauten Lautsprecher ausgestattet, der den authentischen Klang von knisterndem Holz wiedergibt. Dadurch k\u00f6nnen Sie nicht nur das Feuer bewundern, sondern haben auch das Gef\u00fchl, als w\u00fcrden Sie tats\u00e4chlich an einem traditionellen Kamin sitzen. <\/li>\n<\/ul>\n<p><img decoding=\"async\" class=\"aligncenter wp-image-10585 size-full\" src=\"https:\/\/aflamo.shop\/wp-content\/uploads\/2024\/06\/unique_sound_majestic-pro.jpg\" alt=\"\" width=\"492\" height=\"300\" srcset=\"https:\/\/aflamo.shop\/wp-content\/uploads\/2024\/06\/unique_sound_majestic-pro.jpg 492w, https:\/\/aflamo.shop\/wp-content\/uploads\/2024\/06\/unique_sound_majestic-pro-300x183.jpg 300w\" sizes=\"(max-width: 492px) 100vw, 492px\" \/><\/p>\n<p>&nbsp;<\/p>\n<ul>\n<li><strong>10 Flammen- und Feuerraumbeleuchtungsfarben<\/strong> \u2013 der Kamin bietet eine Auswahl von bis zu zehn verschiedenen Flammen- und Feuerraumbeleuchtungsfarben, sodass Sie das Erscheinungsbild des Feuers an Ihre Stimmung oder Inneneinrichtung anpassen k\u00f6nnen.<\/li>\n<\/ul>\n<p><img decoding=\"async\" class=\"aligncenter wp-image-11011 \" src=\"https:\/\/aflamo.shop\/wp-content\/uploads\/2024\/06\/Royal_PRO_flame_colors-2.jpg\" alt=\"\" width=\"504\" height=\"331\" srcset=\"https:\/\/aflamo.shop\/wp-content\/uploads\/2024\/06\/Royal_PRO_flame_colors-2.jpg 637w, https:\/\/aflamo.shop\/wp-content\/uploads\/2024\/06\/Royal_PRO_flame_colors-2-600x394.jpg 600w, https:\/\/aflamo.shop\/wp-content\/uploads\/2024\/06\/Royal_PRO_flame_colors-2-300x197.jpg 300w\" sizes=\"(max-width: 504px) 100vw, 504px\" \/><\/p>\n<ul>\n<li><strong>2 Kaminoptionen: Holzscheite und Kristalle<\/strong><\/li>\n<\/ul>\n<p><img loading=\"lazy\" decoding=\"async\" class=\"aligncenter wp-image-9924 size-full\" src=\"https:\/\/aflamo.shop\/wp-content\/uploads\/2023\/09\/polana_krysztaly-e1603875138523.png\" alt=\"\" width=\"413\" height=\"297\" srcset=\"https:\/\/aflamo.shop\/wp-content\/uploads\/2023\/09\/polana_krysztaly-e1603875138523.png 413w, https:\/\/aflamo.shop\/wp-content\/uploads\/2023\/09\/polana_krysztaly-e1603875138523-300x216.png 300w\" sizes=\"(max-width: 413px) 100vw, 413px\" \/><\/p>\n<ul>\n<li style=\"list-style-type: none;\">\n<ul>\n<li><strong>Mobile Anwendung<\/strong><\/li>\n<\/ul>\n<\/li>\n<\/ul>\n<p><iframe title=\"YouTube-Video-Player\" src=\"https:\/\/www.youtube.com\/embed\/H9frj9fGZnY?si=YHNoy3_uQ_P_q10N\" width=\"560\" height=\"315\" frameborder=\"0\" allowfullscreen=\"allowfullscreen\"><\/iframe><\/p>\n<p>Volle Kontrolle \u00fcber Ihren Kamin, egal wo Sie sind! Dank der speziellen Anwendung f\u00fcr Android- und iOS-Ger\u00e4te k\u00f6nnen Sie alle Funktionen des Kamins von Ihrem Telefon aus steuern. Der Kamin unterst\u00fctzt auch Sprachbefehle \u00fcber Amazon Alexa.  <\/p>\n<p><img loading=\"lazy\" decoding=\"async\" class=\"aligncenter wp-image-10591 size-full\" src=\"https:\/\/aflamo.shop\/wp-content\/uploads\/2024\/06\/unique_app_majestic-pro.jpg\" alt=\"\" width=\"492\" height=\"300\" srcset=\"https:\/\/aflamo.shop\/wp-content\/uploads\/2024\/06\/unique_app_majestic-pro.jpg 492w, https:\/\/aflamo.shop\/wp-content\/uploads\/2024\/06\/unique_app_majestic-pro-300x183.jpg 300w\" sizes=\"(max-width: 492px) 100vw, 492px\" \/><\/p>\n<p>&nbsp;<\/p>\n<div class=\"montaz-opis\">\n<h3><strong>Installationsmethoden<\/strong><\/h3>\n<ol>\n<li><strong>#1 Komplett in der Wand<\/strong> \u2013 ideal f\u00fcr den Einbau in eine Wand, Gipskartonplatte oder M\u00f6belplatte. M\u00f6glichkeit der Veredelung mit Fliesen, Paneelen, Putz \u2013 Ihrer Fantasie sind keine Grenzen gesetzt! <\/li>\n<li><strong>#2 Teilweise in der Wand<\/strong><\/li>\n<li><strong>#3 An der Wand<\/strong> \u2013 Installation direkt an der Wand, keine Installation erforderlich. Schnell, einfach, effektiv. <\/li>\n<\/ol>\n<p>Der Kamin ben\u00f6tigt keine zus\u00e4tzliche Bel\u00fcftung.<\/p>\n<p><img loading=\"lazy\" decoding=\"async\" class=\"aligncenter wp-image-10612 size-full\" src=\"https:\/\/aflamo.shop\/wp-content\/uploads\/2024\/06\/MAJESTIC_PRO_aranzacja_1.jpg\" alt=\"\" width=\"2058\" height=\"1185\" srcset=\"https:\/\/aflamo.shop\/wp-content\/uploads\/2024\/06\/MAJESTIC_PRO_aranzacja_1.jpg 2058w, https:\/\/aflamo.shop\/wp-content\/uploads\/2024\/06\/MAJESTIC_PRO_aranzacja_1-600x345.jpg 600w, https:\/\/aflamo.shop\/wp-content\/uploads\/2024\/06\/MAJESTIC_PRO_aranzacja_1-300x173.jpg 300w, https:\/\/aflamo.shop\/wp-content\/uploads\/2024\/06\/MAJESTIC_PRO_aranzacja_1-1024x590.jpg 1024w, https:\/\/aflamo.shop\/wp-content\/uploads\/2024\/06\/MAJESTIC_PRO_aranzacja_1-768x442.jpg 768w, https:\/\/aflamo.shop\/wp-content\/uploads\/2024\/06\/MAJESTIC_PRO_aranzacja_1-1536x884.jpg 1536w, https:\/\/aflamo.shop\/wp-content\/uploads\/2024\/06\/MAJESTIC_PRO_aranzacja_1-2048x1179.jpg 2048w\" sizes=\"(max-width: 2058px) 100vw, 2058px\" \/><\/p>\n<\/div>\n<h3><stro original=\"PGgzPg==\"><\/stro><strong>Heizung und Nutzungskomfort:<\/strong><\/h3>\n<ul>\n<li><strong>Heizfunktion <\/strong>\u2013 Majestic PRO ist eine effiziente W\u00e4rmequelle. Ausgestattet mit zwei Heizleistungsstufen (750 W und 1500 W) erm\u00f6glicht der Kamin ein schnelles Aufheizen des Raumes und die automatische Temperaturregelungsfunktion (von 18 bis 30 \u00b0C) sorgt f\u00fcr thermischen Komfort. <\/li>\n<li><strong>Heizen unabh\u00e4ngig vom Flammeneffekt<\/strong> \u2013 Der Kamin erm\u00f6glicht Ihnen die Nutzung der Flamme unabh\u00e4ngig von der Heizfunktion. Sie k\u00f6nnen das ganze Jahr \u00fcber, auch im Sommer, den wundersch\u00f6nen Feuereffekt genie\u00dfen. <\/li>\n<li><strong>Sicherheit <\/strong>\u2013 der Kamin ist mit einem \u00dcberhitzungsschutz und einem Fenster-Offen-Sensor ausgestattet. Diese Funktionen sch\u00fctzen vor einer gef\u00e4hrlichen Erw\u00e4rmung des Ger\u00e4ts und erkennen einen pl\u00f6tzlichen Abfall der Raumtemperatur. <\/li>\n<li><strong>FERNBEDIENUNG UND TIMER <\/strong>&#8211; Der Kamin wird mit einer Fernbedienung geliefert, mit der Sie alle Funktionen des Ger\u00e4tes bequem steuern k\u00f6nnen. Dar\u00fcber hinaus k\u00f6nnen Sie mit der Timerfunktion einstellen, dass sich der Kamin nach einer bestimmten Zeit automatisch ausschaltet. <\/li>\n<\/ul>\n<h3><strong>Zusammenfassung:<\/strong><\/h3>\n<p><strong>Majestic PRO<\/strong> ist eine perfekte Kombination aus Eleganz, moderner Technologie und Komfort. Der realistische Flammeneffekt, die M\u00f6glichkeit zum Farbwechsel und das Knistern des Holzes sorgen f\u00fcr eine einzigartige Atmosph\u00e4re, die jedem Abend eine warme, heimelige Atmosph\u00e4re verleiht. Dank fortschrittlicher Heizfunktionen und Fernbedienungsm\u00f6glichkeiten ist dieser Kamin nicht nur eine Dekoration, sondern auch ein praktisches Ger\u00e4t, das Ihren Komfort im Alltag steigert. Es ist die perfekte Wahl f\u00fcr alle, die Stil und Komfort mit innovativer Technologie kombinieren m\u00f6chten.   <\/p>\n<p>&nbsp;<\/p>\n<h3><strong>Technische Zeichnungen<\/strong><\/h3>\n<p><strong>Majestic PRO 107<\/strong><\/p>\n<p><img loading=\"lazy\" decoding=\"async\" class=\"aligncenter wp-image-10597 size-full\" src=\"https:\/\/aflamo.shop\/wp-content\/uploads\/2024\/06\/Majestic_PRO_107-900x385-1.png\" alt=\"\" width=\"900\" height=\"385\" srcset=\"https:\/\/aflamo.shop\/wp-content\/uploads\/2024\/06\/Majestic_PRO_107-900x385-1.png 900w, https:\/\/aflamo.shop\/wp-content\/uploads\/2024\/06\/Majestic_PRO_107-900x385-1-600x257.png 600w, https:\/\/aflamo.shop\/wp-content\/uploads\/2024\/06\/Majestic_PRO_107-900x385-1-300x128.png 300w, https:\/\/aflamo.shop\/wp-content\/uploads\/2024\/06\/Majestic_PRO_107-900x385-1-768x329.png 768w\" sizes=\"(max-width: 900px) 100vw, 900px\" \/><\/p>\n<p>&nbsp;<\/p>\n<p><strong>Majestic PRO 128<\/strong><\/p>\n<p><img loading=\"lazy\" decoding=\"async\" class=\"aligncenter wp-image-10600 size-full\" src=\"https:\/\/aflamo.shop\/wp-content\/uploads\/2024\/06\/Majestic_PRO_128-900x371-1.png\" alt=\"\" width=\"900\" height=\"371\" srcset=\"https:\/\/aflamo.shop\/wp-content\/uploads\/2024\/06\/Majestic_PRO_128-900x371-1.png 900w, https:\/\/aflamo.shop\/wp-content\/uploads\/2024\/06\/Majestic_PRO_128-900x371-1-600x247.png 600w, https:\/\/aflamo.shop\/wp-content\/uploads\/2024\/06\/Majestic_PRO_128-900x371-1-300x124.png 300w, https:\/\/aflamo.shop\/wp-content\/uploads\/2024\/06\/Majestic_PRO_128-900x371-1-768x317.png 768w\" sizes=\"(max-width: 900px) 100vw, 900px\" \/><\/p>\n<p><strong>Majestic PRO 153<\/strong><\/p>\n<p><img loading=\"lazy\" decoding=\"async\" class=\"aligncenter wp-image-10603 size-full\" src=\"https:\/\/aflamo.shop\/wp-content\/uploads\/2024\/06\/Majestic_PRO_153-900x338-1.png\" alt=\"\" width=\"900\" height=\"338\" srcset=\"https:\/\/aflamo.shop\/wp-content\/uploads\/2024\/06\/Majestic_PRO_153-900x338-1.png 900w, https:\/\/aflamo.shop\/wp-content\/uploads\/2024\/06\/Majestic_PRO_153-900x338-1-600x225.png 600w, https:\/\/aflamo.shop\/wp-content\/uploads\/2024\/06\/Majestic_PRO_153-900x338-1-300x113.png 300w, https:\/\/aflamo.shop\/wp-content\/uploads\/2024\/06\/Majestic_PRO_153-900x338-1-768x288.png 768w\" sizes=\"(max-width: 900px) 100vw, 900px\" \/><\/p>\n<p><strong>Majestic PRO 183<\/strong><\/p>\n<p><img loading=\"lazy\" decoding=\"async\" class=\"aligncenter wp-image-10606 size-full\" src=\"https:\/\/aflamo.shop\/wp-content\/uploads\/2024\/06\/Majestic_PRO_183-900x302-1.png\" alt=\"\" width=\"900\" height=\"302\" srcset=\"https:\/\/aflamo.shop\/wp-content\/uploads\/2024\/06\/Majestic_PRO_183-900x302-1.png 900w, https:\/\/aflamo.shop\/wp-content\/uploads\/2024\/06\/Majestic_PRO_183-900x302-1-600x201.png 600w, https:\/\/aflamo.shop\/wp-content\/uploads\/2024\/06\/Majestic_PRO_183-900x302-1-300x101.png 300w, https:\/\/aflamo.shop\/wp-content\/uploads\/2024\/06\/Majestic_PRO_183-900x302-1-768x258.png 768w\" sizes=\"(max-width: 900px) 100vw, 900px\" \/><\/p>\n","protected":false},"excerpt":{"rendered":"<p>Hersteller: Aflamo<\/p>\n<p>LED-Wandkamin\/eingebauter elektrischer Kamin<\/p>\n<p><b>Modell:<\/b><\/p>\n<ul>\n<li><a href=\"https:\/\/aflamo.shop\/de\/p\/aflamo-majestic-pro-107-wand-einbau-led-elektrokamin\/\">107<\/a><\/li>\n<li><a href=\"https:\/\/aflamo.shop\/de\/p\/aflamo-majestic-pro-128-wand-einbau-led-elektrokamin\/\">128<\/a><\/li>\n<li><a href=\"https:\/\/aflamo.shop\/de\/p\/aflamo-majestic-pro-153-wand-einbau-led-elektrokamin\/\">153<\/a><\/li>\n<li><a href=\"https:\/\/aflamo.shop\/de\/p\/aflamo-majestic-pro-183-wand-einbau-led-elektrokamin\/\">183<\/a><\/li>\n<\/ul>\n<p><a href=\"https:\/\/aflamo.shop\/wp-content\/uploads\/2024\/06\/Majestic-PRO_EN-PL-DE-IT-ES-FR-CS-SK-NL-4.pdf\">Benutzerhandbuch und Sicherheit<\/a><\/p>\n<p><b>Abmessungen<\/b>: 128 x 45 x 13 cm<\/p>\n","protected":false},"featured_media":16290,"comment_status":"open","ping_status":"closed","template":"","meta":[],"product_brand":[],"product_cat":[799,801,800,806,805,804,803,802],"product_tag":[807],"class_list":{"0":"post-16319","1":"product","2":"type-product","3":"status-publish","4":"has-post-thumbnail","6":"product_cat-aflamo-de","7":"product_cat-eingebaute-led-elektrokamine","8":"product_cat-elektrische-kamine","9":"product_cat-elektrische-kamine-mit-mobiler-app","10":"product_cat-elektrische-kamine-mit-sound","11":"product_cat-elektrische-kamine-zum-aufhangen-an-der-wand","12":"product_cat-elektrische-led-einsatze","13":"product_cat-led-elektrokamine-mit-heizfunktion","14":"product_tag-max-de","16":"first","17":"instock","18":"shipping-taxable","19":"purchasable","20":"product-type-simple"},"yoast_head":"<!-- This site is optimized with the Yoast SEO plugin v27.1.1 - https:\/\/yoast.com\/product\/yoast-seo-wordpress\/ -->\n<title>Aflamo Majestic PRO 128 - Wand-\/Einbau-LED-Elektrokamin - aflamo.shop-zertifizierter aflamo-H\u00e4ndler<\/title>\n<meta name=\"description\" content=\"Kamin Majestic PRO \u2013 Eleganz und moderne Technik. Realistische Flamme, Farbwechsel, knisterndes Holzger\u00e4usch und Heizfunktion.\" \/>\n<meta name=\"robots\" content=\"index, follow, max-snippet:-1, max-image-preview:large, max-video-preview:-1\" \/>\n<link rel=\"canonical\" href=\"https:\/\/aflamo.shop\/de\/p\/aflamo-majestic-pro-128-wand-einbau-led-elektrokamin\/\" \/>\n<meta property=\"og:locale\" content=\"de_DE\" \/>\n<meta property=\"og:type\" content=\"article\" \/>\n<meta property=\"og:title\" content=\"Aflamo Majestic PRO 128 - Wand-\/Einbau-LED-Elektrokamin - aflamo.shop-zertifizierter aflamo-H\u00e4ndler\" \/>\n<meta property=\"og:description\" content=\"Kamin Majestic PRO \u2013 Eleganz und moderne Technik. Realistische Flamme, Farbwechsel, knisterndes Holzger\u00e4usch und Heizfunktion.\" \/>\n<meta property=\"og:url\" content=\"https:\/\/aflamo.shop\/de\/p\/aflamo-majestic-pro-128-wand-einbau-led-elektrokamin\/\" \/>\n<meta property=\"og:site_name\" content=\"aflamo.shop-zertifizierter aflamo-H\u00e4ndler\" \/>\n<meta property=\"article:modified_time\" content=\"2025-05-15T11:50:29+00:00\" \/>\n<meta property=\"og:image\" content=\"https:\/\/aflamo.shop\/wp-content\/uploads\/2024\/06\/Majestic_PRO_front_logs_5-1.jpg\" \/>\n\t<meta property=\"og:image:width\" content=\"2048\" \/>\n\t<meta property=\"og:image:height\" content=\"2048\" \/>\n\t<meta property=\"og:image:type\" content=\"image\/jpeg\" \/>\n<meta name=\"twitter:card\" content=\"summary_large_image\" \/>\n<meta name=\"twitter:label1\" content=\"Gesch\u00e4tzte Lesezeit\" \/>\n\t<meta name=\"twitter:data1\" content=\"6\u00a0Minuten\" \/>\n<script type=\"application\/ld+json\" class=\"yoast-schema-graph\">{\"@context\":\"https:\/\/schema.org\",\"@graph\":[{\"@type\":\"WebPage\",\"@id\":\"https:\/\/aflamo.shop\/de\/p\/aflamo-majestic-pro-128-wand-einbau-led-elektrokamin\/\",\"url\":\"https:\/\/aflamo.shop\/de\/p\/aflamo-majestic-pro-128-wand-einbau-led-elektrokamin\/\",\"name\":\"Aflamo Majestic PRO 128 - Wand-\/Einbau-LED-Elektrokamin - aflamo.shop-zertifizierter aflamo-H\u00e4ndler\",\"isPartOf\":{\"@id\":\"https:\/\/aflamo.shop\/de\/#website\"},\"primaryImageOfPage\":{\"@id\":\"https:\/\/aflamo.shop\/de\/p\/aflamo-majestic-pro-128-wand-einbau-led-elektrokamin\/#primaryimage\"},\"image\":{\"@id\":\"https:\/\/aflamo.shop\/de\/p\/aflamo-majestic-pro-128-wand-einbau-led-elektrokamin\/#primaryimage\"},\"thumbnailUrl\":\"https:\/\/aflamo.shop\/wp-content\/uploads\/2024\/06\/Majestic_PRO_front_logs_5-1.jpg\",\"datePublished\":\"2024-06-12T13:45:08+00:00\",\"dateModified\":\"2025-05-15T11:50:29+00:00\",\"description\":\"Kamin Majestic PRO \u2013 Eleganz und moderne Technik. Realistische Flamme, Farbwechsel, knisterndes Holzger\u00e4usch und Heizfunktion.\",\"breadcrumb\":{\"@id\":\"https:\/\/aflamo.shop\/de\/p\/aflamo-majestic-pro-128-wand-einbau-led-elektrokamin\/#breadcrumb\"},\"inLanguage\":\"de\",\"potentialAction\":[{\"@type\":\"ReadAction\",\"target\":[\"https:\/\/aflamo.shop\/de\/p\/aflamo-majestic-pro-128-wand-einbau-led-elektrokamin\/\"]}]},{\"@type\":\"ImageObject\",\"inLanguage\":\"de\",\"@id\":\"https:\/\/aflamo.shop\/de\/p\/aflamo-majestic-pro-128-wand-einbau-led-elektrokamin\/#primaryimage\",\"url\":\"https:\/\/aflamo.shop\/wp-content\/uploads\/2024\/06\/Majestic_PRO_front_logs_5-1.jpg\",\"contentUrl\":\"https:\/\/aflamo.shop\/wp-content\/uploads\/2024\/06\/Majestic_PRO_front_logs_5-1.jpg\",\"width\":2048,\"height\":2048},{\"@type\":\"BreadcrumbList\",\"@id\":\"https:\/\/aflamo.shop\/de\/p\/aflamo-majestic-pro-128-wand-einbau-led-elektrokamin\/#breadcrumb\",\"itemListElement\":[{\"@type\":\"ListItem\",\"position\":1,\"name\":\"Strona g\u0142\u00f3wna\",\"item\":\"https:\/\/aflamo.shop\/de\/startseite\/\"},{\"@type\":\"ListItem\",\"position\":2,\"name\":\"Shop\",\"item\":\"https:\/\/aflamo.shop\/shop\/\"},{\"@type\":\"ListItem\",\"position\":3,\"name\":\"Elektrische Kamine\",\"item\":\"https:\/\/aflamo.shop\/de\/s\/elektrische-kamine\/\"},{\"@type\":\"ListItem\",\"position\":4,\"name\":\"Eingebaute LED-Elektrokamine\",\"item\":\"https:\/\/aflamo.shop\/de\/s\/elektrische-kamine\/eingebaute-led-elektrokamine\/\"},{\"@type\":\"ListItem\",\"position\":5,\"name\":\"Aflamo Majestic PRO 128 &#8211; Wand-\/Einbau-LED-Elektrokamin\"}]},{\"@type\":\"WebSite\",\"@id\":\"https:\/\/aflamo.shop\/de\/#website\",\"url\":\"https:\/\/aflamo.shop\/de\/\",\"name\":\"aflamo.shop-zertifizierter aflamo-H\u00e4ndler\",\"description\":\"Kominki elektryczne Aflamo i Emotion Flame z funkcj\u0105 grzania\",\"potentialAction\":[{\"@type\":\"SearchAction\",\"target\":{\"@type\":\"EntryPoint\",\"urlTemplate\":\"https:\/\/aflamo.shop\/de\/?s={search_term_string}\"},\"query-input\":{\"@type\":\"PropertyValueSpecification\",\"valueRequired\":true,\"valueName\":\"search_term_string\"}}],\"inLanguage\":\"de\"}]}<\/script>\n<!-- \/ Yoast SEO plugin. -->","yoast_head_json":{"title":"Aflamo Majestic PRO 128 - Wand-\/Einbau-LED-Elektrokamin - aflamo.shop-zertifizierter aflamo-H\u00e4ndler","description":"Kamin Majestic PRO \u2013 Eleganz und moderne Technik. Realistische Flamme, Farbwechsel, knisterndes Holzger\u00e4usch und Heizfunktion.","robots":{"index":"index","follow":"follow","max-snippet":"max-snippet:-1","max-image-preview":"max-image-preview:large","max-video-preview":"max-video-preview:-1"},"canonical":"https:\/\/aflamo.shop\/de\/p\/aflamo-majestic-pro-128-wand-einbau-led-elektrokamin\/","og_locale":"de_DE","og_type":"article","og_title":"Aflamo Majestic PRO 128 - Wand-\/Einbau-LED-Elektrokamin - aflamo.shop-zertifizierter aflamo-H\u00e4ndler","og_description":"Kamin Majestic PRO \u2013 Eleganz und moderne Technik. Realistische Flamme, Farbwechsel, knisterndes Holzger\u00e4usch und Heizfunktion.","og_url":"https:\/\/aflamo.shop\/de\/p\/aflamo-majestic-pro-128-wand-einbau-led-elektrokamin\/","og_site_name":"aflamo.shop-zertifizierter aflamo-H\u00e4ndler","article_modified_time":"2025-05-15T11:50:29+00:00","og_image":[{"width":2048,"height":2048,"url":"https:\/\/aflamo.shop\/wp-content\/uploads\/2024\/06\/Majestic_PRO_front_logs_5-1.jpg","type":"image\/jpeg"}],"twitter_card":"summary_large_image","twitter_misc":{"Gesch\u00e4tzte Lesezeit":"6\u00a0Minuten"},"schema":{"@context":"https:\/\/schema.org","@graph":[{"@type":"WebPage","@id":"https:\/\/aflamo.shop\/de\/p\/aflamo-majestic-pro-128-wand-einbau-led-elektrokamin\/","url":"https:\/\/aflamo.shop\/de\/p\/aflamo-majestic-pro-128-wand-einbau-led-elektrokamin\/","name":"Aflamo Majestic PRO 128 - Wand-\/Einbau-LED-Elektrokamin - aflamo.shop-zertifizierter aflamo-H\u00e4ndler","isPartOf":{"@id":"https:\/\/aflamo.shop\/de\/#website"},"primaryImageOfPage":{"@id":"https:\/\/aflamo.shop\/de\/p\/aflamo-majestic-pro-128-wand-einbau-led-elektrokamin\/#primaryimage"},"image":{"@id":"https:\/\/aflamo.shop\/de\/p\/aflamo-majestic-pro-128-wand-einbau-led-elektrokamin\/#primaryimage"},"thumbnailUrl":"https:\/\/aflamo.shop\/wp-content\/uploads\/2024\/06\/Majestic_PRO_front_logs_5-1.jpg","datePublished":"2024-06-12T13:45:08+00:00","dateModified":"2025-05-15T11:50:29+00:00","description":"Kamin Majestic PRO \u2013 Eleganz und moderne Technik. Realistische Flamme, Farbwechsel, knisterndes Holzger\u00e4usch und Heizfunktion.","breadcrumb":{"@id":"https:\/\/aflamo.shop\/de\/p\/aflamo-majestic-pro-128-wand-einbau-led-elektrokamin\/#breadcrumb"},"inLanguage":"de","potentialAction":[{"@type":"ReadAction","target":["https:\/\/aflamo.shop\/de\/p\/aflamo-majestic-pro-128-wand-einbau-led-elektrokamin\/"]}]},{"@type":"ImageObject","inLanguage":"de","@id":"https:\/\/aflamo.shop\/de\/p\/aflamo-majestic-pro-128-wand-einbau-led-elektrokamin\/#primaryimage","url":"https:\/\/aflamo.shop\/wp-content\/uploads\/2024\/06\/Majestic_PRO_front_logs_5-1.jpg","contentUrl":"https:\/\/aflamo.shop\/wp-content\/uploads\/2024\/06\/Majestic_PRO_front_logs_5-1.jpg","width":2048,"height":2048},{"@type":"BreadcrumbList","@id":"https:\/\/aflamo.shop\/de\/p\/aflamo-majestic-pro-128-wand-einbau-led-elektrokamin\/#breadcrumb","itemListElement":[{"@type":"ListItem","position":1,"name":"Strona g\u0142\u00f3wna","item":"https:\/\/aflamo.shop\/de\/startseite\/"},{"@type":"ListItem","position":2,"name":"Shop","item":"https:\/\/aflamo.shop\/shop\/"},{"@type":"ListItem","position":3,"name":"Elektrische Kamine","item":"https:\/\/aflamo.shop\/de\/s\/elektrische-kamine\/"},{"@type":"ListItem","position":4,"name":"Eingebaute LED-Elektrokamine","item":"https:\/\/aflamo.shop\/de\/s\/elektrische-kamine\/eingebaute-led-elektrokamine\/"},{"@type":"ListItem","position":5,"name":"Aflamo Majestic PRO 128 &#8211; Wand-\/Einbau-LED-Elektrokamin"}]},{"@type":"WebSite","@id":"https:\/\/aflamo.shop\/de\/#website","url":"https:\/\/aflamo.shop\/de\/","name":"aflamo.shop-zertifizierter aflamo-H\u00e4ndler","description":"Kominki elektryczne Aflamo i Emotion Flame z funkcj\u0105 grzania","potentialAction":[{"@type":"SearchAction","target":{"@type":"EntryPoint","urlTemplate":"https:\/\/aflamo.shop\/de\/?s={search_term_string}"},"query-input":{"@type":"PropertyValueSpecification","valueRequired":true,"valueName":"search_term_string"}}],"inLanguage":"de"}]}},"_links":{"self":[{"href":"https:\/\/aflamo.shop\/de\/wp-json\/wp\/v2\/product\/16319","targetHints":{"allow":["GET"]}}],"collection":[{"href":"https:\/\/aflamo.shop\/de\/wp-json\/wp\/v2\/product"}],"about":[{"href":"https:\/\/aflamo.shop\/de\/wp-json\/wp\/v2\/types\/product"}],"replies":[{"embeddable":true,"href":"https:\/\/aflamo.shop\/de\/wp-json\/wp\/v2\/comments?post=16319"}],"wp:featuredmedia":[{"embeddable":true,"href":"https:\/\/aflamo.shop\/de\/wp-json\/wp\/v2\/media\/16290"}],"wp:attachment":[{"href":"https:\/\/aflamo.shop\/de\/wp-json\/wp\/v2\/media?parent=16319"}],"wp:term":[{"taxonomy":"product_brand","embeddable":true,"href":"https:\/\/aflamo.shop\/de\/wp-json\/wp\/v2\/product_brand?post=16319"},{"taxonomy":"product_cat","embeddable":true,"href":"https:\/\/aflamo.shop\/de\/wp-json\/wp\/v2\/product_cat?post=16319"},{"taxonomy":"product_tag","embeddable":true,"href":"https:\/\/aflamo.shop\/de\/wp-json\/wp\/v2\/product_tag?post=16319"}],"curies":[{"name":"wp","href":"https:\/\/api.w.org\/{rel}","templated":true}]}}