{"id":15093,"date":"2024-06-26T11:07:01","date_gmt":"2024-06-26T11:07:01","guid":{"rendered":"https:\/\/aflamo.shop\/p\/aflamo-royal-pro-100-wandmontierter-eingebauter-led-elektrokamin\/"},"modified":"2025-05-30T06:57:31","modified_gmt":"2025-05-30T06:57:31","slug":"aflamo-royal-pro-100-wandmontierter-eingebauter-led-elektrokamin","status":"publish","type":"product","link":"https:\/\/aflamo.shop\/de\/p\/aflamo-royal-pro-100-wandmontierter-eingebauter-led-elektrokamin\/","title":{"rendered":"Aflamo Royal PRO 100 &#8211; Wandmontierter\/eingebauter LED-Elektrokamin"},"content":{"rendered":"<p><iframe title=\"YouTube-Video-Player\" src=\"https:\/\/www.youtube.com\/embed\/IQ_nRpZMrtg?si=1Q9m6BK5E2DoDL_D\" width=\"560\" height=\"315\" frameborder=\"0\" allowfullscreen=\"allowfullscreen\"><span data-mce-type=\"bookmark\" style=\"display: inline-block; width: 0px; overflow: hidden; line-height: 0;\" class=\"mce_SELRES_start\"><\/span><\/iframe><\/p>\n<h2><strong>Royal PRO LED elektrischer Wandkamin &#8211; Eleganz, Technik und Komfort in einem<\/strong><\/h2>\n<p><strong>Der<\/strong> Kamin <strong>Royal PRO<\/strong> ist ein Beispiel f\u00fcr die neueste Technologie im Bereich der elektrischen Kamine. Mit seinem realistischen <strong>AFLAMO PLUS<\/strong> Flammeneffekt beeindruckt dieses Modell durch sein nat\u00fcrliches Feuerbild und seine einzigartige Herdbeleuchtung. Er wurde f\u00fcr stilvolle Innenr\u00e4ume entworfen und sorgt f\u00fcr eine gem\u00fctliche Atmosph\u00e4re, w\u00e4hrend er gleichzeitig vollen Komfort und Funktionalit\u00e4t bietet.  <\/p>\n<h3><strong>Merkmale:<\/strong><\/h3>\n<ul>\n<li><strong>Neue Flammenqualit\u00e4t<\/strong>: Der Royal PRO Kamin verwendet die <strong>AFLAMO PLUS<\/strong> Technologie, die einen realistischen Flammeneffekt bietet. Sie haben die Wahl zwischen 3 Flammenfarben und 13 Farben f\u00fcr die Beleuchtung der Feuerstelle. So k\u00f6nnen Sie den visuellen Effekt perfekt auf Ihre Stimmung und Ihre Inneneinrichtung abstimmen. <\/li>\n<\/ul>\n<p><img fetchpriority=\"high\" decoding=\"async\" class=\"aligncenter wp-image-10748 size-full\" src=\"https:\/\/aflamo.shop\/wp-content\/uploads\/2024\/06\/unique_flame_royal-pro.jpg\" alt=\"\" width=\"492\" height=\"300\" srcset=\"https:\/\/aflamo.shop\/wp-content\/uploads\/2024\/06\/unique_flame_royal-pro.jpg 492w, https:\/\/aflamo.shop\/wp-content\/uploads\/2024\/06\/unique_flame_royal-pro-300x183.jpg 300w\" sizes=\"(max-width: 492px) 100vw, 492px\" \/><\/p>\n<p>&nbsp;<\/p>\n<ul>\n<li><strong>Beeindruckende Feuerstelle<\/strong>: Der Royal PRO ist mit durchscheinenden Holzscheiten ausgestattet, die wie gl\u00fchendes Holz aussehen und den Eindruck eines nat\u00fcrlichen Kamins verst\u00e4rken. Das macht den gesamten Effekt noch realistischer und angenehmer f\u00fcr das Auge. <\/li>\n<\/ul>\n<p><img decoding=\"async\" class=\"aligncenter wp-image-10761 size-full\" src=\"https:\/\/aflamo.shop\/wp-content\/uploads\/2024\/06\/unique_logs_royal-pro-2.jpg\" alt=\"\" width=\"492\" height=\"300\" srcset=\"https:\/\/aflamo.shop\/wp-content\/uploads\/2024\/06\/unique_logs_royal-pro-2.jpg 492w, https:\/\/aflamo.shop\/wp-content\/uploads\/2024\/06\/unique_logs_royal-pro-2-300x183.jpg 300w\" sizes=\"(max-width: 492px) 100vw, 492px\" \/><\/p>\n<ul>\n<li><strong>Ein realistischeres Erlebnis<\/strong>: Der eingebaute Lautsprecher gibt authentische Ger\u00e4usche von knisterndem Holz wieder und bereichert so das Kaminerlebnis. Das schafft eine wahrhaft heimelige Atmosph\u00e4re, ideal zum Entspannen nach einem langen Tag. <\/li>\n<\/ul>\n<p><img decoding=\"async\" class=\"aligncenter wp-image-10757 size-full\" src=\"https:\/\/aflamo.shop\/wp-content\/uploads\/2024\/06\/unique_sound_royal-pro-1.jpg\" alt=\"\" width=\"492\" height=\"300\" srcset=\"https:\/\/aflamo.shop\/wp-content\/uploads\/2024\/06\/unique_sound_royal-pro-1.jpg 492w, https:\/\/aflamo.shop\/wp-content\/uploads\/2024\/06\/unique_sound_royal-pro-1-300x183.jpg 300w\" sizes=\"(max-width: 492px) 100vw, 492px\" \/><\/p>\n<ul>\n<li><strong>Viele Gr\u00f6\u00dfenvarianten<\/strong>: Der Kamin ist in verschiedenen Gr\u00f6\u00dfen erh\u00e4ltlich: 100, 120, 140, 160, 180 cm, so dass er perfekt an die Gr\u00f6\u00dfe des Raums und die Inneneinrichtung angepasst werden kann.<\/li>\n<\/ul>\n<p><img loading=\"lazy\" decoding=\"async\" class=\"aligncenter wp-image-10754 size-full\" src=\"https:\/\/aflamo.shop\/wp-content\/uploads\/2024\/06\/unique_royal-pro.jpg\" alt=\"\" width=\"492\" height=\"300\" srcset=\"https:\/\/aflamo.shop\/wp-content\/uploads\/2024\/06\/unique_royal-pro.jpg 492w, https:\/\/aflamo.shop\/wp-content\/uploads\/2024\/06\/unique_royal-pro-300x183.jpg 300w\" sizes=\"(max-width: 492px) 100vw, 492px\" \/><\/p>\n<ul>\n<li style=\"list-style-type: none;\">\n<ul>\n<li><strong>Mobile Anwendung<\/strong>:<\/li>\n<\/ul>\n<\/li>\n<\/ul>\n<p><iframe title=\"YouTube-Video-Player\" src=\"https:\/\/www.youtube.com\/embed\/H9frj9fGZnY?si=YHNoy3_uQ_P_q10N\" width=\"560\" height=\"315\" frameborder=\"0\" allowfullscreen=\"allowfullscreen\"><\/iframe><\/p>\n<ul>\n<li>Volle Kontrolle \u00fcber den Kamin von Ihrem Smartphone aus. Mit einer speziellen App f\u00fcr Android und iOS k\u00f6nnen Sie alles steuern, vom Einschalten bis zur Einstellung von Flamme und Beleuchtung. Der Kamin ist auch mit Sprachbefehlen \u00fcber Amazon Alexa kompatibel.  <\/li>\n<\/ul>\n<p><img loading=\"lazy\" decoding=\"async\" class=\"aligncenter wp-image-10745 size-full\" src=\"https:\/\/aflamo.shop\/wp-content\/uploads\/2024\/06\/unique_app_royal-pro-1.jpg\" alt=\"\" width=\"492\" height=\"300\" srcset=\"https:\/\/aflamo.shop\/wp-content\/uploads\/2024\/06\/unique_app_royal-pro-1.jpg 492w, https:\/\/aflamo.shop\/wp-content\/uploads\/2024\/06\/unique_app_royal-pro-1-300x183.jpg 300w\" sizes=\"(max-width: 492px) 100vw, 492px\" \/><\/p>\n<ul>\n<li><strong>Eine Flamme mit zahlreichen Personalisierungsm\u00f6glichkeiten<\/strong>: Der Royal PRO bietet 3 Flammenfarben, 5 Helligkeitsstufen und 3 Flammengeschwindigkeiten, so dass Sie das Aussehen der Flamme an Ihre pers\u00f6nlichen Vorlieben anpassen k\u00f6nnen.<\/li>\n<\/ul>\n<p><img loading=\"lazy\" decoding=\"async\" class=\"aligncenter wp-image-10715 \" src=\"https:\/\/aflamo.shop\/wp-content\/uploads\/2024\/06\/Royal_PRO_flame_colors-1.jpg\" alt=\"\" width=\"478\" height=\"314\" srcset=\"https:\/\/aflamo.shop\/wp-content\/uploads\/2024\/06\/Royal_PRO_flame_colors-1.jpg 637w, https:\/\/aflamo.shop\/wp-content\/uploads\/2024\/06\/Royal_PRO_flame_colors-1-600x394.jpg 600w, https:\/\/aflamo.shop\/wp-content\/uploads\/2024\/06\/Royal_PRO_flame_colors-1-300x197.jpg 300w\" sizes=\"(max-width: 478px) 100vw, 478px\" \/><\/p>\n<ul>\n<li><strong>Stilvolle Feuerstelle<\/strong>: Er wird mit zwei Arten von Feuerstellen geliefert &#8211; Holzscheite und Kristalle &#8211; und Sie k\u00f6nnen aus 13 Farben f\u00fcr die Beleuchtung der Feuerstelle und 5 Helligkeitsstufen w\u00e4hlen, um Ihrer Einrichtung eine einzigartige Note zu verleihen.<\/li>\n<\/ul>\n<p><img loading=\"lazy\" decoding=\"async\" class=\"aligncenter wp-image-10691 size-full\" src=\"https:\/\/aflamo.shop\/wp-content\/uploads\/2024\/06\/polana_krysztaly-e1603875138523.png\" alt=\"\" width=\"413\" height=\"297\" srcset=\"https:\/\/aflamo.shop\/wp-content\/uploads\/2024\/06\/polana_krysztaly-e1603875138523.png 413w, https:\/\/aflamo.shop\/wp-content\/uploads\/2024\/06\/polana_krysztaly-e1603875138523-300x216.png 300w\" sizes=\"(max-width: 413px) 100vw, 413px\" \/><\/p>\n<h3><strong>Heizung und Sicherheit<\/strong><\/h3>\n<ul>\n<li><strong>Heizfunktion<\/strong>: unabh\u00e4ngig vom Flammeneffekt, so dass der Kamin das ganze Jahr \u00fcber genutzt werden kann. Die Heizleistung kann in zwei Stufen eingestellt werden (750\/1500W) und die Temperatur kann pr\u00e4zise zwischen 20-30\u00b0C reguliert werden. <\/li>\n<li><strong>Fortschrittliche Sicherheitsfunktionen<\/strong>: Der Kamin ist mit einem \u00dcberhitzungsschutz und einem Sensor f\u00fcr offene Fenster ausgestattet, um Sicherheit und Komfort zu gew\u00e4hrleisten.<\/li>\n<li><strong>Thermische Effizienz<\/strong>: Mit der innovativen Funktion des W\u00e4rmegebl\u00e4ses k\u00f6nnen Sie den Raum schnell wieder aufheizen und eine konstante, angenehme Temperatur beibehalten.<\/li>\n<\/ul>\n<h3><strong>Komfort und Bequemlichkeit<\/strong><\/h3>\n<ul>\n<li><strong>Fernbedienung<\/strong>: Der Royal PRO ist mit einer Fernbedienung ausgestattet, die eine vollst\u00e4ndige Steuerung des Ger\u00e4ts erm\u00f6glicht, ohne dass Sie zum Kamin gehen m\u00fcssen.<\/li>\n<li><strong>Timer und Wochenprogrammierer<\/strong>: Mit der Timerfunktion k\u00f6nnen Sie den Kamin so einstellen, dass er sich nach einer bestimmten Zeit automatisch ausschaltet. Mit dem Wochenprogramm k\u00f6nnen Sie den Zyklus des Kamins f\u00fcr jeden Tag der Woche planen und so zus\u00e4tzlichen Komfort und Energieeinsparungen erzielen. <\/li>\n<\/ul>\n<h3><\/h3>\n<h3><strong>Zusammenfassung<\/strong><\/h3>\n<p><strong>Der Royal PRO<\/strong> ist ein Kamin, der elegantes Design, modernste Technologie und absoluten Komfort vereint. Mit seiner realistischen Flamme, den zahlreichen Anpassungsm\u00f6glichkeiten und Heizfunktionen dient dieses Modell sowohl als Dekoration als auch als praktische W\u00e4rmequelle, die Sie das ganze Jahr \u00fcber individuell gestalten k\u00f6nnen. <\/p>\n<h3><\/h3>\n<h3><strong>Technische Zeichnungen<\/strong><\/h3>\n<p><strong>Royal PRO 100<\/strong><\/p>\n<p><img loading=\"lazy\" decoding=\"async\" class=\"aligncenter wp-image-10696 size-full\" src=\"https:\/\/aflamo.shop\/wp-content\/uploads\/2024\/06\/Royal_PRO_100.png\" alt=\"\" width=\"1031\" height=\"515\" srcset=\"https:\/\/aflamo.shop\/wp-content\/uploads\/2024\/06\/Royal_PRO_100.png 1031w, https:\/\/aflamo.shop\/wp-content\/uploads\/2024\/06\/Royal_PRO_100-600x300.png 600w, https:\/\/aflamo.shop\/wp-content\/uploads\/2024\/06\/Royal_PRO_100-300x150.png 300w, https:\/\/aflamo.shop\/wp-content\/uploads\/2024\/06\/Royal_PRO_100-1024x512.png 1024w, https:\/\/aflamo.shop\/wp-content\/uploads\/2024\/06\/Royal_PRO_100-768x384.png 768w\" sizes=\"(max-width: 1031px) 100vw, 1031px\" \/><\/p>\n<p>&nbsp;<\/p>\n<p>&nbsp;<\/p>\n<p><strong>Royal PRO 120<\/strong><\/p>\n<p><img loading=\"lazy\" decoding=\"async\" class=\"aligncenter wp-image-10699 size-full\" src=\"https:\/\/aflamo.shop\/wp-content\/uploads\/2024\/06\/Royal_PRO_120.png\" alt=\"\" width=\"1340\" height=\"597\" srcset=\"https:\/\/aflamo.shop\/wp-content\/uploads\/2024\/06\/Royal_PRO_120.png 1340w, https:\/\/aflamo.shop\/wp-content\/uploads\/2024\/06\/Royal_PRO_120-600x267.png 600w, https:\/\/aflamo.shop\/wp-content\/uploads\/2024\/06\/Royal_PRO_120-300x134.png 300w, https:\/\/aflamo.shop\/wp-content\/uploads\/2024\/06\/Royal_PRO_120-1024x456.png 1024w, https:\/\/aflamo.shop\/wp-content\/uploads\/2024\/06\/Royal_PRO_120-768x342.png 768w\" sizes=\"(max-width: 1340px) 100vw, 1340px\" \/><\/p>\n<p><strong>Royal PRO 140<\/strong><\/p>\n<p><img loading=\"lazy\" decoding=\"async\" class=\"aligncenter wp-image-10702 size-full\" src=\"https:\/\/aflamo.shop\/wp-content\/uploads\/2024\/06\/Royal_PRO_140.png\" alt=\"\" width=\"1340\" height=\"536\" srcset=\"https:\/\/aflamo.shop\/wp-content\/uploads\/2024\/06\/Royal_PRO_140.png 1340w, https:\/\/aflamo.shop\/wp-content\/uploads\/2024\/06\/Royal_PRO_140-600x240.png 600w, https:\/\/aflamo.shop\/wp-content\/uploads\/2024\/06\/Royal_PRO_140-300x120.png 300w, https:\/\/aflamo.shop\/wp-content\/uploads\/2024\/06\/Royal_PRO_140-1024x410.png 1024w, https:\/\/aflamo.shop\/wp-content\/uploads\/2024\/06\/Royal_PRO_140-768x307.png 768w\" sizes=\"(max-width: 1340px) 100vw, 1340px\" \/><\/p>\n<p><strong>Royal PRO 160<\/strong><\/p>\n<p><img loading=\"lazy\" decoding=\"async\" class=\"aligncenter wp-image-10705 size-full\" src=\"https:\/\/aflamo.shop\/wp-content\/uploads\/2024\/06\/Royal_PRO_160.png\" alt=\"\" width=\"1325\" height=\"487\" srcset=\"https:\/\/aflamo.shop\/wp-content\/uploads\/2024\/06\/Royal_PRO_160.png 1325w, https:\/\/aflamo.shop\/wp-content\/uploads\/2024\/06\/Royal_PRO_160-600x221.png 600w, https:\/\/aflamo.shop\/wp-content\/uploads\/2024\/06\/Royal_PRO_160-300x110.png 300w, https:\/\/aflamo.shop\/wp-content\/uploads\/2024\/06\/Royal_PRO_160-1024x376.png 1024w, https:\/\/aflamo.shop\/wp-content\/uploads\/2024\/06\/Royal_PRO_160-768x282.png 768w\" sizes=\"(max-width: 1325px) 100vw, 1325px\" \/><\/p>\n<p><strong>Royal PRO 180<\/strong><\/p>\n<p><img loading=\"lazy\" decoding=\"async\" class=\"aligncenter wp-image-10708 size-full\" src=\"https:\/\/aflamo.shop\/wp-content\/uploads\/2024\/06\/Royal_PRO_180-1.png\" alt=\"\" width=\"1345\" height=\"454\" srcset=\"https:\/\/aflamo.shop\/wp-content\/uploads\/2024\/06\/Royal_PRO_180-1.png 1345w, https:\/\/aflamo.shop\/wp-content\/uploads\/2024\/06\/Royal_PRO_180-1-600x203.png 600w, https:\/\/aflamo.shop\/wp-content\/uploads\/2024\/06\/Royal_PRO_180-1-300x101.png 300w, https:\/\/aflamo.shop\/wp-content\/uploads\/2024\/06\/Royal_PRO_180-1-1024x346.png 1024w, https:\/\/aflamo.shop\/wp-content\/uploads\/2024\/06\/Royal_PRO_180-1-768x259.png 768w\" sizes=\"(max-width: 1345px) 100vw, 1345px\" \/><\/p>\n","protected":false},"excerpt":{"rendered":"<p>Hersteller: Aflamo<\/p>\n<p>LED-Wandkamin\/eingebauter elektrischer Kamin<\/p>\n<p><b>Modell:<\/b><\/p>\n<ul>\n<li><a href=\"https:\/\/aflamo.shop\/de\/p\/aflamo-royal-pro-100-wandmontierter-eingebauter-led-elektrokamin\/\">100<\/a><\/li>\n<li><a href=\"https:\/\/aflamo.shop\/de\/p\/aflamo-royal-pro-120-wandmontierter-eingebauter-led-elektrokamin\/\">120<\/a><\/li>\n<li><a href=\"https:\/\/aflamo.shop\/de\/p\/aflamo-royal-pro-140-wandmontierter-eingebauter-led-elektrokamin\/\">140<\/a><\/li>\n<li><a href=\"https:\/\/aflamo.shop\/de\/p\/aflamo-royal-pro-160-wandmontierter-eingebauter-led-elektrokamin\/\">160<\/a><\/li>\n<li><a href=\"https:\/\/aflamo.shop\/de\/p\/aflamo-royal-pro-180-wandmontierter-eingebauter-led-elektrokamin\/\">180<\/a><\/li>\n<\/ul>\n<p><a href=\"https:\/\/aflamo.shop\/wp-content\/uploads\/2024\/06\/Royal-PRO_EN-PL-DE-IT-ES-FR-CS-SK-NL-7.pdf\">Bedienungs- und Sicherheitshinweise<\/a><\/p>\n<p><b>Ma\u00dfe:<\/b> 100 x 38 x 16 cm<\/p>\n","protected":false},"featured_media":15094,"comment_status":"open","ping_status":"closed","template":"","meta":[],"product_brand":[],"product_cat":[799,801,800,806,805,804,803,802],"product_tag":[807],"class_list":{"0":"post-15093","1":"product","2":"type-product","3":"status-publish","4":"has-post-thumbnail","6":"product_cat-aflamo-de","7":"product_cat-eingebaute-led-elektrokamine","8":"product_cat-elektrische-kamine","9":"product_cat-elektrische-kamine-mit-mobiler-app","10":"product_cat-elektrische-kamine-mit-sound","11":"product_cat-elektrische-kamine-zum-aufhangen-an-der-wand","12":"product_cat-elektrische-led-einsatze","13":"product_cat-led-elektrokamine-mit-heizfunktion","14":"product_tag-max-de","16":"first","17":"instock","18":"shipping-taxable","19":"purchasable","20":"product-type-simple"},"yoast_head":"<!-- This site is optimized with the Yoast SEO plugin v27.1.1 - https:\/\/yoast.com\/product\/yoast-seo-wordpress\/ -->\n<title>Aflamo Royal PRO 100 - Wandmontierter\/eingebauter LED-Elektrokamin - aflamo.shop-zertifizierter aflamo-H\u00e4ndler<\/title>\n<meta name=\"description\" content=\"Royal PRO Kamin - elegantes Design, realistische Flamme und Heizfunktion. Modernste Technologie und Personalisierung f\u00fcr ganzj\u00e4hrigen Komfort.\" \/>\n<meta name=\"robots\" content=\"index, follow, max-snippet:-1, max-image-preview:large, max-video-preview:-1\" \/>\n<link rel=\"canonical\" href=\"https:\/\/aflamo.shop\/de\/p\/aflamo-royal-pro-100-wandmontierter-eingebauter-led-elektrokamin\/\" \/>\n<meta property=\"og:locale\" content=\"de_DE\" \/>\n<meta property=\"og:type\" content=\"article\" \/>\n<meta property=\"og:title\" content=\"Aflamo Royal PRO 100 - Wandmontierter\/eingebauter LED-Elektrokamin - aflamo.shop-zertifizierter aflamo-H\u00e4ndler\" \/>\n<meta property=\"og:description\" content=\"Royal PRO Kamin - elegantes Design, realistische Flamme und Heizfunktion. Modernste Technologie und Personalisierung f\u00fcr ganzj\u00e4hrigen Komfort.\" \/>\n<meta property=\"og:url\" content=\"https:\/\/aflamo.shop\/de\/p\/aflamo-royal-pro-100-wandmontierter-eingebauter-led-elektrokamin\/\" \/>\n<meta property=\"og:site_name\" content=\"aflamo.shop-zertifizierter aflamo-H\u00e4ndler\" \/>\n<meta property=\"article:modified_time\" content=\"2025-05-30T06:57:31+00:00\" \/>\n<meta property=\"og:image\" content=\"https:\/\/aflamo.shop\/wp-content\/uploads\/2024\/06\/Royal_PRO_front_1.jpg\" \/>\n\t<meta property=\"og:image:width\" content=\"2048\" \/>\n\t<meta property=\"og:image:height\" content=\"2048\" \/>\n\t<meta property=\"og:image:type\" content=\"image\/jpeg\" \/>\n<meta name=\"twitter:card\" content=\"summary_large_image\" \/>\n<meta name=\"twitter:label1\" content=\"Gesch\u00e4tzte Lesezeit\" \/>\n\t<meta name=\"twitter:data1\" content=\"6\u00a0Minuten\" \/>\n<script type=\"application\/ld+json\" class=\"yoast-schema-graph\">{\"@context\":\"https:\/\/schema.org\",\"@graph\":[{\"@type\":\"WebPage\",\"@id\":\"https:\/\/aflamo.shop\/de\/p\/aflamo-royal-pro-100-wandmontierter-eingebauter-led-elektrokamin\/\",\"url\":\"https:\/\/aflamo.shop\/de\/p\/aflamo-royal-pro-100-wandmontierter-eingebauter-led-elektrokamin\/\",\"name\":\"Aflamo Royal PRO 100 - Wandmontierter\/eingebauter LED-Elektrokamin - aflamo.shop-zertifizierter aflamo-H\u00e4ndler\",\"isPartOf\":{\"@id\":\"https:\/\/aflamo.shop\/de\/#website\"},\"primaryImageOfPage\":{\"@id\":\"https:\/\/aflamo.shop\/de\/p\/aflamo-royal-pro-100-wandmontierter-eingebauter-led-elektrokamin\/#primaryimage\"},\"image\":{\"@id\":\"https:\/\/aflamo.shop\/de\/p\/aflamo-royal-pro-100-wandmontierter-eingebauter-led-elektrokamin\/#primaryimage\"},\"thumbnailUrl\":\"https:\/\/aflamo.shop\/wp-content\/uploads\/2024\/06\/Royal_PRO_front_1.jpg\",\"datePublished\":\"2024-06-26T11:07:01+00:00\",\"dateModified\":\"2025-05-30T06:57:31+00:00\",\"description\":\"Royal PRO Kamin - elegantes Design, realistische Flamme und Heizfunktion. Modernste Technologie und Personalisierung f\u00fcr ganzj\u00e4hrigen Komfort.\",\"breadcrumb\":{\"@id\":\"https:\/\/aflamo.shop\/de\/p\/aflamo-royal-pro-100-wandmontierter-eingebauter-led-elektrokamin\/#breadcrumb\"},\"inLanguage\":\"de\",\"potentialAction\":[{\"@type\":\"ReadAction\",\"target\":[\"https:\/\/aflamo.shop\/de\/p\/aflamo-royal-pro-100-wandmontierter-eingebauter-led-elektrokamin\/\"]}]},{\"@type\":\"ImageObject\",\"inLanguage\":\"de\",\"@id\":\"https:\/\/aflamo.shop\/de\/p\/aflamo-royal-pro-100-wandmontierter-eingebauter-led-elektrokamin\/#primaryimage\",\"url\":\"https:\/\/aflamo.shop\/wp-content\/uploads\/2024\/06\/Royal_PRO_front_1.jpg\",\"contentUrl\":\"https:\/\/aflamo.shop\/wp-content\/uploads\/2024\/06\/Royal_PRO_front_1.jpg\",\"width\":2048,\"height\":2048},{\"@type\":\"BreadcrumbList\",\"@id\":\"https:\/\/aflamo.shop\/de\/p\/aflamo-royal-pro-100-wandmontierter-eingebauter-led-elektrokamin\/#breadcrumb\",\"itemListElement\":[{\"@type\":\"ListItem\",\"position\":1,\"name\":\"Strona g\u0142\u00f3wna\",\"item\":\"https:\/\/aflamo.shop\/de\/startseite\/\"},{\"@type\":\"ListItem\",\"position\":2,\"name\":\"Shop\",\"item\":\"https:\/\/aflamo.shop\/shop\/\"},{\"@type\":\"ListItem\",\"position\":3,\"name\":\"Elektrische Kamine\",\"item\":\"https:\/\/aflamo.shop\/de\/s\/elektrische-kamine\/\"},{\"@type\":\"ListItem\",\"position\":4,\"name\":\"Eingebaute LED-Elektrokamine\",\"item\":\"https:\/\/aflamo.shop\/de\/s\/elektrische-kamine\/eingebaute-led-elektrokamine\/\"},{\"@type\":\"ListItem\",\"position\":5,\"name\":\"Aflamo Royal PRO 100 &#8211; Wandmontierter\/eingebauter LED-Elektrokamin\"}]},{\"@type\":\"WebSite\",\"@id\":\"https:\/\/aflamo.shop\/de\/#website\",\"url\":\"https:\/\/aflamo.shop\/de\/\",\"name\":\"aflamo.shop-zertifizierter aflamo-H\u00e4ndler\",\"description\":\"Kominki elektryczne Aflamo i Emotion Flame z funkcj\u0105 grzania\",\"potentialAction\":[{\"@type\":\"SearchAction\",\"target\":{\"@type\":\"EntryPoint\",\"urlTemplate\":\"https:\/\/aflamo.shop\/de\/?s={search_term_string}\"},\"query-input\":{\"@type\":\"PropertyValueSpecification\",\"valueRequired\":true,\"valueName\":\"search_term_string\"}}],\"inLanguage\":\"de\"}]}<\/script>\n<!-- \/ Yoast SEO plugin. -->","yoast_head_json":{"title":"Aflamo Royal PRO 100 - Wandmontierter\/eingebauter LED-Elektrokamin - aflamo.shop-zertifizierter aflamo-H\u00e4ndler","description":"Royal PRO Kamin - elegantes Design, realistische Flamme und Heizfunktion. Modernste Technologie und Personalisierung f\u00fcr ganzj\u00e4hrigen Komfort.","robots":{"index":"index","follow":"follow","max-snippet":"max-snippet:-1","max-image-preview":"max-image-preview:large","max-video-preview":"max-video-preview:-1"},"canonical":"https:\/\/aflamo.shop\/de\/p\/aflamo-royal-pro-100-wandmontierter-eingebauter-led-elektrokamin\/","og_locale":"de_DE","og_type":"article","og_title":"Aflamo Royal PRO 100 - Wandmontierter\/eingebauter LED-Elektrokamin - aflamo.shop-zertifizierter aflamo-H\u00e4ndler","og_description":"Royal PRO Kamin - elegantes Design, realistische Flamme und Heizfunktion. Modernste Technologie und Personalisierung f\u00fcr ganzj\u00e4hrigen Komfort.","og_url":"https:\/\/aflamo.shop\/de\/p\/aflamo-royal-pro-100-wandmontierter-eingebauter-led-elektrokamin\/","og_site_name":"aflamo.shop-zertifizierter aflamo-H\u00e4ndler","article_modified_time":"2025-05-30T06:57:31+00:00","og_image":[{"width":2048,"height":2048,"url":"https:\/\/aflamo.shop\/wp-content\/uploads\/2024\/06\/Royal_PRO_front_1.jpg","type":"image\/jpeg"}],"twitter_card":"summary_large_image","twitter_misc":{"Gesch\u00e4tzte Lesezeit":"6\u00a0Minuten"},"schema":{"@context":"https:\/\/schema.org","@graph":[{"@type":"WebPage","@id":"https:\/\/aflamo.shop\/de\/p\/aflamo-royal-pro-100-wandmontierter-eingebauter-led-elektrokamin\/","url":"https:\/\/aflamo.shop\/de\/p\/aflamo-royal-pro-100-wandmontierter-eingebauter-led-elektrokamin\/","name":"Aflamo Royal PRO 100 - Wandmontierter\/eingebauter LED-Elektrokamin - aflamo.shop-zertifizierter aflamo-H\u00e4ndler","isPartOf":{"@id":"https:\/\/aflamo.shop\/de\/#website"},"primaryImageOfPage":{"@id":"https:\/\/aflamo.shop\/de\/p\/aflamo-royal-pro-100-wandmontierter-eingebauter-led-elektrokamin\/#primaryimage"},"image":{"@id":"https:\/\/aflamo.shop\/de\/p\/aflamo-royal-pro-100-wandmontierter-eingebauter-led-elektrokamin\/#primaryimage"},"thumbnailUrl":"https:\/\/aflamo.shop\/wp-content\/uploads\/2024\/06\/Royal_PRO_front_1.jpg","datePublished":"2024-06-26T11:07:01+00:00","dateModified":"2025-05-30T06:57:31+00:00","description":"Royal PRO Kamin - elegantes Design, realistische Flamme und Heizfunktion. Modernste Technologie und Personalisierung f\u00fcr ganzj\u00e4hrigen Komfort.","breadcrumb":{"@id":"https:\/\/aflamo.shop\/de\/p\/aflamo-royal-pro-100-wandmontierter-eingebauter-led-elektrokamin\/#breadcrumb"},"inLanguage":"de","potentialAction":[{"@type":"ReadAction","target":["https:\/\/aflamo.shop\/de\/p\/aflamo-royal-pro-100-wandmontierter-eingebauter-led-elektrokamin\/"]}]},{"@type":"ImageObject","inLanguage":"de","@id":"https:\/\/aflamo.shop\/de\/p\/aflamo-royal-pro-100-wandmontierter-eingebauter-led-elektrokamin\/#primaryimage","url":"https:\/\/aflamo.shop\/wp-content\/uploads\/2024\/06\/Royal_PRO_front_1.jpg","contentUrl":"https:\/\/aflamo.shop\/wp-content\/uploads\/2024\/06\/Royal_PRO_front_1.jpg","width":2048,"height":2048},{"@type":"BreadcrumbList","@id":"https:\/\/aflamo.shop\/de\/p\/aflamo-royal-pro-100-wandmontierter-eingebauter-led-elektrokamin\/#breadcrumb","itemListElement":[{"@type":"ListItem","position":1,"name":"Strona g\u0142\u00f3wna","item":"https:\/\/aflamo.shop\/de\/startseite\/"},{"@type":"ListItem","position":2,"name":"Shop","item":"https:\/\/aflamo.shop\/shop\/"},{"@type":"ListItem","position":3,"name":"Elektrische Kamine","item":"https:\/\/aflamo.shop\/de\/s\/elektrische-kamine\/"},{"@type":"ListItem","position":4,"name":"Eingebaute LED-Elektrokamine","item":"https:\/\/aflamo.shop\/de\/s\/elektrische-kamine\/eingebaute-led-elektrokamine\/"},{"@type":"ListItem","position":5,"name":"Aflamo Royal PRO 100 &#8211; Wandmontierter\/eingebauter LED-Elektrokamin"}]},{"@type":"WebSite","@id":"https:\/\/aflamo.shop\/de\/#website","url":"https:\/\/aflamo.shop\/de\/","name":"aflamo.shop-zertifizierter aflamo-H\u00e4ndler","description":"Kominki elektryczne Aflamo i Emotion Flame z funkcj\u0105 grzania","potentialAction":[{"@type":"SearchAction","target":{"@type":"EntryPoint","urlTemplate":"https:\/\/aflamo.shop\/de\/?s={search_term_string}"},"query-input":{"@type":"PropertyValueSpecification","valueRequired":true,"valueName":"search_term_string"}}],"inLanguage":"de"}]}},"_links":{"self":[{"href":"https:\/\/aflamo.shop\/de\/wp-json\/wp\/v2\/product\/15093","targetHints":{"allow":["GET"]}}],"collection":[{"href":"https:\/\/aflamo.shop\/de\/wp-json\/wp\/v2\/product"}],"about":[{"href":"https:\/\/aflamo.shop\/de\/wp-json\/wp\/v2\/types\/product"}],"replies":[{"embeddable":true,"href":"https:\/\/aflamo.shop\/de\/wp-json\/wp\/v2\/comments?post=15093"}],"wp:featuredmedia":[{"embeddable":true,"href":"https:\/\/aflamo.shop\/de\/wp-json\/wp\/v2\/media\/15094"}],"wp:attachment":[{"href":"https:\/\/aflamo.shop\/de\/wp-json\/wp\/v2\/media?parent=15093"}],"wp:term":[{"taxonomy":"product_brand","embeddable":true,"href":"https:\/\/aflamo.shop\/de\/wp-json\/wp\/v2\/product_brand?post=15093"},{"taxonomy":"product_cat","embeddable":true,"href":"https:\/\/aflamo.shop\/de\/wp-json\/wp\/v2\/product_cat?post=15093"},{"taxonomy":"product_tag","embeddable":true,"href":"https:\/\/aflamo.shop\/de\/wp-json\/wp\/v2\/product_tag?post=15093"}],"curies":[{"name":"wp","href":"https:\/\/api.w.org\/{rel}","templated":true}]}}