{"id":15055,"date":"2024-09-09T10:37:20","date_gmt":"2024-09-09T10:37:20","guid":{"rendered":"https:\/\/aflamo.shop\/p\/aflamo-honos-185-mit-glas-wand-eingebauter-biokamin\/"},"modified":"2025-05-19T11:11:45","modified_gmt":"2025-05-19T11:11:45","slug":"aflamo-honos-185-mit-glas-wand-eingebauter-biokamin","status":"publish","type":"product","link":"https:\/\/aflamo.shop\/de\/p\/aflamo-honos-185-mit-glas-wand-eingebauter-biokamin\/","title":{"rendered":"Aflamo Honos 185 mit Glas &#8211; Wand\/eingebauter Biokamin"},"content":{"rendered":"<h3><strong>Eigenschaften des Kamins<\/strong><\/h3>\n<p>&nbsp;<\/p>\n<p><b>Honos<\/b> mit Glas ist ein wandmontierter Kamin mit minimalistischem Design. Eleganz in seiner reinen Form, ohne unn\u00f6tiges Beiwerk. Honos wird Ihr Interieur ausf\u00fcllen und andere Accessoires \u00fcberfl\u00fcssig machen.  <\/p>\n<p>Jetzt k\u00f6nnen Sie die Sch\u00f6nheit einer echten Flamme in jedem Raum genie\u00dfen.<\/p>\n<div class=\"more-info\">\n<div class=\"tab-content\">\n<section id=\"idTab1\" class=\"page-product-box\">\n<div class=\"rte\">\n<div class=\"row\">\n<div id=\"\" class=\"col-xs-12 col-sm-6 \">\n<div id=\"\" class=\"eds-on-scroll eds-scroll-visible animated fadeInUp duration2\">\n<ul>\n<li>Wandmontierter Bio-Kamin<\/li>\n<li>Einzigartiges und modernes Design<\/li>\n<li>Hochwertige Verarbeitung<\/li>\n<li>TUV-zertifizierter Sicherheitsbrenner<\/li>\n<\/ul>\n<p>&nbsp;<\/p>\n<h6><strong>Geh\u00e4use  <img fetchpriority=\"high\" decoding=\"async\" class=\"alignright wp-image-10806 size-full\" src=\"https:\/\/aflamo.shop\/wp-content\/uploads\/2024\/09\/Honos_glass_right-400x288-1.jpg\" alt=\"\" width=\"400\" height=\"288\" srcset=\"https:\/\/aflamo.shop\/wp-content\/uploads\/2024\/09\/Honos_glass_right-400x288-1.jpg 400w, https:\/\/aflamo.shop\/wp-content\/uploads\/2024\/09\/Honos_glass_right-400x288-1-300x216.jpg 300w\" sizes=\"(max-width: 400px) 100vw, 400px\" \/><\/strong><\/h6>\n<ul>\n<li>Farbe: Mattschwarz<\/li>\n<li>vollst\u00e4ndig aus Stahl gefertigt<\/li>\n<li>hohe Qualit\u00e4t durch geschwei\u00dfte und geschliffene Ecken<\/li>\n<li>mit hitze- und besch\u00e4digungsbest\u00e4ndiger Farbe lackiert<\/li>\n<\/ul>\n<h6><\/h6>\n<h6><strong>Brenner<\/strong><\/h6>\n<\/div>\n<p>Der in diesem Biokamin verwendete Brenner ist aus rostfreiem Stahl gefertigt. Er verf\u00fcgt \u00fcber ein absorbierendes Element im Inneren, das einen sicheren Gebrauch garantiert und das Risiko eines unkontrollierten Versch\u00fcttens von Biobrennstoff ausschlie\u00dft. <\/p>\n<p>Jedem Komplettset liegt ein spezieller Feuerl\u00f6scher bei, mit dem die Flammen im Biokamin jederzeit einfach und schnell gel\u00f6scht werden k\u00f6nnen.<\/p>\n<div id=\"\" class=\"eds-on-scroll eds-scroll-visible animated fadeInUp duration2\">\n<ul>\n<li>Tresor mit T\u00dcV-Zertifikat<\/li>\n<li>Das ausgekl\u00fcgelte Design gew\u00e4hrleistet eine gleichm\u00e4\u00dfige Verbrennung \u00fcber die gesamte Breite<\/li>\n<li>Keramikeinsatz reduziert das Risiko des Versch\u00fcttens von Biokraftstoff<\/li>\n<li>aus rostfreiem Stahl<\/li>\n<\/ul>\n<p><img decoding=\"async\" class=\"aligncenter wp-image-10794 size-full\" src=\"https:\/\/aflamo.shop\/wp-content\/uploads\/2024\/09\/Honos_glass_front_flame-2.jpg\" alt=\"\" width=\"1900\" height=\"834\" srcset=\"https:\/\/aflamo.shop\/wp-content\/uploads\/2024\/09\/Honos_glass_front_flame-2.jpg 1900w, https:\/\/aflamo.shop\/wp-content\/uploads\/2024\/09\/Honos_glass_front_flame-2-600x263.jpg 600w, https:\/\/aflamo.shop\/wp-content\/uploads\/2024\/09\/Honos_glass_front_flame-2-300x132.jpg 300w, https:\/\/aflamo.shop\/wp-content\/uploads\/2024\/09\/Honos_glass_front_flame-2-1024x449.jpg 1024w, https:\/\/aflamo.shop\/wp-content\/uploads\/2024\/09\/Honos_glass_front_flame-2-768x337.jpg 768w, https:\/\/aflamo.shop\/wp-content\/uploads\/2024\/09\/Honos_glass_front_flame-2-1536x674.jpg 1536w\" sizes=\"(max-width: 1900px) 100vw, 1900px\" \/><\/p>\n<div class=\"flex flex-grow flex-col gap-3\">\n<div class=\"min-h-[20px] flex flex-col items-start gap-3 overflow-x-auto whitespace-pre-wrap break-words\">\n<div class=\"markdown prose w-full break-words dark:prose-invert light\">\n<p>Der Wand-Biokamin namens Honos ist ein einzigartiges und elegantes St\u00fcck, das nicht nur den magischen Anblick eines brennenden Feuers in einen Raum bringt, sondern auch eine minimalistische \u00c4sthetik.<\/p>\n<p>Honos ist ein wandmontierter Biokamin, der mit seiner Schlichtheit den modernen Einrichtungsstil unterstreicht. Sein minimalistisches Design macht ihn nicht nur zu einer W\u00e4rmequelle, sondern auch zu einem eigenst\u00e4ndigen Kunstwerk, das die Blicke auf sich zieht und einen einzigartigen Blickpunkt im Raum schafft. Ohne \u00fcberfl\u00fcssige Zus\u00e4tze oder Verzierungen strahlt Honos Eleganz und Eleganz aus.  <\/p>\n<p>Die Eleganz von Honos liegt in seiner reinen Form. Dieser auf das Wesentliche reduzierte Biokamin l\u00e4sst die Flamme zum Star des Dekors werden. Indem er auf \u00fcberfl\u00fcssige Dekoration verzichtet, f\u00fcllt Honos den Innenraum mit authentischer Ausstrahlung und schafft eine Atmosph\u00e4re der Ruhe und Entspannung. Er ist mehr als eine blo\u00dfe Licht- oder W\u00e4rmequelle, er ist eine Einladung zur Kontemplation und zu einem Moment der Ruhe.   <\/p>\n<p>Mit dem Honos Biokamin haben Sie die M\u00f6glichkeit, die Sch\u00f6nheit einer echten Flamme in jedem Raum zu genie\u00dfen. Ohne komplizierte Installationen oder den Anschluss an Gasleitungen k\u00f6nnen Sie den Honos \u00fcberall dort aufstellen, wo er einen einzigartigen Akzent setzen soll. Ganz gleich, ob es sich um das Wohnzimmer, das Schlafzimmer oder die Lounge handelt, Honos verleiht dem Raum eine einzigartige Aura von W\u00e4rme und Magie.  <\/p>\n<p>Zusammenfassend l\u00e4sst sich sagen, dass der Honos Wand-Biokamin die Quintessenz von Minimalismus und Eleganz ist. Sein schlichtes Design unterstreicht den einzigartigen Anblick eines brennenden Feuers, das zum Mittelpunkt eines jeden Interieurs wird. Honos ist nicht nur ein Biokamin, sondern ein k\u00fcnstlerischer Akzent, der ein einzigartiges Ambiente schafft und allt\u00e4gliche Momente zu etwas Besonderem macht. Er ist auch in einer Glasvariante erh\u00e4ltlich.   <\/p>\n<\/div>\n<h3><strong>Technische Zeichnung<\/strong><\/h3>\n<p>&nbsp;<\/p>\n<p><strong>Honos 65 mit Glas<\/strong><\/p>\n<ul>\n<li>Brenner 28<\/li>\n<li>Fassungsverm\u00f6gen 0,35 Liter<\/li>\n<li>Brenndauer 1h<\/li>\n<\/ul>\n<p><img decoding=\"async\" class=\"alignnone wp-image-10809 size-full\" src=\"https:\/\/aflamo.shop\/wp-content\/uploads\/2024\/09\/Honos-glass_65-900x860-1.png\" alt=\"\" width=\"900\" height=\"860\" srcset=\"https:\/\/aflamo.shop\/wp-content\/uploads\/2024\/09\/Honos-glass_65-900x860-1.png 900w, https:\/\/aflamo.shop\/wp-content\/uploads\/2024\/09\/Honos-glass_65-900x860-1-600x573.png 600w, https:\/\/aflamo.shop\/wp-content\/uploads\/2024\/09\/Honos-glass_65-900x860-1-300x287.png 300w, https:\/\/aflamo.shop\/wp-content\/uploads\/2024\/09\/Honos-glass_65-900x860-1-768x734.png 768w\" sizes=\"(max-width: 900px) 100vw, 900px\" \/><\/p>\n<p>&nbsp;<\/p>\n<p><strong>Honos 90<\/strong><\/p>\n<ul>\n<li>Brenner 53<\/li>\n<li>Fassungsverm\u00f6gen 0,75 Liter<\/li>\n<li>Brenndauer 1h 20min<\/li>\n<\/ul>\n<p><img loading=\"lazy\" decoding=\"async\" class=\"alignnone wp-image-10812 size-full\" src=\"https:\/\/aflamo.shop\/wp-content\/uploads\/2024\/09\/Honos-glass_90-900x720-1.png\" alt=\"\" width=\"900\" height=\"720\" srcset=\"https:\/\/aflamo.shop\/wp-content\/uploads\/2024\/09\/Honos-glass_90-900x720-1.png 900w, https:\/\/aflamo.shop\/wp-content\/uploads\/2024\/09\/Honos-glass_90-900x720-1-600x480.png 600w, https:\/\/aflamo.shop\/wp-content\/uploads\/2024\/09\/Honos-glass_90-900x720-1-300x240.png 300w, https:\/\/aflamo.shop\/wp-content\/uploads\/2024\/09\/Honos-glass_90-900x720-1-768x614.png 768w\" sizes=\"(max-width: 900px) 100vw, 900px\" \/><\/p>\n<p>&nbsp;<\/p>\n<p><strong>Honos 125<\/strong><\/p>\n<ul>\n<li>Brenner 80<\/li>\n<li>Fassungsverm\u00f6gen 1,24 Liter<\/li>\n<li>Brenndauer 75min<\/li>\n<\/ul>\n<p><img loading=\"lazy\" decoding=\"async\" class=\"alignnone wp-image-10815 size-full\" src=\"https:\/\/aflamo.shop\/wp-content\/uploads\/2024\/09\/Honos-glass_125-900x706-1.png\" alt=\"\" width=\"900\" height=\"706\" srcset=\"https:\/\/aflamo.shop\/wp-content\/uploads\/2024\/09\/Honos-glass_125-900x706-1.png 900w, https:\/\/aflamo.shop\/wp-content\/uploads\/2024\/09\/Honos-glass_125-900x706-1-600x471.png 600w, https:\/\/aflamo.shop\/wp-content\/uploads\/2024\/09\/Honos-glass_125-900x706-1-300x235.png 300w, https:\/\/aflamo.shop\/wp-content\/uploads\/2024\/09\/Honos-glass_125-900x706-1-768x602.png 768w\" sizes=\"(max-width: 900px) 100vw, 900px\" \/><\/p>\n<p>&nbsp;<\/p>\n<p><strong>Ehrungen 155<\/strong><\/p>\n<ul>\n<li>2 x Brenner 53<\/li>\n<li>Fassungsverm\u00f6gen 2 x 0,75 Liter<\/li>\n<li>Brenndauer 1h 20min<\/li>\n<\/ul>\n<p><img loading=\"lazy\" decoding=\"async\" class=\"alignnone wp-image-10818 size-full\" src=\"https:\/\/aflamo.shop\/wp-content\/uploads\/2024\/09\/Honos-glass_155-900x560-1.png\" alt=\"\" width=\"900\" height=\"560\" srcset=\"https:\/\/aflamo.shop\/wp-content\/uploads\/2024\/09\/Honos-glass_155-900x560-1.png 900w, https:\/\/aflamo.shop\/wp-content\/uploads\/2024\/09\/Honos-glass_155-900x560-1-600x373.png 600w, https:\/\/aflamo.shop\/wp-content\/uploads\/2024\/09\/Honos-glass_155-900x560-1-300x187.png 300w, https:\/\/aflamo.shop\/wp-content\/uploads\/2024\/09\/Honos-glass_155-900x560-1-768x478.png 768w\" sizes=\"(max-width: 900px) 100vw, 900px\" \/><\/p>\n<p>&nbsp;<\/p>\n<p><strong>Honos 185<\/strong><\/p>\n<ul>\n<li>2 x Brenner 80<\/li>\n<li>Fassungsverm\u00f6gen 2 x 1,24 Liter<\/li>\n<li>Brenndauer 75min<\/li>\n<\/ul>\n<p><img loading=\"lazy\" decoding=\"async\" class=\"alignnone wp-image-10821 size-full\" src=\"https:\/\/aflamo.shop\/wp-content\/uploads\/2024\/09\/Honos-glass_185-900x515-1.png\" alt=\"\" width=\"900\" height=\"515\" srcset=\"https:\/\/aflamo.shop\/wp-content\/uploads\/2024\/09\/Honos-glass_185-900x515-1.png 900w, https:\/\/aflamo.shop\/wp-content\/uploads\/2024\/09\/Honos-glass_185-900x515-1-600x343.png 600w, https:\/\/aflamo.shop\/wp-content\/uploads\/2024\/09\/Honos-glass_185-900x515-1-300x172.png 300w, https:\/\/aflamo.shop\/wp-content\/uploads\/2024\/09\/Honos-glass_185-900x515-1-768x439.png 768w\" sizes=\"(max-width: 900px) 100vw, 900px\" \/><\/p>\n<p>&nbsp;<\/p>\n<\/div>\n<\/div>\n<\/div>\n<\/div>\n<\/div>\n<\/div>\n<\/section>\n<\/div>\n<\/div>\n","protected":false},"excerpt":{"rendered":"<p><b>Modell:<\/b><\/p>\n<ul>\n<li><a href=\"https:\/\/aflamo.shop\/de\/p\/aflamo-honos-65-mit-glas-wand-eingebauter-kamin\/\">65<\/a><\/li>\n<li><a href=\"https:\/\/aflamo.shop\/de\/p\/aflamo-honos-90-mit-glas-wand-eingebauter-kamin\/\">90<\/a><\/li>\n<li><a href=\"https:\/\/aflamo.shop\/de\/p\/aflamo-honos-125-mit-glas-wand-eingebauter-kamin\/\">125<\/a><\/li>\n<li><a href=\"https:\/\/aflamo.shop\/de\/p\/aflamo-honos-155-mit-glas-wand-eingebauter-kamin\/\">155<\/a><\/li>\n<li><a href=\"https:\/\/aflamo.shop\/de\/p\/aflamo-honos-185-mit-glas-wand-eingebauter-kamin\/\">185<\/a><\/li>\n<\/ul>\n<p><a href=\"https:\/\/aflamo.shop\/de\/p\/aflamo-honos-185-wand-einbau-biokamin\/\"><b>Modelle ohne Glas:<\/b><\/a><\/p>\n<p><a href=\"https:\/\/aflamo.shop\/wp-content\/uploads\/2024\/09\/bio_manual_EN-PL-DE-FR-ES-IT-5.pdf\">Gebrauchsanweisung<\/a><\/p>\n<p><a href=\"https:\/\/aflamo.shop\/wp-content\/uploads\/2024\/09\/Juno_Honos_glass_installation_EN-PL-DE-FR-ES-IT-4.pdf\"><br \/>\nVerglasung Einbauanleitung<\/a><\/p>\n<p><a href=\"https:\/\/aflamo.shop\/wp-content\/uploads\/2024\/09\/Juno_Honos_manual_EN-PL-DE-FR-ES-IT-2.pdf\">Installationsanleitung f\u00fcr den Biokamin<\/a><\/p>\n<p><a href=\"https:\/\/aflamo.shop\/wp-content\/uploads\/2024\/09\/Safety_instructions_EN-PL-DE-IT-ES-FR-CS-SK-NL-5.pdf\">Wichtige Sicherheitsinformationen<\/a><\/p>\n<p><b>Ma\u00dfe:<\/b> 185 x 45 x 15 cm<b><\/p>\n","protected":false},"featured_media":14993,"comment_status":"open","ping_status":"closed","template":"","meta":[],"product_brand":[],"product_cat":[799,991,869],"product_tag":[],"class_list":{"0":"post-15055","1":"product","2":"type-product","3":"status-publish","4":"has-post-thumbnail","6":"product_cat-aflamo-de","7":"product_cat-ethanol-kamin","8":"product_cat-wand","10":"first","11":"outofstock","12":"shipping-taxable","13":"purchasable","14":"product-type-simple"},"yoast_head":"<!-- This site is optimized with the Yoast SEO plugin v27.1.1 - https:\/\/yoast.com\/product\/yoast-seo-wordpress\/ -->\n<title>Aflamo Honos 185 mit Glas - Wand\/eingebauter Biokamin - aflamo.shop-zertifizierter aflamo-H\u00e4ndler<\/title>\n<meta name=\"description\" content=\"Honos Wand-Biokamin mit Glas - minimalistisches Design und Eleganz. Schafft eine warme Atmosph\u00e4re, die andere Dekorationen \u00fcberfl\u00fcssig macht.\" \/>\n<meta name=\"robots\" content=\"index, follow, max-snippet:-1, max-image-preview:large, max-video-preview:-1\" \/>\n<link rel=\"canonical\" href=\"https:\/\/aflamo.shop\/de\/p\/aflamo-honos-185-mit-glas-wand-eingebauter-biokamin\/\" \/>\n<meta property=\"og:locale\" content=\"de_DE\" \/>\n<meta property=\"og:type\" content=\"article\" \/>\n<meta property=\"og:title\" content=\"Aflamo Honos 185 mit Glas - Wand\/eingebauter Biokamin - aflamo.shop-zertifizierter aflamo-H\u00e4ndler\" \/>\n<meta property=\"og:description\" content=\"Honos Wand-Biokamin mit Glas - minimalistisches Design und Eleganz. Schafft eine warme Atmosph\u00e4re, die andere Dekorationen \u00fcberfl\u00fcssig macht.\" \/>\n<meta property=\"og:url\" content=\"https:\/\/aflamo.shop\/de\/p\/aflamo-honos-185-mit-glas-wand-eingebauter-biokamin\/\" \/>\n<meta property=\"og:site_name\" content=\"aflamo.shop-zertifizierter aflamo-H\u00e4ndler\" \/>\n<meta property=\"article:modified_time\" content=\"2025-05-19T11:11:45+00:00\" \/>\n<meta property=\"og:image\" content=\"https:\/\/aflamo.shop\/wp-content\/uploads\/2024\/09\/Honos_glass_front_flame-1praw-3.jpg\" \/>\n\t<meta property=\"og:image:width\" content=\"266\" \/>\n\t<meta property=\"og:image:height\" content=\"200\" \/>\n\t<meta property=\"og:image:type\" content=\"image\/jpeg\" \/>\n<meta name=\"twitter:card\" content=\"summary_large_image\" \/>\n<meta name=\"twitter:label1\" content=\"Gesch\u00e4tzte Lesezeit\" \/>\n\t<meta name=\"twitter:data1\" content=\"5\u00a0Minuten\" \/>\n<script type=\"application\/ld+json\" class=\"yoast-schema-graph\">{\"@context\":\"https:\/\/schema.org\",\"@graph\":[{\"@type\":\"WebPage\",\"@id\":\"https:\/\/aflamo.shop\/de\/p\/aflamo-honos-185-mit-glas-wand-eingebauter-biokamin\/\",\"url\":\"https:\/\/aflamo.shop\/de\/p\/aflamo-honos-185-mit-glas-wand-eingebauter-biokamin\/\",\"name\":\"Aflamo Honos 185 mit Glas - Wand\/eingebauter Biokamin - aflamo.shop-zertifizierter aflamo-H\u00e4ndler\",\"isPartOf\":{\"@id\":\"https:\/\/aflamo.shop\/de\/#website\"},\"primaryImageOfPage\":{\"@id\":\"https:\/\/aflamo.shop\/de\/p\/aflamo-honos-185-mit-glas-wand-eingebauter-biokamin\/#primaryimage\"},\"image\":{\"@id\":\"https:\/\/aflamo.shop\/de\/p\/aflamo-honos-185-mit-glas-wand-eingebauter-biokamin\/#primaryimage\"},\"thumbnailUrl\":\"https:\/\/aflamo.shop\/wp-content\/uploads\/2024\/09\/Honos_glass_front_flame-1praw-3.jpg\",\"datePublished\":\"2024-09-09T10:37:20+00:00\",\"dateModified\":\"2025-05-19T11:11:45+00:00\",\"description\":\"Honos Wand-Biokamin mit Glas - minimalistisches Design und Eleganz. Schafft eine warme Atmosph\u00e4re, die andere Dekorationen \u00fcberfl\u00fcssig macht.\",\"breadcrumb\":{\"@id\":\"https:\/\/aflamo.shop\/de\/p\/aflamo-honos-185-mit-glas-wand-eingebauter-biokamin\/#breadcrumb\"},\"inLanguage\":\"de\",\"potentialAction\":[{\"@type\":\"ReadAction\",\"target\":[\"https:\/\/aflamo.shop\/de\/p\/aflamo-honos-185-mit-glas-wand-eingebauter-biokamin\/\"]}]},{\"@type\":\"ImageObject\",\"inLanguage\":\"de\",\"@id\":\"https:\/\/aflamo.shop\/de\/p\/aflamo-honos-185-mit-glas-wand-eingebauter-biokamin\/#primaryimage\",\"url\":\"https:\/\/aflamo.shop\/wp-content\/uploads\/2024\/09\/Honos_glass_front_flame-1praw-3.jpg\",\"contentUrl\":\"https:\/\/aflamo.shop\/wp-content\/uploads\/2024\/09\/Honos_glass_front_flame-1praw-3.jpg\",\"width\":266,\"height\":200},{\"@type\":\"BreadcrumbList\",\"@id\":\"https:\/\/aflamo.shop\/de\/p\/aflamo-honos-185-mit-glas-wand-eingebauter-biokamin\/#breadcrumb\",\"itemListElement\":[{\"@type\":\"ListItem\",\"position\":1,\"name\":\"Strona g\u0142\u00f3wna\",\"item\":\"https:\/\/aflamo.shop\/de\/startseite\/\"},{\"@type\":\"ListItem\",\"position\":2,\"name\":\"Shop\",\"item\":\"https:\/\/aflamo.shop\/shop\/\"},{\"@type\":\"ListItem\",\"position\":3,\"name\":\"Aflamo\",\"item\":\"https:\/\/aflamo.shop\/de\/s\/aflamo-de\/\"},{\"@type\":\"ListItem\",\"position\":4,\"name\":\"Aflamo Honos 185 mit Glas &#8211; Wand\/eingebauter Biokamin\"}]},{\"@type\":\"WebSite\",\"@id\":\"https:\/\/aflamo.shop\/de\/#website\",\"url\":\"https:\/\/aflamo.shop\/de\/\",\"name\":\"aflamo.shop-zertifizierter aflamo-H\u00e4ndler\",\"description\":\"Kominki elektryczne Aflamo i Emotion Flame z funkcj\u0105 grzania\",\"potentialAction\":[{\"@type\":\"SearchAction\",\"target\":{\"@type\":\"EntryPoint\",\"urlTemplate\":\"https:\/\/aflamo.shop\/de\/?s={search_term_string}\"},\"query-input\":{\"@type\":\"PropertyValueSpecification\",\"valueRequired\":true,\"valueName\":\"search_term_string\"}}],\"inLanguage\":\"de\"}]}<\/script>\n<!-- \/ Yoast SEO plugin. -->","yoast_head_json":{"title":"Aflamo Honos 185 mit Glas - Wand\/eingebauter Biokamin - aflamo.shop-zertifizierter aflamo-H\u00e4ndler","description":"Honos Wand-Biokamin mit Glas - minimalistisches Design und Eleganz. Schafft eine warme Atmosph\u00e4re, die andere Dekorationen \u00fcberfl\u00fcssig macht.","robots":{"index":"index","follow":"follow","max-snippet":"max-snippet:-1","max-image-preview":"max-image-preview:large","max-video-preview":"max-video-preview:-1"},"canonical":"https:\/\/aflamo.shop\/de\/p\/aflamo-honos-185-mit-glas-wand-eingebauter-biokamin\/","og_locale":"de_DE","og_type":"article","og_title":"Aflamo Honos 185 mit Glas - Wand\/eingebauter Biokamin - aflamo.shop-zertifizierter aflamo-H\u00e4ndler","og_description":"Honos Wand-Biokamin mit Glas - minimalistisches Design und Eleganz. Schafft eine warme Atmosph\u00e4re, die andere Dekorationen \u00fcberfl\u00fcssig macht.","og_url":"https:\/\/aflamo.shop\/de\/p\/aflamo-honos-185-mit-glas-wand-eingebauter-biokamin\/","og_site_name":"aflamo.shop-zertifizierter aflamo-H\u00e4ndler","article_modified_time":"2025-05-19T11:11:45+00:00","og_image":[{"width":266,"height":200,"url":"https:\/\/aflamo.shop\/wp-content\/uploads\/2024\/09\/Honos_glass_front_flame-1praw-3.jpg","type":"image\/jpeg"}],"twitter_card":"summary_large_image","twitter_misc":{"Gesch\u00e4tzte Lesezeit":"5\u00a0Minuten"},"schema":{"@context":"https:\/\/schema.org","@graph":[{"@type":"WebPage","@id":"https:\/\/aflamo.shop\/de\/p\/aflamo-honos-185-mit-glas-wand-eingebauter-biokamin\/","url":"https:\/\/aflamo.shop\/de\/p\/aflamo-honos-185-mit-glas-wand-eingebauter-biokamin\/","name":"Aflamo Honos 185 mit Glas - Wand\/eingebauter Biokamin - aflamo.shop-zertifizierter aflamo-H\u00e4ndler","isPartOf":{"@id":"https:\/\/aflamo.shop\/de\/#website"},"primaryImageOfPage":{"@id":"https:\/\/aflamo.shop\/de\/p\/aflamo-honos-185-mit-glas-wand-eingebauter-biokamin\/#primaryimage"},"image":{"@id":"https:\/\/aflamo.shop\/de\/p\/aflamo-honos-185-mit-glas-wand-eingebauter-biokamin\/#primaryimage"},"thumbnailUrl":"https:\/\/aflamo.shop\/wp-content\/uploads\/2024\/09\/Honos_glass_front_flame-1praw-3.jpg","datePublished":"2024-09-09T10:37:20+00:00","dateModified":"2025-05-19T11:11:45+00:00","description":"Honos Wand-Biokamin mit Glas - minimalistisches Design und Eleganz. Schafft eine warme Atmosph\u00e4re, die andere Dekorationen \u00fcberfl\u00fcssig macht.","breadcrumb":{"@id":"https:\/\/aflamo.shop\/de\/p\/aflamo-honos-185-mit-glas-wand-eingebauter-biokamin\/#breadcrumb"},"inLanguage":"de","potentialAction":[{"@type":"ReadAction","target":["https:\/\/aflamo.shop\/de\/p\/aflamo-honos-185-mit-glas-wand-eingebauter-biokamin\/"]}]},{"@type":"ImageObject","inLanguage":"de","@id":"https:\/\/aflamo.shop\/de\/p\/aflamo-honos-185-mit-glas-wand-eingebauter-biokamin\/#primaryimage","url":"https:\/\/aflamo.shop\/wp-content\/uploads\/2024\/09\/Honos_glass_front_flame-1praw-3.jpg","contentUrl":"https:\/\/aflamo.shop\/wp-content\/uploads\/2024\/09\/Honos_glass_front_flame-1praw-3.jpg","width":266,"height":200},{"@type":"BreadcrumbList","@id":"https:\/\/aflamo.shop\/de\/p\/aflamo-honos-185-mit-glas-wand-eingebauter-biokamin\/#breadcrumb","itemListElement":[{"@type":"ListItem","position":1,"name":"Strona g\u0142\u00f3wna","item":"https:\/\/aflamo.shop\/de\/startseite\/"},{"@type":"ListItem","position":2,"name":"Shop","item":"https:\/\/aflamo.shop\/shop\/"},{"@type":"ListItem","position":3,"name":"Aflamo","item":"https:\/\/aflamo.shop\/de\/s\/aflamo-de\/"},{"@type":"ListItem","position":4,"name":"Aflamo Honos 185 mit Glas &#8211; Wand\/eingebauter Biokamin"}]},{"@type":"WebSite","@id":"https:\/\/aflamo.shop\/de\/#website","url":"https:\/\/aflamo.shop\/de\/","name":"aflamo.shop-zertifizierter aflamo-H\u00e4ndler","description":"Kominki elektryczne Aflamo i Emotion Flame z funkcj\u0105 grzania","potentialAction":[{"@type":"SearchAction","target":{"@type":"EntryPoint","urlTemplate":"https:\/\/aflamo.shop\/de\/?s={search_term_string}"},"query-input":{"@type":"PropertyValueSpecification","valueRequired":true,"valueName":"search_term_string"}}],"inLanguage":"de"}]}},"_links":{"self":[{"href":"https:\/\/aflamo.shop\/de\/wp-json\/wp\/v2\/product\/15055","targetHints":{"allow":["GET"]}}],"collection":[{"href":"https:\/\/aflamo.shop\/de\/wp-json\/wp\/v2\/product"}],"about":[{"href":"https:\/\/aflamo.shop\/de\/wp-json\/wp\/v2\/types\/product"}],"replies":[{"embeddable":true,"href":"https:\/\/aflamo.shop\/de\/wp-json\/wp\/v2\/comments?post=15055"}],"wp:featuredmedia":[{"embeddable":true,"href":"https:\/\/aflamo.shop\/de\/wp-json\/wp\/v2\/media\/14993"}],"wp:attachment":[{"href":"https:\/\/aflamo.shop\/de\/wp-json\/wp\/v2\/media?parent=15055"}],"wp:term":[{"taxonomy":"product_brand","embeddable":true,"href":"https:\/\/aflamo.shop\/de\/wp-json\/wp\/v2\/product_brand?post=15055"},{"taxonomy":"product_cat","embeddable":true,"href":"https:\/\/aflamo.shop\/de\/wp-json\/wp\/v2\/product_cat?post=15055"},{"taxonomy":"product_tag","embeddable":true,"href":"https:\/\/aflamo.shop\/de\/wp-json\/wp\/v2\/product_tag?post=15055"}],"curies":[{"name":"wp","href":"https:\/\/api.w.org\/{rel}","templated":true}]}}