{"id":14818,"date":"2024-11-08T14:08:20","date_gmt":"2024-11-08T14:08:20","guid":{"rendered":"https:\/\/aflamo.shop\/p\/aflamo-3d-elektrischer-led-einsatz-modell-60x60\/"},"modified":"2025-05-15T11:29:18","modified_gmt":"2025-05-15T11:29:18","slug":"aflamo-3d-elektrischer-led-einsatz-modell-60x60","status":"publish","type":"product","link":"https:\/\/aflamo.shop\/de\/p\/aflamo-3d-elektrischer-led-einsatz-modell-60x60\/","title":{"rendered":"Aflamo 3D elektrischer LED-Einsatz Modell 60&#215;60"},"content":{"rendered":"<p><iframe title=\"YouTube-Video-Player\" src=\"https:\/\/www.youtube.com\/embed\/NmP5C1chSAk?si=DJSHFVvXYyBcucx9\" width=\"560\" height=\"315\" frameborder=\"0\"><span data-mce-type=\"bookmark\" style=\"display: inline-block; width: 0px; overflow: hidden; line-height: 0;\" class=\"mce_SELRES_start\"><\/span><\/iframe><\/p>\n<h3>AFLAMO 3D-Kamineinsatz &#8211; Dreidimensionale Magie der Flamme<\/h3>\n<p><strong>Der AFLAMO 3D-Kamineinsatz<\/strong> ist die perfekte M\u00f6glichkeit, die Atmosph\u00e4re eines echten Feuers in Ihr Zuhause zu bringen, ohne dass Sie daf\u00fcr Holz ben\u00f6tigen. Der einzigartige realistische Flammeneffekt des <strong>AFLAMO PLUS<\/strong> und die gl\u00fchende Feuerstelle erzeugen ein beeindruckendes dreidimensionales Bild, das die W\u00e4rme und das gem\u00fctliche Gl\u00fchen eines Feuers in Ihr Zuhause bringt. <\/p>\n<h4><strong>Merkmale:<\/strong><\/h4>\n<ul>\n<li><strong>Dreidimensionale Flammenqualit\u00e4t<\/strong> &#8211; Sp\u00fcren Sie den Unterschied! W\u00e4hlen Sie aus <strong>3 Flammenfarben<\/strong> und <strong>13 Beleuchtungsfarben<\/strong> f\u00fcr die perfekte Anpassung an Ihre Stimmung. <\/li>\n<\/ul>\n<p><img fetchpriority=\"high\" decoding=\"async\" src=\"https:\/\/kominek-elektryczny.com.pl\/img\/cms\/unique_flame_insert-3d.jpg\" alt=\"3D-Flammen-Effekt\" width=\"459\" height=\"280\"><\/p>\n<ul>\n<li><strong>Beeindruckende Feuerstelle<\/strong> &#8211; Das Set enth\u00e4lt durchscheinende Holzscheite, die gl\u00fchendes Holz perfekt imitieren.<\/li>\n<\/ul>\n<p><img decoding=\"async\" src=\"https:\/\/kominek-elektryczny.com.pl\/img\/cms\/unique_logs_royal-pro.jpg\" alt=\"Transluzente Kn\u00fcppel\" width=\"462\" height=\"282\"><\/p>\n<ul>\n<li><strong>Ger\u00e4usch von brennendem Holz<\/strong> &#8211; Der eingebaute Lautsprecher gibt das Ger\u00e4usch eines knisternden Feuers wieder und schafft so eine noch realistischere Atmosph\u00e4re.<\/li>\n<\/ul>\n<p><img decoding=\"async\" src=\"https:\/\/kominek-elektryczny.com.pl\/img\/cms\/unique_sound_insert-3d.jpg\" alt=\"Ger\u00e4usch von brennendem Holz\" width=\"467\" height=\"285\"><\/p>\n<h4><strong>Mobile und Sprachsteuerung:<\/strong><\/h4>\n<p><iframe title=\"YouTube-Video-Player\" src=\"https:\/\/www.youtube.com\/embed\/H9frj9fGZnY?si=YHNoy3_uQ_P_q10N\" width=\"560\" height=\"315\" frameborder=\"0\" allowfullscreen=\"allowfullscreen\"><\/iframe><\/p>\n<ul>\n<li><strong>Mobile App<\/strong> &#8211; Alle Kaminfunktionen auf Android- und iOS-Ger\u00e4ten verf\u00fcgbar. Schalten Sie Ihren Kamin von Ihrem Telefon aus ein, aus oder passen Sie ihn an, indem Sie die &#8222;AFLAMO&#8220; App von Google Play oder dem Apple Store herunterladen. <\/li>\n<li><strong>Sprachsteuerung mit Amazon Alexa<\/strong> &#8211; Schalten Sie Ihren Kamin mit einfachen Sprachbefehlen ein und aus.<\/li>\n<\/ul>\n<p><img loading=\"lazy\" decoding=\"async\" src=\"https:\/\/kominek-elektryczny.com.pl\/img\/cms\/unique_app_insert-3d.jpg\" alt=\"Mobile Anwendung\" width=\"492\" height=\"300\"><\/p>\n<h4><strong>Verf\u00fcgbare Abmessungen:<\/strong><\/h4>\n<p>Passen Sie den Kamin an Ihre Einrichtung an, indem Sie die richtige Gr\u00f6\u00dfe w\u00e4hlen:<\/p>\n<p><img loading=\"lazy\" decoding=\"async\" src=\"https:\/\/kominek-elektryczny.com.pl\/img\/cms\/unique_insert-3d.jpg\" alt=\"Abmessungen verf\u00fcgbar\" width=\"492\" height=\"300\"><\/p>\n<ul>\n<li>60 x 45 x 20 cm<\/li>\n<li>75 x 45 x 20 cm<\/li>\n<li>90 x 45 x 20 cm<\/li>\n<li>40 x 60 x 20 cm<\/li>\n<li>60 x 60 x 20 cm<\/li>\n<li>80 x 60 x 20 cm<\/li>\n<li>100 x 60 x 20 cm<\/li>\n<\/ul>\n<h4><strong>Kamin und Flamme &#8211; Der realistischste Feuereffekt<\/strong><\/h4>\n<p><strong>Flamme:<\/strong><\/p>\n<ul>\n<li>3 Flammenfarben<\/li>\n<li>5 Helligkeitsstufen<\/li>\n<li>5 Flammengeschwindigkeiten<\/li>\n<\/ul>\n<p><img loading=\"lazy\" decoding=\"async\" src=\"https:\/\/kominek-elektryczny.com.pl\/img\/cms\/Royal-3D_flame_colors.jpg\" alt=\"Flammenfarben\" width=\"416\" height=\"273\"><\/p>\n<p><strong>Ofen:<\/strong><\/p>\n<ul>\n<li>2 Arten von Feuerstellen enthalten: Holzscheite und Kristalle<\/li>\n<li>13 Farben f\u00fcr die Beleuchtung des Kamins<\/li>\n<li>5 Helligkeitsstufen<\/li>\n<\/ul>\n<p><img loading=\"lazy\" decoding=\"async\" src=\"https:\/\/kominek-elektryczny.com.pl\/img\/cms\/polana_krysztaly-e1603875138523.png\" alt=\"Kamin - Glade und Kristalle\" width=\"413\" height=\"297\"><\/p>\n<h4><strong>Komfort und Bequemlichkeit:<\/strong><\/h4>\n<ul>\n<li><strong>Fernbedienung<\/strong> &#8211; \u00c4ndern Sie die Einstellungen des Kamins vom Sofa aus.<\/li>\n<li><strong>Timer<\/strong> &#8211; Automatische Abschaltung des Kamins f\u00fcr Komfort und Sicherheit.<\/li>\n<li><strong>Ausblasbare Heizfunktion<\/strong> &#8211; Heizen Sie den Raum sofort wieder auf und halten Sie eine angenehme Temperatur aufrecht, ohne dass Sie zus\u00e4tzlich l\u00fcften m\u00fcssen.<\/li>\n<li><strong>Ganzj\u00e4hriger Betrieb<\/strong> &#8211; Genie\u00dfen Sie den Flammeneffekt zu jeder Jahreszeit und schalten Sie die Heizung je nach Bedarf ein oder aus.<\/li>\n<\/ul>\n<h4><strong>Benutzerfreundlichkeit:<\/strong><\/h4>\n<p>Vergessen Sie die Lagerung von Holz, die Reinigung von Asche und Rauch. Schalten Sie einfach den Kamin ein und genie\u00dfen Sie die Sch\u00f6nheit des Feuers ohne viel Aufhebens. <\/p>\n<h4><strong>Sicherheit und \u00d6kologie:<\/strong><\/h4>\n<ul>\n<li><strong>Cooles Glas<\/strong> &#8211; Sicher f\u00fcr Kinder und Haustiere, erhitzt sich nicht.<\/li>\n<li><strong>Sicherheitssensor f\u00fcr die Heizung<\/strong> &#8211; Automatische Abschaltung, wenn der Luftauslass verstopft ist.<\/li>\n<li><strong>Eine \u00f6kologische Wahl<\/strong> &#8211; Keine Kohlendioxid- oder Schadstoffemissionen, keine Verschmutzung durch Ru\u00df oder Asche in Innenr\u00e4umen.<\/li>\n<\/ul>\n<h4><strong>Energiesparendes und effizientes Heizen:<\/strong><\/h4>\n<ul>\n<li><strong>LED-Technologie<\/strong> &#8211; Niedrige Kosten f\u00fcr den Flammeneffekt, nur 1-2 Cent pro Stunde.<\/li>\n<li><strong>Sensor f\u00fcr offene Fenster<\/strong> &#8211; Automatische Abschaltung der Heizung bei pl\u00f6tzlichem Temperaturabfall.<\/li>\n<li><strong>Thermostat<\/strong> &#8211; Temperatureinstellung von 18-30\u00b0C, mit zwei Stufen der Heizleistung.<\/li>\n<\/ul>\n<p><strong>Der AFLAMO 3D-Kamineinsatz<\/strong> vereint modernes Design, Funktionalit\u00e4t und Komfort. Mit fortschrittlichen Steuerungsfunktionen und extrem realistischen Flammeneffekten und dem Ger\u00e4usch von brennendem Holz ist er die ideale Wahl f\u00fcr alle, die die Magie des Feuers in einer vollst\u00e4ndig kontrollierten und sicheren Form in ihr Heim bringen m\u00f6chten. <\/p>\n<h4><strong>Technische Zeichnungen<\/strong><\/h4>\n<ul>\n<li style=\"list-style-type: none;\">\n<ul>3D Einsatz Modell 60&#215;45<\/ul>\n<\/li>\n<\/ul>\n<p><img loading=\"lazy\" decoding=\"async\" class=\"aligncenter wp-image-11333 size-full\" src=\"https:\/\/aflamo.shop\/wp-content\/uploads\/2024\/11\/3D_45x60.png\" alt=\"\" width=\"941\" height=\"640\" srcset=\"https:\/\/aflamo.shop\/wp-content\/uploads\/2024\/11\/3D_45x60.png 941w, https:\/\/aflamo.shop\/wp-content\/uploads\/2024\/11\/3D_45x60-600x408.png 600w, https:\/\/aflamo.shop\/wp-content\/uploads\/2024\/11\/3D_45x60-300x204.png 300w, https:\/\/aflamo.shop\/wp-content\/uploads\/2024\/11\/3D_45x60-768x522.png 768w\" sizes=\"(max-width: 941px) 100vw, 941px\" \/><\/p>\n<p>&nbsp;<\/p>\n<ul>\n<li style=\"list-style-type: none;\">\n<ul>3D Einsatz Modell 75&#215;45<\/ul>\n<\/li>\n<\/ul>\n<p><img loading=\"lazy\" decoding=\"async\" class=\"aligncenter wp-image-11336 size-full\" src=\"https:\/\/aflamo.shop\/wp-content\/uploads\/2024\/11\/3D_45x75.png\" alt=\"\" width=\"974\" height=\"598\" srcset=\"https:\/\/aflamo.shop\/wp-content\/uploads\/2024\/11\/3D_45x75.png 974w, https:\/\/aflamo.shop\/wp-content\/uploads\/2024\/11\/3D_45x75-600x368.png 600w, https:\/\/aflamo.shop\/wp-content\/uploads\/2024\/11\/3D_45x75-300x184.png 300w, https:\/\/aflamo.shop\/wp-content\/uploads\/2024\/11\/3D_45x75-768x472.png 768w\" sizes=\"(max-width: 974px) 100vw, 974px\" \/><\/p>\n<ul>\n<li style=\"list-style-type: none;\">\n<ul>3D Einsatz Modell 90&#215;45<\/ul>\n<\/li>\n<\/ul>\n<p><img loading=\"lazy\" decoding=\"async\" class=\"aligncenter wp-image-11339 size-full\" src=\"https:\/\/aflamo.shop\/wp-content\/uploads\/2024\/11\/3D_45x90.png\" alt=\"\" width=\"1014\" height=\"567\" srcset=\"https:\/\/aflamo.shop\/wp-content\/uploads\/2024\/11\/3D_45x90.png 1014w, https:\/\/aflamo.shop\/wp-content\/uploads\/2024\/11\/3D_45x90-600x336.png 600w, https:\/\/aflamo.shop\/wp-content\/uploads\/2024\/11\/3D_45x90-300x168.png 300w, https:\/\/aflamo.shop\/wp-content\/uploads\/2024\/11\/3D_45x90-768x429.png 768w\" sizes=\"(max-width: 1014px) 100vw, 1014px\" \/><\/p>\n<ul>\n<li style=\"list-style-type: none;\">\n<ul>3D Einsatz Modell 60&#215;40<\/ul>\n<\/li>\n<\/ul>\n<p><img loading=\"lazy\" decoding=\"async\" class=\"alignnone wp-image-11342 size-full\" src=\"https:\/\/aflamo.shop\/wp-content\/uploads\/2024\/11\/3D_60x40.png\" alt=\"\" width=\"712\" height=\"687\" srcset=\"https:\/\/aflamo.shop\/wp-content\/uploads\/2024\/11\/3D_60x40.png 712w, https:\/\/aflamo.shop\/wp-content\/uploads\/2024\/11\/3D_60x40-600x579.png 600w, https:\/\/aflamo.shop\/wp-content\/uploads\/2024\/11\/3D_60x40-300x289.png 300w\" sizes=\"(max-width: 712px) 100vw, 712px\" \/><\/p>\n<ul>\n<li style=\"list-style-type: none;\">\n<ul>3D Einsatz Modell 60&#215;60<\/ul>\n<\/li>\n<\/ul>\n<p><img loading=\"lazy\" decoding=\"async\" class=\"aligncenter wp-image-11345 size-full\" src=\"https:\/\/aflamo.shop\/wp-content\/uploads\/2024\/11\/3D_60x60.png\" alt=\"\" width=\"891\" height=\"705\" srcset=\"https:\/\/aflamo.shop\/wp-content\/uploads\/2024\/11\/3D_60x60.png 891w, https:\/\/aflamo.shop\/wp-content\/uploads\/2024\/11\/3D_60x60-600x475.png 600w, https:\/\/aflamo.shop\/wp-content\/uploads\/2024\/11\/3D_60x60-300x237.png 300w, https:\/\/aflamo.shop\/wp-content\/uploads\/2024\/11\/3D_60x60-768x608.png 768w\" sizes=\"(max-width: 891px) 100vw, 891px\" \/><\/p>\n<ul>\n<li style=\"list-style-type: none;\">\n<ul>3D Einsatz Modell 80&#215;60<\/ul>\n<\/li>\n<\/ul>\n<p><img loading=\"lazy\" decoding=\"async\" class=\"aligncenter wp-image-11348 size-full\" src=\"https:\/\/aflamo.shop\/wp-content\/uploads\/2024\/11\/3D_60x80.png\" alt=\"\" width=\"985\" height=\"678\" srcset=\"https:\/\/aflamo.shop\/wp-content\/uploads\/2024\/11\/3D_60x80.png 985w, https:\/\/aflamo.shop\/wp-content\/uploads\/2024\/11\/3D_60x80-600x413.png 600w, https:\/\/aflamo.shop\/wp-content\/uploads\/2024\/11\/3D_60x80-300x206.png 300w, https:\/\/aflamo.shop\/wp-content\/uploads\/2024\/11\/3D_60x80-768x529.png 768w\" sizes=\"(max-width: 985px) 100vw, 985px\" \/><\/p>\n<ul>3D Einsatz Modell 100&#215;60<\/ul>\n<p><img loading=\"lazy\" decoding=\"async\" class=\"aligncenter wp-image-11351 size-full\" src=\"https:\/\/aflamo.shop\/wp-content\/uploads\/2024\/11\/3D_60x100.png\" alt=\"\" width=\"1016\" height=\"620\" srcset=\"https:\/\/aflamo.shop\/wp-content\/uploads\/2024\/11\/3D_60x100.png 1016w, https:\/\/aflamo.shop\/wp-content\/uploads\/2024\/11\/3D_60x100-600x366.png 600w, https:\/\/aflamo.shop\/wp-content\/uploads\/2024\/11\/3D_60x100-300x183.png 300w, https:\/\/aflamo.shop\/wp-content\/uploads\/2024\/11\/3D_60x100-768x469.png 768w\" sizes=\"(max-width: 1016px) 100vw, 1016px\" \/><\/p>\n","protected":false},"excerpt":{"rendered":"<p>Hersteller: Aflamo<\/p>\n<p>F\u00fcr integrierte<\/p>\n<p><b>Modell:<\/b><\/p>\n<ul>\n<li><a href=\"https:\/\/aflamo.shop\/de\/p\/aflamo-3d-elektrischer-led-einsatz-modell-45x60\/\">45&#215;60<\/a><\/li>\n<li><a href=\"https:\/\/aflamo.shop\/de\/p\/aflamo-3d-elektrischer-led-einsatz-modell-45x75\/\">45&#215;75<\/a><\/li>\n<li><a href=\"https:\/\/aflamo.shop\/de\/p\/aflamo-3d-elektrischer-led-einsatz-modell-45x90\/\">45&#215;90<\/a><\/li>\n<li><a href=\"https:\/\/aflamo.shop\/de\/p\/aflamo-3d-elektrischer-led-einsatz-modell-60x100\/\">60&#215;100<\/a><\/li>\n<li><a href=\"https:\/\/aflamo.shop\/de\/p\/aflamo-3d-elektrischer-led-einsatz-modell-60x40\/\">60&#215;40<\/a><\/li>\n<li><a href=\"https:\/\/aflamo.shop\/de\/p\/aflamo-3d-elektrischer-led-einsatz-modell-60x60\/\">60&#215;60<\/a><\/li>\n<\/ul>\n<ul>\n<li><a href=\"https:\/\/aflamo.shop\/de\/p\/aflamo-3d-elektrischer-led-einsatz-modell-60x80\/\">60&#215;80<\/a><\/li>\n<\/ul>\n<p><a href=\"https:\/\/aflamo.shop\/wp-content\/uploads\/2024\/11\/Insert-3D_EN-PL-DE-IT-ES-FR-CS-SK-NL-2.pdf\">Bedienungs- und Sicherheitshinweise<\/a><\/p>\n<p><b>Abmessungen:<\/b> 60 x 60 x 20 cm<\/p>\n","protected":false},"featured_media":14800,"comment_status":"open","ping_status":"closed","template":"","meta":[],"product_brand":[],"product_cat":[799,801,800,806,805,803,802],"product_tag":[],"class_list":{"0":"post-14818","1":"product","2":"type-product","3":"status-publish","4":"has-post-thumbnail","6":"product_cat-aflamo-de","7":"product_cat-eingebaute-led-elektrokamine","8":"product_cat-elektrische-kamine","9":"product_cat-elektrische-kamine-mit-mobiler-app","10":"product_cat-elektrische-kamine-mit-sound","11":"product_cat-elektrische-led-einsatze","12":"product_cat-led-elektrokamine-mit-heizfunktion","14":"first","15":"instock","16":"shipping-taxable","17":"purchasable","18":"product-type-simple"},"yoast_head":"<!-- This site is optimized with the Yoast SEO plugin v27.1.1 - https:\/\/yoast.com\/product\/yoast-seo-wordpress\/ -->\n<title>Aflamo 3D elektrischer LED-Einsatz Modell 60x60 - aflamo.shop-zertifizierter aflamo-H\u00e4ndler<\/title>\n<meta name=\"description\" content=\"AFLAMO 3D Kamineinsatz - realistischer Flammeneffekt und gl\u00fchende Feuerstelle. Die AFLAMO PLUS-Technologie sorgt f\u00fcr dreidimensionalen Feuerzauber in Ihrem Zuhause.\" \/>\n<meta name=\"robots\" content=\"index, follow, max-snippet:-1, max-image-preview:large, max-video-preview:-1\" \/>\n<link rel=\"canonical\" href=\"https:\/\/aflamo.shop\/de\/p\/aflamo-3d-elektrischer-led-einsatz-modell-60x60\/\" \/>\n<meta property=\"og:locale\" content=\"de_DE\" \/>\n<meta property=\"og:type\" content=\"article\" \/>\n<meta property=\"og:title\" content=\"Aflamo 3D elektrischer LED-Einsatz Modell 60x60 - aflamo.shop-zertifizierter aflamo-H\u00e4ndler\" \/>\n<meta property=\"og:description\" content=\"AFLAMO 3D Kamineinsatz - realistischer Flammeneffekt und gl\u00fchende Feuerstelle. Die AFLAMO PLUS-Technologie sorgt f\u00fcr dreidimensionalen Feuerzauber in Ihrem Zuhause.\" \/>\n<meta property=\"og:url\" content=\"https:\/\/aflamo.shop\/de\/p\/aflamo-3d-elektrischer-led-einsatz-modell-60x60\/\" \/>\n<meta property=\"og:site_name\" content=\"aflamo.shop-zertifizierter aflamo-H\u00e4ndler\" \/>\n<meta property=\"article:modified_time\" content=\"2025-05-15T11:29:18+00:00\" \/>\n<meta property=\"og:image\" content=\"https:\/\/aflamo.shop\/wp-content\/uploads\/2024\/11\/INSERT-3D-45x75_front_01.jpg\" \/>\n\t<meta property=\"og:image:width\" content=\"2048\" \/>\n\t<meta property=\"og:image:height\" content=\"2048\" \/>\n\t<meta property=\"og:image:type\" content=\"image\/jpeg\" \/>\n<meta name=\"twitter:card\" content=\"summary_large_image\" \/>\n<meta name=\"twitter:label1\" content=\"Gesch\u00e4tzte Lesezeit\" \/>\n\t<meta name=\"twitter:data1\" content=\"7\u00a0Minuten\" \/>\n<script type=\"application\/ld+json\" class=\"yoast-schema-graph\">{\"@context\":\"https:\/\/schema.org\",\"@graph\":[{\"@type\":\"WebPage\",\"@id\":\"https:\/\/aflamo.shop\/de\/p\/aflamo-3d-elektrischer-led-einsatz-modell-60x60\/\",\"url\":\"https:\/\/aflamo.shop\/de\/p\/aflamo-3d-elektrischer-led-einsatz-modell-60x60\/\",\"name\":\"Aflamo 3D elektrischer LED-Einsatz Modell 60x60 - aflamo.shop-zertifizierter aflamo-H\u00e4ndler\",\"isPartOf\":{\"@id\":\"https:\/\/aflamo.shop\/de\/#website\"},\"primaryImageOfPage\":{\"@id\":\"https:\/\/aflamo.shop\/de\/p\/aflamo-3d-elektrischer-led-einsatz-modell-60x60\/#primaryimage\"},\"image\":{\"@id\":\"https:\/\/aflamo.shop\/de\/p\/aflamo-3d-elektrischer-led-einsatz-modell-60x60\/#primaryimage\"},\"thumbnailUrl\":\"https:\/\/aflamo.shop\/wp-content\/uploads\/2024\/11\/INSERT-3D-45x75_front_01.jpg\",\"datePublished\":\"2024-11-08T14:08:20+00:00\",\"dateModified\":\"2025-05-15T11:29:18+00:00\",\"description\":\"AFLAMO 3D Kamineinsatz - realistischer Flammeneffekt und gl\u00fchende Feuerstelle. Die AFLAMO PLUS-Technologie sorgt f\u00fcr dreidimensionalen Feuerzauber in Ihrem Zuhause.\",\"breadcrumb\":{\"@id\":\"https:\/\/aflamo.shop\/de\/p\/aflamo-3d-elektrischer-led-einsatz-modell-60x60\/#breadcrumb\"},\"inLanguage\":\"de\",\"potentialAction\":[{\"@type\":\"ReadAction\",\"target\":[\"https:\/\/aflamo.shop\/de\/p\/aflamo-3d-elektrischer-led-einsatz-modell-60x60\/\"]}]},{\"@type\":\"ImageObject\",\"inLanguage\":\"de\",\"@id\":\"https:\/\/aflamo.shop\/de\/p\/aflamo-3d-elektrischer-led-einsatz-modell-60x60\/#primaryimage\",\"url\":\"https:\/\/aflamo.shop\/wp-content\/uploads\/2024\/11\/INSERT-3D-45x75_front_01.jpg\",\"contentUrl\":\"https:\/\/aflamo.shop\/wp-content\/uploads\/2024\/11\/INSERT-3D-45x75_front_01.jpg\",\"width\":2048,\"height\":2048},{\"@type\":\"BreadcrumbList\",\"@id\":\"https:\/\/aflamo.shop\/de\/p\/aflamo-3d-elektrischer-led-einsatz-modell-60x60\/#breadcrumb\",\"itemListElement\":[{\"@type\":\"ListItem\",\"position\":1,\"name\":\"Strona g\u0142\u00f3wna\",\"item\":\"https:\/\/aflamo.shop\/de\/startseite\/\"},{\"@type\":\"ListItem\",\"position\":2,\"name\":\"Shop\",\"item\":\"https:\/\/aflamo.shop\/shop\/\"},{\"@type\":\"ListItem\",\"position\":3,\"name\":\"Elektrische Kamine\",\"item\":\"https:\/\/aflamo.shop\/de\/s\/elektrische-kamine\/\"},{\"@type\":\"ListItem\",\"position\":4,\"name\":\"Eingebaute LED-Elektrokamine\",\"item\":\"https:\/\/aflamo.shop\/de\/s\/elektrische-kamine\/eingebaute-led-elektrokamine\/\"},{\"@type\":\"ListItem\",\"position\":5,\"name\":\"Aflamo 3D elektrischer LED-Einsatz Modell 60&#215;60\"}]},{\"@type\":\"WebSite\",\"@id\":\"https:\/\/aflamo.shop\/de\/#website\",\"url\":\"https:\/\/aflamo.shop\/de\/\",\"name\":\"aflamo.shop-zertifizierter aflamo-H\u00e4ndler\",\"description\":\"Kominki elektryczne Aflamo i Emotion Flame z funkcj\u0105 grzania\",\"potentialAction\":[{\"@type\":\"SearchAction\",\"target\":{\"@type\":\"EntryPoint\",\"urlTemplate\":\"https:\/\/aflamo.shop\/de\/?s={search_term_string}\"},\"query-input\":{\"@type\":\"PropertyValueSpecification\",\"valueRequired\":true,\"valueName\":\"search_term_string\"}}],\"inLanguage\":\"de\"}]}<\/script>\n<!-- \/ Yoast SEO plugin. -->","yoast_head_json":{"title":"Aflamo 3D elektrischer LED-Einsatz Modell 60x60 - aflamo.shop-zertifizierter aflamo-H\u00e4ndler","description":"AFLAMO 3D Kamineinsatz - realistischer Flammeneffekt und gl\u00fchende Feuerstelle. Die AFLAMO PLUS-Technologie sorgt f\u00fcr dreidimensionalen Feuerzauber in Ihrem Zuhause.","robots":{"index":"index","follow":"follow","max-snippet":"max-snippet:-1","max-image-preview":"max-image-preview:large","max-video-preview":"max-video-preview:-1"},"canonical":"https:\/\/aflamo.shop\/de\/p\/aflamo-3d-elektrischer-led-einsatz-modell-60x60\/","og_locale":"de_DE","og_type":"article","og_title":"Aflamo 3D elektrischer LED-Einsatz Modell 60x60 - aflamo.shop-zertifizierter aflamo-H\u00e4ndler","og_description":"AFLAMO 3D Kamineinsatz - realistischer Flammeneffekt und gl\u00fchende Feuerstelle. Die AFLAMO PLUS-Technologie sorgt f\u00fcr dreidimensionalen Feuerzauber in Ihrem Zuhause.","og_url":"https:\/\/aflamo.shop\/de\/p\/aflamo-3d-elektrischer-led-einsatz-modell-60x60\/","og_site_name":"aflamo.shop-zertifizierter aflamo-H\u00e4ndler","article_modified_time":"2025-05-15T11:29:18+00:00","og_image":[{"width":2048,"height":2048,"url":"https:\/\/aflamo.shop\/wp-content\/uploads\/2024\/11\/INSERT-3D-45x75_front_01.jpg","type":"image\/jpeg"}],"twitter_card":"summary_large_image","twitter_misc":{"Gesch\u00e4tzte Lesezeit":"7\u00a0Minuten"},"schema":{"@context":"https:\/\/schema.org","@graph":[{"@type":"WebPage","@id":"https:\/\/aflamo.shop\/de\/p\/aflamo-3d-elektrischer-led-einsatz-modell-60x60\/","url":"https:\/\/aflamo.shop\/de\/p\/aflamo-3d-elektrischer-led-einsatz-modell-60x60\/","name":"Aflamo 3D elektrischer LED-Einsatz Modell 60x60 - aflamo.shop-zertifizierter aflamo-H\u00e4ndler","isPartOf":{"@id":"https:\/\/aflamo.shop\/de\/#website"},"primaryImageOfPage":{"@id":"https:\/\/aflamo.shop\/de\/p\/aflamo-3d-elektrischer-led-einsatz-modell-60x60\/#primaryimage"},"image":{"@id":"https:\/\/aflamo.shop\/de\/p\/aflamo-3d-elektrischer-led-einsatz-modell-60x60\/#primaryimage"},"thumbnailUrl":"https:\/\/aflamo.shop\/wp-content\/uploads\/2024\/11\/INSERT-3D-45x75_front_01.jpg","datePublished":"2024-11-08T14:08:20+00:00","dateModified":"2025-05-15T11:29:18+00:00","description":"AFLAMO 3D Kamineinsatz - realistischer Flammeneffekt und gl\u00fchende Feuerstelle. Die AFLAMO PLUS-Technologie sorgt f\u00fcr dreidimensionalen Feuerzauber in Ihrem Zuhause.","breadcrumb":{"@id":"https:\/\/aflamo.shop\/de\/p\/aflamo-3d-elektrischer-led-einsatz-modell-60x60\/#breadcrumb"},"inLanguage":"de","potentialAction":[{"@type":"ReadAction","target":["https:\/\/aflamo.shop\/de\/p\/aflamo-3d-elektrischer-led-einsatz-modell-60x60\/"]}]},{"@type":"ImageObject","inLanguage":"de","@id":"https:\/\/aflamo.shop\/de\/p\/aflamo-3d-elektrischer-led-einsatz-modell-60x60\/#primaryimage","url":"https:\/\/aflamo.shop\/wp-content\/uploads\/2024\/11\/INSERT-3D-45x75_front_01.jpg","contentUrl":"https:\/\/aflamo.shop\/wp-content\/uploads\/2024\/11\/INSERT-3D-45x75_front_01.jpg","width":2048,"height":2048},{"@type":"BreadcrumbList","@id":"https:\/\/aflamo.shop\/de\/p\/aflamo-3d-elektrischer-led-einsatz-modell-60x60\/#breadcrumb","itemListElement":[{"@type":"ListItem","position":1,"name":"Strona g\u0142\u00f3wna","item":"https:\/\/aflamo.shop\/de\/startseite\/"},{"@type":"ListItem","position":2,"name":"Shop","item":"https:\/\/aflamo.shop\/shop\/"},{"@type":"ListItem","position":3,"name":"Elektrische Kamine","item":"https:\/\/aflamo.shop\/de\/s\/elektrische-kamine\/"},{"@type":"ListItem","position":4,"name":"Eingebaute LED-Elektrokamine","item":"https:\/\/aflamo.shop\/de\/s\/elektrische-kamine\/eingebaute-led-elektrokamine\/"},{"@type":"ListItem","position":5,"name":"Aflamo 3D elektrischer LED-Einsatz Modell 60&#215;60"}]},{"@type":"WebSite","@id":"https:\/\/aflamo.shop\/de\/#website","url":"https:\/\/aflamo.shop\/de\/","name":"aflamo.shop-zertifizierter aflamo-H\u00e4ndler","description":"Kominki elektryczne Aflamo i Emotion Flame z funkcj\u0105 grzania","potentialAction":[{"@type":"SearchAction","target":{"@type":"EntryPoint","urlTemplate":"https:\/\/aflamo.shop\/de\/?s={search_term_string}"},"query-input":{"@type":"PropertyValueSpecification","valueRequired":true,"valueName":"search_term_string"}}],"inLanguage":"de"}]}},"_links":{"self":[{"href":"https:\/\/aflamo.shop\/de\/wp-json\/wp\/v2\/product\/14818","targetHints":{"allow":["GET"]}}],"collection":[{"href":"https:\/\/aflamo.shop\/de\/wp-json\/wp\/v2\/product"}],"about":[{"href":"https:\/\/aflamo.shop\/de\/wp-json\/wp\/v2\/types\/product"}],"replies":[{"embeddable":true,"href":"https:\/\/aflamo.shop\/de\/wp-json\/wp\/v2\/comments?post=14818"}],"wp:featuredmedia":[{"embeddable":true,"href":"https:\/\/aflamo.shop\/de\/wp-json\/wp\/v2\/media\/14800"}],"wp:attachment":[{"href":"https:\/\/aflamo.shop\/de\/wp-json\/wp\/v2\/media?parent=14818"}],"wp:term":[{"taxonomy":"product_brand","embeddable":true,"href":"https:\/\/aflamo.shop\/de\/wp-json\/wp\/v2\/product_brand?post=14818"},{"taxonomy":"product_cat","embeddable":true,"href":"https:\/\/aflamo.shop\/de\/wp-json\/wp\/v2\/product_cat?post=14818"},{"taxonomy":"product_tag","embeddable":true,"href":"https:\/\/aflamo.shop\/de\/wp-json\/wp\/v2\/product_tag?post=14818"}],"curies":[{"name":"wp","href":"https:\/\/api.w.org\/{rel}","templated":true}]}}