{"id":14760,"date":"2024-11-28T14:26:05","date_gmt":"2024-11-28T14:26:05","guid":{"rendered":"https:\/\/aflamo.shop\/p\/aflamo-superb-3d-120-eingebauter-led-elektrokamin\/"},"modified":"2025-05-15T11:26:49","modified_gmt":"2025-05-15T11:26:49","slug":"aflamo-superb-3d-120-eingebauter-led-elektrokamin","status":"publish","type":"product","link":"https:\/\/aflamo.shop\/de\/p\/aflamo-superb-3d-120-eingebauter-led-elektrokamin\/","title":{"rendered":"Aflamo Superb 3D 120 &#8211; eingebauter LED-Elektrokamin"},"content":{"rendered":"<p><iframe title=\"YouTube-Video-Player\" src=\"https:\/\/www.youtube.com\/embed\/-60M7hiGr3g\" width=\"560\" height=\"315\" frameborder=\"0\"><\/iframe><\/p>\n<div class=\"row drow unique\">\n<div class=\"col-xs-12 col-sm-6\">\n<h3>Superb 3D &#8211; Moderner Kamin mit realistischem Flammeneffekt<\/h3>\n<h4><strong>Dreidimensionale Flammenqualit\u00e4t &#8211; sp\u00fcren Sie den Unterschied<\/strong><\/h4>\n<p>Holen Sie sich mit dem <strong>Superb 3D<\/strong> die wahre Magie des Feuers in Ihr Zuhause. Dank der <strong>AFLAMO PLUS<\/strong> Technologie bietet der Kamin einen erstaunlichen dreidimensionalen Flammeneffekt und eine gl\u00fchende Feuerstelle, die einem echten Feuer t\u00e4uschend \u00e4hnlich sieht. <\/p>\n<ul>\n<li>Mit den <strong>15 Farben der Flamme<\/strong> und <strong>den 15 Schattierungen der Herdbeleuchtung<\/strong> k\u00f6nnen Sie eine Atmosph\u00e4re schaffen, die perfekt zu Ihrer Stimmung passt.<\/li>\n<li>Der subtile Schein und das realistische Lichtspiel sorgen f\u00fcr W\u00e4rme und eine einzigartige Atmosph\u00e4re in Ihrer Einrichtung.<\/li>\n<\/ul>\n<p><img fetchpriority=\"high\" decoding=\"async\" class=\"aligncenter wp-image-11547 size-full\" src=\"https:\/\/aflamo.shop\/wp-content\/uploads\/2024\/11\/unique_flame_superb-3d-%E2%80%94-kopia.jpg\" alt=\"Hervorragender 3D-Flammeneffekt\" width=\"492\" height=\"300\"><\/p>\n<h4><strong>Beeindruckende Feuerstelle &#8211; durchscheinende Holzscheite<\/strong><\/h4>\n<p><strong>Der Superb 3D-Kamin<\/strong> verf\u00fcgt \u00fcber durchscheinende Holzscheite, die wie gl\u00fchendes Holz aussehen und f\u00fcr noch mehr Realismus sorgen.<\/p>\n<ul>\n<li>Durch die nat\u00fcrliche Oberfl\u00e4che passt der Kamin perfekt zu jedem Einrichtungsstil, von klassisch bis modern.<\/li>\n<li>Er ist nicht nur ein Heizger\u00e4t, sondern auch eine auff\u00e4llige Dekoration, die Ihre G\u00e4ste begeistern wird.<\/li>\n<\/ul>\n<p><img decoding=\"async\" class=\"aligncenter wp-image-11550 size-full\" src=\"https:\/\/aflamo.shop\/wp-content\/uploads\/2024\/11\/unique_logs_royal-pro-%E2%80%94-kopia.jpg\" alt=\"Hervorragende 3D Feuerstelle\" width=\"492\" height=\"300\"><\/p>\n<h4><strong>Ein realistisches Erlebnis &#8211; das Ger\u00e4usch von brennendem Holz<\/strong><\/h4>\n<p>Die einzigartige Atmosph\u00e4re des Kamins wird durch die <strong>authentischen Ger\u00e4usche des knisternden Holzes<\/strong>, die der eingebaute Lautsprecher erzeugt, noch verst\u00e4rkt.<\/p>\n<ul>\n<li>Das schafft eine gem\u00fctliche Atmosph\u00e4re, ideal f\u00fcr Abende mit einem Buch, einem Film oder mit lieben Menschen.<\/li>\n<li>Die Kombination aus Klang, Licht und W\u00e4rme schafft ein Gesamterlebnis der Entspannung, das mit nichts anderem zu vergleichen ist.<\/li>\n<\/ul>\n<p><img decoding=\"async\" class=\"aligncenter wp-image-11553 size-full\" src=\"https:\/\/aflamo.shop\/wp-content\/uploads\/2024\/11\/unique_sound_superb-3d-%E2%80%94-kopia.jpg\" alt=\"Ger\u00e4usch von brennendem Holz Superb 3D\" width=\"492\" height=\"300\"><\/p>\n<h4><strong>Kaminsteuerung &#8211; Mobile App<\/strong><\/h4>\n<p><iframe width=\"560\" height=\"315\" src=\"https:\/\/www.youtube.com\/embed\/H9frj9fGZnY?si=YHNoy3_uQ_P_q10N\" title=\"YouTube-Video-Player\" frameborder=\"0\" allow=\"accelerometer; autoplay; clipboard-write; encrypted-media; gyroscope; picture-in-picture; web-share\" referrerpolicy=\"strict-origin-when-cross-origin\" allowfullscreen=\"\"><\/iframe><br \/>\nAlle Kaminfunktionen sind auf Ihrem Smartphone verf\u00fcgbar!<\/p>\n<ul>\n<li>\u00c4ndern Sie Flamme, Helligkeit, Farbe und Heizeinstellungen \u00fcber die Android- und iOS-App.<\/li>\n<li><strong>Sprachbefehle<\/strong> mit dem Amazon Alexa-Assistenten machen die Bedienung noch einfacher.<\/li>\n<li>Es ist eine moderne L\u00f6sung, die Stil mit Funktionalit\u00e4t verbindet.<\/li>\n<\/ul>\n<p><img loading=\"lazy\" decoding=\"async\" class=\"aligncenter wp-image-11544 size-full\" src=\"https:\/\/aflamo.shop\/wp-content\/uploads\/2024\/11\/unique_app_superb-3d-%E2%80%94-kopia.jpg\" alt=\"Steuerung des Superb 3D-Kamins\" width=\"492\" height=\"300\"><\/p>\n<h4><strong>Verschiedene Varianten &#8211; passen Sie den Kamin an Ihre Bed\u00fcrfnisse an<\/strong><\/h4>\n<p><strong>Der Superb 3D<\/strong> ist in einer Reihe von Gr\u00f6\u00dfen erh\u00e4ltlich: <strong>80, 100, 120, 140, 160 cm,<\/strong> so dass er perfekt in jede Einrichtung passt.<\/p>\n<p><img loading=\"lazy\" decoding=\"async\" class=\"aligncenter wp-image-11484 size-full\" src=\"https:\/\/aflamo.shop\/wp-content\/uploads\/2024\/11\/unique_superb-3d-%E2%80%94-kopia.jpg\" alt=\"Verschiedene Superb 3D Varianten\" width=\"492\" height=\"300\"><\/p>\n<h4><strong>Einfach zu installieren und zu bedienen &#8211; Einfachheit im Alltag<\/strong><\/h4>\n<p>Die Installation <strong>des Superb 3D-Kamins<\/strong> ist eine Sache von wenigen Schritten: <\/p>\n<ol>\n<li>Bereiten Sie den Standort vor.<\/li>\n<li>Installieren Sie einen Kamin.<\/li>\n<li>Schalten Sie das Ger\u00e4t ein und genie\u00dfen Sie den sch\u00f6nen Anblick der Flamme!<\/li>\n<\/ol>\n<p>Dar\u00fcber hinaus erfordert der Kamin keine Wartung. Sie m\u00fcssen kein Holz hacken, keine Asche entsorgen und sich nicht um die Rauchrohre k\u00fcmmern &#8211; ideal f\u00fcr moderne H\u00e4user. <\/p>\n<p><img loading=\"lazy\" decoding=\"async\" class=\"aligncenter wp-image-11520 size-full\" src=\"https:\/\/aflamo.shop\/wp-content\/uploads\/2024\/11\/Superb-3D_room-shot-1-%E2%80%94-kopia-%E2%80%94-kopia.jpg\" alt=\"Einfache Installation des Superb 3D-Kamins\" width=\"2048\" height=\"1152\"><\/p>\n<h4><strong>Herd und Flamme &#8211; eine perfekte Kombination<\/strong><\/h4>\n<ul>\n<li><strong>Flamme:<\/strong> 15 Farben, 5 Helligkeitsstufen und 3 Animationsgeschwindigkeiten &#8211; w\u00e4hlen Sie den Effekt, der am besten zu Ihrer Stimmung passt.<\/li>\n<\/ul>\n<p><img loading=\"lazy\" decoding=\"async\" class=\"aligncenter wp-image-11514 size-full\" src=\"https:\/\/aflamo.shop\/wp-content\/uploads\/2024\/11\/Superb-3D_flame_colors.jpg\" alt=\"Hervorragende 3D-Flammenfarben\" width=\"637\" height=\"418\" srcset=\"https:\/\/aflamo.shop\/wp-content\/uploads\/2024\/11\/Superb-3D_flame_colors.jpg 637w, https:\/\/aflamo.shop\/wp-content\/uploads\/2024\/11\/Superb-3D_flame_colors-600x394.jpg 600w, https:\/\/aflamo.shop\/wp-content\/uploads\/2024\/11\/Superb-3D_flame_colors-300x197.jpg 300w\" sizes=\"(max-width: 637px) 100vw, 637px\" \/><\/p>\n<ul>\n<li><strong>Die Feuerstelle:<\/strong> Sie finden zwei Varianten im Lieferumfang &#8211; Holzscheite f\u00fcr einen klassischen Look und Kristalle f\u00fcr moderne Eleganz.<\/li>\n<\/ul>\n<p><img loading=\"lazy\" decoding=\"async\" class=\"aligncenter wp-image-10691 size-full\" src=\"https:\/\/aflamo.shop\/wp-content\/uploads\/2024\/06\/polana_krysztaly-e1603875138523.png\" alt=\"Hervorragende 3D Feuerstelle\" width=\"413\" height=\"297\" srcset=\"https:\/\/aflamo.shop\/wp-content\/uploads\/2024\/06\/polana_krysztaly-e1603875138523.png 413w, https:\/\/aflamo.shop\/wp-content\/uploads\/2024\/06\/polana_krysztaly-e1603875138523-300x216.png 300w\" sizes=\"(max-width: 413px) 100vw, 413px\" \/><\/p>\n<h4><strong>Verwenden Sie das ganze Jahr \u00fcber!<\/strong><\/h4>\n<p>Die Flamme funktioniert unabh\u00e4ngig von der Heizfunktion, so dass Sie auch im Sommer den stimmungsvollen Anblick des Feuers genie\u00dfen k\u00f6nnen. Schalten Sie die Heizung nur dann ein, wenn Sie sie brauchen &#8211; perfekt f\u00fcr jede Jahreszeit. <\/p>\n<h4><strong>Gesundheit und Sicherheit<\/strong><\/h4>\n<ul>\n<li>Der Kamin ist umweltfreundlich &#8211; er st\u00f6\u00dft weder Kohlendioxid noch Ru\u00df aus.<\/li>\n<li>Das Glas bleibt kalt &#8211; sicher f\u00fcr Kinder und Haustiere.<\/li>\n<li>Ein eingebauter Sensor schaltet die Heizung aus, wenn der Heizungsauslass verstopft ist.<\/li>\n<\/ul>\n<h4><strong>Wirtschaftlich und effizient<\/strong><\/h4>\n<ul>\n<li>Die Kosten f\u00fcr den Flammeneffekt betragen dank der LED-Technologie nur 1-2 Cent pro Stunde.<\/li>\n<li>Zwei Heizleistungsstufen und ein Thermostat sorgen f\u00fcr eine optimale Temperatur zwischen 20-30\u00b0C.<\/li>\n<\/ul>\n<h4><strong>Technische Zeichnungen<\/strong><\/h4>\n<p><b>Hervorragende 3D 80<\/b><\/p>\n<p><img loading=\"lazy\" decoding=\"async\" class=\"wp-image-11490 size-full aligncenter\" src=\"https:\/\/aflamo.shop\/wp-content\/uploads\/2024\/11\/Superb_3D_80-%E2%80%94-kopia-%E2%80%94-kopia-%E2%80%94-kopia-%E2%80%94-kopia.png\" alt=\"\" width=\"717\" height=\"637\"><\/p>\n<p><b>Hervorragende 3D 100<\/b><\/p>\n<p><img loading=\"lazy\" decoding=\"async\" class=\"aligncenter wp-image-11493 size-full\" src=\"https:\/\/aflamo.shop\/wp-content\/uploads\/2024\/11\/Superb_3D_100-%E2%80%94-kopia-%E2%80%94-kopia-%E2%80%94-kopia-%E2%80%94-kopia.png\" alt=\"\" width=\"795\" height=\"619\"><\/p>\n<p><b>Hervorragendes 3D 120<\/b><\/p>\n<p><img loading=\"lazy\" decoding=\"async\" class=\"aligncenter wp-image-11496 size-full\" src=\"https:\/\/aflamo.shop\/wp-content\/uploads\/2024\/11\/Superb_3D_120-%E2%80%94-kopia-%E2%80%94-kopia-%E2%80%94-kopia-%E2%80%94-kopia.png\" alt=\"\" width=\"1057\" height=\"735\"><\/p>\n<p><b>Hervorragendes 3D 140<\/b><\/p>\n<p><img loading=\"lazy\" decoding=\"async\" class=\"aligncenter wp-image-11499 size-full\" src=\"https:\/\/aflamo.shop\/wp-content\/uploads\/2024\/11\/Superb_3D_140-%E2%80%94-kopia-%E2%80%94-kopia-%E2%80%94-kopia-%E2%80%94-kopia.png\" alt=\"\" width=\"1001\" height=\"629\"><\/p>\n<p><b>Hervorragendes 3D 160<\/b><\/p>\n<p><img loading=\"lazy\" decoding=\"async\" class=\"alignnone wp-image-11502 size-full\" src=\"https:\/\/aflamo.shop\/wp-content\/uploads\/2024\/11\/Superb_3D_160-%E2%80%94-kopia-%E2%80%94-kopia-%E2%80%94-kopia-%E2%80%94-kopia.png\" alt=\"\" width=\"970\" height=\"558\"><\/p>\n<\/div>\n<\/div>\n","protected":false},"excerpt":{"rendered":"<p>Hersteller: Aflamo<\/p>\n<p>Eingebauter elektrischer LED-Kamin<\/p>\n<p><a href=\"https:\/\/aflamo.shop\/wp-content\/uploads\/2024\/11\/Superb-3D_EN-PL-DE-IT-ES-FR-CS-SK-NL-1.pdf\">Bedienungs- und Sicherheitshinweise<\/a><\/p>\n<p><b>Modell:<\/b><\/p>\n<ul>\n<li><a href=\"https:\/\/aflamo.shop\/de\/p\/aflamo-superb-3d-100-elektrischer-led-einbaukamin\/\">80<\/a><\/li>\n<li><a href=\"https:\/\/aflamo.shop\/de\/p\/aflamo-superb-3d-100-elektrischer-led-einbaukamin\/\">100<\/a><\/li>\n<li><a href=\"https:\/\/aflamo.shop\/de\/p\/aflamo-superb-3d-120-elektrischer-led-einbaukamin\/\">120<\/a><\/li>\n<li><a href=\"https:\/\/aflamo.shop\/de\/p\/aflamo-superb-3d-140-elektrischer-led-einbaukamin\/\">140<\/a><\/li>\n<li><a href=\"https:\/\/aflamo.shop\/de\/p\/aflamo-superb-3d-160-elektrischer-led-einbaukamin\/\">160<\/a><\/li>\n<\/ul>\n<p><b>Abmessungen:<\/b> 120 x 65 x 35 cm<\/p>\n","protected":false},"featured_media":14539,"comment_status":"open","ping_status":"closed","template":"","meta":[],"product_brand":[],"product_cat":[799,879,801,800,806,805,803,802],"product_tag":[],"class_list":{"0":"post-14760","1":"product","2":"type-product","3":"status-publish","4":"has-post-thumbnail","6":"product_cat-aflamo-de","7":"product_cat-dreiseitige-led-elektrokamine","8":"product_cat-eingebaute-led-elektrokamine","9":"product_cat-elektrische-kamine","10":"product_cat-elektrische-kamine-mit-mobiler-app","11":"product_cat-elektrische-kamine-mit-sound","12":"product_cat-elektrische-led-einsatze","13":"product_cat-led-elektrokamine-mit-heizfunktion","15":"first","16":"instock","17":"shipping-taxable","18":"purchasable","19":"product-type-simple"},"yoast_head":"<!-- This site is optimized with the Yoast SEO plugin v27.1.1 - https:\/\/yoast.com\/product\/yoast-seo-wordpress\/ -->\n<title>Aflamo Superb 3D 120 - eingebauter LED-Elektrokamin - aflamo.shop-zertifizierter aflamo-H\u00e4ndler<\/title>\n<meta name=\"description\" content=\"Superb 3D - moderner Kamin mit realistischem Flammeneffekt. AFLAMO PLUS Technologie, ein dreidimensionales Feuer und eine gl\u00fchende Feuerstelle in Ihrem Zuhause.\" \/>\n<meta name=\"robots\" content=\"index, follow, max-snippet:-1, max-image-preview:large, max-video-preview:-1\" \/>\n<link rel=\"canonical\" href=\"https:\/\/aflamo.shop\/de\/p\/aflamo-superb-3d-120-eingebauter-led-elektrokamin\/\" \/>\n<meta property=\"og:locale\" content=\"de_DE\" \/>\n<meta property=\"og:type\" content=\"article\" \/>\n<meta property=\"og:title\" content=\"Aflamo Superb 3D 120 - eingebauter LED-Elektrokamin - aflamo.shop-zertifizierter aflamo-H\u00e4ndler\" \/>\n<meta property=\"og:description\" content=\"Superb 3D - moderner Kamin mit realistischem Flammeneffekt. AFLAMO PLUS Technologie, ein dreidimensionales Feuer und eine gl\u00fchende Feuerstelle in Ihrem Zuhause.\" \/>\n<meta property=\"og:url\" content=\"https:\/\/aflamo.shop\/de\/p\/aflamo-superb-3d-120-eingebauter-led-elektrokamin\/\" \/>\n<meta property=\"og:site_name\" content=\"aflamo.shop-zertifizierter aflamo-H\u00e4ndler\" \/>\n<meta property=\"article:modified_time\" content=\"2025-05-15T11:26:49+00:00\" \/>\n<meta property=\"og:image\" content=\"https:\/\/aflamo.shop\/wp-content\/uploads\/2024\/11\/Superb-3D-1.jpg\" \/>\n\t<meta property=\"og:image:width\" content=\"2048\" \/>\n\t<meta property=\"og:image:height\" content=\"2048\" \/>\n\t<meta property=\"og:image:type\" content=\"image\/jpeg\" \/>\n<meta name=\"twitter:card\" content=\"summary_large_image\" \/>\n<meta name=\"twitter:label1\" content=\"Gesch\u00e4tzte Lesezeit\" \/>\n\t<meta name=\"twitter:data1\" content=\"6\u00a0Minuten\" \/>\n<script type=\"application\/ld+json\" class=\"yoast-schema-graph\">{\"@context\":\"https:\/\/schema.org\",\"@graph\":[{\"@type\":\"WebPage\",\"@id\":\"https:\/\/aflamo.shop\/de\/p\/aflamo-superb-3d-120-eingebauter-led-elektrokamin\/\",\"url\":\"https:\/\/aflamo.shop\/de\/p\/aflamo-superb-3d-120-eingebauter-led-elektrokamin\/\",\"name\":\"Aflamo Superb 3D 120 - eingebauter LED-Elektrokamin - aflamo.shop-zertifizierter aflamo-H\u00e4ndler\",\"isPartOf\":{\"@id\":\"https:\/\/aflamo.shop\/de\/#website\"},\"primaryImageOfPage\":{\"@id\":\"https:\/\/aflamo.shop\/de\/p\/aflamo-superb-3d-120-eingebauter-led-elektrokamin\/#primaryimage\"},\"image\":{\"@id\":\"https:\/\/aflamo.shop\/de\/p\/aflamo-superb-3d-120-eingebauter-led-elektrokamin\/#primaryimage\"},\"thumbnailUrl\":\"https:\/\/aflamo.shop\/wp-content\/uploads\/2024\/11\/Superb-3D-1.jpg\",\"datePublished\":\"2024-11-28T14:26:05+00:00\",\"dateModified\":\"2025-05-15T11:26:49+00:00\",\"description\":\"Superb 3D - moderner Kamin mit realistischem Flammeneffekt. AFLAMO PLUS Technologie, ein dreidimensionales Feuer und eine gl\u00fchende Feuerstelle in Ihrem Zuhause.\",\"breadcrumb\":{\"@id\":\"https:\/\/aflamo.shop\/de\/p\/aflamo-superb-3d-120-eingebauter-led-elektrokamin\/#breadcrumb\"},\"inLanguage\":\"de\",\"potentialAction\":[{\"@type\":\"ReadAction\",\"target\":[\"https:\/\/aflamo.shop\/de\/p\/aflamo-superb-3d-120-eingebauter-led-elektrokamin\/\"]}]},{\"@type\":\"ImageObject\",\"inLanguage\":\"de\",\"@id\":\"https:\/\/aflamo.shop\/de\/p\/aflamo-superb-3d-120-eingebauter-led-elektrokamin\/#primaryimage\",\"url\":\"https:\/\/aflamo.shop\/wp-content\/uploads\/2024\/11\/Superb-3D-1.jpg\",\"contentUrl\":\"https:\/\/aflamo.shop\/wp-content\/uploads\/2024\/11\/Superb-3D-1.jpg\",\"width\":2048,\"height\":2048},{\"@type\":\"BreadcrumbList\",\"@id\":\"https:\/\/aflamo.shop\/de\/p\/aflamo-superb-3d-120-eingebauter-led-elektrokamin\/#breadcrumb\",\"itemListElement\":[{\"@type\":\"ListItem\",\"position\":1,\"name\":\"Strona g\u0142\u00f3wna\",\"item\":\"https:\/\/aflamo.shop\/de\/startseite\/\"},{\"@type\":\"ListItem\",\"position\":2,\"name\":\"Shop\",\"item\":\"https:\/\/aflamo.shop\/shop\/\"},{\"@type\":\"ListItem\",\"position\":3,\"name\":\"Elektrische Kamine\",\"item\":\"https:\/\/aflamo.shop\/de\/s\/elektrische-kamine\/\"},{\"@type\":\"ListItem\",\"position\":4,\"name\":\"Dreiseitige LED-Elektrokamine\",\"item\":\"https:\/\/aflamo.shop\/de\/s\/elektrische-kamine\/dreiseitige-led-elektrokamine\/\"},{\"@type\":\"ListItem\",\"position\":5,\"name\":\"Aflamo Superb 3D 120 &#8211; eingebauter LED-Elektrokamin\"}]},{\"@type\":\"WebSite\",\"@id\":\"https:\/\/aflamo.shop\/de\/#website\",\"url\":\"https:\/\/aflamo.shop\/de\/\",\"name\":\"aflamo.shop-zertifizierter aflamo-H\u00e4ndler\",\"description\":\"Kominki elektryczne Aflamo i Emotion Flame z funkcj\u0105 grzania\",\"potentialAction\":[{\"@type\":\"SearchAction\",\"target\":{\"@type\":\"EntryPoint\",\"urlTemplate\":\"https:\/\/aflamo.shop\/de\/?s={search_term_string}\"},\"query-input\":{\"@type\":\"PropertyValueSpecification\",\"valueRequired\":true,\"valueName\":\"search_term_string\"}}],\"inLanguage\":\"de\"}]}<\/script>\n<!-- \/ Yoast SEO plugin. -->","yoast_head_json":{"title":"Aflamo Superb 3D 120 - eingebauter LED-Elektrokamin - aflamo.shop-zertifizierter aflamo-H\u00e4ndler","description":"Superb 3D - moderner Kamin mit realistischem Flammeneffekt. AFLAMO PLUS Technologie, ein dreidimensionales Feuer und eine gl\u00fchende Feuerstelle in Ihrem Zuhause.","robots":{"index":"index","follow":"follow","max-snippet":"max-snippet:-1","max-image-preview":"max-image-preview:large","max-video-preview":"max-video-preview:-1"},"canonical":"https:\/\/aflamo.shop\/de\/p\/aflamo-superb-3d-120-eingebauter-led-elektrokamin\/","og_locale":"de_DE","og_type":"article","og_title":"Aflamo Superb 3D 120 - eingebauter LED-Elektrokamin - aflamo.shop-zertifizierter aflamo-H\u00e4ndler","og_description":"Superb 3D - moderner Kamin mit realistischem Flammeneffekt. AFLAMO PLUS Technologie, ein dreidimensionales Feuer und eine gl\u00fchende Feuerstelle in Ihrem Zuhause.","og_url":"https:\/\/aflamo.shop\/de\/p\/aflamo-superb-3d-120-eingebauter-led-elektrokamin\/","og_site_name":"aflamo.shop-zertifizierter aflamo-H\u00e4ndler","article_modified_time":"2025-05-15T11:26:49+00:00","og_image":[{"width":2048,"height":2048,"url":"https:\/\/aflamo.shop\/wp-content\/uploads\/2024\/11\/Superb-3D-1.jpg","type":"image\/jpeg"}],"twitter_card":"summary_large_image","twitter_misc":{"Gesch\u00e4tzte Lesezeit":"6\u00a0Minuten"},"schema":{"@context":"https:\/\/schema.org","@graph":[{"@type":"WebPage","@id":"https:\/\/aflamo.shop\/de\/p\/aflamo-superb-3d-120-eingebauter-led-elektrokamin\/","url":"https:\/\/aflamo.shop\/de\/p\/aflamo-superb-3d-120-eingebauter-led-elektrokamin\/","name":"Aflamo Superb 3D 120 - eingebauter LED-Elektrokamin - aflamo.shop-zertifizierter aflamo-H\u00e4ndler","isPartOf":{"@id":"https:\/\/aflamo.shop\/de\/#website"},"primaryImageOfPage":{"@id":"https:\/\/aflamo.shop\/de\/p\/aflamo-superb-3d-120-eingebauter-led-elektrokamin\/#primaryimage"},"image":{"@id":"https:\/\/aflamo.shop\/de\/p\/aflamo-superb-3d-120-eingebauter-led-elektrokamin\/#primaryimage"},"thumbnailUrl":"https:\/\/aflamo.shop\/wp-content\/uploads\/2024\/11\/Superb-3D-1.jpg","datePublished":"2024-11-28T14:26:05+00:00","dateModified":"2025-05-15T11:26:49+00:00","description":"Superb 3D - moderner Kamin mit realistischem Flammeneffekt. AFLAMO PLUS Technologie, ein dreidimensionales Feuer und eine gl\u00fchende Feuerstelle in Ihrem Zuhause.","breadcrumb":{"@id":"https:\/\/aflamo.shop\/de\/p\/aflamo-superb-3d-120-eingebauter-led-elektrokamin\/#breadcrumb"},"inLanguage":"de","potentialAction":[{"@type":"ReadAction","target":["https:\/\/aflamo.shop\/de\/p\/aflamo-superb-3d-120-eingebauter-led-elektrokamin\/"]}]},{"@type":"ImageObject","inLanguage":"de","@id":"https:\/\/aflamo.shop\/de\/p\/aflamo-superb-3d-120-eingebauter-led-elektrokamin\/#primaryimage","url":"https:\/\/aflamo.shop\/wp-content\/uploads\/2024\/11\/Superb-3D-1.jpg","contentUrl":"https:\/\/aflamo.shop\/wp-content\/uploads\/2024\/11\/Superb-3D-1.jpg","width":2048,"height":2048},{"@type":"BreadcrumbList","@id":"https:\/\/aflamo.shop\/de\/p\/aflamo-superb-3d-120-eingebauter-led-elektrokamin\/#breadcrumb","itemListElement":[{"@type":"ListItem","position":1,"name":"Strona g\u0142\u00f3wna","item":"https:\/\/aflamo.shop\/de\/startseite\/"},{"@type":"ListItem","position":2,"name":"Shop","item":"https:\/\/aflamo.shop\/shop\/"},{"@type":"ListItem","position":3,"name":"Elektrische Kamine","item":"https:\/\/aflamo.shop\/de\/s\/elektrische-kamine\/"},{"@type":"ListItem","position":4,"name":"Dreiseitige LED-Elektrokamine","item":"https:\/\/aflamo.shop\/de\/s\/elektrische-kamine\/dreiseitige-led-elektrokamine\/"},{"@type":"ListItem","position":5,"name":"Aflamo Superb 3D 120 &#8211; eingebauter LED-Elektrokamin"}]},{"@type":"WebSite","@id":"https:\/\/aflamo.shop\/de\/#website","url":"https:\/\/aflamo.shop\/de\/","name":"aflamo.shop-zertifizierter aflamo-H\u00e4ndler","description":"Kominki elektryczne Aflamo i Emotion Flame z funkcj\u0105 grzania","potentialAction":[{"@type":"SearchAction","target":{"@type":"EntryPoint","urlTemplate":"https:\/\/aflamo.shop\/de\/?s={search_term_string}"},"query-input":{"@type":"PropertyValueSpecification","valueRequired":true,"valueName":"search_term_string"}}],"inLanguage":"de"}]}},"_links":{"self":[{"href":"https:\/\/aflamo.shop\/de\/wp-json\/wp\/v2\/product\/14760","targetHints":{"allow":["GET"]}}],"collection":[{"href":"https:\/\/aflamo.shop\/de\/wp-json\/wp\/v2\/product"}],"about":[{"href":"https:\/\/aflamo.shop\/de\/wp-json\/wp\/v2\/types\/product"}],"replies":[{"embeddable":true,"href":"https:\/\/aflamo.shop\/de\/wp-json\/wp\/v2\/comments?post=14760"}],"wp:featuredmedia":[{"embeddable":true,"href":"https:\/\/aflamo.shop\/de\/wp-json\/wp\/v2\/media\/14539"}],"wp:attachment":[{"href":"https:\/\/aflamo.shop\/de\/wp-json\/wp\/v2\/media?parent=14760"}],"wp:term":[{"taxonomy":"product_brand","embeddable":true,"href":"https:\/\/aflamo.shop\/de\/wp-json\/wp\/v2\/product_brand?post=14760"},{"taxonomy":"product_cat","embeddable":true,"href":"https:\/\/aflamo.shop\/de\/wp-json\/wp\/v2\/product_cat?post=14760"},{"taxonomy":"product_tag","embeddable":true,"href":"https:\/\/aflamo.shop\/de\/wp-json\/wp\/v2\/product_tag?post=14760"}],"curies":[{"name":"wp","href":"https:\/\/api.w.org\/{rel}","templated":true}]}}