{"id":14498,"date":"2024-12-03T08:34:37","date_gmt":"2024-12-03T08:34:37","guid":{"rendered":"https:\/\/aflamo.shop\/p\/aflamo-royal-3d-160-elektrischer-led-einbaukamin\/"},"modified":"2025-05-15T11:24:39","modified_gmt":"2025-05-15T11:24:39","slug":"aflamo-royal-3d-160-elektrischer-led-einbaukamin","status":"publish","type":"product","link":"https:\/\/aflamo.shop\/de\/p\/aflamo-royal-3d-160-elektrischer-led-einbaukamin\/","title":{"rendered":"Aflamo Royal 3D 160 &#8211; elektrischer LED-Einbaukamin"},"content":{"rendered":"<p><iframe title=\"YouTube-Video-Player\" src=\"https:\/\/www.youtube.com\/embed\/GsNIRhA3ecI?si=7zd_qsR3LD0dUTSy\" width=\"560\" height=\"315\" frameborder=\"0\" allowfullscreen=\"allowfullscreen\"><\/iframe><\/p>\n<div class=\"row drow unique\">\n<div class=\"col-xs-12 col-sm-6\">\n<h3><strong>Dreidimensionale Flammenqualit\u00e4t &#8211; sp\u00fcren Sie den Unterschied<\/strong><\/h3>\n<p>Lernen Sie <strong>den Royal 3D<\/strong> kennen &#8211; einen eleganten Kamin, der die Magie eines echten Feuers in Ihr Zuhause bringt. Dank der <strong>AFLAMO PLUS<\/strong> Technologie sorgen der realistische dreidimensionale Flammeneffekt und die gl\u00fchende Feuerstelle f\u00fcr unvergleichliche Brillanz und W\u00e4rme, die die perfekte Atmosph\u00e4re zum Entspannen schaffen. <\/p>\n<ul>\n<li style=\"list-style-type: none;\">\n<ul>\n<li><strong>3 Flammenfarben<\/strong> &#8211; passend zu Ihrer Stimmung.<\/li>\n<li><strong>13 Farben f\u00fcr die Beleuchtung des Kamins<\/strong> &#8211; f\u00fcr eine einzigartige Atmosph\u00e4re.<\/li>\n<\/ul>\n<\/li>\n<\/ul>\n<p><img fetchpriority=\"high\" decoding=\"async\" class=\"aligncenter wp-image-11547 size-full\" src=\"https:\/\/aflamo.shop\/wp-content\/uploads\/2024\/11\/unique_flame_superb-3d-%E2%80%94-kopia.jpg\" alt=\"Hervorragender 3D-Flammeneffekt\" width=\"492\" height=\"300\"><\/p>\n<h4><strong>Beeindruckende Feuerstelle &#8211; durchscheinende Holzscheite<\/strong><\/h4>\n<p><strong>Der Royal<\/strong> <strong> 3D-Kamin<\/strong> verf\u00fcgt \u00fcber durchscheinende Holzscheite, die wie gl\u00fchendes Holz aussehen und f\u00fcr noch mehr Realismus sorgen.<\/p>\n<ul>\n<li>Durch die nat\u00fcrliche Oberfl\u00e4che passt der Kamin perfekt zu jedem Einrichtungsstil, von klassisch bis modern.<\/li>\n<li>Er ist nicht nur ein Heizger\u00e4t, sondern auch eine auff\u00e4llige Dekoration, die Ihre G\u00e4ste begeistern wird.<\/li>\n<\/ul>\n<p><img decoding=\"async\" class=\"aligncenter wp-image-11550 size-full\" src=\"https:\/\/aflamo.shop\/wp-content\/uploads\/2024\/11\/unique_logs_royal-pro-%E2%80%94-kopia.jpg\" alt=\"Hervorragende 3D Feuerstelle\" width=\"492\" height=\"300\"><\/p>\n<h4><strong>Ein realistisches Erlebnis &#8211; das Ger\u00e4usch von brennendem Holz<\/strong><\/h4>\n<p>Die einzigartige Atmosph\u00e4re des Kamins wird durch die <strong>authentischen Ger\u00e4usche des knisternden Holzes<\/strong>, die der eingebaute Lautsprecher erzeugt, noch verst\u00e4rkt.<\/p>\n<ul>\n<li>Das schafft eine gem\u00fctliche Atmosph\u00e4re, ideal f\u00fcr Abende mit einem Buch, einem Film oder mit lieben Menschen.<\/li>\n<li>Die Kombination aus Klang, Licht und W\u00e4rme schafft ein Gesamterlebnis der Entspannung, das mit nichts anderem zu vergleichen ist.<\/li>\n<\/ul>\n<p><img decoding=\"async\" class=\"aligncenter wp-image-11819 size-full\" src=\"https:\/\/aflamo.shop\/wp-content\/uploads\/2024\/12\/unique_sound_royal-3d.jpg\" alt=\"\" width=\"492\" height=\"300\" srcset=\"https:\/\/aflamo.shop\/wp-content\/uploads\/2024\/12\/unique_sound_royal-3d.jpg 492w, https:\/\/aflamo.shop\/wp-content\/uploads\/2024\/12\/unique_sound_royal-3d-300x183.jpg 300w\" sizes=\"(max-width: 492px) 100vw, 492px\" \/><\/p>\n<p>&nbsp;<\/p>\n<h4><strong>Kaminsteuerung &#8211; Mobile App<\/strong><\/h4>\n<p><iframe title=\"YouTube-Video-Player\" src=\"https:\/\/www.youtube.com\/embed\/H9frj9fGZnY?si=YHNoy3_uQ_P_q10N\" width=\"560\" height=\"315\" frameborder=\"0\" allowfullscreen=\"allowfullscreen\"><\/iframe><br \/>\nAlle Kaminfunktionen sind auf Ihrem Smartphone verf\u00fcgbar!<\/p>\n<ul>\n<li>\u00c4ndern Sie Flamme, Helligkeit, Farbe und Heizeinstellungen \u00fcber die Android- und iOS-App.<\/li>\n<li><strong>Sprachbefehle<\/strong> mit dem Amazon Alexa-Assistenten machen die Bedienung noch einfacher.<\/li>\n<li>Es ist eine moderne L\u00f6sung, die Stil mit Funktionalit\u00e4t verbindet.<\/li>\n<\/ul>\n<p><img loading=\"lazy\" decoding=\"async\" class=\"aligncenter wp-image-11807 size-full\" src=\"https:\/\/aflamo.shop\/wp-content\/uploads\/2024\/12\/unique_app_royal-3d.jpg\" alt=\"\" width=\"492\" height=\"300\" srcset=\"https:\/\/aflamo.shop\/wp-content\/uploads\/2024\/12\/unique_app_royal-3d.jpg 492w, https:\/\/aflamo.shop\/wp-content\/uploads\/2024\/12\/unique_app_royal-3d-300x183.jpg 300w\" sizes=\"(max-width: 492px) 100vw, 492px\" \/><\/p>\n<p>&nbsp;<\/p>\n<h4><strong>Verschiedene Varianten &#8211; passen Sie den Kamin an Ihre Bed\u00fcrfnisse an<\/strong><\/h4>\n<p><strong>Royal 3D<\/strong> ist in einer Reihe von Gr\u00f6\u00dfen erh\u00e4ltlich: 100<strong>, 120, 140, 160, 180 cm,<\/strong> so dass er perfekt in jede Einrichtung passt.<\/p>\n<p><img loading=\"lazy\" decoding=\"async\" class=\"aligncenter wp-image-11816 size-full\" src=\"https:\/\/aflamo.shop\/wp-content\/uploads\/2024\/12\/unique_royal-3d.jpg\" alt=\"\" width=\"492\" height=\"300\" srcset=\"https:\/\/aflamo.shop\/wp-content\/uploads\/2024\/12\/unique_royal-3d.jpg 492w, https:\/\/aflamo.shop\/wp-content\/uploads\/2024\/12\/unique_royal-3d-300x183.jpg 300w\" sizes=\"(max-width: 492px) 100vw, 492px\" \/><\/p>\n<p>&nbsp;<\/p>\n<h4><strong>Einfach zu installieren und zu bedienen &#8211; Einfachheit im Alltag<\/strong><\/h4>\n<p><b>Eingebauter Kamin<\/b><br \/>\nDer Einbau eines <strong>Royal 3D-Kamins<\/strong> ist eine Sache von wenigen Schritten:<\/p>\n<ol>\n<li>Bereiten Sie den Standort vor.<\/li>\n<li>Installieren Sie einen Kamin.<\/li>\n<li>Schalten Sie das Ger\u00e4t ein und genie\u00dfen Sie den sch\u00f6nen Anblick der Flamme!<\/li>\n<\/ol>\n<p>Dar\u00fcber hinaus erfordert der Kamin keine Wartung. Sie m\u00fcssen kein Holz hacken, keine Asche entsorgen und sich nicht um die Rauchrohre k\u00fcmmern &#8211; ideal f\u00fcr moderne H\u00e4user. <\/p>\n<p><img loading=\"lazy\" decoding=\"async\" class=\"aligncenter wp-image-11780 size-full\" src=\"https:\/\/aflamo.shop\/wp-content\/uploads\/2024\/12\/Royal-3D_room-shot.jpg\" alt=\"\" width=\"2048\" height=\"1152\" srcset=\"https:\/\/aflamo.shop\/wp-content\/uploads\/2024\/12\/Royal-3D_room-shot.jpg 2048w, https:\/\/aflamo.shop\/wp-content\/uploads\/2024\/12\/Royal-3D_room-shot-600x338.jpg 600w, https:\/\/aflamo.shop\/wp-content\/uploads\/2024\/12\/Royal-3D_room-shot-300x169.jpg 300w, https:\/\/aflamo.shop\/wp-content\/uploads\/2024\/12\/Royal-3D_room-shot-1024x576.jpg 1024w, https:\/\/aflamo.shop\/wp-content\/uploads\/2024\/12\/Royal-3D_room-shot-768x432.jpg 768w, https:\/\/aflamo.shop\/wp-content\/uploads\/2024\/12\/Royal-3D_room-shot-1536x864.jpg 1536w\" sizes=\"(max-width: 2048px) 100vw, 2048px\" \/><\/p>\n<p>&nbsp;<\/p>\n<h4><strong>Herd und Flamme &#8211; eine perfekte Kombination<\/strong><\/h4>\n<ul>\n<li><strong>Flamme:<\/strong> 15 Farben, 5 Helligkeitsstufen und 3 Animationsgeschwindigkeiten &#8211; w\u00e4hlen Sie den Effekt, der am besten zu Ihrer Stimmung passt.<\/li>\n<\/ul>\n<p><img loading=\"lazy\" decoding=\"async\" class=\"aligncenter wp-image-11774 size-full\" src=\"https:\/\/aflamo.shop\/wp-content\/uploads\/2024\/12\/Royal-3D_flame_colors.jpg\" alt=\"\" width=\"637\" height=\"418\" srcset=\"https:\/\/aflamo.shop\/wp-content\/uploads\/2024\/12\/Royal-3D_flame_colors.jpg 637w, https:\/\/aflamo.shop\/wp-content\/uploads\/2024\/12\/Royal-3D_flame_colors-600x394.jpg 600w, https:\/\/aflamo.shop\/wp-content\/uploads\/2024\/12\/Royal-3D_flame_colors-300x197.jpg 300w\" sizes=\"(max-width: 637px) 100vw, 637px\" \/><\/p>\n<p>&nbsp;<\/p>\n<ul>\n<li><strong>Die Feuerstelle:<\/strong> Sie finden zwei Varianten im Lieferumfang &#8211; Holzscheite f\u00fcr einen klassischen Look und Kristalle f\u00fcr moderne Eleganz.<\/li>\n<li><strong>13 Farben f\u00fcr die Beleuchtung des Kamins<\/strong> und <strong>5 Helligkeitsstufen.<\/strong><\/li>\n<\/ul>\n<p><img loading=\"lazy\" decoding=\"async\" class=\"aligncenter wp-image-10691 size-full\" src=\"https:\/\/aflamo.shop\/wp-content\/uploads\/2024\/06\/polana_krysztaly-e1603875138523.png\" alt=\"Hervorragende 3D Feuerstelle\" width=\"413\" height=\"297\" srcset=\"https:\/\/aflamo.shop\/wp-content\/uploads\/2024\/06\/polana_krysztaly-e1603875138523.png 413w, https:\/\/aflamo.shop\/wp-content\/uploads\/2024\/06\/polana_krysztaly-e1603875138523-300x216.png 300w\" sizes=\"(max-width: 413px) 100vw, 413px\" \/><\/p>\n<h4><strong>Verwenden Sie das ganze Jahr \u00fcber!<\/strong><\/h4>\n<p>Die Flamme funktioniert unabh\u00e4ngig von der Heizfunktion, so dass Sie auch im Sommer den stimmungsvollen Anblick des Feuers genie\u00dfen k\u00f6nnen. Schalten Sie die Heizung nur dann ein, wenn Sie sie brauchen &#8211; perfekt f\u00fcr jede Jahreszeit. <\/p>\n<h4><strong>Gesundheit und Sicherheit<\/strong><\/h4>\n<ul>\n<li>Der Kamin ist umweltfreundlich &#8211; er st\u00f6\u00dft weder Kohlendioxid noch Ru\u00df aus.<\/li>\n<li>Das Glas bleibt kalt &#8211; sicher f\u00fcr Kinder und Haustiere.<\/li>\n<li>Ein eingebauter Sensor schaltet die Heizung aus, wenn der Heizungsauslass verstopft ist.<\/li>\n<\/ul>\n<h4><strong>Wirtschaftlich und effizient<\/strong><\/h4>\n<ul>\n<li>Die Kosten f\u00fcr den Flammeneffekt betragen dank der LED-Technologie nur 1-2 Cent pro Stunde.<\/li>\n<li>Zwei Heizleistungsstufen und ein Thermostat sorgen f\u00fcr eine optimale Temperatur zwischen 20-30\u00b0C.<\/li>\n<\/ul>\n<h4><strong>Technische Zeichnungen<\/strong><\/h4>\n<p><b>Royal 3D 100<\/b><\/p>\n<p><img loading=\"lazy\" decoding=\"async\" class=\"aligncenter wp-image-11756 size-full\" src=\"https:\/\/aflamo.shop\/wp-content\/uploads\/2024\/12\/Royal_3D_100-%E2%80%94-kopia.png\" alt=\"\" width=\"889\" height=\"545\"><\/p>\n<p>&nbsp;<\/p>\n<p><b>Royal 3D 120<\/b><\/p>\n<p><img loading=\"lazy\" decoding=\"async\" class=\"aligncenter wp-image-11759 size-full\" src=\"https:\/\/aflamo.shop\/wp-content\/uploads\/2024\/12\/Royal_3D_100.png\" alt=\"\" width=\"889\" height=\"545\" srcset=\"https:\/\/aflamo.shop\/wp-content\/uploads\/2024\/12\/Royal_3D_100.png 889w, https:\/\/aflamo.shop\/wp-content\/uploads\/2024\/12\/Royal_3D_100-600x368.png 600w, https:\/\/aflamo.shop\/wp-content\/uploads\/2024\/12\/Royal_3D_100-300x184.png 300w, https:\/\/aflamo.shop\/wp-content\/uploads\/2024\/12\/Royal_3D_100-768x471.png 768w\" sizes=\"(max-width: 889px) 100vw, 889px\" \/><\/p>\n<p>&nbsp;<\/p>\n<p><b>Royal 3D 140<\/b><\/p>\n<p><img loading=\"lazy\" decoding=\"async\" class=\"aligncenter wp-image-11765 size-full\" src=\"https:\/\/aflamo.shop\/wp-content\/uploads\/2024\/12\/Royal_3D_140.png\" alt=\"\" width=\"980\" height=\"538\" srcset=\"https:\/\/aflamo.shop\/wp-content\/uploads\/2024\/12\/Royal_3D_140.png 980w, https:\/\/aflamo.shop\/wp-content\/uploads\/2024\/12\/Royal_3D_140-600x329.png 600w, https:\/\/aflamo.shop\/wp-content\/uploads\/2024\/12\/Royal_3D_140-300x165.png 300w, https:\/\/aflamo.shop\/wp-content\/uploads\/2024\/12\/Royal_3D_140-768x422.png 768w\" sizes=\"(max-width: 980px) 100vw, 980px\" \/><\/p>\n<p>&nbsp;<\/p>\n<p><b>Royal 3D 160<\/b><\/p>\n<p><img loading=\"lazy\" decoding=\"async\" class=\"aligncenter wp-image-11768 size-full\" src=\"https:\/\/aflamo.shop\/wp-content\/uploads\/2024\/12\/Royal_3D_160.png\" alt=\"\" width=\"969\" height=\"485\" srcset=\"https:\/\/aflamo.shop\/wp-content\/uploads\/2024\/12\/Royal_3D_160.png 969w, https:\/\/aflamo.shop\/wp-content\/uploads\/2024\/12\/Royal_3D_160-600x300.png 600w, https:\/\/aflamo.shop\/wp-content\/uploads\/2024\/12\/Royal_3D_160-300x150.png 300w, https:\/\/aflamo.shop\/wp-content\/uploads\/2024\/12\/Royal_3D_160-768x384.png 768w\" sizes=\"(max-width: 969px) 100vw, 969px\" \/><\/p>\n<p>&nbsp;<\/p>\n<p><b>Royal 3D 180<\/b><\/p>\n<p><img loading=\"lazy\" decoding=\"async\" class=\"aligncenter wp-image-11771 size-full\" src=\"https:\/\/aflamo.shop\/wp-content\/uploads\/2024\/12\/Royal_3D_180.png\" alt=\"\" width=\"967\" height=\"444\" srcset=\"https:\/\/aflamo.shop\/wp-content\/uploads\/2024\/12\/Royal_3D_180.png 967w, https:\/\/aflamo.shop\/wp-content\/uploads\/2024\/12\/Royal_3D_180-600x275.png 600w, https:\/\/aflamo.shop\/wp-content\/uploads\/2024\/12\/Royal_3D_180-300x138.png 300w, https:\/\/aflamo.shop\/wp-content\/uploads\/2024\/12\/Royal_3D_180-768x353.png 768w\" sizes=\"(max-width: 967px) 100vw, 967px\" \/><\/p>\n<p>&nbsp;<\/p>\n<\/div>\n<\/div>\n","protected":false},"excerpt":{"rendered":"<p>Hersteller: Aflamo<\/p>\n<p>Eingebauter elektrischer LED-Kamin<\/p>\n<p><b>Modell:<\/b><\/p>\n<ul>\n<li><a href=\"https:\/\/aflamo.shop\/de\/p\/aflamo-royal-3d-100-elektrischer-led-einbaukamin\/\">100<\/a><\/li>\n<li><a href=\"https:\/\/aflamo.shop\/de\/p\/aflamo-royal-3d-120-elektrischer-led-einbaukamin\/\">120<\/a><\/li>\n<li><a href=\"https:\/\/aflamo.shop\/de\/p\/aflamo-royal-3d-140-elektrischer-led-einbaukamin\/\">140<\/a><\/li>\n<li><a href=\"https:\/\/aflamo.shop\/de\/p\/aflamo-royal-3d-160-elektrischer-led-einbaukamin\/\">160<\/a><\/li>\n<li><a href=\"https:\/\/aflamo.shop\/de\/p\/aflamo-royal-3d-180-elektrischer-led-einbaukamin\/\">180<\/a><\/li>\n<\/ul>\n<p><a href=\"https:\/\/aflamo.shop\/wp-content\/uploads\/2024\/12\/Instrukcja-Royal-3D.pdf\">Bedienungs- und Sicherheitshinweise<\/a><\/p>\n<p><b>Abmessungen:<\/b> 160 x 48 x 22 cm<\/p>\n","protected":false},"featured_media":14499,"comment_status":"open","ping_status":"closed","template":"","meta":[],"product_brand":[],"product_cat":[799,801,800,806,805,803,802],"product_tag":[],"class_list":{"0":"post-14498","1":"product","2":"type-product","3":"status-publish","4":"has-post-thumbnail","6":"product_cat-aflamo-de","7":"product_cat-eingebaute-led-elektrokamine","8":"product_cat-elektrische-kamine","9":"product_cat-elektrische-kamine-mit-mobiler-app","10":"product_cat-elektrische-kamine-mit-sound","11":"product_cat-elektrische-led-einsatze","12":"product_cat-led-elektrokamine-mit-heizfunktion","14":"first","15":"instock","16":"shipping-taxable","17":"purchasable","18":"product-type-simple"},"yoast_head":"<!-- This site is optimized with the Yoast SEO plugin v27.1.1 - https:\/\/yoast.com\/product\/yoast-seo-wordpress\/ -->\n<title>Aflamo Royal 3D 160 - elektrischer LED-Einbaukamin - aflamo.shop-zertifizierter aflamo-H\u00e4ndler<\/title>\n<meta name=\"description\" content=\"Royal 3D Kamin - ein realistischer Feuereffekt in Ihrem Zuhause. AFLAMO PLUS Technologie, dreidimensionale Flammen und eine gl\u00fchende Feuerstelle schaffen eine au\u00dfergew\u00f6hnliche Atmosph\u00e4re.\" \/>\n<meta name=\"robots\" content=\"index, follow, max-snippet:-1, max-image-preview:large, max-video-preview:-1\" \/>\n<link rel=\"canonical\" href=\"https:\/\/aflamo.shop\/de\/p\/aflamo-royal-3d-160-elektrischer-led-einbaukamin\/\" \/>\n<meta property=\"og:locale\" content=\"de_DE\" \/>\n<meta property=\"og:type\" content=\"article\" \/>\n<meta property=\"og:title\" content=\"Aflamo Royal 3D 160 - elektrischer LED-Einbaukamin - aflamo.shop-zertifizierter aflamo-H\u00e4ndler\" \/>\n<meta property=\"og:description\" content=\"Royal 3D Kamin - ein realistischer Feuereffekt in Ihrem Zuhause. AFLAMO PLUS Technologie, dreidimensionale Flammen und eine gl\u00fchende Feuerstelle schaffen eine au\u00dfergew\u00f6hnliche Atmosph\u00e4re.\" \/>\n<meta property=\"og:url\" content=\"https:\/\/aflamo.shop\/de\/p\/aflamo-royal-3d-160-elektrischer-led-einbaukamin\/\" \/>\n<meta property=\"og:site_name\" content=\"aflamo.shop-zertifizierter aflamo-H\u00e4ndler\" \/>\n<meta property=\"article:modified_time\" content=\"2025-05-15T11:24:39+00:00\" \/>\n<meta property=\"og:image\" content=\"https:\/\/aflamo.shop\/wp-content\/uploads\/2024\/12\/Royal-3D-100_front_04.jpg\" \/>\n\t<meta property=\"og:image:width\" content=\"2048\" \/>\n\t<meta property=\"og:image:height\" content=\"2048\" \/>\n\t<meta property=\"og:image:type\" content=\"image\/jpeg\" \/>\n<meta name=\"twitter:card\" content=\"summary_large_image\" \/>\n<meta name=\"twitter:label1\" content=\"Gesch\u00e4tzte Lesezeit\" \/>\n\t<meta name=\"twitter:data1\" content=\"6\u00a0Minuten\" \/>\n<script type=\"application\/ld+json\" class=\"yoast-schema-graph\">{\"@context\":\"https:\/\/schema.org\",\"@graph\":[{\"@type\":\"WebPage\",\"@id\":\"https:\/\/aflamo.shop\/de\/p\/aflamo-royal-3d-160-elektrischer-led-einbaukamin\/\",\"url\":\"https:\/\/aflamo.shop\/de\/p\/aflamo-royal-3d-160-elektrischer-led-einbaukamin\/\",\"name\":\"Aflamo Royal 3D 160 - elektrischer LED-Einbaukamin - aflamo.shop-zertifizierter aflamo-H\u00e4ndler\",\"isPartOf\":{\"@id\":\"https:\/\/aflamo.shop\/de\/#website\"},\"primaryImageOfPage\":{\"@id\":\"https:\/\/aflamo.shop\/de\/p\/aflamo-royal-3d-160-elektrischer-led-einbaukamin\/#primaryimage\"},\"image\":{\"@id\":\"https:\/\/aflamo.shop\/de\/p\/aflamo-royal-3d-160-elektrischer-led-einbaukamin\/#primaryimage\"},\"thumbnailUrl\":\"https:\/\/aflamo.shop\/wp-content\/uploads\/2024\/12\/Royal-3D-100_front_04.jpg\",\"datePublished\":\"2024-12-03T08:34:37+00:00\",\"dateModified\":\"2025-05-15T11:24:39+00:00\",\"description\":\"Royal 3D Kamin - ein realistischer Feuereffekt in Ihrem Zuhause. AFLAMO PLUS Technologie, dreidimensionale Flammen und eine gl\u00fchende Feuerstelle schaffen eine au\u00dfergew\u00f6hnliche Atmosph\u00e4re.\",\"breadcrumb\":{\"@id\":\"https:\/\/aflamo.shop\/de\/p\/aflamo-royal-3d-160-elektrischer-led-einbaukamin\/#breadcrumb\"},\"inLanguage\":\"de\",\"potentialAction\":[{\"@type\":\"ReadAction\",\"target\":[\"https:\/\/aflamo.shop\/de\/p\/aflamo-royal-3d-160-elektrischer-led-einbaukamin\/\"]}]},{\"@type\":\"ImageObject\",\"inLanguage\":\"de\",\"@id\":\"https:\/\/aflamo.shop\/de\/p\/aflamo-royal-3d-160-elektrischer-led-einbaukamin\/#primaryimage\",\"url\":\"https:\/\/aflamo.shop\/wp-content\/uploads\/2024\/12\/Royal-3D-100_front_04.jpg\",\"contentUrl\":\"https:\/\/aflamo.shop\/wp-content\/uploads\/2024\/12\/Royal-3D-100_front_04.jpg\",\"width\":2048,\"height\":2048},{\"@type\":\"BreadcrumbList\",\"@id\":\"https:\/\/aflamo.shop\/de\/p\/aflamo-royal-3d-160-elektrischer-led-einbaukamin\/#breadcrumb\",\"itemListElement\":[{\"@type\":\"ListItem\",\"position\":1,\"name\":\"Strona g\u0142\u00f3wna\",\"item\":\"https:\/\/aflamo.shop\/de\/startseite\/\"},{\"@type\":\"ListItem\",\"position\":2,\"name\":\"Shop\",\"item\":\"https:\/\/aflamo.shop\/shop\/\"},{\"@type\":\"ListItem\",\"position\":3,\"name\":\"Elektrische Kamine\",\"item\":\"https:\/\/aflamo.shop\/de\/s\/elektrische-kamine\/\"},{\"@type\":\"ListItem\",\"position\":4,\"name\":\"Eingebaute LED-Elektrokamine\",\"item\":\"https:\/\/aflamo.shop\/de\/s\/elektrische-kamine\/eingebaute-led-elektrokamine\/\"},{\"@type\":\"ListItem\",\"position\":5,\"name\":\"Aflamo Royal 3D 160 &#8211; elektrischer LED-Einbaukamin\"}]},{\"@type\":\"WebSite\",\"@id\":\"https:\/\/aflamo.shop\/de\/#website\",\"url\":\"https:\/\/aflamo.shop\/de\/\",\"name\":\"aflamo.shop-zertifizierter aflamo-H\u00e4ndler\",\"description\":\"Kominki elektryczne Aflamo i Emotion Flame z funkcj\u0105 grzania\",\"potentialAction\":[{\"@type\":\"SearchAction\",\"target\":{\"@type\":\"EntryPoint\",\"urlTemplate\":\"https:\/\/aflamo.shop\/de\/?s={search_term_string}\"},\"query-input\":{\"@type\":\"PropertyValueSpecification\",\"valueRequired\":true,\"valueName\":\"search_term_string\"}}],\"inLanguage\":\"de\"}]}<\/script>\n<!-- \/ Yoast SEO plugin. -->","yoast_head_json":{"title":"Aflamo Royal 3D 160 - elektrischer LED-Einbaukamin - aflamo.shop-zertifizierter aflamo-H\u00e4ndler","description":"Royal 3D Kamin - ein realistischer Feuereffekt in Ihrem Zuhause. AFLAMO PLUS Technologie, dreidimensionale Flammen und eine gl\u00fchende Feuerstelle schaffen eine au\u00dfergew\u00f6hnliche Atmosph\u00e4re.","robots":{"index":"index","follow":"follow","max-snippet":"max-snippet:-1","max-image-preview":"max-image-preview:large","max-video-preview":"max-video-preview:-1"},"canonical":"https:\/\/aflamo.shop\/de\/p\/aflamo-royal-3d-160-elektrischer-led-einbaukamin\/","og_locale":"de_DE","og_type":"article","og_title":"Aflamo Royal 3D 160 - elektrischer LED-Einbaukamin - aflamo.shop-zertifizierter aflamo-H\u00e4ndler","og_description":"Royal 3D Kamin - ein realistischer Feuereffekt in Ihrem Zuhause. AFLAMO PLUS Technologie, dreidimensionale Flammen und eine gl\u00fchende Feuerstelle schaffen eine au\u00dfergew\u00f6hnliche Atmosph\u00e4re.","og_url":"https:\/\/aflamo.shop\/de\/p\/aflamo-royal-3d-160-elektrischer-led-einbaukamin\/","og_site_name":"aflamo.shop-zertifizierter aflamo-H\u00e4ndler","article_modified_time":"2025-05-15T11:24:39+00:00","og_image":[{"width":2048,"height":2048,"url":"https:\/\/aflamo.shop\/wp-content\/uploads\/2024\/12\/Royal-3D-100_front_04.jpg","type":"image\/jpeg"}],"twitter_card":"summary_large_image","twitter_misc":{"Gesch\u00e4tzte Lesezeit":"6\u00a0Minuten"},"schema":{"@context":"https:\/\/schema.org","@graph":[{"@type":"WebPage","@id":"https:\/\/aflamo.shop\/de\/p\/aflamo-royal-3d-160-elektrischer-led-einbaukamin\/","url":"https:\/\/aflamo.shop\/de\/p\/aflamo-royal-3d-160-elektrischer-led-einbaukamin\/","name":"Aflamo Royal 3D 160 - elektrischer LED-Einbaukamin - aflamo.shop-zertifizierter aflamo-H\u00e4ndler","isPartOf":{"@id":"https:\/\/aflamo.shop\/de\/#website"},"primaryImageOfPage":{"@id":"https:\/\/aflamo.shop\/de\/p\/aflamo-royal-3d-160-elektrischer-led-einbaukamin\/#primaryimage"},"image":{"@id":"https:\/\/aflamo.shop\/de\/p\/aflamo-royal-3d-160-elektrischer-led-einbaukamin\/#primaryimage"},"thumbnailUrl":"https:\/\/aflamo.shop\/wp-content\/uploads\/2024\/12\/Royal-3D-100_front_04.jpg","datePublished":"2024-12-03T08:34:37+00:00","dateModified":"2025-05-15T11:24:39+00:00","description":"Royal 3D Kamin - ein realistischer Feuereffekt in Ihrem Zuhause. AFLAMO PLUS Technologie, dreidimensionale Flammen und eine gl\u00fchende Feuerstelle schaffen eine au\u00dfergew\u00f6hnliche Atmosph\u00e4re.","breadcrumb":{"@id":"https:\/\/aflamo.shop\/de\/p\/aflamo-royal-3d-160-elektrischer-led-einbaukamin\/#breadcrumb"},"inLanguage":"de","potentialAction":[{"@type":"ReadAction","target":["https:\/\/aflamo.shop\/de\/p\/aflamo-royal-3d-160-elektrischer-led-einbaukamin\/"]}]},{"@type":"ImageObject","inLanguage":"de","@id":"https:\/\/aflamo.shop\/de\/p\/aflamo-royal-3d-160-elektrischer-led-einbaukamin\/#primaryimage","url":"https:\/\/aflamo.shop\/wp-content\/uploads\/2024\/12\/Royal-3D-100_front_04.jpg","contentUrl":"https:\/\/aflamo.shop\/wp-content\/uploads\/2024\/12\/Royal-3D-100_front_04.jpg","width":2048,"height":2048},{"@type":"BreadcrumbList","@id":"https:\/\/aflamo.shop\/de\/p\/aflamo-royal-3d-160-elektrischer-led-einbaukamin\/#breadcrumb","itemListElement":[{"@type":"ListItem","position":1,"name":"Strona g\u0142\u00f3wna","item":"https:\/\/aflamo.shop\/de\/startseite\/"},{"@type":"ListItem","position":2,"name":"Shop","item":"https:\/\/aflamo.shop\/shop\/"},{"@type":"ListItem","position":3,"name":"Elektrische Kamine","item":"https:\/\/aflamo.shop\/de\/s\/elektrische-kamine\/"},{"@type":"ListItem","position":4,"name":"Eingebaute LED-Elektrokamine","item":"https:\/\/aflamo.shop\/de\/s\/elektrische-kamine\/eingebaute-led-elektrokamine\/"},{"@type":"ListItem","position":5,"name":"Aflamo Royal 3D 160 &#8211; elektrischer LED-Einbaukamin"}]},{"@type":"WebSite","@id":"https:\/\/aflamo.shop\/de\/#website","url":"https:\/\/aflamo.shop\/de\/","name":"aflamo.shop-zertifizierter aflamo-H\u00e4ndler","description":"Kominki elektryczne Aflamo i Emotion Flame z funkcj\u0105 grzania","potentialAction":[{"@type":"SearchAction","target":{"@type":"EntryPoint","urlTemplate":"https:\/\/aflamo.shop\/de\/?s={search_term_string}"},"query-input":{"@type":"PropertyValueSpecification","valueRequired":true,"valueName":"search_term_string"}}],"inLanguage":"de"}]}},"_links":{"self":[{"href":"https:\/\/aflamo.shop\/de\/wp-json\/wp\/v2\/product\/14498","targetHints":{"allow":["GET"]}}],"collection":[{"href":"https:\/\/aflamo.shop\/de\/wp-json\/wp\/v2\/product"}],"about":[{"href":"https:\/\/aflamo.shop\/de\/wp-json\/wp\/v2\/types\/product"}],"replies":[{"embeddable":true,"href":"https:\/\/aflamo.shop\/de\/wp-json\/wp\/v2\/comments?post=14498"}],"wp:featuredmedia":[{"embeddable":true,"href":"https:\/\/aflamo.shop\/de\/wp-json\/wp\/v2\/media\/14499"}],"wp:attachment":[{"href":"https:\/\/aflamo.shop\/de\/wp-json\/wp\/v2\/media?parent=14498"}],"wp:term":[{"taxonomy":"product_brand","embeddable":true,"href":"https:\/\/aflamo.shop\/de\/wp-json\/wp\/v2\/product_brand?post=14498"},{"taxonomy":"product_cat","embeddable":true,"href":"https:\/\/aflamo.shop\/de\/wp-json\/wp\/v2\/product_cat?post=14498"},{"taxonomy":"product_tag","embeddable":true,"href":"https:\/\/aflamo.shop\/de\/wp-json\/wp\/v2\/product_tag?post=14498"}],"curies":[{"name":"wp","href":"https:\/\/api.w.org\/{rel}","templated":true}]}}