{"id":14447,"date":"2025-01-09T12:25:22","date_gmt":"2025-01-09T12:25:22","guid":{"rendered":"https:\/\/aflamo.shop\/p\/aflamo-elite-153-led-wandkamin-einbaukamin\/"},"modified":"2025-07-14T06:54:26","modified_gmt":"2025-07-14T06:54:26","slug":"aflamo-elite-153-led-wandkamin-einbaukamin","status":"publish","type":"product","link":"https:\/\/aflamo.shop\/de\/p\/aflamo-elite-153-led-wandkamin-einbaukamin\/","title":{"rendered":"Aflamo Elite 153 &#8211; LED-Wandkamin\/Einbaukamin"},"content":{"rendered":"<p><iframe title=\"YouTube-Video-Player\" src=\"https:\/\/www.youtube.com\/embed\/exB-62KLWJ4?si=cdBu9-3bW4pG10IX\" width=\"560\" height=\"315\" frameborder=\"0\" allowfullscreen=\"allowfullscreen\"><\/iframe><\/p>\n<h1>Elektrischer Kamin LED Elite<\/h1>\n<p>Der LED Elite Elektrokamin ist ein modernes Ger\u00e4t, das eine dekorative Funktion mit einer praktischen W\u00e4rmequelle verbindet. Er verwendet die <strong>AFLAMO PLUS-Technologie<\/strong>, die f\u00fcr einen noch realistischeren Flammeneffekt sorgt. Der Benutzer hat die Wahl zwischen <strong>10 Flammenfarben<\/strong> und <strong>10 Farben f\u00fcr die Beleuchtung der Feuerstelle<\/strong>, um das Aussehen des Kamins an jede Inneneinrichtung anzupassen. Die Flamme kann auch in der Geschwindigkeit eingestellt werden, so dass Sie die volle Kontrolle \u00fcber das Aussehen des Feuers haben.   <\/p>\n<p><img fetchpriority=\"high\" decoding=\"async\" class=\"aligncenter wp-image-12410 size-full\" src=\"https:\/\/aflamo.shop\/wp-content\/uploads\/2025\/01\/unique_flame_majestic-pro.jpg\" alt=\"\" width=\"492\" height=\"300\" srcset=\"https:\/\/aflamo.shop\/wp-content\/uploads\/2025\/01\/unique_flame_majestic-pro.jpg 492w, https:\/\/aflamo.shop\/wp-content\/uploads\/2025\/01\/unique_flame_majestic-pro-300x183.jpg 300w\" sizes=\"(max-width: 492px) 100vw, 492px\" \/><\/p>\n<h2>Ger\u00e4usch von brennendem Holz<\/h2>\n<p>Dank des eingebauten Lautsprechers gibt der Kamin das Ger\u00e4usch von knisterndem Holz wieder und verst\u00e4rkt so das Gef\u00fchl, neben einem echten Kamin zu sitzen. Diese Funktion schafft eine gem\u00fctliche Atmosph\u00e4re und f\u00f6rdert die Entspannung nach einem anstrengenden Tag. <\/p>\n<p><img decoding=\"async\" class=\"aligncenter wp-image-12413 size-full\" src=\"https:\/\/aflamo.shop\/wp-content\/uploads\/2025\/01\/unique_sound_elite.jpg\" alt=\"\" width=\"492\" height=\"300\" srcset=\"https:\/\/aflamo.shop\/wp-content\/uploads\/2025\/01\/unique_sound_elite.jpg 492w, https:\/\/aflamo.shop\/wp-content\/uploads\/2025\/01\/unique_sound_elite-300x183.jpg 300w\" sizes=\"(max-width: 492px) 100vw, 492px\" \/><\/p>\n<h2>App- und Sprachsteuerung<\/h2>\n<p><iframe title=\"YouTube-Video-Player\" src=\"https:\/\/www.youtube.com\/embed\/H9frj9fGZnY?si=YHNoy3_uQ_P_q10N\" width=\"560\" height=\"315\" frameborder=\"0\" allowfullscreen=\"allowfullscreen\"><\/iframe><br \/>\nDer LED Elite-Kamin bietet eine vollst\u00e4ndige Steuerung \u00fcber eine mobile App, die auf <strong>Android-<\/strong> und <strong>iOS-Ger\u00e4ten<\/strong> verf\u00fcgbar ist. Alle Funktionen des Kamins, einschlie\u00dflich des Ein- und Ausschaltens sowie der Einstellung der Beleuchtungs- und Heizeffekte, k\u00f6nnen \u00fcber das Telefon gesteuert werden. Dar\u00fcber hinaus ist das Ger\u00e4t mit dem <strong>Amazon Alexa<\/strong> Sprachassistenten kompatibel, so dass Sie den Kamin mit Sprachbefehlen steuern k\u00f6nnen.  <\/p>\n<p><img decoding=\"async\" class=\"aligncenter wp-image-12416 size-full\" src=\"https:\/\/aflamo.shop\/wp-content\/uploads\/2025\/01\/unique_app_elite.jpg\" alt=\"\" width=\"492\" height=\"300\" srcset=\"https:\/\/aflamo.shop\/wp-content\/uploads\/2025\/01\/unique_app_elite.jpg 492w, https:\/\/aflamo.shop\/wp-content\/uploads\/2025\/01\/unique_app_elite-300x183.jpg 300w\" sizes=\"(max-width: 492px) 100vw, 492px\" \/><\/p>\n<h2>Verschiedene Gr\u00f6\u00dfenvarianten<\/h2>\n<p>Der Kamin ist in f\u00fcnf Gr\u00f6\u00dfenvarianten erh\u00e4ltlich: <strong>107 cm, 128 cm, 153 cm, 183 cm<\/strong> und <strong>213 cm<\/strong>. Dank der Auswahl an verschiedenen Gr\u00f6\u00dfen passt das Ger\u00e4t in jeden Raum, von kleineren Zimmern bis hin zu ger\u00e4umigen Wohnzimmern. <\/p>\n<p><img loading=\"lazy\" decoding=\"async\" class=\"aligncenter wp-image-12419 size-full\" src=\"https:\/\/aflamo.shop\/wp-content\/uploads\/2025\/01\/unique_elite.jpg\" alt=\"\" width=\"492\" height=\"300\" srcset=\"https:\/\/aflamo.shop\/wp-content\/uploads\/2025\/01\/unique_elite.jpg 492w, https:\/\/aflamo.shop\/wp-content\/uploads\/2025\/01\/unique_elite-300x183.jpg 300w\" sizes=\"(max-width: 492px) 100vw, 492px\" \/><\/p>\n<h2>Einfache Installation<\/h2>\n<p>Die Installation des Kamins ist einfach und kann von Ihnen selbst vorgenommen werden. Sie haben die Wahl zwischen drei Installationsoptionen: <\/p>\n<ul>\n<li>vollst\u00e4ndig in die Wand eingebaut,<\/li>\n<li>teilweise in die Wand eingelassen,<\/li>\n<li>Wandbehang.<\/li>\n<\/ul>\n<p>Ein Aufh\u00e4nger f\u00fcr die einfache Installation ist im Lieferumfang enthalten.<\/p>\n<h2>Flamme<\/h2>\n<h3>Realistische Flamme mit Personalisierung<\/h3>\n<p>Der LED Elite Kamin bietet einen Flammeneffekt, den Sie ganz nach Ihren W\u00fcnschen gestalten k\u00f6nnen. Dank der fortschrittlichen <strong>AFLAMO PLUS-Technologie<\/strong> sieht die Flamme noch nat\u00fcrlicher aus und \u00e4hnelt einem echten Feuer. Sie k\u00f6nnen aus <strong>10 Flammenfarben<\/strong> w\u00e4hlen, so dass Sie die Stimmung im Raum je nach Anlass ver\u00e4ndern k\u00f6nnen.  <\/p>\n<p>Sie k\u00f6nnen nicht nur die Farbe ausw\u00e4hlen, sondern auch <strong>die Geschwindigkeit der Flamme<\/strong> einstellen. Es stehen drei Geschwindigkeitsmodi zur Verf\u00fcgung, die von einem ruhigen, sanften Flackern bis zu einem dynamischen und intensiven Feuereffekt reichen. Auf diese Weise k\u00f6nnen Sie sowohl eine romantische Atmosph\u00e4re als auch einen lebhaft brennenden Lagerfeuer-Effekt erzeugen.  <\/p>\n<p>Der Flammeneffekt ist unabh\u00e4ngig von der Heizfunktion, so dass Sie den Anblick des Feuers das ganze Jahr \u00fcber genie\u00dfen k\u00f6nnen, unabh\u00e4ngig von der Au\u00dfentemperatur.<\/p>\n<p><img loading=\"lazy\" decoding=\"async\" class=\"aligncenter wp-image-12422 size-full\" src=\"https:\/\/aflamo.shop\/wp-content\/uploads\/2025\/01\/Majestic_PRO_flame_colors.jpg\" alt=\"\" width=\"637\" height=\"418\" srcset=\"https:\/\/aflamo.shop\/wp-content\/uploads\/2025\/01\/Majestic_PRO_flame_colors.jpg 637w, https:\/\/aflamo.shop\/wp-content\/uploads\/2025\/01\/Majestic_PRO_flame_colors-600x394.jpg 600w, https:\/\/aflamo.shop\/wp-content\/uploads\/2025\/01\/Majestic_PRO_flame_colors-300x197.jpg 300w\" sizes=\"(max-width: 637px) 100vw, 637px\" \/><\/p>\n<h3>Eine Feuerstelle, die zu Ihrem Stil passt<\/h3>\n<p>Das Set enth\u00e4lt zwei Arten von Feuerstellen: <strong>Holzscheite<\/strong> und <strong>Kristalle<\/strong>, die Sie je nach Ihrer Inneneinrichtung oder Ihrem aktuellen Geschmack beliebig austauschen k\u00f6nnen. Wenn Sie einen klassischen Look bevorzugen, w\u00e4hlen Sie Holzscheite, die echtes Holz imitieren. Die Kristalle hingegen verleihen einen modernen, eleganten Look und eignen sich perfekt f\u00fcr minimalistische Innenr\u00e4ume.  <\/p>\n<p>Die Feuerstelle kann auch in einer der <strong>10 verf\u00fcgbaren Farben<\/strong> beleuchtet werden, um sie zus\u00e4tzlich zu personalisieren. Die Hintergrundbeleuchtung der Feuerstelle kann ged\u00e4mpft und sanft oder intensiver sein, wodurch eine Vielzahl von visuellen Effekten entsteht. Sie k\u00f6nnen die Beleuchtung an die Tageszeit, Ihre Stimmung oder die Gestaltung des Raums anpassen.  <\/p>\n<p><img loading=\"lazy\" decoding=\"async\" class=\"aligncenter wp-image-12425 size-full\" src=\"https:\/\/aflamo.shop\/wp-content\/uploads\/2025\/01\/polana_krysztaly-e1603875138523.png\" alt=\"\" width=\"413\" height=\"297\" srcset=\"https:\/\/aflamo.shop\/wp-content\/uploads\/2025\/01\/polana_krysztaly-e1603875138523.png 413w, https:\/\/aflamo.shop\/wp-content\/uploads\/2025\/01\/polana_krysztaly-e1603875138523-300x216.png 300w\" sizes=\"(max-width: 413px) 100vw, 413px\" \/><\/p>\n<h3>Personalisierung und Komfort<\/h3>\n<p>Mit seiner individuell anpassbaren Flamme und Feuerstelle passt der LED Elite-Kamin in jedes Ambiente &#8211; ob klassisch oder modern. \u00c4ndern Sie die Flammeneinstellungen, Farben und Geschwindigkeiten mit der Fernbedienung oder der mobilen App, um das perfekte Ambiente in Ihrem Zuhause zu schaffen. <\/p>\n<p>Die Kombination aus einem realistischen Feuereffekt, einer Vielzahl von Farben und dem Ger\u00e4usch von brennendem Holz macht den LED Elite-Kamin nicht nur zu einem funktionalen Ger\u00e4t, sondern auch zu einem einzigartigen dekorativen Element.<\/p>\n<h2>Funktion Heizung<\/h2>\n<p>Der Kamin ist mit einer Heizfunktion mit <strong>zwei Heizstufen<\/strong> und <strong>einem Thermostat<\/strong> ausgestattet, mit dem die Raumtemperatur zwischen <strong>18\u00b0C und 30\u00b0C<\/strong> eingestellt und gehalten werden kann. Dank der effizienten Warmluftgebl\u00e4sefunktion w\u00e4rmt der Kamin den Raum schnell auf. <\/p>\n<h2>Flammeneffekt unabh\u00e4ngig von der Heizung<\/h2>\n<p>Der Flammeneffekt ist unabh\u00e4ngig von der Heizfunktion, was bedeutet, dass der Kamin das ganze Jahr \u00fcber genutzt werden kann &#8211; sowohl an kalten Tagen als auch in hei\u00dfen Sommern, ohne die Heizfunktion aktivieren zu m\u00fcssen.<\/p>\n<h2>Sicher in der Anwendung<\/h2>\n<p>Der Kamin ist bequem zu bedienen und wartungsfrei. <strong>Mit der Fernbedienung<\/strong> k\u00f6nnen Sie die Einstellungen \u00e4ndern, ohne vom Sofa aufstehen zu m\u00fcssen. Au\u00dferdem k\u00f6nnen Sie mit dem eingebauten <strong>Timer<\/strong> den Kamin so einstellen, dass er sich nach einer bestimmten Zeit automatisch ausschaltet, was besonders f\u00fcr die Entspannung am Abend n\u00fctzlich ist.  <\/p>\n<p>Das Glas des Kamins <strong>heizt sich nicht auf<\/strong>, wodurch er f\u00fcr Kinder und Haustiere sicher ist. Ein eingebauter <strong>Sicherheitssensor<\/strong> schaltet die Heizfunktion ab, wenn der Hei\u00dfluftauslass verdeckt ist, wodurch das Risiko einer \u00dcberhitzung des Ger\u00e4ts minimiert wird. <\/p>\n<h2>Eine \u00f6konomische und \u00f6kologische L\u00f6sung<\/h2>\n<p>Dank der Verwendung von <strong>LED-Technologie<\/strong> ist der Kamin sparsam und umweltfreundlich. Der Flammeneffekt erzeugt einen minimalen Energieverbrauch &#8211; seine Kosten liegen bei etwa <strong>1-2 Cent pro Stunde<\/strong>, je nach gew\u00e4hltem Modell. Im Gegensatz zu herk\u00f6mmlichen Kaminen <strong>st\u00f6\u00dft<\/strong> das elektrische Ger\u00e4t <strong>keinen Rauch, Ru\u00df oder Kohlendioxid aus<\/strong>, was es zu einer umweltfreundlichen L\u00f6sung macht.  <\/p>\n<h2>Technische Zeichnungen<\/h2>\n<h6>Elite 107<\/h6>\n<p>&nbsp;<\/p>\n<p><img loading=\"lazy\" decoding=\"async\" class=\"aligncenter wp-image-12428 size-full\" src=\"https:\/\/aflamo.shop\/wp-content\/uploads\/2025\/01\/Elite_107.png\" alt=\"\" width=\"1391\" height=\"608\" srcset=\"https:\/\/aflamo.shop\/wp-content\/uploads\/2025\/01\/Elite_107.png 1391w, https:\/\/aflamo.shop\/wp-content\/uploads\/2025\/01\/Elite_107-600x262.png 600w, https:\/\/aflamo.shop\/wp-content\/uploads\/2025\/01\/Elite_107-300x131.png 300w, https:\/\/aflamo.shop\/wp-content\/uploads\/2025\/01\/Elite_107-1024x448.png 1024w, https:\/\/aflamo.shop\/wp-content\/uploads\/2025\/01\/Elite_107-768x336.png 768w\" sizes=\"(max-width: 1391px) 100vw, 1391px\" \/><\/p>\n<h6>Elite 128<\/h6>\n<p>&nbsp;<\/p>\n<p><img loading=\"lazy\" decoding=\"async\" class=\"aligncenter wp-image-12431 size-full\" src=\"https:\/\/aflamo.shop\/wp-content\/uploads\/2025\/01\/Elite_127.png\" alt=\"\" width=\"1278\" height=\"654\" srcset=\"https:\/\/aflamo.shop\/wp-content\/uploads\/2025\/01\/Elite_127.png 1278w, https:\/\/aflamo.shop\/wp-content\/uploads\/2025\/01\/Elite_127-600x307.png 600w, https:\/\/aflamo.shop\/wp-content\/uploads\/2025\/01\/Elite_127-300x154.png 300w, https:\/\/aflamo.shop\/wp-content\/uploads\/2025\/01\/Elite_127-1024x524.png 1024w, https:\/\/aflamo.shop\/wp-content\/uploads\/2025\/01\/Elite_127-768x393.png 768w\" sizes=\"(max-width: 1278px) 100vw, 1278px\" \/><\/p>\n<h6>Elite 153<\/h6>\n<p>&nbsp;<\/p>\n<p><img loading=\"lazy\" decoding=\"async\" class=\"aligncenter wp-image-12434 size-full\" src=\"https:\/\/aflamo.shop\/wp-content\/uploads\/2025\/01\/Elite_153.png\" alt=\"\" width=\"1638\" height=\"609\" srcset=\"https:\/\/aflamo.shop\/wp-content\/uploads\/2025\/01\/Elite_153.png 1638w, https:\/\/aflamo.shop\/wp-content\/uploads\/2025\/01\/Elite_153-600x223.png 600w, https:\/\/aflamo.shop\/wp-content\/uploads\/2025\/01\/Elite_153-300x112.png 300w, https:\/\/aflamo.shop\/wp-content\/uploads\/2025\/01\/Elite_153-1024x381.png 1024w, https:\/\/aflamo.shop\/wp-content\/uploads\/2025\/01\/Elite_153-768x286.png 768w, https:\/\/aflamo.shop\/wp-content\/uploads\/2025\/01\/Elite_153-1536x571.png 1536w\" sizes=\"(max-width: 1638px) 100vw, 1638px\" \/><\/p>\n<h6>Elite 183<\/h6>\n<p><img loading=\"lazy\" decoding=\"async\" class=\"aligncenter wp-image-12437 size-full\" src=\"https:\/\/aflamo.shop\/wp-content\/uploads\/2025\/01\/Elite_183.png\" alt=\"\" width=\"1694\" height=\"561\" srcset=\"https:\/\/aflamo.shop\/wp-content\/uploads\/2025\/01\/Elite_183.png 1694w, https:\/\/aflamo.shop\/wp-content\/uploads\/2025\/01\/Elite_183-600x199.png 600w, https:\/\/aflamo.shop\/wp-content\/uploads\/2025\/01\/Elite_183-300x99.png 300w, https:\/\/aflamo.shop\/wp-content\/uploads\/2025\/01\/Elite_183-1024x339.png 1024w, https:\/\/aflamo.shop\/wp-content\/uploads\/2025\/01\/Elite_183-768x254.png 768w, https:\/\/aflamo.shop\/wp-content\/uploads\/2025\/01\/Elite_183-1536x509.png 1536w\" sizes=\"(max-width: 1694px) 100vw, 1694px\" \/><\/p>\n","protected":false},"excerpt":{"rendered":"<p>Hersteller: Aflamo<\/p>\n<p>Elektrischer wandmontierter\/eingebauter LED-Kamin<\/p>\n<p>Produkt verf\u00fcgbar ab 10.09.2025<\/p>\n<p><b>Modelle:<\/b><\/p>\n<ul>\n<li><a href=\"https:\/\/aflamo.shop\/de\/p\/aflamo-elite-107-led-wandkamin-einbaukamin\/\">107<\/a><\/li>\n<li><a href=\"https:\/\/aflamo.shop\/de\/p\/aflamo-elite-128-led-wandkamin-einbaukamin\/\">128<\/a><\/li>\n<li><a href=\"https:\/\/aflamo.shop\/de\/p\/aflamo-elite-153-led-wandkamin-einbaukamin\/\">153<\/a><\/li>\n<li><a href=\"https:\/\/aflamo.shop\/de\/p\/aflamo-elite-183-led-wandkamin-einbaukamin\/\">183<\/a><\/li>\n<\/ul>\n<p><a href=\"https:\/\/aflamo.shop\/wp-content\/uploads\/2025\/01\/Majestic-PRO_Elite_EN-PL-DE-IT-ES-FR-CS-SK-NL.pdf\">Bedienungs- und Sicherheitshinweise<\/a><\/p>\n<p><b>Ma\u00dfe:<\/b> 153 x 46 x 13 cm<\/p>\n","protected":false},"featured_media":14373,"comment_status":"open","ping_status":"closed","template":"","meta":[],"product_brand":[],"product_cat":[799,801,800,806,805,804,803,802],"product_tag":[],"class_list":{"0":"post-14447","1":"product","2":"type-product","3":"status-publish","4":"has-post-thumbnail","6":"product_cat-aflamo-de","7":"product_cat-eingebaute-led-elektrokamine","8":"product_cat-elektrische-kamine","9":"product_cat-elektrische-kamine-mit-mobiler-app","10":"product_cat-elektrische-kamine-mit-sound","11":"product_cat-elektrische-kamine-zum-aufhangen-an-der-wand","12":"product_cat-elektrische-led-einsatze","13":"product_cat-led-elektrokamine-mit-heizfunktion","15":"first","16":"instock","17":"shipping-taxable","18":"purchasable","19":"product-type-simple"},"yoast_head":"<!-- This site is optimized with the Yoast SEO plugin v27.1.1 - https:\/\/yoast.com\/product\/yoast-seo-wordpress\/ -->\n<title>Aflamo Elite 153 - LED-Wandkamin\/Einbaukamin - aflamo.shop-zertifizierter aflamo-H\u00e4ndler<\/title>\n<meta name=\"description\" content=\"Der elektrische Kamin LED Elite ist ein modernes Ger\u00e4t, das eine dekorative Funktion mit einer praktischen W\u00e4rmequelle verbindet. Er verf\u00fcgt \u00fcber den Aflamo PLUS Flammeneffekt.\" \/>\n<meta name=\"robots\" content=\"index, follow, max-snippet:-1, max-image-preview:large, max-video-preview:-1\" \/>\n<link rel=\"canonical\" href=\"https:\/\/aflamo.shop\/de\/p\/aflamo-elite-153-led-wandkamin-einbaukamin\/\" \/>\n<meta property=\"og:locale\" content=\"de_DE\" \/>\n<meta property=\"og:type\" content=\"article\" \/>\n<meta property=\"og:title\" content=\"Aflamo Elite 153 - LED-Wandkamin\/Einbaukamin - aflamo.shop-zertifizierter aflamo-H\u00e4ndler\" \/>\n<meta property=\"og:description\" content=\"Der elektrische Kamin LED Elite ist ein modernes Ger\u00e4t, das eine dekorative Funktion mit einer praktischen W\u00e4rmequelle verbindet. Er verf\u00fcgt \u00fcber den Aflamo PLUS Flammeneffekt.\" \/>\n<meta property=\"og:url\" content=\"https:\/\/aflamo.shop\/de\/p\/aflamo-elite-153-led-wandkamin-einbaukamin\/\" \/>\n<meta property=\"og:site_name\" content=\"aflamo.shop-zertifizierter aflamo-H\u00e4ndler\" \/>\n<meta property=\"article:modified_time\" content=\"2025-07-14T06:54:26+00:00\" \/>\n<meta property=\"og:image\" content=\"https:\/\/aflamo.shop\/wp-content\/uploads\/2025\/01\/Elite_front_logs_1.jpg\" \/>\n\t<meta property=\"og:image:width\" content=\"2048\" \/>\n\t<meta property=\"og:image:height\" content=\"2048\" \/>\n\t<meta property=\"og:image:type\" content=\"image\/jpeg\" \/>\n<meta name=\"twitter:card\" content=\"summary_large_image\" \/>\n<meta name=\"twitter:label1\" content=\"Gesch\u00e4tzte Lesezeit\" \/>\n\t<meta name=\"twitter:data1\" content=\"8\u00a0Minuten\" \/>\n<script type=\"application\/ld+json\" class=\"yoast-schema-graph\">{\"@context\":\"https:\/\/schema.org\",\"@graph\":[{\"@type\":\"WebPage\",\"@id\":\"https:\/\/aflamo.shop\/de\/p\/aflamo-elite-153-led-wandkamin-einbaukamin\/\",\"url\":\"https:\/\/aflamo.shop\/de\/p\/aflamo-elite-153-led-wandkamin-einbaukamin\/\",\"name\":\"Aflamo Elite 153 - LED-Wandkamin\/Einbaukamin - aflamo.shop-zertifizierter aflamo-H\u00e4ndler\",\"isPartOf\":{\"@id\":\"https:\/\/aflamo.shop\/de\/#website\"},\"primaryImageOfPage\":{\"@id\":\"https:\/\/aflamo.shop\/de\/p\/aflamo-elite-153-led-wandkamin-einbaukamin\/#primaryimage\"},\"image\":{\"@id\":\"https:\/\/aflamo.shop\/de\/p\/aflamo-elite-153-led-wandkamin-einbaukamin\/#primaryimage\"},\"thumbnailUrl\":\"https:\/\/aflamo.shop\/wp-content\/uploads\/2025\/01\/Elite_front_logs_1.jpg\",\"datePublished\":\"2025-01-09T12:25:22+00:00\",\"dateModified\":\"2025-07-14T06:54:26+00:00\",\"description\":\"Der elektrische Kamin LED Elite ist ein modernes Ger\u00e4t, das eine dekorative Funktion mit einer praktischen W\u00e4rmequelle verbindet. Er verf\u00fcgt \u00fcber den Aflamo PLUS Flammeneffekt.\",\"breadcrumb\":{\"@id\":\"https:\/\/aflamo.shop\/de\/p\/aflamo-elite-153-led-wandkamin-einbaukamin\/#breadcrumb\"},\"inLanguage\":\"de\",\"potentialAction\":[{\"@type\":\"ReadAction\",\"target\":[\"https:\/\/aflamo.shop\/de\/p\/aflamo-elite-153-led-wandkamin-einbaukamin\/\"]}]},{\"@type\":\"ImageObject\",\"inLanguage\":\"de\",\"@id\":\"https:\/\/aflamo.shop\/de\/p\/aflamo-elite-153-led-wandkamin-einbaukamin\/#primaryimage\",\"url\":\"https:\/\/aflamo.shop\/wp-content\/uploads\/2025\/01\/Elite_front_logs_1.jpg\",\"contentUrl\":\"https:\/\/aflamo.shop\/wp-content\/uploads\/2025\/01\/Elite_front_logs_1.jpg\",\"width\":2048,\"height\":2048},{\"@type\":\"BreadcrumbList\",\"@id\":\"https:\/\/aflamo.shop\/de\/p\/aflamo-elite-153-led-wandkamin-einbaukamin\/#breadcrumb\",\"itemListElement\":[{\"@type\":\"ListItem\",\"position\":1,\"name\":\"Strona g\u0142\u00f3wna\",\"item\":\"https:\/\/aflamo.shop\/de\/startseite\/\"},{\"@type\":\"ListItem\",\"position\":2,\"name\":\"Shop\",\"item\":\"https:\/\/aflamo.shop\/shop\/\"},{\"@type\":\"ListItem\",\"position\":3,\"name\":\"Elektrische Kamine\",\"item\":\"https:\/\/aflamo.shop\/de\/s\/elektrische-kamine\/\"},{\"@type\":\"ListItem\",\"position\":4,\"name\":\"Eingebaute LED-Elektrokamine\",\"item\":\"https:\/\/aflamo.shop\/de\/s\/elektrische-kamine\/eingebaute-led-elektrokamine\/\"},{\"@type\":\"ListItem\",\"position\":5,\"name\":\"Aflamo Elite 153 &#8211; LED-Wandkamin\/Einbaukamin\"}]},{\"@type\":\"WebSite\",\"@id\":\"https:\/\/aflamo.shop\/de\/#website\",\"url\":\"https:\/\/aflamo.shop\/de\/\",\"name\":\"aflamo.shop-zertifizierter aflamo-H\u00e4ndler\",\"description\":\"Kominki elektryczne Aflamo i Emotion Flame z funkcj\u0105 grzania\",\"potentialAction\":[{\"@type\":\"SearchAction\",\"target\":{\"@type\":\"EntryPoint\",\"urlTemplate\":\"https:\/\/aflamo.shop\/de\/?s={search_term_string}\"},\"query-input\":{\"@type\":\"PropertyValueSpecification\",\"valueRequired\":true,\"valueName\":\"search_term_string\"}}],\"inLanguage\":\"de\"}]}<\/script>\n<!-- \/ Yoast SEO plugin. -->","yoast_head_json":{"title":"Aflamo Elite 153 - LED-Wandkamin\/Einbaukamin - aflamo.shop-zertifizierter aflamo-H\u00e4ndler","description":"Der elektrische Kamin LED Elite ist ein modernes Ger\u00e4t, das eine dekorative Funktion mit einer praktischen W\u00e4rmequelle verbindet. Er verf\u00fcgt \u00fcber den Aflamo PLUS Flammeneffekt.","robots":{"index":"index","follow":"follow","max-snippet":"max-snippet:-1","max-image-preview":"max-image-preview:large","max-video-preview":"max-video-preview:-1"},"canonical":"https:\/\/aflamo.shop\/de\/p\/aflamo-elite-153-led-wandkamin-einbaukamin\/","og_locale":"de_DE","og_type":"article","og_title":"Aflamo Elite 153 - LED-Wandkamin\/Einbaukamin - aflamo.shop-zertifizierter aflamo-H\u00e4ndler","og_description":"Der elektrische Kamin LED Elite ist ein modernes Ger\u00e4t, das eine dekorative Funktion mit einer praktischen W\u00e4rmequelle verbindet. Er verf\u00fcgt \u00fcber den Aflamo PLUS Flammeneffekt.","og_url":"https:\/\/aflamo.shop\/de\/p\/aflamo-elite-153-led-wandkamin-einbaukamin\/","og_site_name":"aflamo.shop-zertifizierter aflamo-H\u00e4ndler","article_modified_time":"2025-07-14T06:54:26+00:00","og_image":[{"width":2048,"height":2048,"url":"https:\/\/aflamo.shop\/wp-content\/uploads\/2025\/01\/Elite_front_logs_1.jpg","type":"image\/jpeg"}],"twitter_card":"summary_large_image","twitter_misc":{"Gesch\u00e4tzte Lesezeit":"8\u00a0Minuten"},"schema":{"@context":"https:\/\/schema.org","@graph":[{"@type":"WebPage","@id":"https:\/\/aflamo.shop\/de\/p\/aflamo-elite-153-led-wandkamin-einbaukamin\/","url":"https:\/\/aflamo.shop\/de\/p\/aflamo-elite-153-led-wandkamin-einbaukamin\/","name":"Aflamo Elite 153 - LED-Wandkamin\/Einbaukamin - aflamo.shop-zertifizierter aflamo-H\u00e4ndler","isPartOf":{"@id":"https:\/\/aflamo.shop\/de\/#website"},"primaryImageOfPage":{"@id":"https:\/\/aflamo.shop\/de\/p\/aflamo-elite-153-led-wandkamin-einbaukamin\/#primaryimage"},"image":{"@id":"https:\/\/aflamo.shop\/de\/p\/aflamo-elite-153-led-wandkamin-einbaukamin\/#primaryimage"},"thumbnailUrl":"https:\/\/aflamo.shop\/wp-content\/uploads\/2025\/01\/Elite_front_logs_1.jpg","datePublished":"2025-01-09T12:25:22+00:00","dateModified":"2025-07-14T06:54:26+00:00","description":"Der elektrische Kamin LED Elite ist ein modernes Ger\u00e4t, das eine dekorative Funktion mit einer praktischen W\u00e4rmequelle verbindet. Er verf\u00fcgt \u00fcber den Aflamo PLUS Flammeneffekt.","breadcrumb":{"@id":"https:\/\/aflamo.shop\/de\/p\/aflamo-elite-153-led-wandkamin-einbaukamin\/#breadcrumb"},"inLanguage":"de","potentialAction":[{"@type":"ReadAction","target":["https:\/\/aflamo.shop\/de\/p\/aflamo-elite-153-led-wandkamin-einbaukamin\/"]}]},{"@type":"ImageObject","inLanguage":"de","@id":"https:\/\/aflamo.shop\/de\/p\/aflamo-elite-153-led-wandkamin-einbaukamin\/#primaryimage","url":"https:\/\/aflamo.shop\/wp-content\/uploads\/2025\/01\/Elite_front_logs_1.jpg","contentUrl":"https:\/\/aflamo.shop\/wp-content\/uploads\/2025\/01\/Elite_front_logs_1.jpg","width":2048,"height":2048},{"@type":"BreadcrumbList","@id":"https:\/\/aflamo.shop\/de\/p\/aflamo-elite-153-led-wandkamin-einbaukamin\/#breadcrumb","itemListElement":[{"@type":"ListItem","position":1,"name":"Strona g\u0142\u00f3wna","item":"https:\/\/aflamo.shop\/de\/startseite\/"},{"@type":"ListItem","position":2,"name":"Shop","item":"https:\/\/aflamo.shop\/shop\/"},{"@type":"ListItem","position":3,"name":"Elektrische Kamine","item":"https:\/\/aflamo.shop\/de\/s\/elektrische-kamine\/"},{"@type":"ListItem","position":4,"name":"Eingebaute LED-Elektrokamine","item":"https:\/\/aflamo.shop\/de\/s\/elektrische-kamine\/eingebaute-led-elektrokamine\/"},{"@type":"ListItem","position":5,"name":"Aflamo Elite 153 &#8211; LED-Wandkamin\/Einbaukamin"}]},{"@type":"WebSite","@id":"https:\/\/aflamo.shop\/de\/#website","url":"https:\/\/aflamo.shop\/de\/","name":"aflamo.shop-zertifizierter aflamo-H\u00e4ndler","description":"Kominki elektryczne Aflamo i Emotion Flame z funkcj\u0105 grzania","potentialAction":[{"@type":"SearchAction","target":{"@type":"EntryPoint","urlTemplate":"https:\/\/aflamo.shop\/de\/?s={search_term_string}"},"query-input":{"@type":"PropertyValueSpecification","valueRequired":true,"valueName":"search_term_string"}}],"inLanguage":"de"}]}},"_links":{"self":[{"href":"https:\/\/aflamo.shop\/de\/wp-json\/wp\/v2\/product\/14447","targetHints":{"allow":["GET"]}}],"collection":[{"href":"https:\/\/aflamo.shop\/de\/wp-json\/wp\/v2\/product"}],"about":[{"href":"https:\/\/aflamo.shop\/de\/wp-json\/wp\/v2\/types\/product"}],"replies":[{"embeddable":true,"href":"https:\/\/aflamo.shop\/de\/wp-json\/wp\/v2\/comments?post=14447"}],"wp:featuredmedia":[{"embeddable":true,"href":"https:\/\/aflamo.shop\/de\/wp-json\/wp\/v2\/media\/14373"}],"wp:attachment":[{"href":"https:\/\/aflamo.shop\/de\/wp-json\/wp\/v2\/media?parent=14447"}],"wp:term":[{"taxonomy":"product_brand","embeddable":true,"href":"https:\/\/aflamo.shop\/de\/wp-json\/wp\/v2\/product_brand?post=14447"},{"taxonomy":"product_cat","embeddable":true,"href":"https:\/\/aflamo.shop\/de\/wp-json\/wp\/v2\/product_cat?post=14447"},{"taxonomy":"product_tag","embeddable":true,"href":"https:\/\/aflamo.shop\/de\/wp-json\/wp\/v2\/product_tag?post=14447"}],"curies":[{"name":"wp","href":"https:\/\/api.w.org\/{rel}","templated":true}]}}