{"id":14313,"date":"2025-01-31T11:15:42","date_gmt":"2025-01-31T11:15:42","guid":{"rendered":"https:\/\/aflamo.shop\/p\/aflamo-unique-pro-100-wandmontierter-eingebauter-led-elektrokamin\/"},"modified":"2025-05-15T11:17:53","modified_gmt":"2025-05-15T11:17:53","slug":"aflamo-unique-pro-100-wandmontierter-eingebauter-led-elektrokamin","status":"publish","type":"product","link":"https:\/\/aflamo.shop\/de\/p\/aflamo-unique-pro-100-wandmontierter-eingebauter-led-elektrokamin\/","title":{"rendered":"Aflamo Unique PRO 100 &#8211; Wandmontierter\/eingebauter LED-Elektrokamin"},"content":{"rendered":"<p><iframe title=\"YouTube-Video-Player\" src=\"https:\/\/www.youtube.com\/embed\/7jlKpH1YWtI?si=VlT953CMjCiCOuLz\" width=\"560\" height=\"315\" frameborder=\"0\" allowfullscreen=\"allowfullscreen\"><\/iframe><\/p>\n<section>\n<h1>Einzigartiger PRO LED Elektrokamin &#8211; neue Flammenqualit\u00e4t<\/h1>\n<h2>Sp\u00fcren Sie den Unterschied!<\/h2>\n<p><strong>Unique PRO<\/strong> ist eine neue Generation von Elektrokaminen, die modernste Technologie mit einem extrem realistischen Flammeneffekt kombiniert.<br \/>\nDank der <strong>AFLAMO PLUS<\/strong> Technologie erhalten Sie einen noch nat\u00fcrlicheren und angenehmeren Blick auf das Feuer, der jeden Moment zu etwas Besonderem macht.<\/p>\n<p><img fetchpriority=\"high\" decoding=\"async\" class=\"aligncenter wp-image-12600 size-full\" src=\"https:\/\/aflamo.shop\/wp-content\/uploads\/2025\/01\/unique_flame_royal-pro.jpg\" alt=\"\" width=\"492\" height=\"300\" srcset=\"https:\/\/aflamo.shop\/wp-content\/uploads\/2025\/01\/unique_flame_royal-pro.jpg 492w, https:\/\/aflamo.shop\/wp-content\/uploads\/2025\/01\/unique_flame_royal-pro-300x183.jpg 300w\" sizes=\"(max-width: 492px) 100vw, 492px\" \/><\/p>\n<h2>Modernes Design und kompakte Abmessungen<\/h2>\n<p>Mit seiner minimalistischen Form und einer H\u00f6he von nur <strong>39 cm<\/strong> passt der Unique PRO Kamin perfekt in jede Einrichtung.<br \/>\nEr ist ein elegantes Dekorationselement, das nicht nur Platz spart, sondern auch W\u00e4rme und Gem\u00fctlichkeit in den Raum bringt.<\/p>\n<p><img decoding=\"async\" class=\"aligncenter wp-image-12603 size-full\" src=\"https:\/\/aflamo.shop\/wp-content\/uploads\/\" alt=\"\" width=\"2048\" height=\"1152\"><\/p>\n<h2>Realistischer Flammen- und Kamineffekt<\/h2>\n<ul>\n<li>\ud83d\udd25<strong>15 Flammenfarben<\/strong> &#8211; passen Sie das Aussehen des Kamins an Ihre Stimmung an.<\/li>\n<li>\ud83d\udd25<strong>5 Helligkeitsstufen der Flamme<\/strong><\/li>\n<li>\ud83d\udd25<strong>5 Stufen der Flammengeschwindigkeit<\/strong><\/li>\n<\/ul>\n<p><img decoding=\"async\" class=\"aligncenter wp-image-12606 size-full\" src=\"https:\/\/aflamo.shop\/wp-content\/uploads\/2025\/01\/Royal_PRO_flame_colors.jpg\" alt=\"\" width=\"637\" height=\"418\" srcset=\"https:\/\/aflamo.shop\/wp-content\/uploads\/2025\/01\/Royal_PRO_flame_colors.jpg 637w, https:\/\/aflamo.shop\/wp-content\/uploads\/2025\/01\/Royal_PRO_flame_colors-600x394.jpg 600w, https:\/\/aflamo.shop\/wp-content\/uploads\/2025\/01\/Royal_PRO_flame_colors-300x197.jpg 300w\" sizes=\"(max-width: 637px) 100vw, 637px\" \/><\/p>\n<ul>\n<li style=\"list-style-type: none;\">\n<ul>\n<li>Transluzente Baumst\u00e4mme &#8211; die Imitation von gl\u00fchendem Holz verleiht einen einzigartigen Charme.<\/li>\n<\/ul>\n<\/li>\n<\/ul>\n<p><img loading=\"lazy\" decoding=\"async\" class=\"aligncenter wp-image-12609 size-full\" src=\"https:\/\/aflamo.shop\/wp-content\/uploads\/2025\/01\/unique_logs_royal-pro.jpg\" alt=\"\" width=\"492\" height=\"300\" srcset=\"https:\/\/aflamo.shop\/wp-content\/uploads\/2025\/01\/unique_logs_royal-pro.jpg 492w, https:\/\/aflamo.shop\/wp-content\/uploads\/2025\/01\/unique_logs_royal-pro-300x183.jpg 300w\" sizes=\"(max-width: 492px) 100vw, 492px\" \/><\/p>\n<ul>\n<li>2 Arten von Feuerstellen enthalten: Holzscheite, Kristalle.<\/li>\n<li>15 Farben f\u00fcr die Beleuchtung des Kamins.<\/li>\n<li>5 Helligkeitsstufen f\u00fcr die Beleuchtung der Feuerstelle.<\/li>\n<\/ul>\n<p><img loading=\"lazy\" decoding=\"async\" class=\"wp-image-12425 size-full aligncenter\" src=\"https:\/\/aflamo.shop\/wp-content\/uploads\/2025\/01\/polana_krysztaly-e1603875138523.png\" alt=\"\" width=\"413\" height=\"297\" srcset=\"https:\/\/aflamo.shop\/wp-content\/uploads\/2025\/01\/polana_krysztaly-e1603875138523.png 413w, https:\/\/aflamo.shop\/wp-content\/uploads\/2025\/01\/polana_krysztaly-e1603875138523-300x216.png 300w\" sizes=\"(max-width: 413px) 100vw, 413px\" \/><\/p>\n<h2>Soundeffekt &#8211; knisterndes Holz<\/h2>\n<p>Dank des eingebauten Lautsprechers k\u00f6nnen Sie nicht nur eine realistische Flamme sehen, sondern auch den<br \/>\n<strong>authentische Ger\u00e4usche von knisterndem Holz<\/strong>. Ideal f\u00fcr alle, die ein komplettes Erlebnis zu sch\u00e4tzen wissen. <\/p>\n<p><img loading=\"lazy\" decoding=\"async\" class=\"aligncenter wp-image-12612 size-full\" src=\"https:\/\/aflamo.shop\/wp-content\/uploads\/2025\/01\/unique_sound_majestic-pro-copy.jpg\" alt=\"\" width=\"492\" height=\"300\" srcset=\"https:\/\/aflamo.shop\/wp-content\/uploads\/2025\/01\/unique_sound_majestic-pro-copy.jpg 492w, https:\/\/aflamo.shop\/wp-content\/uploads\/2025\/01\/unique_sound_majestic-pro-copy-300x183.jpg 300w\" sizes=\"(max-width: 492px) 100vw, 492px\" \/><\/p>\n<h2>Einfache Bedienung und moderne Steuerung<\/h2>\n<p><iframe title=\"YouTube-Video-Player\" src=\"https:\/\/www.youtube.com\/embed\/H9frj9fGZnY?si=YHNoy3_uQ_P_q10N\" width=\"560\" height=\"315\" frameborder=\"0\" allowfullscreen=\"allowfullscreen\"><\/iframe><\/p>\n<ul>\n<li>\ud83d\udcf1 <strong>Mobile App (Android und iOS)<\/strong> &#8211; volle Kontrolle von Ihrem Telefon aus.<\/li>\n<li>\ud83d\udde3 <strong>Sprachsteuerung<\/strong> &#8211; Kompatibel mit Amazon Alexa.<\/li>\n<li>\ud83c\udfae <strong>Fernbedienung<\/strong> &#8211; bequeme Bedienung, ohne vom Sofa aufzustehen.<\/li>\n<\/ul>\n<p><img loading=\"lazy\" decoding=\"async\" class=\"aligncenter wp-image-12615 size-full\" src=\"https:\/\/aflamo.shop\/wp-content\/uploads\/2025\/01\/unique_app_unique-pro.jpg\" alt=\"\" width=\"492\" height=\"300\" srcset=\"https:\/\/aflamo.shop\/wp-content\/uploads\/2025\/01\/unique_app_unique-pro.jpg 492w, https:\/\/aflamo.shop\/wp-content\/uploads\/2025\/01\/unique_app_unique-pro-300x183.jpg 300w\" sizes=\"(max-width: 492px) 100vw, 492px\" \/><\/p>\n<h2>Passen Sie den Kamin an Ihre Einrichtung an<\/h2>\n<p><strong>W\u00e4hlen Sie die ideale Gr\u00f6\u00dfe:<\/strong> 80, 100, 120, 140, 160, 180 cm.<\/p>\n<p><img loading=\"lazy\" decoding=\"async\" class=\"wp-image-12618 size-full aligncenter\" src=\"https:\/\/aflamo.shop\/wp-content\/uploads\/2025\/01\/unique_unique-pro.jpg\" alt=\"\" width=\"492\" height=\"300\" srcset=\"https:\/\/aflamo.shop\/wp-content\/uploads\/2025\/01\/unique_unique-pro.jpg 492w, https:\/\/aflamo.shop\/wp-content\/uploads\/2025\/01\/unique_unique-pro-300x183.jpg 300w\" sizes=\"(max-width: 492px) 100vw, 492px\" \/><\/p>\n<h2>In wenigen Schritten installieren, einschalten und das Feuer genie\u00dfen! \ud83d\udd25<\/h2>\n<p><strong>3 Befestigungsmethoden:<\/strong><\/p>\n<ol>\n<li>Komplett in die Wand, Gipskarton, M\u00f6belplatte eingebaut und auf jede beliebige Art und Weise verarbeitet: Fliesen, Paneele, Gips&#8230; Ihrer Fantasie sind keine Grenzen gesetzt! <\/li>\n<li>Teilweise in die Wand eingelassen.<\/li>\n<li>Wandmontage.<\/li>\n<\/ol>\n<h2>Komfort und Bequemlichkeit<\/h2>\n<ul>\n<li>\u23f3 <strong>Timer und Ausschalttimer<\/strong> &#8211; einstellen und vergessen, der Kamin schaltet sich von selbst aus.<\/li>\n<li>\ud83d\udca8 <strong>Blow-Heat-Funktion<\/strong> &#8211; heizt den Raum schnell auf.<\/li>\n<li>\ud83c\udf21 <strong>Thermostat (20-30\u00b0C)<\/strong> &#8211; pr\u00e4zise Temperaturkontrolle.<\/li>\n<li>\ud83d\udd25 <strong>Flammeneffekt unabh\u00e4ngig von der Heizung<\/strong> &#8211; genie\u00dfen Sie die Sch\u00f6nheit eines Feuers das ganze Jahr \u00fcber!<\/li>\n<\/ul>\n<h2>Sicherheit und \u00d6kologie<\/h2>\n<ul>\n<li><strong>\u2705 Ben\u00f6tigt keine zus\u00e4tzliche Bel\u00fcftung.<\/strong><\/li>\n<li>\u2705 <strong>Das Glas des Kamins erhitzt sich nicht<\/strong> &#8211; sicher f\u00fcr Kinder und Haustiere.<\/li>\n<li>\u2705 <strong>Sicherheitssensor<\/strong> &#8211; automatische Abschaltung, wenn der Luftauslass verstopft ist.<\/li>\n<li>\u2705 <strong>Keine Abgas- und Ru\u00dfemissionen<\/strong> &#8211; eine umweltfreundliche L\u00f6sung, die die Luft nicht verschmutzt.<\/li>\n<li>\u2705 <strong>Niedrige Betriebskosten<\/strong> &#8211; dank der LED-Technologie kostet der Flammeneffekt nur <strong>1-2 gr\/h<\/strong>!<\/li>\n<\/ul>\n<h2>Zusammenfassung &#8211; Ihr idealer Kamin<\/h2>\n<p>Der <strong>Unique PRO<\/strong> Elektrokamin ist die perfekte Kombination aus modernem Design, au\u00dfergew\u00f6hnlichem Flammenrealismus und absolutem Bedienkomfort.<br \/>\nEr bietet sowohl ein angenehmes Klima als auch eine Heizfunktion, so dass er f\u00fcr jedes Haus geeignet ist.<br \/>\nGenie\u00dfen Sie eine gem\u00fctliche Atmosph\u00e4re ohne Rauch, Asche und Reinigungsbedarf.<\/p>\n<p>&nbsp;<\/p>\n<\/section>\n<h3><strong>Technische Zeichnungen<\/strong><\/h3>\n<p><strong>Einzigartig PRO 80<\/strong><\/p>\n<p><img loading=\"lazy\" decoding=\"async\" class=\"aligncenter wp-image-12621 size-full\" src=\"https:\/\/aflamo.shop\/wp-content\/uploads\/2025\/01\/Unique_PRO_80.png\" alt=\"\" width=\"1481\" height=\"761\" srcset=\"https:\/\/aflamo.shop\/wp-content\/uploads\/2025\/01\/Unique_PRO_80.png 1481w, https:\/\/aflamo.shop\/wp-content\/uploads\/2025\/01\/Unique_PRO_80-600x308.png 600w, https:\/\/aflamo.shop\/wp-content\/uploads\/2025\/01\/Unique_PRO_80-300x154.png 300w, https:\/\/aflamo.shop\/wp-content\/uploads\/2025\/01\/Unique_PRO_80-1024x526.png 1024w, https:\/\/aflamo.shop\/wp-content\/uploads\/2025\/01\/Unique_PRO_80-768x395.png 768w\" sizes=\"(max-width: 1481px) 100vw, 1481px\" \/><\/p>\n<p><strong>Einzigartig PRO 100<\/strong><\/p>\n<p>&nbsp;<\/p>\n<p><img loading=\"lazy\" decoding=\"async\" class=\"aligncenter wp-image-12624 size-full\" src=\"https:\/\/aflamo.shop\/wp-content\/uploads\/2025\/01\/Unique_PRO_100.png\" alt=\"\" width=\"2026\" height=\"910\" srcset=\"https:\/\/aflamo.shop\/wp-content\/uploads\/2025\/01\/Unique_PRO_100.png 2026w, https:\/\/aflamo.shop\/wp-content\/uploads\/2025\/01\/Unique_PRO_100-600x269.png 600w, https:\/\/aflamo.shop\/wp-content\/uploads\/2025\/01\/Unique_PRO_100-300x135.png 300w, https:\/\/aflamo.shop\/wp-content\/uploads\/2025\/01\/Unique_PRO_100-1024x460.png 1024w, https:\/\/aflamo.shop\/wp-content\/uploads\/2025\/01\/Unique_PRO_100-768x345.png 768w, https:\/\/aflamo.shop\/wp-content\/uploads\/2025\/01\/Unique_PRO_100-1536x690.png 1536w\" sizes=\"(max-width: 2026px) 100vw, 2026px\" \/><\/p>\n<p>&nbsp;<\/p>\n<p><strong>Einzigartig PRO 120<\/strong><\/p>\n<p><img loading=\"lazy\" decoding=\"async\" class=\"aligncenter wp-image-12627 size-full\" src=\"https:\/\/aflamo.shop\/wp-content\/uploads\/2025\/01\/Unique_PRO_120.png\" alt=\"\" width=\"1954\" height=\"812\" srcset=\"https:\/\/aflamo.shop\/wp-content\/uploads\/2025\/01\/Unique_PRO_120.png 1954w, https:\/\/aflamo.shop\/wp-content\/uploads\/2025\/01\/Unique_PRO_120-600x249.png 600w, https:\/\/aflamo.shop\/wp-content\/uploads\/2025\/01\/Unique_PRO_120-300x125.png 300w, https:\/\/aflamo.shop\/wp-content\/uploads\/2025\/01\/Unique_PRO_120-1024x426.png 1024w, https:\/\/aflamo.shop\/wp-content\/uploads\/2025\/01\/Unique_PRO_120-768x319.png 768w, https:\/\/aflamo.shop\/wp-content\/uploads\/2025\/01\/Unique_PRO_120-1536x638.png 1536w\" sizes=\"(max-width: 1954px) 100vw, 1954px\" \/><\/p>\n<p>&nbsp;<\/p>\n<p><strong>Einzigartig PRO 140<\/strong><\/p>\n<p><img loading=\"lazy\" decoding=\"async\" class=\"alignnone wp-image-12630 size-full\" src=\"https:\/\/aflamo.shop\/wp-content\/uploads\/2025\/01\/Unique_PRO_140.png\" alt=\"\" width=\"1979\" height=\"766\" srcset=\"https:\/\/aflamo.shop\/wp-content\/uploads\/2025\/01\/Unique_PRO_140.png 1979w, https:\/\/aflamo.shop\/wp-content\/uploads\/2025\/01\/Unique_PRO_140-600x232.png 600w, https:\/\/aflamo.shop\/wp-content\/uploads\/2025\/01\/Unique_PRO_140-300x116.png 300w, https:\/\/aflamo.shop\/wp-content\/uploads\/2025\/01\/Unique_PRO_140-1024x396.png 1024w, https:\/\/aflamo.shop\/wp-content\/uploads\/2025\/01\/Unique_PRO_140-768x297.png 768w, https:\/\/aflamo.shop\/wp-content\/uploads\/2025\/01\/Unique_PRO_140-1536x595.png 1536w\" sizes=\"(max-width: 1979px) 100vw, 1979px\" \/><\/p>\n<p>&nbsp;<\/p>\n<p><strong>Einzigartig PRO 160<\/strong><\/p>\n<p><img loading=\"lazy\" decoding=\"async\" class=\"aligncenter wp-image-12633 size-full\" src=\"https:\/\/aflamo.shop\/wp-content\/uploads\/2025\/01\/Unique_PRO_160.png\" alt=\"\" width=\"2135\" height=\"767\" srcset=\"https:\/\/aflamo.shop\/wp-content\/uploads\/2025\/01\/Unique_PRO_160.png 2135w, https:\/\/aflamo.shop\/wp-content\/uploads\/2025\/01\/Unique_PRO_160-600x216.png 600w, https:\/\/aflamo.shop\/wp-content\/uploads\/2025\/01\/Unique_PRO_160-300x108.png 300w, https:\/\/aflamo.shop\/wp-content\/uploads\/2025\/01\/Unique_PRO_160-1024x368.png 1024w, https:\/\/aflamo.shop\/wp-content\/uploads\/2025\/01\/Unique_PRO_160-768x276.png 768w, https:\/\/aflamo.shop\/wp-content\/uploads\/2025\/01\/Unique_PRO_160-1536x552.png 1536w, https:\/\/aflamo.shop\/wp-content\/uploads\/2025\/01\/Unique_PRO_160-2048x736.png 2048w\" sizes=\"(max-width: 2135px) 100vw, 2135px\" \/><\/p>\n<p>&nbsp;<\/p>\n<p><strong>Einzigartig PRO 180<\/strong><\/p>\n<p><img loading=\"lazy\" decoding=\"async\" class=\"aligncenter wp-image-12636 size-full\" src=\"https:\/\/aflamo.shop\/wp-content\/uploads\/2025\/01\/Unique_PRO_180.png\" alt=\"\" width=\"2190\" height=\"748\" srcset=\"https:\/\/aflamo.shop\/wp-content\/uploads\/2025\/01\/Unique_PRO_180.png 2190w, https:\/\/aflamo.shop\/wp-content\/uploads\/2025\/01\/Unique_PRO_180-600x205.png 600w, https:\/\/aflamo.shop\/wp-content\/uploads\/2025\/01\/Unique_PRO_180-300x102.png 300w, https:\/\/aflamo.shop\/wp-content\/uploads\/2025\/01\/Unique_PRO_180-1024x350.png 1024w, https:\/\/aflamo.shop\/wp-content\/uploads\/2025\/01\/Unique_PRO_180-768x262.png 768w, https:\/\/aflamo.shop\/wp-content\/uploads\/2025\/01\/Unique_PRO_180-1536x525.png 1536w, https:\/\/aflamo.shop\/wp-content\/uploads\/2025\/01\/Unique_PRO_180-2048x699.png 2048w\" sizes=\"(max-width: 2190px) 100vw, 2190px\" \/><\/p>\n<p>&nbsp;<\/p>\n","protected":false},"excerpt":{"rendered":"<p>Hersteller: Aflamo<\/p>\n<p>LED-Wandkamin\/eingebauter elektrischer Kamin<\/p>\n<p><b>Modell:<\/b><\/p>\n<ul>\n<li><a href=\"https:\/\/aflamo.shop\/de\/p\/aflamo-unique-pro-80-wandmontierter-eingebauter-led-elektrokamin\/\">80<\/a><\/li>\n<li><a href=\"https:\/\/aflamo.shop\/de\/p\/aflamo-unique-pro-100-wandmontierter-eingebauter-led-elektrokamin\/\">100<\/a><\/li>\n<li><a href=\"https:\/\/aflamo.shop\/de\/p\/aflamo-unique-pro-120-wandmontierter-eingebauter-led-elektrokamin\/\">120<\/a><\/li>\n<li><a href=\"https:\/\/aflamo.shop\/de\/p\/aflamo-unique-pro-140-wandmontierter-eingebauter-led-elektrokamin\/\">140<\/a><\/li>\n<li><a href=\"https:\/\/aflamo.shop\/de\/p\/aflamo-unique-pro-160-wandmontierter-eingebauter-led-elektrokamin\/\">160<\/a><\/li>\n<\/ul>\n<ul>\n<li><a href=\"https:\/\/aflamo.shop\/de\/p\/aflamo-unique-pro-180-wandmontierter-eingebauter-led-elektrokamin\/\">180<\/a><\/li>\n<\/ul>\n<p><a href=\"https:\/\/aflamo.shop\/wp-content\/uploads\/2025\/01\/Unique-PRO_EN-PL-DE-IT-ES-FR-CS-SK-NL-1-1.pdf\">Unterweisung und Sicherheit<\/a><\/p>\n<p><b>Ma\u00dfe:<\/b> 100 x 39 x 20 cm<\/b><\/p>\n","protected":false},"featured_media":13894,"comment_status":"open","ping_status":"closed","template":"","meta":[],"product_brand":[],"product_cat":[799,879,801,800,806,805,804,803,802],"product_tag":[807],"class_list":{"0":"post-14313","1":"product","2":"type-product","3":"status-publish","4":"has-post-thumbnail","6":"product_cat-aflamo-de","7":"product_cat-dreiseitige-led-elektrokamine","8":"product_cat-eingebaute-led-elektrokamine","9":"product_cat-elektrische-kamine","10":"product_cat-elektrische-kamine-mit-mobiler-app","11":"product_cat-elektrische-kamine-mit-sound","12":"product_cat-elektrische-kamine-zum-aufhangen-an-der-wand","13":"product_cat-elektrische-led-einsatze","14":"product_cat-led-elektrokamine-mit-heizfunktion","15":"product_tag-max-de","17":"first","18":"instock","19":"shipping-taxable","20":"purchasable","21":"product-type-simple"},"yoast_head":"<!-- This site is optimized with the Yoast SEO plugin v27.1.1 - https:\/\/yoast.com\/product\/yoast-seo-wordpress\/ -->\n<title>Aflamo Unique PRO 100 - Wandmontierter\/eingebauter LED-Elektrokamin Aflamo Unique PRO 100 - Wandmontierter\/eingebauter LED-Elektrokamin - aflamo.shop-zertifizierter aflamo-H\u00e4ndler<\/title>\n<meta name=\"description\" content=\"LED-Elektrokamin Unique PRO - modernes Design, realistischer Flammeneffekt und Heizfunktion. Gesteuert per App, Fernbedienung und Sprache.\" \/>\n<meta name=\"robots\" content=\"index, follow, max-snippet:-1, max-image-preview:large, max-video-preview:-1\" \/>\n<link rel=\"canonical\" href=\"https:\/\/aflamo.shop\/de\/p\/aflamo-unique-pro-100-wandmontierter-eingebauter-led-elektrokamin\/\" \/>\n<meta property=\"og:locale\" content=\"de_DE\" \/>\n<meta property=\"og:type\" content=\"article\" \/>\n<meta property=\"og:title\" content=\"Aflamo Unique PRO 100 - Wandmontierter\/eingebauter LED-Elektrokamin Aflamo Unique PRO 100 - Wandmontierter\/eingebauter LED-Elektrokamin - aflamo.shop-zertifizierter aflamo-H\u00e4ndler\" \/>\n<meta property=\"og:description\" content=\"LED-Elektrokamin Unique PRO - modernes Design, realistischer Flammeneffekt und Heizfunktion. Gesteuert per App, Fernbedienung und Sprache.\" \/>\n<meta property=\"og:url\" content=\"https:\/\/aflamo.shop\/de\/p\/aflamo-unique-pro-100-wandmontierter-eingebauter-led-elektrokamin\/\" \/>\n<meta property=\"og:site_name\" content=\"aflamo.shop-zertifizierter aflamo-H\u00e4ndler\" \/>\n<meta property=\"article:modified_time\" content=\"2025-05-15T11:17:53+00:00\" \/>\n<meta property=\"og:image\" content=\"https:\/\/aflamo.shop\/wp-content\/uploads\/2025\/01\/Unique_PRO_140_front_1-1-1.jpg\" \/>\n\t<meta property=\"og:image:width\" content=\"2048\" \/>\n\t<meta property=\"og:image:height\" content=\"2048\" \/>\n\t<meta property=\"og:image:type\" content=\"image\/jpeg\" \/>\n<meta name=\"twitter:card\" content=\"summary_large_image\" \/>\n<meta name=\"twitter:label1\" content=\"Gesch\u00e4tzte Lesezeit\" \/>\n\t<meta name=\"twitter:data1\" content=\"6\u00a0Minuten\" \/>\n<script type=\"application\/ld+json\" class=\"yoast-schema-graph\">{\"@context\":\"https:\/\/schema.org\",\"@graph\":[{\"@type\":\"WebPage\",\"@id\":\"https:\/\/aflamo.shop\/de\/p\/aflamo-unique-pro-100-wandmontierter-eingebauter-led-elektrokamin\/\",\"url\":\"https:\/\/aflamo.shop\/de\/p\/aflamo-unique-pro-100-wandmontierter-eingebauter-led-elektrokamin\/\",\"name\":\"Aflamo Unique PRO 100 - Wandmontierter\/eingebauter LED-Elektrokamin Aflamo Unique PRO 100 - Wandmontierter\/eingebauter LED-Elektrokamin - aflamo.shop-zertifizierter aflamo-H\u00e4ndler\",\"isPartOf\":{\"@id\":\"https:\/\/aflamo.shop\/de\/#website\"},\"primaryImageOfPage\":{\"@id\":\"https:\/\/aflamo.shop\/de\/p\/aflamo-unique-pro-100-wandmontierter-eingebauter-led-elektrokamin\/#primaryimage\"},\"image\":{\"@id\":\"https:\/\/aflamo.shop\/de\/p\/aflamo-unique-pro-100-wandmontierter-eingebauter-led-elektrokamin\/#primaryimage\"},\"thumbnailUrl\":\"https:\/\/aflamo.shop\/wp-content\/uploads\/2025\/01\/Unique_PRO_140_front_1-1-1.jpg\",\"datePublished\":\"2025-01-31T11:15:42+00:00\",\"dateModified\":\"2025-05-15T11:17:53+00:00\",\"description\":\"LED-Elektrokamin Unique PRO - modernes Design, realistischer Flammeneffekt und Heizfunktion. Gesteuert per App, Fernbedienung und Sprache.\",\"breadcrumb\":{\"@id\":\"https:\/\/aflamo.shop\/de\/p\/aflamo-unique-pro-100-wandmontierter-eingebauter-led-elektrokamin\/#breadcrumb\"},\"inLanguage\":\"de\",\"potentialAction\":[{\"@type\":\"ReadAction\",\"target\":[\"https:\/\/aflamo.shop\/de\/p\/aflamo-unique-pro-100-wandmontierter-eingebauter-led-elektrokamin\/\"]}]},{\"@type\":\"ImageObject\",\"inLanguage\":\"de\",\"@id\":\"https:\/\/aflamo.shop\/de\/p\/aflamo-unique-pro-100-wandmontierter-eingebauter-led-elektrokamin\/#primaryimage\",\"url\":\"https:\/\/aflamo.shop\/wp-content\/uploads\/2025\/01\/Unique_PRO_140_front_1-1-1.jpg\",\"contentUrl\":\"https:\/\/aflamo.shop\/wp-content\/uploads\/2025\/01\/Unique_PRO_140_front_1-1-1.jpg\",\"width\":2048,\"height\":2048},{\"@type\":\"BreadcrumbList\",\"@id\":\"https:\/\/aflamo.shop\/de\/p\/aflamo-unique-pro-100-wandmontierter-eingebauter-led-elektrokamin\/#breadcrumb\",\"itemListElement\":[{\"@type\":\"ListItem\",\"position\":1,\"name\":\"Strona g\u0142\u00f3wna\",\"item\":\"https:\/\/aflamo.shop\/de\/startseite\/\"},{\"@type\":\"ListItem\",\"position\":2,\"name\":\"Shop\",\"item\":\"https:\/\/aflamo.shop\/shop\/\"},{\"@type\":\"ListItem\",\"position\":3,\"name\":\"Elektrische Kamine\",\"item\":\"https:\/\/aflamo.shop\/de\/s\/elektrische-kamine\/\"},{\"@type\":\"ListItem\",\"position\":4,\"name\":\"Dreiseitige LED-Elektrokamine\",\"item\":\"https:\/\/aflamo.shop\/de\/s\/elektrische-kamine\/dreiseitige-led-elektrokamine\/\"},{\"@type\":\"ListItem\",\"position\":5,\"name\":\"Aflamo Unique PRO 100 &#8211; Wandmontierter\/eingebauter LED-Elektrokamin\"}]},{\"@type\":\"WebSite\",\"@id\":\"https:\/\/aflamo.shop\/de\/#website\",\"url\":\"https:\/\/aflamo.shop\/de\/\",\"name\":\"aflamo.shop-zertifizierter aflamo-H\u00e4ndler\",\"description\":\"Kominki elektryczne Aflamo i Emotion Flame z funkcj\u0105 grzania\",\"potentialAction\":[{\"@type\":\"SearchAction\",\"target\":{\"@type\":\"EntryPoint\",\"urlTemplate\":\"https:\/\/aflamo.shop\/de\/?s={search_term_string}\"},\"query-input\":{\"@type\":\"PropertyValueSpecification\",\"valueRequired\":true,\"valueName\":\"search_term_string\"}}],\"inLanguage\":\"de\"}]}<\/script>\n<!-- \/ Yoast SEO plugin. -->","yoast_head_json":{"title":"Aflamo Unique PRO 100 - Wandmontierter\/eingebauter LED-Elektrokamin Aflamo Unique PRO 100 - Wandmontierter\/eingebauter LED-Elektrokamin - aflamo.shop-zertifizierter aflamo-H\u00e4ndler","description":"LED-Elektrokamin Unique PRO - modernes Design, realistischer Flammeneffekt und Heizfunktion. Gesteuert per App, Fernbedienung und Sprache.","robots":{"index":"index","follow":"follow","max-snippet":"max-snippet:-1","max-image-preview":"max-image-preview:large","max-video-preview":"max-video-preview:-1"},"canonical":"https:\/\/aflamo.shop\/de\/p\/aflamo-unique-pro-100-wandmontierter-eingebauter-led-elektrokamin\/","og_locale":"de_DE","og_type":"article","og_title":"Aflamo Unique PRO 100 - Wandmontierter\/eingebauter LED-Elektrokamin Aflamo Unique PRO 100 - Wandmontierter\/eingebauter LED-Elektrokamin - aflamo.shop-zertifizierter aflamo-H\u00e4ndler","og_description":"LED-Elektrokamin Unique PRO - modernes Design, realistischer Flammeneffekt und Heizfunktion. Gesteuert per App, Fernbedienung und Sprache.","og_url":"https:\/\/aflamo.shop\/de\/p\/aflamo-unique-pro-100-wandmontierter-eingebauter-led-elektrokamin\/","og_site_name":"aflamo.shop-zertifizierter aflamo-H\u00e4ndler","article_modified_time":"2025-05-15T11:17:53+00:00","og_image":[{"width":2048,"height":2048,"url":"https:\/\/aflamo.shop\/wp-content\/uploads\/2025\/01\/Unique_PRO_140_front_1-1-1.jpg","type":"image\/jpeg"}],"twitter_card":"summary_large_image","twitter_misc":{"Gesch\u00e4tzte Lesezeit":"6\u00a0Minuten"},"schema":{"@context":"https:\/\/schema.org","@graph":[{"@type":"WebPage","@id":"https:\/\/aflamo.shop\/de\/p\/aflamo-unique-pro-100-wandmontierter-eingebauter-led-elektrokamin\/","url":"https:\/\/aflamo.shop\/de\/p\/aflamo-unique-pro-100-wandmontierter-eingebauter-led-elektrokamin\/","name":"Aflamo Unique PRO 100 - Wandmontierter\/eingebauter LED-Elektrokamin Aflamo Unique PRO 100 - Wandmontierter\/eingebauter LED-Elektrokamin - aflamo.shop-zertifizierter aflamo-H\u00e4ndler","isPartOf":{"@id":"https:\/\/aflamo.shop\/de\/#website"},"primaryImageOfPage":{"@id":"https:\/\/aflamo.shop\/de\/p\/aflamo-unique-pro-100-wandmontierter-eingebauter-led-elektrokamin\/#primaryimage"},"image":{"@id":"https:\/\/aflamo.shop\/de\/p\/aflamo-unique-pro-100-wandmontierter-eingebauter-led-elektrokamin\/#primaryimage"},"thumbnailUrl":"https:\/\/aflamo.shop\/wp-content\/uploads\/2025\/01\/Unique_PRO_140_front_1-1-1.jpg","datePublished":"2025-01-31T11:15:42+00:00","dateModified":"2025-05-15T11:17:53+00:00","description":"LED-Elektrokamin Unique PRO - modernes Design, realistischer Flammeneffekt und Heizfunktion. Gesteuert per App, Fernbedienung und Sprache.","breadcrumb":{"@id":"https:\/\/aflamo.shop\/de\/p\/aflamo-unique-pro-100-wandmontierter-eingebauter-led-elektrokamin\/#breadcrumb"},"inLanguage":"de","potentialAction":[{"@type":"ReadAction","target":["https:\/\/aflamo.shop\/de\/p\/aflamo-unique-pro-100-wandmontierter-eingebauter-led-elektrokamin\/"]}]},{"@type":"ImageObject","inLanguage":"de","@id":"https:\/\/aflamo.shop\/de\/p\/aflamo-unique-pro-100-wandmontierter-eingebauter-led-elektrokamin\/#primaryimage","url":"https:\/\/aflamo.shop\/wp-content\/uploads\/2025\/01\/Unique_PRO_140_front_1-1-1.jpg","contentUrl":"https:\/\/aflamo.shop\/wp-content\/uploads\/2025\/01\/Unique_PRO_140_front_1-1-1.jpg","width":2048,"height":2048},{"@type":"BreadcrumbList","@id":"https:\/\/aflamo.shop\/de\/p\/aflamo-unique-pro-100-wandmontierter-eingebauter-led-elektrokamin\/#breadcrumb","itemListElement":[{"@type":"ListItem","position":1,"name":"Strona g\u0142\u00f3wna","item":"https:\/\/aflamo.shop\/de\/startseite\/"},{"@type":"ListItem","position":2,"name":"Shop","item":"https:\/\/aflamo.shop\/shop\/"},{"@type":"ListItem","position":3,"name":"Elektrische Kamine","item":"https:\/\/aflamo.shop\/de\/s\/elektrische-kamine\/"},{"@type":"ListItem","position":4,"name":"Dreiseitige LED-Elektrokamine","item":"https:\/\/aflamo.shop\/de\/s\/elektrische-kamine\/dreiseitige-led-elektrokamine\/"},{"@type":"ListItem","position":5,"name":"Aflamo Unique PRO 100 &#8211; Wandmontierter\/eingebauter LED-Elektrokamin"}]},{"@type":"WebSite","@id":"https:\/\/aflamo.shop\/de\/#website","url":"https:\/\/aflamo.shop\/de\/","name":"aflamo.shop-zertifizierter aflamo-H\u00e4ndler","description":"Kominki elektryczne Aflamo i Emotion Flame z funkcj\u0105 grzania","potentialAction":[{"@type":"SearchAction","target":{"@type":"EntryPoint","urlTemplate":"https:\/\/aflamo.shop\/de\/?s={search_term_string}"},"query-input":{"@type":"PropertyValueSpecification","valueRequired":true,"valueName":"search_term_string"}}],"inLanguage":"de"}]}},"_links":{"self":[{"href":"https:\/\/aflamo.shop\/de\/wp-json\/wp\/v2\/product\/14313","targetHints":{"allow":["GET"]}}],"collection":[{"href":"https:\/\/aflamo.shop\/de\/wp-json\/wp\/v2\/product"}],"about":[{"href":"https:\/\/aflamo.shop\/de\/wp-json\/wp\/v2\/types\/product"}],"replies":[{"embeddable":true,"href":"https:\/\/aflamo.shop\/de\/wp-json\/wp\/v2\/comments?post=14313"}],"wp:featuredmedia":[{"embeddable":true,"href":"https:\/\/aflamo.shop\/de\/wp-json\/wp\/v2\/media\/13894"}],"wp:attachment":[{"href":"https:\/\/aflamo.shop\/de\/wp-json\/wp\/v2\/media?parent=14313"}],"wp:term":[{"taxonomy":"product_brand","embeddable":true,"href":"https:\/\/aflamo.shop\/de\/wp-json\/wp\/v2\/product_brand?post=14313"},{"taxonomy":"product_cat","embeddable":true,"href":"https:\/\/aflamo.shop\/de\/wp-json\/wp\/v2\/product_cat?post=14313"},{"taxonomy":"product_tag","embeddable":true,"href":"https:\/\/aflamo.shop\/de\/wp-json\/wp\/v2\/product_tag?post=14313"}],"curies":[{"name":"wp","href":"https:\/\/api.w.org\/{rel}","templated":true}]}}