{"id":13980,"date":"2025-02-12T15:10:45","date_gmt":"2025-02-12T15:10:45","guid":{"rendered":"https:\/\/aflamo.shop\/p\/aflamo-tower-stand-61-freistehender-led-elektrokamin\/"},"modified":"2026-02-10T10:25:47","modified_gmt":"2026-02-10T10:25:47","slug":"aflamo-tower-stand-61-freistehender-led-elektrokamin","status":"publish","type":"product","link":"https:\/\/aflamo.shop\/de\/p\/aflamo-tower-stand-61-freistehender-led-elektrokamin\/","title":{"rendered":"Aflamo Tower+ Stand 61 &#8211; freistehender LED-Elektrokamin"},"content":{"rendered":"<p><iframe title=\"YouTube-Video-Player\" src=\"https:\/\/www.youtube.com\/embed\/Nij8-MAriBQ?si=9pY8ZR4mNM3n5jnA\" width=\"560\" height=\"315\" frameborder=\"0\" allowfullscreen=\"allowfullscreen\"><span data-mce-type=\"bookmark\" style=\"display: inline-block; width: 0px; overflow: hidden; line-height: 0;\" class=\"mce_SELRES_start\">\ufeff<\/span><span data-mce-type=\"bookmark\" style=\"display: inline-block; width: 0px; overflow: hidden; line-height: 0;\" class=\"mce_SELRES_start\"><\/span><span data-mce-type=\"bookmark\" style=\"display: inline-block; width: 0px; overflow: hidden; line-height: 0;\" class=\"mce_SELRES_start\"><\/span><span data-mce-type=\"bookmark\" style=\"display: inline-block; width: 0px; overflow: hidden; line-height: 0;\" class=\"mce_SELRES_start\"><\/span><\/iframe><\/p>\n<header>\n<h2><strong>Tower + Stand freistehender elektrischer Kamin &#8211; moderne W\u00e4rme und au\u00dfergew\u00f6hnliche Atmosph\u00e4re<\/strong><\/h2>\n<p>Mit diesem Set erhalten Sie einen funktionalen, modernen, freistehenden Kamin, den Sie in jedem Raum aufstellen und die Magie des Feuers genie\u00dfen k\u00f6nnen.<\/p>\n<p><img fetchpriority=\"high\" decoding=\"async\" class=\"aligncenter wp-image-12927 size-full\" src=\"https:\/\/aflamo.shop\/wp-content\/uploads\/2025\/02\/Tower_front_stand_no-logs490.jpg\" alt=\"\" width=\"327\" height=\"490\" srcset=\"https:\/\/aflamo.shop\/wp-content\/uploads\/2025\/02\/Tower_front_stand_no-logs490.jpg 327w, https:\/\/aflamo.shop\/wp-content\/uploads\/2025\/02\/Tower_front_stand_no-logs490-200x300.jpg 200w\" sizes=\"(max-width: 327px) 100vw, 327px\" \/><\/p>\n<p>&nbsp;<\/p>\n<\/header>\n<section>\n<h2>Dreidimensionale Flammenqualit\u00e4t &#8211; sp\u00fcren Sie den Unterschied!<\/h2>\n<p><strong>Der<\/strong> elektrische Kamin <strong>Tower<\/strong> ist eine einzigartige Kombination aus Eleganz, moderner Technik und gem\u00fctlichem Ambiente. Dank des realistischen <strong>AFLAMO PLUS<\/strong> Flammeneffekts und der gl\u00fchenden Feuerstelle erh\u00e4lt Ihr Wohnzimmer einen magischen, dreidimensionalen Feuerschein &#8211; <strong>ohne Rauch, Ru\u00df oder Reinigungsbedarf!<\/strong><\/p>\n<p><img decoding=\"async\" class=\"aligncenter wp-image-12895 size-full\" src=\"https:\/\/aflamo.shop\/wp-content\/uploads\/2025\/02\/unique_flame_tower.jpg\" alt=\"\" width=\"492\" height=\"300\" srcset=\"https:\/\/aflamo.shop\/wp-content\/uploads\/2025\/02\/unique_flame_tower.jpg 492w, https:\/\/aflamo.shop\/wp-content\/uploads\/2025\/02\/unique_flame_tower-300x183.jpg 300w\" sizes=\"(max-width: 492px) 100vw, 492px\" \/><\/p>\n<\/section>\n<section>\n<h2>Transluzente Holzscheite &#8211; beeindruckender gl\u00fchender Holzeffekt<\/h2>\n<p>Tauchen Sie ein in eine einzigartige Atmosph\u00e4re &#8211; dank der <strong>durchscheinenden Holzscheite<\/strong>, die den Eindruck von nat\u00fcrlich schwelendem Holz vermitteln. Der Effekt ist nicht nur realistisch, sondern auch angenehm f\u00fcr das Auge und bringt W\u00e4rme in den Innenraum.<\/p>\n<p><img decoding=\"async\" class=\"aligncenter wp-image-12898 size-full\" src=\"https:\/\/aflamo.shop\/wp-content\/uploads\/2025\/02\/unique_logs_tower-1.jpg\" alt=\"\" width=\"492\" height=\"300\" srcset=\"https:\/\/aflamo.shop\/wp-content\/uploads\/2025\/02\/unique_logs_tower-1.jpg 492w, https:\/\/aflamo.shop\/wp-content\/uploads\/2025\/02\/unique_logs_tower-1-300x183.jpg 300w\" sizes=\"(max-width: 492px) 100vw, 492px\" \/><\/p>\n<\/section>\n<section>\n<h2>Das Ger\u00e4usch von brennendem Holz &#8211; ein umfassendes Erlebnis<\/h2>\n<p>Der eingebaute <strong>Lautsprecher<\/strong> gibt die Ger\u00e4usche eines knisternden Feuers wieder und schafft so eine noch authentischere Atmosph\u00e4re. Ideal f\u00fcr alle, die <strong>maximalen Realismus<\/strong> und Gem\u00fctlichkeit sch\u00e4tzen.<\/p>\n<p><img loading=\"lazy\" decoding=\"async\" class=\"aligncenter wp-image-12904 size-full\" src=\"https:\/\/aflamo.shop\/wp-content\/uploads\/2025\/02\/unique_sound_tower.jpg\" alt=\"\" width=\"492\" height=\"300\" srcset=\"https:\/\/aflamo.shop\/wp-content\/uploads\/2025\/02\/unique_sound_tower.jpg 492w, https:\/\/aflamo.shop\/wp-content\/uploads\/2025\/02\/unique_sound_tower-300x183.jpg 300w\" sizes=\"(max-width: 492px) 100vw, 492px\" \/><\/p>\n<\/section>\n<section>\n<h2>Moderne Steuerung &#8211; Komfort auf Tastendruck<\/h2>\n<p>Mit der mobilen App<strong>(Android und iOS<\/strong>) haben Sie volle Kontrolle \u00fcber Ihren Kamin von Ihrem Telefon aus. Sie k\u00f6nnen ihn auch <strong>mit<\/strong> <strong>Amazon Alexa<\/strong> <strong>per Sprache<\/strong> steuern!<\/p>\n<p><a href=\"https:\/\/www.youtube.com\/watch?v=H9frj9fGZnY\"><img loading=\"lazy\" decoding=\"async\" class=\"aligncenter wp-image-12892 size-full\" src=\"https:\/\/aflamo.shop\/wp-content\/uploads\/2025\/02\/unique_app_tower.jpg\" alt=\"\" width=\"492\" height=\"300\" srcset=\"https:\/\/aflamo.shop\/wp-content\/uploads\/2025\/02\/unique_app_tower.jpg 492w, https:\/\/aflamo.shop\/wp-content\/uploads\/2025\/02\/unique_app_tower-300x183.jpg 300w\" sizes=\"(max-width: 492px) 100vw, 492px\" \/><\/a><\/p>\n<\/section>\n<section>\n<h2>Verschiedene Gr\u00f6\u00dfen &#8211; passend f\u00fcr Ihre Bed\u00fcrfnisse<\/h2>\n<p><strong>Der Tower-Kamin<\/strong> ist in mehreren Varianten erh\u00e4ltlich:<\/p>\n<ul>\n<li>\u2714 46 cm<\/li>\n<li>\u2714 56 cm<\/li>\n<li>\u2714 61 cm<\/li>\n<li>\u2714 71 cm<\/li>\n<li>\u2714 76 cm<\/li>\n<\/ul>\n<p><img loading=\"lazy\" decoding=\"async\" class=\"aligncenter wp-image-12907 size-full\" src=\"https:\/\/aflamo.shop\/wp-content\/uploads\/2025\/02\/unique_tower.jpg\" alt=\"\" width=\"492\" height=\"300\" srcset=\"https:\/\/aflamo.shop\/wp-content\/uploads\/2025\/02\/unique_tower.jpg 492w, https:\/\/aflamo.shop\/wp-content\/uploads\/2025\/02\/unique_tower-300x183.jpg 300w\" sizes=\"(max-width: 492px) 100vw, 492px\" \/><\/p>\n<\/section>\n<section>\n<h2>Der realistischste Feuereffekt<\/h2>\n<p>Sp\u00fcren Sie die W\u00e4rme und die Magie des Feuers, indem Sie sein Aussehen nach Ihren eigenen W\u00fcnschen gestalten:<\/p>\n<ul>\n<li>6 Flammenfarben<\/li>\n<li>5 Helligkeitsstufen<\/li>\n<li>3 Flammengeschwindigkeiten<\/li>\n<\/ul>\n<p><img loading=\"lazy\" decoding=\"async\" class=\"aligncenter wp-image-12838 size-full\" src=\"https:\/\/aflamo.shop\/wp-content\/uploads\/2025\/02\/Tower_flame_colors.jpg\" alt=\"\" width=\"637\" height=\"418\" srcset=\"https:\/\/aflamo.shop\/wp-content\/uploads\/2025\/02\/Tower_flame_colors.jpg 637w, https:\/\/aflamo.shop\/wp-content\/uploads\/2025\/02\/Tower_flame_colors-600x394.jpg 600w, https:\/\/aflamo.shop\/wp-content\/uploads\/2025\/02\/Tower_flame_colors-300x197.jpg 300w\" sizes=\"(max-width: 637px) 100vw, 637px\" \/><\/p>\n<p>&nbsp;<\/p>\n<\/section>\n<section>\n<h2>Komfort und Bequemlichkeit &#8211; m\u00fchelos<\/h2>\n<ul>\n<li><strong>Fernbedienung<\/strong> &#8211; \u00e4ndern Sie die Einstellungen, ohne von der Couch aufzustehen<\/li>\n<li><strong>Timer \/ Ausschalttimer<\/strong> &#8211; automatisches Ausschalten, wenn Sie es brauchen<\/li>\n<li><strong>Heizfunktion mit Gebl\u00e4se<\/strong> &#8211; schnelles und effektives Heizen<\/li>\n<\/ul>\n<p>Sie m\u00fcssen sich keine Gedanken \u00fcber Bel\u00fcftung, Smog oder das L\u00fcften des Raumes machen &#8211; <strong>der Elektrokamin arbeitet ohne Rauch und Qualm<\/strong>.<\/p>\n<\/section>\n<section>\n<h2>Genie\u00dfen Sie Ihren Kamin das ganze Jahr \u00fcber!<\/h2>\n<p>Dank der <strong>unabh\u00e4ngigen Flammenfunktion<\/strong> k\u00f6nnen Sie den Schein des Feuers auch im Sommer genie\u00dfen, ohne die Heizung einschalten zu m\u00fcssen.<\/p>\n<\/section>\n<section>\n<h2>\u00d6kologisch und sicher<\/h2>\n<ul>\n<li>Keine <strong>CO\u2082-Emissionen<\/strong> und Smog &#8211; saubere Energie<\/li>\n<li>Kein Ru\u00df oder Asche &#8211; keine Unordnung mehr<\/li>\n<li><strong>K\u00fchles Glas<\/strong> &#8211; sicher f\u00fcr Kinder und Haustiere<\/li>\n<li><strong>Sicherheitssensor<\/strong> &#8211; schaltet die Heizung aus, wenn der Luftauslass blockiert ist<\/li>\n<\/ul>\n<\/section>\n<section>\n<h2>Wirtschaftlich und effizient<\/h2>\n<ul>\n<li><strong>LED-Technologie<\/strong> &#8211; die Kosten f\u00fcr den Flammeneffekt betragen nur <strong>1-2 gr\/Stunde<\/strong><\/li>\n<li><strong>Effiziente Heizung<\/strong> &#8211; 2 Leistungsstufen und Thermostat (18-30\u00b0C)<\/li>\n<\/ul>\n<\/section>\n<footer>\n<h2>Turmkamin &#8211; Eleganz, Technik und Gem\u00fctlichkeit in Ihrem Zuhause!<\/h2>\n<p><strong>Der elektrische Kamin Tower<\/strong> ist die ideale L\u00f6sung f\u00fcr alle, die <strong>eine gem\u00fctliche Atmosph\u00e4re, moderne Technik und Komfort<\/strong> sch\u00e4tzen. Schaffen Sie eine einzigartige Atmosph\u00e4re in Ihrem Zuhause &#8211; ohne Kompromisse!<\/p>\n<\/footer>\n<p>&nbsp;<\/p>\n<section>\n<h2>Technische Zeichnungen<\/h2>\n<p>Tower+ Stand 46<\/p>\n<p><img loading=\"lazy\" decoding=\"async\" class=\"aligncenter wp-image-12877 size-full\" src=\"https:\/\/aflamo.shop\/wp-content\/uploads\/2025\/02\/Tower_Stand_46.png\" alt=\"\" width=\"749\" height=\"1019\" srcset=\"https:\/\/aflamo.shop\/wp-content\/uploads\/2025\/02\/Tower_Stand_46.png 749w, https:\/\/aflamo.shop\/wp-content\/uploads\/2025\/02\/Tower_Stand_46-600x816.png 600w, https:\/\/aflamo.shop\/wp-content\/uploads\/2025\/02\/Tower_Stand_46-221x300.png 221w\" sizes=\"(max-width: 749px) 100vw, 749px\" \/><\/p>\n<p>&nbsp;<\/p>\n<p>Turm + Stand 56<\/p>\n<p><img loading=\"lazy\" decoding=\"async\" class=\"aligncenter wp-image-12880 size-full\" src=\"https:\/\/aflamo.shop\/wp-content\/uploads\/2025\/02\/Tower_Stand_56.png\" alt=\"\" width=\"947\" height=\"1027\" srcset=\"https:\/\/aflamo.shop\/wp-content\/uploads\/2025\/02\/Tower_Stand_56.png 947w, https:\/\/aflamo.shop\/wp-content\/uploads\/2025\/02\/Tower_Stand_56-600x651.png 600w, https:\/\/aflamo.shop\/wp-content\/uploads\/2025\/02\/Tower_Stand_56-277x300.png 277w, https:\/\/aflamo.shop\/wp-content\/uploads\/2025\/02\/Tower_Stand_56-944x1024.png 944w, https:\/\/aflamo.shop\/wp-content\/uploads\/2025\/02\/Tower_Stand_56-768x833.png 768w\" sizes=\"(max-width: 947px) 100vw, 947px\" \/><\/p>\n<p>&nbsp;<\/p>\n<p>Turm + Stand 61<\/p>\n<p><img loading=\"lazy\" decoding=\"async\" class=\"aligncenter wp-image-12883 size-full\" src=\"https:\/\/aflamo.shop\/wp-content\/uploads\/2025\/02\/Tower_Stand_61.png\" alt=\"\" width=\"1023\" height=\"1099\" srcset=\"https:\/\/aflamo.shop\/wp-content\/uploads\/2025\/02\/Tower_Stand_61.png 1023w, https:\/\/aflamo.shop\/wp-content\/uploads\/2025\/02\/Tower_Stand_61-600x645.png 600w, https:\/\/aflamo.shop\/wp-content\/uploads\/2025\/02\/Tower_Stand_61-279x300.png 279w, https:\/\/aflamo.shop\/wp-content\/uploads\/2025\/02\/Tower_Stand_61-953x1024.png 953w, https:\/\/aflamo.shop\/wp-content\/uploads\/2025\/02\/Tower_Stand_61-768x825.png 768w\" sizes=\"(max-width: 1023px) 100vw, 1023px\" \/><\/p>\n<p>&nbsp;<\/p>\n<p>Turm + St\u00e4nder 71<\/p>\n<p><img loading=\"lazy\" decoding=\"async\" class=\"aligncenter wp-image-12889 size-full\" src=\"https:\/\/aflamo.shop\/wp-content\/uploads\/2025\/02\/Tower_Stand_76.png\" alt=\"\" width=\"1075\" height=\"1149\" srcset=\"https:\/\/aflamo.shop\/wp-content\/uploads\/2025\/02\/Tower_Stand_76.png 1075w, https:\/\/aflamo.shop\/wp-content\/uploads\/2025\/02\/Tower_Stand_76-600x641.png 600w, https:\/\/aflamo.shop\/wp-content\/uploads\/2025\/02\/Tower_Stand_76-281x300.png 281w, https:\/\/aflamo.shop\/wp-content\/uploads\/2025\/02\/Tower_Stand_76-958x1024.png 958w, https:\/\/aflamo.shop\/wp-content\/uploads\/2025\/02\/Tower_Stand_76-768x821.png 768w\" sizes=\"(max-width: 1075px) 100vw, 1075px\" \/><\/p>\n<p>&nbsp;<\/p>\n<p>Turm + Stand 76<\/p>\n<p>&nbsp;<\/p>\n<\/section>\n","protected":false},"excerpt":{"rendered":"<p>Hersteller: Aflamo<\/p>\n<p>Freistehender elektrischer LED-Kamin<\/p>\n<p><a href=\"https:\/\/aflamo.shop\/de\/p\/aflamo-tower-stand-61-freistehender-led-elektrokamin\/\">Siehe: Turm<\/a><\/p>\n<p><b>Modell:<\/b><\/p>\n<ul>\n<li><a href=\"https:\/\/aflamo.shop\/de\/p\/aflamo-tower-stand-46-freistehender-led-elektrokamin\/\">46<\/a><\/li>\n<li><a href=\"https:\/\/aflamo.shop\/de\/p\/aflamo-tower-stand-56-freistehender-led-elektrokamin\/\">56<\/a><\/li>\n<li><a href=\"https:\/\/aflamo.shop\/de\/p\/aflamo-tower-stand-61-freistehender-led-elektrokamin\/\">61<\/a><\/li>\n<li><a href=\"https:\/\/aflamo.shop\/de\/p\/aflamo-tower-stand-71-freistehender-led-elektrokamin\/\">71<\/a><\/li>\n<li><a href=\"https:\/\/aflamo.shop\/de\/p\/aflamo-tower-stand-76-freistehender-led-elektrokamin\/\">76<\/a><\/li>\n<\/ul>\n<p><a href=\"https:\/\/aflamo.shop\/wp-content\/uploads\/2025\/02\/Tower_EN-PL-DE-IT-ES-FR-CS-SK-NL-1-skompresowany.pdf\">Bedienungs- und Sicherheitshinweise<\/a><\/p>\n<p><b>Ma\u00dfe:<\/b> 61 x 92 x 31 cm<\/p>\n","protected":false},"featured_media":22386,"comment_status":"open","ping_status":"closed","template":"","meta":[],"product_brand":[],"product_cat":[799,800,806,805,834],"product_tag":[],"class_list":{"0":"post-13980","1":"product","2":"type-product","3":"status-publish","4":"has-post-thumbnail","6":"product_cat-aflamo-de","7":"product_cat-elektrische-kamine","8":"product_cat-elektrische-kamine-mit-mobiler-app","9":"product_cat-elektrische-kamine-mit-sound","10":"product_cat-freistehende-led-kamine","12":"first","13":"instock","14":"shipping-taxable","15":"purchasable","16":"product-type-simple"},"yoast_head":"<!-- This site is optimized with the Yoast SEO plugin v27.1.1 - https:\/\/yoast.com\/product\/yoast-seo-wordpress\/ -->\n<title>Aflamo Tower+ Stand 61 - freistehender LED-Elektrokamin - aflamo.shop-zertifizierter aflamo-H\u00e4ndler<\/title>\n<meta name=\"description\" content=\"Elektrischer Kamin Tower - Eleganz, Technik und Gem\u00fctlichkeit in Ihrem Zuhause! Schaffen Sie eine besondere Atmosph\u00e4re in Ihrem Zuhause - ohne Kompromisse!\" \/>\n<meta name=\"robots\" content=\"index, follow, max-snippet:-1, max-image-preview:large, max-video-preview:-1\" \/>\n<link rel=\"canonical\" href=\"https:\/\/aflamo.shop\/de\/p\/aflamo-tower-stand-61-freistehender-led-elektrokamin\/\" \/>\n<meta property=\"og:locale\" content=\"de_DE\" \/>\n<meta property=\"og:type\" content=\"article\" \/>\n<meta property=\"og:title\" content=\"Aflamo Tower+ Stand 61 - freistehender LED-Elektrokamin - aflamo.shop-zertifizierter aflamo-H\u00e4ndler\" \/>\n<meta property=\"og:description\" content=\"Elektrischer Kamin Tower - Eleganz, Technik und Gem\u00fctlichkeit in Ihrem Zuhause! Schaffen Sie eine besondere Atmosph\u00e4re in Ihrem Zuhause - ohne Kompromisse!\" \/>\n<meta property=\"og:url\" content=\"https:\/\/aflamo.shop\/de\/p\/aflamo-tower-stand-61-freistehender-led-elektrokamin\/\" \/>\n<meta property=\"og:site_name\" content=\"aflamo.shop-zertifizierter aflamo-H\u00e4ndler\" \/>\n<meta property=\"article:modified_time\" content=\"2026-02-10T10:25:47+00:00\" \/>\n<meta property=\"og:image\" content=\"https:\/\/aflamo.shop\/wp-content\/uploads\/2025\/02\/Projekt-bez-nazwy21.jpg\" \/>\n\t<meta property=\"og:image:width\" content=\"492\" \/>\n\t<meta property=\"og:image:height\" content=\"300\" \/>\n\t<meta property=\"og:image:type\" content=\"image\/jpeg\" \/>\n<meta name=\"twitter:card\" content=\"summary_large_image\" \/>\n<meta name=\"twitter:label1\" content=\"Gesch\u00e4tzte Lesezeit\" \/>\n\t<meta name=\"twitter:data1\" content=\"5\u00a0Minuten\" \/>\n<script type=\"application\/ld+json\" class=\"yoast-schema-graph\">{\"@context\":\"https:\/\/schema.org\",\"@graph\":[{\"@type\":\"WebPage\",\"@id\":\"https:\/\/aflamo.shop\/de\/p\/aflamo-tower-stand-61-freistehender-led-elektrokamin\/\",\"url\":\"https:\/\/aflamo.shop\/de\/p\/aflamo-tower-stand-61-freistehender-led-elektrokamin\/\",\"name\":\"Aflamo Tower+ Stand 61 - freistehender LED-Elektrokamin - aflamo.shop-zertifizierter aflamo-H\u00e4ndler\",\"isPartOf\":{\"@id\":\"https:\/\/aflamo.shop\/de\/#website\"},\"primaryImageOfPage\":{\"@id\":\"https:\/\/aflamo.shop\/de\/p\/aflamo-tower-stand-61-freistehender-led-elektrokamin\/#primaryimage\"},\"image\":{\"@id\":\"https:\/\/aflamo.shop\/de\/p\/aflamo-tower-stand-61-freistehender-led-elektrokamin\/#primaryimage\"},\"thumbnailUrl\":\"https:\/\/aflamo.shop\/wp-content\/uploads\/2025\/02\/Projekt-bez-nazwy68.png\",\"datePublished\":\"2025-02-12T15:10:45+00:00\",\"dateModified\":\"2026-02-10T10:25:47+00:00\",\"description\":\"Elektrischer Kamin Tower - Eleganz, Technik und Gem\u00fctlichkeit in Ihrem Zuhause! Schaffen Sie eine besondere Atmosph\u00e4re in Ihrem Zuhause - ohne Kompromisse!\",\"breadcrumb\":{\"@id\":\"https:\/\/aflamo.shop\/de\/p\/aflamo-tower-stand-61-freistehender-led-elektrokamin\/#breadcrumb\"},\"inLanguage\":\"de\",\"potentialAction\":[{\"@type\":\"ReadAction\",\"target\":[\"https:\/\/aflamo.shop\/de\/p\/aflamo-tower-stand-61-freistehender-led-elektrokamin\/\"]}]},{\"@type\":\"ImageObject\",\"inLanguage\":\"de\",\"@id\":\"https:\/\/aflamo.shop\/de\/p\/aflamo-tower-stand-61-freistehender-led-elektrokamin\/#primaryimage\",\"url\":\"https:\/\/aflamo.shop\/wp-content\/uploads\/2025\/02\/Projekt-bez-nazwy68.png\",\"contentUrl\":\"https:\/\/aflamo.shop\/wp-content\/uploads\/2025\/02\/Projekt-bez-nazwy68.png\",\"width\":2048,\"height\":2048},{\"@type\":\"BreadcrumbList\",\"@id\":\"https:\/\/aflamo.shop\/de\/p\/aflamo-tower-stand-61-freistehender-led-elektrokamin\/#breadcrumb\",\"itemListElement\":[{\"@type\":\"ListItem\",\"position\":1,\"name\":\"Strona g\u0142\u00f3wna\",\"item\":\"https:\/\/aflamo.shop\/de\/startseite\/\"},{\"@type\":\"ListItem\",\"position\":2,\"name\":\"Shop\",\"item\":\"https:\/\/aflamo.shop\/shop\/\"},{\"@type\":\"ListItem\",\"position\":3,\"name\":\"Aflamo\",\"item\":\"https:\/\/aflamo.shop\/de\/s\/aflamo-de\/\"},{\"@type\":\"ListItem\",\"position\":4,\"name\":\"Aflamo Tower+ Stand 61 &#8211; freistehender LED-Elektrokamin\"}]},{\"@type\":\"WebSite\",\"@id\":\"https:\/\/aflamo.shop\/de\/#website\",\"url\":\"https:\/\/aflamo.shop\/de\/\",\"name\":\"aflamo.shop-zertifizierter aflamo-H\u00e4ndler\",\"description\":\"Kominki elektryczne Aflamo i Emotion Flame z funkcj\u0105 grzania\",\"potentialAction\":[{\"@type\":\"SearchAction\",\"target\":{\"@type\":\"EntryPoint\",\"urlTemplate\":\"https:\/\/aflamo.shop\/de\/?s={search_term_string}\"},\"query-input\":{\"@type\":\"PropertyValueSpecification\",\"valueRequired\":true,\"valueName\":\"search_term_string\"}}],\"inLanguage\":\"de\"}]}<\/script>\n<!-- \/ Yoast SEO plugin. -->","yoast_head_json":{"title":"Aflamo Tower+ Stand 61 - freistehender LED-Elektrokamin - aflamo.shop-zertifizierter aflamo-H\u00e4ndler","description":"Elektrischer Kamin Tower - Eleganz, Technik und Gem\u00fctlichkeit in Ihrem Zuhause! Schaffen Sie eine besondere Atmosph\u00e4re in Ihrem Zuhause - ohne Kompromisse!","robots":{"index":"index","follow":"follow","max-snippet":"max-snippet:-1","max-image-preview":"max-image-preview:large","max-video-preview":"max-video-preview:-1"},"canonical":"https:\/\/aflamo.shop\/de\/p\/aflamo-tower-stand-61-freistehender-led-elektrokamin\/","og_locale":"de_DE","og_type":"article","og_title":"Aflamo Tower+ Stand 61 - freistehender LED-Elektrokamin - aflamo.shop-zertifizierter aflamo-H\u00e4ndler","og_description":"Elektrischer Kamin Tower - Eleganz, Technik und Gem\u00fctlichkeit in Ihrem Zuhause! Schaffen Sie eine besondere Atmosph\u00e4re in Ihrem Zuhause - ohne Kompromisse!","og_url":"https:\/\/aflamo.shop\/de\/p\/aflamo-tower-stand-61-freistehender-led-elektrokamin\/","og_site_name":"aflamo.shop-zertifizierter aflamo-H\u00e4ndler","article_modified_time":"2026-02-10T10:25:47+00:00","og_image":[{"width":492,"height":300,"url":"https:\/\/aflamo.shop\/wp-content\/uploads\/2025\/02\/Projekt-bez-nazwy21.jpg","type":"image\/jpeg"}],"twitter_card":"summary_large_image","twitter_misc":{"Gesch\u00e4tzte Lesezeit":"5\u00a0Minuten"},"schema":{"@context":"https:\/\/schema.org","@graph":[{"@type":"WebPage","@id":"https:\/\/aflamo.shop\/de\/p\/aflamo-tower-stand-61-freistehender-led-elektrokamin\/","url":"https:\/\/aflamo.shop\/de\/p\/aflamo-tower-stand-61-freistehender-led-elektrokamin\/","name":"Aflamo Tower+ Stand 61 - freistehender LED-Elektrokamin - aflamo.shop-zertifizierter aflamo-H\u00e4ndler","isPartOf":{"@id":"https:\/\/aflamo.shop\/de\/#website"},"primaryImageOfPage":{"@id":"https:\/\/aflamo.shop\/de\/p\/aflamo-tower-stand-61-freistehender-led-elektrokamin\/#primaryimage"},"image":{"@id":"https:\/\/aflamo.shop\/de\/p\/aflamo-tower-stand-61-freistehender-led-elektrokamin\/#primaryimage"},"thumbnailUrl":"https:\/\/aflamo.shop\/wp-content\/uploads\/2025\/02\/Projekt-bez-nazwy68.png","datePublished":"2025-02-12T15:10:45+00:00","dateModified":"2026-02-10T10:25:47+00:00","description":"Elektrischer Kamin Tower - Eleganz, Technik und Gem\u00fctlichkeit in Ihrem Zuhause! Schaffen Sie eine besondere Atmosph\u00e4re in Ihrem Zuhause - ohne Kompromisse!","breadcrumb":{"@id":"https:\/\/aflamo.shop\/de\/p\/aflamo-tower-stand-61-freistehender-led-elektrokamin\/#breadcrumb"},"inLanguage":"de","potentialAction":[{"@type":"ReadAction","target":["https:\/\/aflamo.shop\/de\/p\/aflamo-tower-stand-61-freistehender-led-elektrokamin\/"]}]},{"@type":"ImageObject","inLanguage":"de","@id":"https:\/\/aflamo.shop\/de\/p\/aflamo-tower-stand-61-freistehender-led-elektrokamin\/#primaryimage","url":"https:\/\/aflamo.shop\/wp-content\/uploads\/2025\/02\/Projekt-bez-nazwy68.png","contentUrl":"https:\/\/aflamo.shop\/wp-content\/uploads\/2025\/02\/Projekt-bez-nazwy68.png","width":2048,"height":2048},{"@type":"BreadcrumbList","@id":"https:\/\/aflamo.shop\/de\/p\/aflamo-tower-stand-61-freistehender-led-elektrokamin\/#breadcrumb","itemListElement":[{"@type":"ListItem","position":1,"name":"Strona g\u0142\u00f3wna","item":"https:\/\/aflamo.shop\/de\/startseite\/"},{"@type":"ListItem","position":2,"name":"Shop","item":"https:\/\/aflamo.shop\/shop\/"},{"@type":"ListItem","position":3,"name":"Aflamo","item":"https:\/\/aflamo.shop\/de\/s\/aflamo-de\/"},{"@type":"ListItem","position":4,"name":"Aflamo Tower+ Stand 61 &#8211; freistehender LED-Elektrokamin"}]},{"@type":"WebSite","@id":"https:\/\/aflamo.shop\/de\/#website","url":"https:\/\/aflamo.shop\/de\/","name":"aflamo.shop-zertifizierter aflamo-H\u00e4ndler","description":"Kominki elektryczne Aflamo i Emotion Flame z funkcj\u0105 grzania","potentialAction":[{"@type":"SearchAction","target":{"@type":"EntryPoint","urlTemplate":"https:\/\/aflamo.shop\/de\/?s={search_term_string}"},"query-input":{"@type":"PropertyValueSpecification","valueRequired":true,"valueName":"search_term_string"}}],"inLanguage":"de"}]}},"_links":{"self":[{"href":"https:\/\/aflamo.shop\/de\/wp-json\/wp\/v2\/product\/13980","targetHints":{"allow":["GET"]}}],"collection":[{"href":"https:\/\/aflamo.shop\/de\/wp-json\/wp\/v2\/product"}],"about":[{"href":"https:\/\/aflamo.shop\/de\/wp-json\/wp\/v2\/types\/product"}],"replies":[{"embeddable":true,"href":"https:\/\/aflamo.shop\/de\/wp-json\/wp\/v2\/comments?post=13980"}],"wp:featuredmedia":[{"embeddable":true,"href":"https:\/\/aflamo.shop\/de\/wp-json\/wp\/v2\/media\/22386"}],"wp:attachment":[{"href":"https:\/\/aflamo.shop\/de\/wp-json\/wp\/v2\/media?parent=13980"}],"wp:term":[{"taxonomy":"product_brand","embeddable":true,"href":"https:\/\/aflamo.shop\/de\/wp-json\/wp\/v2\/product_brand?post=13980"},{"taxonomy":"product_cat","embeddable":true,"href":"https:\/\/aflamo.shop\/de\/wp-json\/wp\/v2\/product_cat?post=13980"},{"taxonomy":"product_tag","embeddable":true,"href":"https:\/\/aflamo.shop\/de\/wp-json\/wp\/v2\/product_tag?post=13980"}],"curies":[{"name":"wp","href":"https:\/\/api.w.org\/{rel}","templated":true}]}}