{"id":13944,"date":"2025-02-12T15:35:45","date_gmt":"2025-02-12T15:35:45","guid":{"rendered":"https:\/\/aflamo.shop\/p\/aflamo-spark-freistehender-elektrischer-led-kamin\/"},"modified":"2025-02-12T15:35:45","modified_gmt":"2025-02-12T15:35:45","slug":"aflamo-spark-freistehender-elektrischer-led-kamin","status":"publish","type":"product","link":"https:\/\/aflamo.shop\/de\/p\/aflamo-spark-freistehender-elektrischer-led-kamin\/","title":{"rendered":"Aflamo Spark- Freistehender elektrischer LED-Kamin"},"content":{"rendered":"<p><iframe title=\"YouTube-Video-Player\" src=\"https:\/\/www.youtube.com\/embed\/2_kY-5oW5uo?si=UNVHR32XQ2gxFop7\" width=\"560\" height=\"315\" frameborder=\"0\" allowfullscreen=\"allowfullscreen\"><span data-mce-type=\"bookmark\" style=\"display: inline-block; width: 0px; overflow: hidden; line-height: 0;\" class=\"mce_SELRES_start\"><\/span><\/iframe><\/p>\n<header>\n<h2><strong>Freistehender elektrischer Kamin Spark &#8211; W\u00e4rme und Ausstrahlung in Ihrem Zuhause<\/strong><\/h2>\n<\/header>\n<section>\n<h2>Dreidimensionale Flammenqualit\u00e4t &#8211; sp\u00fcren Sie den Unterschied!<\/h2>\n<p>Der Spark-Kamin ist eine moderne L\u00f6sung f\u00fcr alle, die eine warme, gem\u00fctliche Atmosph\u00e4re in ihrem Zuhause schaffen m\u00f6chten, ohne Holz oder Gas zu verwenden. Dank des realistischen Flammeneffekts und der gl\u00fchenden Feuerstelle erh\u00e4lt das Interieur einen magischen, dreidimensionalen Glanz. <\/p>\n<p><img fetchpriority=\"high\" decoding=\"async\" class=\"aligncenter wp-image-12966 size-full\" src=\"https:\/\/aflamo.shop\/wp-content\/uploads\/2025\/02\/flame_spark-1.jpg\" alt=\"\" width=\"600\" height=\"365\" srcset=\"https:\/\/aflamo.shop\/wp-content\/uploads\/2025\/02\/flame_spark-1.jpg 600w, https:\/\/aflamo.shop\/wp-content\/uploads\/2025\/02\/flame_spark-1-300x183.jpg 300w\" sizes=\"(max-width: 600px) 100vw, 600px\" \/><\/p>\n<p>&nbsp;<\/p>\n<p>&nbsp;<\/p>\n<\/section>\n<section>\n<h2>Transluzente Holzscheite &#8211; beeindruckender gl\u00fchender Holzeffekt<\/h2>\n<p>Tauchen Sie ein in eine einzigartige Atmosph\u00e4re &#8211; dank der <strong>durchscheinenden Holzscheite<\/strong>, die den Eindruck von nat\u00fcrlich schwelendem Holz vermitteln. Der Effekt ist nicht nur realistisch, sondern auch angenehm f\u00fcr das Auge und bringt W\u00e4rme in den Innenraum. <\/p>\n<p><img decoding=\"async\" class=\"aligncenter wp-image-12978 size-full\" src=\"https:\/\/aflamo.shop\/wp-content\/uploads\/2025\/02\/unique_logs_spark.jpg\" alt=\"\" width=\"492\" height=\"300\" srcset=\"https:\/\/aflamo.shop\/wp-content\/uploads\/2025\/02\/unique_logs_spark.jpg 492w, https:\/\/aflamo.shop\/wp-content\/uploads\/2025\/02\/unique_logs_spark-300x183.jpg 300w\" sizes=\"(max-width: 492px) 100vw, 492px\" \/><\/p>\n<p>&nbsp;<\/p>\n<\/section>\n<section>\n<h2>Das Ger\u00e4usch von brennendem Holz &#8211; ein umfassendes Erlebnis<\/h2>\n<p>Der eingebaute <strong>Lautsprecher<\/strong> gibt die Ger\u00e4usche eines knisternden Feuers wieder und schafft so eine noch authentischere Atmosph\u00e4re. Ideal f\u00fcr alle, die <strong>maximalen Realismus<\/strong> und Gem\u00fctlichkeit sch\u00e4tzen. <\/p>\n<p><img decoding=\"async\" class=\"aligncenter wp-image-12981 size-full\" src=\"https:\/\/aflamo.shop\/wp-content\/uploads\/2025\/02\/unique_sound_spark.jpg\" alt=\"\" width=\"492\" height=\"300\" srcset=\"https:\/\/aflamo.shop\/wp-content\/uploads\/2025\/02\/unique_sound_spark.jpg 492w, https:\/\/aflamo.shop\/wp-content\/uploads\/2025\/02\/unique_sound_spark-300x183.jpg 300w\" sizes=\"(max-width: 492px) 100vw, 492px\" \/><\/p>\n<p>&nbsp;<\/p>\n<\/section>\n<section>\n<h2>Moderne Steuerung &#8211; Komfort auf Tastendruck<\/h2>\n<p>Mit der mobilen App<strong>(Android und iOS<\/strong>) haben Sie volle Kontrolle \u00fcber Ihren Kamin von Ihrem Telefon aus. Sie k\u00f6nnen ihn auch <strong>mit<\/strong> <strong>Amazon Alexa<\/strong> <strong>per Sprache<\/strong> steuern! <\/p>\n<p><a href=\"https:\/\/www.youtube.com\/watch?v=H9frj9fGZnY\"><img loading=\"lazy\" decoding=\"async\" class=\"aligncenter wp-image-12975 size-full\" src=\"https:\/\/aflamo.shop\/wp-content\/uploads\/2025\/02\/unique_app_spark.jpg\" alt=\"\" width=\"492\" height=\"300\" srcset=\"https:\/\/aflamo.shop\/wp-content\/uploads\/2025\/02\/unique_app_spark.jpg 492w, https:\/\/aflamo.shop\/wp-content\/uploads\/2025\/02\/unique_app_spark-300x183.jpg 300w\" sizes=\"(max-width: 492px) 100vw, 492px\" \/><\/a><\/p>\n<p>&nbsp;<\/p>\n<\/section>\n<section>\n<h2>Der realistischste Feuereffekt<\/h2>\n<p>Sp\u00fcren Sie die W\u00e4rme und die Magie des Feuers, indem Sie sein Aussehen nach Ihren eigenen W\u00fcnschen gestalten:<\/p>\n<ul>\n<li>3 Flammenfarben<\/li>\n<li>5 Helligkeitsstufen<\/li>\n<li>3 Flammengeschwindigkeiten<\/li>\n<\/ul>\n<p><img fetchpriority=\"high\" decoding=\"async\" class=\"aligncenter wp-image-12966 size-full\" src=\"https:\/\/aflamo.shop\/wp-content\/uploads\/2025\/02\/flame_spark-1.jpg\" alt=\"\" width=\"600\" height=\"365\" srcset=\"https:\/\/aflamo.shop\/wp-content\/uploads\/2025\/02\/flame_spark-1.jpg 600w, https:\/\/aflamo.shop\/wp-content\/uploads\/2025\/02\/flame_spark-1-300x183.jpg 300w\" sizes=\"(max-width: 600px) 100vw, 600px\" \/><\/p>\n<p>&nbsp;<\/p>\n<ul>\n<li>10 Farben f\u00fcr die Beleuchtung des Kamins<\/li>\n<\/ul>\n<\/section>\n<section>\n<h2>Komfort und Bequemlichkeit &#8211; m\u00fchelos<\/h2>\n<ul>\n<li><strong>Fernbedienung<\/strong> &#8211; \u00e4ndern Sie die Einstellungen, ohne von der Couch aufzustehen<\/li>\n<li><strong>Timer \/ Ausschalttimer<\/strong> &#8211; automatisches Ausschalten, wenn Sie es brauchen<\/li>\n<li><strong>Heizfunktion mit Gebl\u00e4se<\/strong> &#8211; schnelles und effektives Heizen<\/li>\n<\/ul>\n<p>Sie m\u00fcssen sich keine Gedanken \u00fcber Bel\u00fcftung, Smog oder das L\u00fcften des Raumes machen &#8211; <strong>der Elektrokamin arbeitet ohne Rauch und Qualm<\/strong>.<\/p>\n<\/section>\n<section>\n<h2>Genie\u00dfen Sie Ihren Kamin das ganze Jahr \u00fcber!<\/h2>\n<p>Dank der <strong>unabh\u00e4ngigen Flammenfunktion<\/strong> k\u00f6nnen Sie den Schein des Feuers auch im Sommer genie\u00dfen, ohne die Heizung einschalten zu m\u00fcssen.<\/p>\n<\/section>\n<section>\n<h2>\u00d6kologisch und sicher<\/h2>\n<ul>\n<li>Keine <strong>CO\u2082-Emissionen<\/strong> und Smog &#8211; saubere Energie<\/li>\n<li>Kein Ru\u00df oder Asche &#8211; keine Unordnung mehr<\/li>\n<li><strong>K\u00fchles Glas<\/strong> &#8211; sicher f\u00fcr Kinder und Haustiere<\/li>\n<li><strong>Sicherheitssensor<\/strong> &#8211; schaltet die Heizung aus, wenn der Luftauslass blockiert ist<\/li>\n<\/ul>\n<\/section>\n<section>\n<h2>Wirtschaftlich und effizient<\/h2>\n<ul>\n<li><strong>LED-Technologie<\/strong> &#8211; die Kosten f\u00fcr den Flammeneffekt betragen nur <strong>1-2 gr\/Stunde<\/strong><\/li>\n<li><strong>Effiziente Heizung<\/strong> &#8211; 2 Leistungsstufen und Thermostat (18-30\u00b0C)<\/li>\n<\/ul>\n<\/section>\n<footer>\n<h2>Turmkamin &#8211; Eleganz, Technik und Gem\u00fctlichkeit in Ihrem Zuhause!<\/h2>\n<p><strong>Der elektrische Kamin Tower<\/strong> ist die ideale L\u00f6sung f\u00fcr alle, die <strong>eine gem\u00fctliche Atmosph\u00e4re, moderne Technik und Komfort<\/strong> sch\u00e4tzen. Schaffen Sie eine einzigartige Atmosph\u00e4re in Ihrem Zuhause &#8211; ohne Kompromisse! <\/p>\n<\/footer>\n<p>&nbsp;<\/p>\n<section>\n<h2>Technische Zeichnungen<\/h2>\n<p>Funke<\/p>\n<p><img loading=\"lazy\" decoding=\"async\" class=\"aligncenter wp-image-12969 size-full\" src=\"https:\/\/aflamo.shop\/wp-content\/uploads\/2025\/02\/Spark.png\" alt=\"\" width=\"806\" height=\"860\" srcset=\"https:\/\/aflamo.shop\/wp-content\/uploads\/2025\/02\/Spark.png 806w, https:\/\/aflamo.shop\/wp-content\/uploads\/2025\/02\/Spark-600x640.png 600w, https:\/\/aflamo.shop\/wp-content\/uploads\/2025\/02\/Spark-281x300.png 281w, https:\/\/aflamo.shop\/wp-content\/uploads\/2025\/02\/Spark-768x819.png 768w\" sizes=\"(max-width: 806px) 100vw, 806px\" \/><\/p>\n<\/section>\n","protected":false},"excerpt":{"rendered":"<p>Hersteller: Aflamo<\/p>\n<p>Freistehender elektrischer LED-Kamin<\/p>\n<p><a href=\"https:\/\/aflamo.shop\/wp-content\/uploads\/2025\/02\/Spark_EN-PL-DE-IT-ES-FR-CS-SK-NL.pdf\">Bedienungs- und Sicherheitshinweise<\/a><\/p>\n<p><b>Abmessungen:<\/b> 58,4x 47,5 x 25 cm<\/b><\/p>\n","protected":false},"featured_media":22374,"comment_status":"open","ping_status":"closed","template":"","meta":[],"product_brand":[],"product_cat":[799,800,806,805,834],"product_tag":[],"class_list":{"0":"post-13944","1":"product","2":"type-product","3":"status-publish","4":"has-post-thumbnail","6":"product_cat-aflamo-de","7":"product_cat-elektrische-kamine","8":"product_cat-elektrische-kamine-mit-mobiler-app","9":"product_cat-elektrische-kamine-mit-sound","10":"product_cat-freistehende-led-kamine","12":"first","13":"instock","14":"shipping-taxable","15":"purchasable","16":"product-type-simple"},"yoast_head":"<!-- This site is optimized with the Yoast SEO plugin v27.1.1 - https:\/\/yoast.com\/product\/yoast-seo-wordpress\/ -->\n<title>Aflamo Spark- Freistehender elektrischer LED-Kamin - aflamo.shop-zertifizierter aflamo-H\u00e4ndler<\/title>\n<meta name=\"description\" content=\"Elektrischer Kamin Spark - Eleganz, Komfort und Technologie in einem! Der Spark-Kamin ist die perfekte L\u00f6sung, um eine besondere Atmosph\u00e4re in Ihrem Zuhause zu schaffen.\" \/>\n<meta name=\"robots\" content=\"index, follow, max-snippet:-1, max-image-preview:large, max-video-preview:-1\" \/>\n<link rel=\"canonical\" href=\"https:\/\/aflamo.shop\/de\/p\/aflamo-spark-freistehender-elektrischer-led-kamin\/\" \/>\n<meta property=\"og:locale\" content=\"de_DE\" \/>\n<meta property=\"og:type\" content=\"article\" \/>\n<meta property=\"og:title\" content=\"Aflamo Spark- Freistehender elektrischer LED-Kamin - aflamo.shop-zertifizierter aflamo-H\u00e4ndler\" \/>\n<meta property=\"og:description\" content=\"Elektrischer Kamin Spark - Eleganz, Komfort und Technologie in einem! Der Spark-Kamin ist die perfekte L\u00f6sung, um eine besondere Atmosph\u00e4re in Ihrem Zuhause zu schaffen.\" \/>\n<meta property=\"og:url\" content=\"https:\/\/aflamo.shop\/de\/p\/aflamo-spark-freistehender-elektrischer-led-kamin\/\" \/>\n<meta property=\"og:site_name\" content=\"aflamo.shop-zertifizierter aflamo-H\u00e4ndler\" \/>\n<meta property=\"og:image\" content=\"https:\/\/aflamo.shop\/wp-content\/uploads\/2025\/02\/aflamo-spark.jpg\" \/>\n\t<meta property=\"og:image:width\" content=\"2048\" \/>\n\t<meta property=\"og:image:height\" content=\"1700\" \/>\n\t<meta property=\"og:image:type\" content=\"image\/jpeg\" \/>\n<meta name=\"twitter:card\" content=\"summary_large_image\" \/>\n<meta name=\"twitter:label1\" content=\"Gesch\u00e4tzte Lesezeit\" \/>\n\t<meta name=\"twitter:data1\" content=\"2\u00a0Minuten\" \/>\n<script type=\"application\/ld+json\" class=\"yoast-schema-graph\">{\"@context\":\"https:\/\/schema.org\",\"@graph\":[{\"@type\":\"WebPage\",\"@id\":\"https:\/\/aflamo.shop\/de\/p\/aflamo-spark-freistehender-elektrischer-led-kamin\/\",\"url\":\"https:\/\/aflamo.shop\/de\/p\/aflamo-spark-freistehender-elektrischer-led-kamin\/\",\"name\":\"Aflamo Spark- Freistehender elektrischer LED-Kamin - aflamo.shop-zertifizierter aflamo-H\u00e4ndler\",\"isPartOf\":{\"@id\":\"https:\/\/aflamo.shop\/de\/#website\"},\"primaryImageOfPage\":{\"@id\":\"https:\/\/aflamo.shop\/de\/p\/aflamo-spark-freistehender-elektrischer-led-kamin\/#primaryimage\"},\"image\":{\"@id\":\"https:\/\/aflamo.shop\/de\/p\/aflamo-spark-freistehender-elektrischer-led-kamin\/#primaryimage\"},\"thumbnailUrl\":\"https:\/\/aflamo.shop\/wp-content\/uploads\/2025\/02\/Projekt-bez-nazwy66.png\",\"datePublished\":\"2025-02-12T15:35:45+00:00\",\"description\":\"Elektrischer Kamin Spark - Eleganz, Komfort und Technologie in einem! Der Spark-Kamin ist die perfekte L\u00f6sung, um eine besondere Atmosph\u00e4re in Ihrem Zuhause zu schaffen.\",\"breadcrumb\":{\"@id\":\"https:\/\/aflamo.shop\/de\/p\/aflamo-spark-freistehender-elektrischer-led-kamin\/#breadcrumb\"},\"inLanguage\":\"de\",\"potentialAction\":[{\"@type\":\"ReadAction\",\"target\":[\"https:\/\/aflamo.shop\/de\/p\/aflamo-spark-freistehender-elektrischer-led-kamin\/\"]}]},{\"@type\":\"ImageObject\",\"inLanguage\":\"de\",\"@id\":\"https:\/\/aflamo.shop\/de\/p\/aflamo-spark-freistehender-elektrischer-led-kamin\/#primaryimage\",\"url\":\"https:\/\/aflamo.shop\/wp-content\/uploads\/2025\/02\/Projekt-bez-nazwy66.png\",\"contentUrl\":\"https:\/\/aflamo.shop\/wp-content\/uploads\/2025\/02\/Projekt-bez-nazwy66.png\",\"width\":2048,\"height\":2048},{\"@type\":\"BreadcrumbList\",\"@id\":\"https:\/\/aflamo.shop\/de\/p\/aflamo-spark-freistehender-elektrischer-led-kamin\/#breadcrumb\",\"itemListElement\":[{\"@type\":\"ListItem\",\"position\":1,\"name\":\"Strona g\u0142\u00f3wna\",\"item\":\"https:\/\/aflamo.shop\/de\/startseite\/\"},{\"@type\":\"ListItem\",\"position\":2,\"name\":\"Shop\",\"item\":\"https:\/\/aflamo.shop\/shop\/\"},{\"@type\":\"ListItem\",\"position\":3,\"name\":\"Aflamo\",\"item\":\"https:\/\/aflamo.shop\/de\/s\/aflamo-de\/\"},{\"@type\":\"ListItem\",\"position\":4,\"name\":\"Elektrische Kamine mit mobiler App\",\"item\":\"https:\/\/aflamo.shop\/de\/s\/aflamo-de\/elektrische-kamine-mit-mobiler-app\/\"},{\"@type\":\"ListItem\",\"position\":5,\"name\":\"Aflamo Spark- Freistehender elektrischer LED-Kamin\"}]},{\"@type\":\"WebSite\",\"@id\":\"https:\/\/aflamo.shop\/de\/#website\",\"url\":\"https:\/\/aflamo.shop\/de\/\",\"name\":\"aflamo.shop-zertifizierter aflamo-H\u00e4ndler\",\"description\":\"Kominki elektryczne Aflamo i Emotion Flame z funkcj\u0105 grzania\",\"potentialAction\":[{\"@type\":\"SearchAction\",\"target\":{\"@type\":\"EntryPoint\",\"urlTemplate\":\"https:\/\/aflamo.shop\/de\/?s={search_term_string}\"},\"query-input\":{\"@type\":\"PropertyValueSpecification\",\"valueRequired\":true,\"valueName\":\"search_term_string\"}}],\"inLanguage\":\"de\"}]}<\/script>\n<!-- \/ Yoast SEO plugin. -->","yoast_head_json":{"title":"Aflamo Spark- Freistehender elektrischer LED-Kamin - aflamo.shop-zertifizierter aflamo-H\u00e4ndler","description":"Elektrischer Kamin Spark - Eleganz, Komfort und Technologie in einem! Der Spark-Kamin ist die perfekte L\u00f6sung, um eine besondere Atmosph\u00e4re in Ihrem Zuhause zu schaffen.","robots":{"index":"index","follow":"follow","max-snippet":"max-snippet:-1","max-image-preview":"max-image-preview:large","max-video-preview":"max-video-preview:-1"},"canonical":"https:\/\/aflamo.shop\/de\/p\/aflamo-spark-freistehender-elektrischer-led-kamin\/","og_locale":"de_DE","og_type":"article","og_title":"Aflamo Spark- Freistehender elektrischer LED-Kamin - aflamo.shop-zertifizierter aflamo-H\u00e4ndler","og_description":"Elektrischer Kamin Spark - Eleganz, Komfort und Technologie in einem! Der Spark-Kamin ist die perfekte L\u00f6sung, um eine besondere Atmosph\u00e4re in Ihrem Zuhause zu schaffen.","og_url":"https:\/\/aflamo.shop\/de\/p\/aflamo-spark-freistehender-elektrischer-led-kamin\/","og_site_name":"aflamo.shop-zertifizierter aflamo-H\u00e4ndler","og_image":[{"width":2048,"height":1700,"url":"https:\/\/aflamo.shop\/wp-content\/uploads\/2025\/02\/aflamo-spark.jpg","type":"image\/jpeg"}],"twitter_card":"summary_large_image","twitter_misc":{"Gesch\u00e4tzte Lesezeit":"2\u00a0Minuten"},"schema":{"@context":"https:\/\/schema.org","@graph":[{"@type":"WebPage","@id":"https:\/\/aflamo.shop\/de\/p\/aflamo-spark-freistehender-elektrischer-led-kamin\/","url":"https:\/\/aflamo.shop\/de\/p\/aflamo-spark-freistehender-elektrischer-led-kamin\/","name":"Aflamo Spark- Freistehender elektrischer LED-Kamin - aflamo.shop-zertifizierter aflamo-H\u00e4ndler","isPartOf":{"@id":"https:\/\/aflamo.shop\/de\/#website"},"primaryImageOfPage":{"@id":"https:\/\/aflamo.shop\/de\/p\/aflamo-spark-freistehender-elektrischer-led-kamin\/#primaryimage"},"image":{"@id":"https:\/\/aflamo.shop\/de\/p\/aflamo-spark-freistehender-elektrischer-led-kamin\/#primaryimage"},"thumbnailUrl":"https:\/\/aflamo.shop\/wp-content\/uploads\/2025\/02\/Projekt-bez-nazwy66.png","datePublished":"2025-02-12T15:35:45+00:00","description":"Elektrischer Kamin Spark - Eleganz, Komfort und Technologie in einem! Der Spark-Kamin ist die perfekte L\u00f6sung, um eine besondere Atmosph\u00e4re in Ihrem Zuhause zu schaffen.","breadcrumb":{"@id":"https:\/\/aflamo.shop\/de\/p\/aflamo-spark-freistehender-elektrischer-led-kamin\/#breadcrumb"},"inLanguage":"de","potentialAction":[{"@type":"ReadAction","target":["https:\/\/aflamo.shop\/de\/p\/aflamo-spark-freistehender-elektrischer-led-kamin\/"]}]},{"@type":"ImageObject","inLanguage":"de","@id":"https:\/\/aflamo.shop\/de\/p\/aflamo-spark-freistehender-elektrischer-led-kamin\/#primaryimage","url":"https:\/\/aflamo.shop\/wp-content\/uploads\/2025\/02\/Projekt-bez-nazwy66.png","contentUrl":"https:\/\/aflamo.shop\/wp-content\/uploads\/2025\/02\/Projekt-bez-nazwy66.png","width":2048,"height":2048},{"@type":"BreadcrumbList","@id":"https:\/\/aflamo.shop\/de\/p\/aflamo-spark-freistehender-elektrischer-led-kamin\/#breadcrumb","itemListElement":[{"@type":"ListItem","position":1,"name":"Strona g\u0142\u00f3wna","item":"https:\/\/aflamo.shop\/de\/startseite\/"},{"@type":"ListItem","position":2,"name":"Shop","item":"https:\/\/aflamo.shop\/shop\/"},{"@type":"ListItem","position":3,"name":"Aflamo","item":"https:\/\/aflamo.shop\/de\/s\/aflamo-de\/"},{"@type":"ListItem","position":4,"name":"Elektrische Kamine mit mobiler App","item":"https:\/\/aflamo.shop\/de\/s\/aflamo-de\/elektrische-kamine-mit-mobiler-app\/"},{"@type":"ListItem","position":5,"name":"Aflamo Spark- Freistehender elektrischer LED-Kamin"}]},{"@type":"WebSite","@id":"https:\/\/aflamo.shop\/de\/#website","url":"https:\/\/aflamo.shop\/de\/","name":"aflamo.shop-zertifizierter aflamo-H\u00e4ndler","description":"Kominki elektryczne Aflamo i Emotion Flame z funkcj\u0105 grzania","potentialAction":[{"@type":"SearchAction","target":{"@type":"EntryPoint","urlTemplate":"https:\/\/aflamo.shop\/de\/?s={search_term_string}"},"query-input":{"@type":"PropertyValueSpecification","valueRequired":true,"valueName":"search_term_string"}}],"inLanguage":"de"}]}},"_links":{"self":[{"href":"https:\/\/aflamo.shop\/de\/wp-json\/wp\/v2\/product\/13944","targetHints":{"allow":["GET"]}}],"collection":[{"href":"https:\/\/aflamo.shop\/de\/wp-json\/wp\/v2\/product"}],"about":[{"href":"https:\/\/aflamo.shop\/de\/wp-json\/wp\/v2\/types\/product"}],"replies":[{"embeddable":true,"href":"https:\/\/aflamo.shop\/de\/wp-json\/wp\/v2\/comments?post=13944"}],"wp:featuredmedia":[{"embeddable":true,"href":"https:\/\/aflamo.shop\/de\/wp-json\/wp\/v2\/media\/22374"}],"wp:attachment":[{"href":"https:\/\/aflamo.shop\/de\/wp-json\/wp\/v2\/media?parent=13944"}],"wp:term":[{"taxonomy":"product_brand","embeddable":true,"href":"https:\/\/aflamo.shop\/de\/wp-json\/wp\/v2\/product_brand?post=13944"},{"taxonomy":"product_cat","embeddable":true,"href":"https:\/\/aflamo.shop\/de\/wp-json\/wp\/v2\/product_cat?post=13944"},{"taxonomy":"product_tag","embeddable":true,"href":"https:\/\/aflamo.shop\/de\/wp-json\/wp\/v2\/product_tag?post=13944"}],"curies":[{"name":"wp","href":"https:\/\/api.w.org\/{rel}","templated":true}]}}